{"id":22523,"date":"2025-10-09T18:35:43","date_gmt":"2025-10-09T18:35:43","guid":{"rendered":"https:\/\/beauty.latamcatalog.aptar.com\/?post_type=product&#038;p=22523"},"modified":"2025-10-09T18:47:44","modified_gmt":"2025-10-09T18:47:44","slug":"tsp","status":"publish","type":"product","link":"https:\/\/beauty.latamcatalog.aptar.com\/es\/product\/tsp\/","title":{"rendered":"<p>HDP<\/p>"},"content":{"rendered":"<p>Bomba atmosf\u00e9rica de loci\u00f3n de alta dosis de pl\u00e1stico<p>Totalmente de pl\u00e1stico<\/p><p>Recargable<\/p><p><em>[soshsc aptar-company=\u201dAptar\u201d]<\/em><\/p><p>Pa\u00eds: Sun&amp;L \u2013 Asia<\/p><p><em>[\/soshsc]<\/em><\/p><p>&nbsp;<\/p><\/p>","protected":false},"excerpt":{"rendered":"<p><strong>Bomba dosificadora de alta dosis, totalmente de pl\u00e1stico, con la altura de apilado m\u00e1s baja y compatible con el comercio electr\u00f3nico.<\/strong><p>EL <strong>HDP<\/strong> Combina sostenibilidad, compatibilidad con f\u00f3rmulas y las necesidades de envasado omnicanal en una soluci\u00f3n innovadora. Con un resorte sin metal ubicado fuera de la c\u00e1mara de dispensaci\u00f3n, su dise\u00f1o \u00edntegramente en pl\u00e1stico est\u00e1 optimizado para la compatibilidad con f\u00f3rmulas y una alta reciclabilidad. Es totalmente reciclable dentro del flujo de residuos. <strong>polipropileno (PP)<\/strong> y est\u00e1 disponible con hasta <strong>Resina reciclada posconsumo (PCR) 50%<\/strong>.<\/p><p>EL <strong>HDP<\/strong> Tambi\u00e9n est\u00e1 optimizado para satisfacer las demandas del embalaje omnicanal. El sistema de cierre giratorio con bloqueo hacia abajo hace que el HDP sea compatible con el comercio electr\u00f3nico*, garantizando un transporte seguro y un uso pr\u00e1ctico en cualquier lugar. <strong>altura de cuello reducida<\/strong> Mejora la presencia del producto en el lineal y se adapta bien al comercio minorista. Con <strong>15 mil\u00edmetros<\/strong>, es la altura de collar m\u00e1s peque\u00f1a disponible para productos de alta dosis en el mercado.<\/p><p>EL <strong>HDP<\/strong> Es altamente personalizable para reforzar la identidad de tu marca. Est\u00e1 disponible con dos opciones de cuello, coloraci\u00f3n en molde y diversos acabados para la bomba o el collar.<\/p><\/p>","protected":false},"featured_media":22530,"template":"","meta":{"inline_featured_image":false},"product_cat":[512,289,516,194],"product_tag":[],"aptar-tags":[],"acf":[],"yoast_head":"<!-- This site is optimized with the Yoast SEO plugin v21.0 - https:\/\/yoast.com\/wordpress\/plugins\/seo\/ -->\n<title>HDP - Latam Catalog<\/title>\n<meta name=\"robots\" content=\"index, follow, max-snippet:-1, max-image-preview:large, max-video-preview:-1\" \/>\n<link rel=\"canonical\" href=\"https:\/\/beauty.latamcatalog.aptar.com\/es\/product\/tsp\/\" \/>\n<meta property=\"og:locale\" content=\"es_ES\" \/>\n<meta property=\"og:type\" content=\"article\" \/>\n<meta property=\"og:title\" content=\"HDP - Latam Catalog\" \/>\n<meta property=\"og:description\" content=\"Bomba dosadora totalmente em pl\u00e1stico, de alta dosagem, com a menor altura de empilhamento e compat\u00edvel com e-commerce  A HDP combina sustentabilidade, compatibilidade com f\u00f3rmulas e necessidades de embalagens omnichannel em uma solu\u00e7\u00e3o inovadora. Com uma mola livre de metal posicionada fora da c\u00e2mara de dosagem, seu design totalmente em pl\u00e1stico \u00e9 otimizado para compatibilidade com f\u00f3rmulas e alta reciclabilidade. \u00c9 totalmente recicl\u00e1vel dentro do fluxo de res\u00edduos de polipropileno (PP) e est\u00e1 dispon\u00edvel com at\u00e9 50% de resina reciclada p\u00f3s-consumo (PCR).  A HDP tamb\u00e9m \u00e9 otimizada para atender \u00e0s demandas de embalagens omnichannel. O sistema de trava por rota\u00e7\u00e3o com bloqueio para baixo torna a HDP compat\u00edvel com e-commerce*, garantindo seguran\u00e7a no transporte e praticidade no uso em movimento. A altura reduzida do colar melhora a presen\u00e7a do produto na prateleira e se adapta bem ao varejo. Com 15 mm, \u00e9 a menor altura de colar dispon\u00edvel para produtos de alta dosagem no mercado.  A HDP \u00e9 altamente personaliz\u00e1vel para refor\u00e7ar a identidade da marca. Est\u00e1 dispon\u00edvel com duas op\u00e7\u00f5es de gargalo, colora\u00e7\u00e3o no molde e diversos acabamentos para a bomba ou colar.\" \/>\n<meta property=\"og:url\" content=\"https:\/\/beauty.latamcatalog.aptar.com\/es\/product\/tsp\/\" \/>\n<meta property=\"og:site_name\" content=\"Latam Catalog\" \/>\n<meta property=\"article:modified_time\" content=\"2025-10-09T18:47:44+00:00\" \/>\n<meta property=\"og:image\" content=\"https:\/\/beauty.latamcatalog.aptar.com\/wp-content\/uploads\/2025\/10\/Aptar-Beauty-HDP-All-Plastic-High-Dose-Dispensing-Pump-28-Neck-Finish-Hero.png\" \/>\n\t<meta property=\"og:image:width\" content=\"515\" \/>\n\t<meta property=\"og:image:height\" content=\"418\" \/>\n\t<meta property=\"og:image:type\" content=\"image\/png\" \/>\n<meta name=\"twitter:card\" content=\"summary_large_image\" \/>\n<meta name=\"twitter:label1\" content=\"Tiempo de lectura\" \/>\n\t<meta name=\"twitter:data1\" content=\"1 minuto\" \/>\n<script type=\"application\/ld+json\" class=\"yoast-schema-graph\">{\"@context\":\"https:\/\/schema.org\",\"@graph\":[{\"@type\":\"WebPage\",\"@id\":\"https:\/\/beauty.latamcatalog.aptar.com\/product\/tsp\/\",\"url\":\"https:\/\/beauty.latamcatalog.aptar.com\/product\/tsp\/\",\"name\":\"HDP - Latam Catalog\",\"isPartOf\":{\"@id\":\"https:\/\/beauty.latamcatalog.aptar.com\/#website\"},\"datePublished\":\"2025-10-09T18:35:43+00:00\",\"dateModified\":\"2025-10-09T18:47:44+00:00\",\"breadcrumb\":{\"@id\":\"https:\/\/beauty.latamcatalog.aptar.com\/product\/tsp\/#breadcrumb\"},\"inLanguage\":\"es\",\"potentialAction\":[{\"@type\":\"ReadAction\",\"target\":[\"https:\/\/beauty.latamcatalog.aptar.com\/product\/tsp\/\"]}]},{\"@type\":\"BreadcrumbList\",\"@id\":\"https:\/\/beauty.latamcatalog.aptar.com\/product\/tsp\/#breadcrumb\",\"itemListElement\":[{\"@type\":\"ListItem\",\"position\":1,\"name\":\"Home\",\"item\":\"https:\/\/beauty.latamcatalog.aptar.com\/\"},{\"@type\":\"ListItem\",\"position\":2,\"name\":\"Private: Produtos\",\"item\":\"https:\/\/beauty.latamcatalog.aptar.com\/en\/?page_id=20030\"},{\"@type\":\"ListItem\",\"position\":3,\"name\":\"HDP\"}]},{\"@type\":\"WebSite\",\"@id\":\"https:\/\/beauty.latamcatalog.aptar.com\/#website\",\"url\":\"https:\/\/beauty.latamcatalog.aptar.com\/\",\"name\":\"Latam Catalog\",\"description\":\"Aptar Latin America Catalog Website\",\"publisher\":{\"@id\":\"https:\/\/beauty.latamcatalog.aptar.com\/#organization\"},\"potentialAction\":[{\"@type\":\"SearchAction\",\"target\":{\"@type\":\"EntryPoint\",\"urlTemplate\":\"https:\/\/beauty.latamcatalog.aptar.com\/?s={search_term_string}\"},\"query-input\":\"required name=search_term_string\"}],\"inLanguage\":\"es\"},{\"@type\":\"Organization\",\"@id\":\"https:\/\/beauty.latamcatalog.aptar.com\/#organization\",\"name\":\"Aptar\",\"url\":\"https:\/\/beauty.latamcatalog.aptar.com\/\",\"logo\":{\"@type\":\"ImageObject\",\"inLanguage\":\"es\",\"@id\":\"https:\/\/beauty.latamcatalog.aptar.com\/#\/schema\/logo\/image\/\",\"url\":\"https:\/\/beauty.latamcatalog.aptar.com\/wp-content\/uploads\/2021\/11\/aptar_logo-01.png\",\"contentUrl\":\"https:\/\/beauty.latamcatalog.aptar.com\/wp-content\/uploads\/2021\/11\/aptar_logo-01.png\",\"width\":492,\"height\":175,\"caption\":\"Aptar\"},\"image\":{\"@id\":\"https:\/\/beauty.latamcatalog.aptar.com\/#\/schema\/logo\/image\/\"}}]}<\/script>\n<!-- \/ Yoast SEO plugin. -->","yoast_head_json":{"title":"HDP - Latam Catalog","robots":{"index":"index","follow":"follow","max-snippet":"max-snippet:-1","max-image-preview":"max-image-preview:large","max-video-preview":"max-video-preview:-1"},"canonical":"https:\/\/beauty.latamcatalog.aptar.com\/es\/product\/tsp\/","og_locale":"es_ES","og_type":"article","og_title":"HDP - Latam Catalog","og_description":"Bomba dosadora totalmente em pl\u00e1stico, de alta dosagem, com a menor altura de empilhamento e compat\u00edvel com e-commerce  A HDP combina sustentabilidade, compatibilidade com f\u00f3rmulas e necessidades de embalagens omnichannel em uma solu\u00e7\u00e3o inovadora. Com uma mola livre de metal posicionada fora da c\u00e2mara de dosagem, seu design totalmente em pl\u00e1stico \u00e9 otimizado para compatibilidade com f\u00f3rmulas e alta reciclabilidade. \u00c9 totalmente recicl\u00e1vel dentro do fluxo de res\u00edduos de polipropileno (PP) e est\u00e1 dispon\u00edvel com at\u00e9 50% de resina reciclada p\u00f3s-consumo (PCR).  A HDP tamb\u00e9m \u00e9 otimizada para atender \u00e0s demandas de embalagens omnichannel. O sistema de trava por rota\u00e7\u00e3o com bloqueio para baixo torna a HDP compat\u00edvel com e-commerce*, garantindo seguran\u00e7a no transporte e praticidade no uso em movimento. A altura reduzida do colar melhora a presen\u00e7a do produto na prateleira e se adapta bem ao varejo. Com 15 mm, \u00e9 a menor altura de colar dispon\u00edvel para produtos de alta dosagem no mercado.  A HDP \u00e9 altamente personaliz\u00e1vel para refor\u00e7ar a identidade da marca. Est\u00e1 dispon\u00edvel com duas op\u00e7\u00f5es de gargalo, colora\u00e7\u00e3o no molde e diversos acabamentos para a bomba ou colar.","og_url":"https:\/\/beauty.latamcatalog.aptar.com\/es\/product\/tsp\/","og_site_name":"Latam Catalog","article_modified_time":"2025-10-09T18:47:44+00:00","og_image":[{"width":515,"height":418,"url":"https:\/\/beauty.latamcatalog.aptar.com\/wp-content\/uploads\/2025\/10\/Aptar-Beauty-HDP-All-Plastic-High-Dose-Dispensing-Pump-28-Neck-Finish-Hero.png","type":"image\/png"}],"twitter_card":"summary_large_image","twitter_misc":{"Tiempo de lectura":"1 minuto"},"schema":{"@context":"https:\/\/schema.org","@graph":[{"@type":"WebPage","@id":"https:\/\/beauty.latamcatalog.aptar.com\/product\/tsp\/","url":"https:\/\/beauty.latamcatalog.aptar.com\/product\/tsp\/","name":"HDP - Latam Catalog","isPartOf":{"@id":"https:\/\/beauty.latamcatalog.aptar.com\/#website"},"datePublished":"2025-10-09T18:35:43+00:00","dateModified":"2025-10-09T18:47:44+00:00","breadcrumb":{"@id":"https:\/\/beauty.latamcatalog.aptar.com\/product\/tsp\/#breadcrumb"},"inLanguage":"es","potentialAction":[{"@type":"ReadAction","target":["https:\/\/beauty.latamcatalog.aptar.com\/product\/tsp\/"]}]},{"@type":"BreadcrumbList","@id":"https:\/\/beauty.latamcatalog.aptar.com\/product\/tsp\/#breadcrumb","itemListElement":[{"@type":"ListItem","position":1,"name":"Home","item":"https:\/\/beauty.latamcatalog.aptar.com\/"},{"@type":"ListItem","position":2,"name":"Private: Produtos","item":"https:\/\/beauty.latamcatalog.aptar.com\/en\/?page_id=20030"},{"@type":"ListItem","position":3,"name":"HDP"}]},{"@type":"WebSite","@id":"https:\/\/beauty.latamcatalog.aptar.com\/#website","url":"https:\/\/beauty.latamcatalog.aptar.com\/","name":"Latam Catalog","description":"Aptar Latin America Catalog Website","publisher":{"@id":"https:\/\/beauty.latamcatalog.aptar.com\/#organization"},"potentialAction":[{"@type":"SearchAction","target":{"@type":"EntryPoint","urlTemplate":"https:\/\/beauty.latamcatalog.aptar.com\/?s={search_term_string}"},"query-input":"required name=search_term_string"}],"inLanguage":"es"},{"@type":"Organization","@id":"https:\/\/beauty.latamcatalog.aptar.com\/#organization","name":"Aptar","url":"https:\/\/beauty.latamcatalog.aptar.com\/","logo":{"@type":"ImageObject","inLanguage":"es","@id":"https:\/\/beauty.latamcatalog.aptar.com\/#\/schema\/logo\/image\/","url":"https:\/\/beauty.latamcatalog.aptar.com\/wp-content\/uploads\/2021\/11\/aptar_logo-01.png","contentUrl":"https:\/\/beauty.latamcatalog.aptar.com\/wp-content\/uploads\/2021\/11\/aptar_logo-01.png","width":492,"height":175,"caption":"Aptar"},"image":{"@id":"https:\/\/beauty.latamcatalog.aptar.com\/#\/schema\/logo\/image\/"}}]}},"_links":{"self":[{"href":"https:\/\/beauty.latamcatalog.aptar.com\/es\/wp-json\/wp\/v2\/product\/22523"}],"collection":[{"href":"https:\/\/beauty.latamcatalog.aptar.com\/es\/wp-json\/wp\/v2\/product"}],"about":[{"href":"https:\/\/beauty.latamcatalog.aptar.com\/es\/wp-json\/wp\/v2\/types\/product"}],"wp:featuredmedia":[{"embeddable":true,"href":"https:\/\/beauty.latamcatalog.aptar.com\/es\/wp-json\/wp\/v2\/media\/22530"}],"wp:attachment":[{"href":"https:\/\/beauty.latamcatalog.aptar.com\/es\/wp-json\/wp\/v2\/media?parent=22523"}],"wp:term":[{"taxonomy":"product_cat","embeddable":true,"href":"https:\/\/beauty.latamcatalog.aptar.com\/es\/wp-json\/wp\/v2\/product_cat?post=22523"},{"taxonomy":"product_tag","embeddable":true,"href":"https:\/\/beauty.latamcatalog.aptar.com\/es\/wp-json\/wp\/v2\/product_tag?post=22523"},{"taxonomy":"aptar-tags","embeddable":true,"href":"https:\/\/beauty.latamcatalog.aptar.com\/es\/wp-json\/wp\/v2\/aptar-tags?post=22523"}],"curies":[{"name":"wp","href":"https:\/\/api.w.org\/{rel}","templated":true}]}}