{"id":22519,"date":"2025-10-09T18:23:02","date_gmt":"2025-10-09T18:23:02","guid":{"rendered":"https:\/\/beauty.latamcatalog.aptar.com\/?post_type=product&#038;p=22519"},"modified":"2025-10-09T18:37:41","modified_gmt":"2025-10-09T18:37:41","slug":"pz-advance","status":"publish","type":"product","link":"https:\/\/beauty.latamcatalog.aptar.com\/es\/product\/pz-advance\/","title":{"rendered":"<p>PZ Advance<\/p>"},"content":{"rendered":"<p>Spray de bomba atmosf\u00e9rico de pl\u00e1stico completo<p>Disponible en Resina Posconsumo (PCR).<\/p><p>Totalmente de pl\u00e1stico<\/p><p>Recargable<\/p><p><em>[soshsc aptar-company=\u201dAptar\u201d]<\/em><\/p><p>Pa\u00eds: Alemania<\/p><p><em>[\/soshsc]<\/em><\/p><p>&nbsp;<\/p><\/p>","protected":false},"excerpt":{"rendered":"<p><strong>Bomba pulverizadora ic\u00f3nica con cartucho innovador fabricado \u00edntegramente en poliolefina<\/strong><p>Con un dise\u00f1o confiable y robusto, el <strong>PZ Advance<\/strong> Es una bomba pulverizadora de alto rendimiento compatible con una amplia gama de f\u00f3rmulas y viscosidades. Su dise\u00f1o \u00edntegramente en pl\u00e1stico la hace ideal para los principales flujos de reciclaje de pl\u00e1stico al combinarse con botellas de pl\u00e1stico. <strong>polietileno de alta densidad (HDPE)<\/strong>, <strong>tereftalato de polietileno (PET)<\/strong> o <strong>polipropileno (PP)<\/strong>.<\/p><p>EL <strong>PZ Advance<\/strong> est\u00e1 disponible con el actuador <strong>PZ Twist<\/strong>Dise\u00f1ado para mayor comodidad y uso en cualquier lugar. El sistema de bloqueo con rotaci\u00f3n de 90\u00b0 elimina la necesidad de tapa, lo que lo hace compatible y cumple con las normas de comercio electr\u00f3nico**. <strong>ISTA-6<\/strong>.<\/p><p>Esta soluci\u00f3n de envasado en aerosol sostenible es altamente reciclable* (cuando se combina con botellas de HDPE, PP o PET), <strong>Libre de POM<\/strong> y <strong>Compatible con PCR<\/strong>.<\/p><\/p>","protected":false},"featured_media":22520,"template":"","meta":{"inline_featured_image":false},"product_cat":[512,289,194,521],"product_tag":[],"aptar-tags":[],"acf":[],"yoast_head":"<!-- This site is optimized with the Yoast SEO plugin v21.0 - https:\/\/yoast.com\/wordpress\/plugins\/seo\/ -->\n<title>PZ Advance - Latam Catalog<\/title>\n<meta name=\"robots\" content=\"index, follow, max-snippet:-1, max-image-preview:large, max-video-preview:-1\" \/>\n<link rel=\"canonical\" href=\"https:\/\/beauty.latamcatalog.aptar.com\/es\/product\/pz-advance\/\" \/>\n<meta property=\"og:locale\" content=\"es_ES\" \/>\n<meta property=\"og:type\" content=\"article\" \/>\n<meta property=\"og:title\" content=\"PZ Advance - Latam Catalog\" \/>\n<meta property=\"og:description\" content=\"Bomba spray ic\u00f4nica com cartucho inovador totalmente em poliolefina  Com um design confi\u00e1vel e robusto, a PZ Advance \u00e9 uma bomba spray de alto desempenho compat\u00edvel com uma ampla gama de f\u00f3rmulas e viscosidades. Ela possui um design totalmente em pl\u00e1stico, o que a torna adequada para os principais fluxos de reciclagem de pl\u00e1sticos quando combinada com frascos de polietileno de alta densidade (HDPE), polietileno tereftalato (PET) ou polipropileno (PP).  A PZ Advance est\u00e1 dispon\u00edvel com o atuador PZ Twist, projetado para oferecer praticidade e uso em movimento. O sistema de trava por rota\u00e7\u00e3o de 90\u00b0 elimina a necessidade de tampa, tornando o produto compat\u00edvel com e-commerce** e em conformidade com a norma ISTA-6.  Essa solu\u00e7\u00e3o sustent\u00e1vel de embalagem spray \u00e9 altamente recicl\u00e1vel* (quando combinada com frascos de HDPE, PP ou PET), livre de POM e compat\u00edvel com PCR.\" \/>\n<meta property=\"og:url\" content=\"https:\/\/beauty.latamcatalog.aptar.com\/es\/product\/pz-advance\/\" \/>\n<meta property=\"og:site_name\" content=\"Latam Catalog\" \/>\n<meta property=\"article:modified_time\" content=\"2025-10-09T18:37:41+00:00\" \/>\n<meta property=\"og:image\" content=\"https:\/\/beauty.latamcatalog.aptar.com\/wp-content\/uploads\/2025\/10\/Aptar-Beauty-PZ-Twist-Advance-Recyclable-Twist-to-Lock-Spray-Pump-Black-Actuator-White-Bottle-Full-Packaging.png\" \/>\n\t<meta property=\"og:image:width\" content=\"515\" \/>\n\t<meta property=\"og:image:height\" content=\"418\" \/>\n\t<meta property=\"og:image:type\" content=\"image\/png\" \/>\n<meta name=\"twitter:card\" content=\"summary_large_image\" \/>\n<meta name=\"twitter:label1\" content=\"Tiempo de lectura\" \/>\n\t<meta name=\"twitter:data1\" content=\"1 minuto\" \/>\n<script type=\"application\/ld+json\" class=\"yoast-schema-graph\">{\"@context\":\"https:\/\/schema.org\",\"@graph\":[{\"@type\":\"WebPage\",\"@id\":\"https:\/\/beauty.latamcatalog.aptar.com\/product\/pz-advance\/\",\"url\":\"https:\/\/beauty.latamcatalog.aptar.com\/product\/pz-advance\/\",\"name\":\"PZ Advance - Latam Catalog\",\"isPartOf\":{\"@id\":\"https:\/\/beauty.latamcatalog.aptar.com\/#website\"},\"datePublished\":\"2025-10-09T18:23:02+00:00\",\"dateModified\":\"2025-10-09T18:37:41+00:00\",\"breadcrumb\":{\"@id\":\"https:\/\/beauty.latamcatalog.aptar.com\/product\/pz-advance\/#breadcrumb\"},\"inLanguage\":\"es\",\"potentialAction\":[{\"@type\":\"ReadAction\",\"target\":[\"https:\/\/beauty.latamcatalog.aptar.com\/product\/pz-advance\/\"]}]},{\"@type\":\"BreadcrumbList\",\"@id\":\"https:\/\/beauty.latamcatalog.aptar.com\/product\/pz-advance\/#breadcrumb\",\"itemListElement\":[{\"@type\":\"ListItem\",\"position\":1,\"name\":\"Home\",\"item\":\"https:\/\/beauty.latamcatalog.aptar.com\/\"},{\"@type\":\"ListItem\",\"position\":2,\"name\":\"Private: Produtos\",\"item\":\"https:\/\/beauty.latamcatalog.aptar.com\/en\/?page_id=20030\"},{\"@type\":\"ListItem\",\"position\":3,\"name\":\"PZ Advance\"}]},{\"@type\":\"WebSite\",\"@id\":\"https:\/\/beauty.latamcatalog.aptar.com\/#website\",\"url\":\"https:\/\/beauty.latamcatalog.aptar.com\/\",\"name\":\"Latam Catalog\",\"description\":\"Aptar Latin America Catalog Website\",\"publisher\":{\"@id\":\"https:\/\/beauty.latamcatalog.aptar.com\/#organization\"},\"potentialAction\":[{\"@type\":\"SearchAction\",\"target\":{\"@type\":\"EntryPoint\",\"urlTemplate\":\"https:\/\/beauty.latamcatalog.aptar.com\/?s={search_term_string}\"},\"query-input\":\"required name=search_term_string\"}],\"inLanguage\":\"es\"},{\"@type\":\"Organization\",\"@id\":\"https:\/\/beauty.latamcatalog.aptar.com\/#organization\",\"name\":\"Aptar\",\"url\":\"https:\/\/beauty.latamcatalog.aptar.com\/\",\"logo\":{\"@type\":\"ImageObject\",\"inLanguage\":\"es\",\"@id\":\"https:\/\/beauty.latamcatalog.aptar.com\/#\/schema\/logo\/image\/\",\"url\":\"https:\/\/beauty.latamcatalog.aptar.com\/wp-content\/uploads\/2021\/11\/aptar_logo-01.png\",\"contentUrl\":\"https:\/\/beauty.latamcatalog.aptar.com\/wp-content\/uploads\/2021\/11\/aptar_logo-01.png\",\"width\":492,\"height\":175,\"caption\":\"Aptar\"},\"image\":{\"@id\":\"https:\/\/beauty.latamcatalog.aptar.com\/#\/schema\/logo\/image\/\"}}]}<\/script>\n<!-- \/ Yoast SEO plugin. -->","yoast_head_json":{"title":"PZ Advance - Latam Catalog","robots":{"index":"index","follow":"follow","max-snippet":"max-snippet:-1","max-image-preview":"max-image-preview:large","max-video-preview":"max-video-preview:-1"},"canonical":"https:\/\/beauty.latamcatalog.aptar.com\/es\/product\/pz-advance\/","og_locale":"es_ES","og_type":"article","og_title":"PZ Advance - Latam Catalog","og_description":"Bomba spray ic\u00f4nica com cartucho inovador totalmente em poliolefina  Com um design confi\u00e1vel e robusto, a PZ Advance \u00e9 uma bomba spray de alto desempenho compat\u00edvel com uma ampla gama de f\u00f3rmulas e viscosidades. Ela possui um design totalmente em pl\u00e1stico, o que a torna adequada para os principais fluxos de reciclagem de pl\u00e1sticos quando combinada com frascos de polietileno de alta densidade (HDPE), polietileno tereftalato (PET) ou polipropileno (PP).  A PZ Advance est\u00e1 dispon\u00edvel com o atuador PZ Twist, projetado para oferecer praticidade e uso em movimento. O sistema de trava por rota\u00e7\u00e3o de 90\u00b0 elimina a necessidade de tampa, tornando o produto compat\u00edvel com e-commerce** e em conformidade com a norma ISTA-6.  Essa solu\u00e7\u00e3o sustent\u00e1vel de embalagem spray \u00e9 altamente recicl\u00e1vel* (quando combinada com frascos de HDPE, PP ou PET), livre de POM e compat\u00edvel com PCR.","og_url":"https:\/\/beauty.latamcatalog.aptar.com\/es\/product\/pz-advance\/","og_site_name":"Latam Catalog","article_modified_time":"2025-10-09T18:37:41+00:00","og_image":[{"width":515,"height":418,"url":"https:\/\/beauty.latamcatalog.aptar.com\/wp-content\/uploads\/2025\/10\/Aptar-Beauty-PZ-Twist-Advance-Recyclable-Twist-to-Lock-Spray-Pump-Black-Actuator-White-Bottle-Full-Packaging.png","type":"image\/png"}],"twitter_card":"summary_large_image","twitter_misc":{"Tiempo de lectura":"1 minuto"},"schema":{"@context":"https:\/\/schema.org","@graph":[{"@type":"WebPage","@id":"https:\/\/beauty.latamcatalog.aptar.com\/product\/pz-advance\/","url":"https:\/\/beauty.latamcatalog.aptar.com\/product\/pz-advance\/","name":"PZ Advance - Latam Catalog","isPartOf":{"@id":"https:\/\/beauty.latamcatalog.aptar.com\/#website"},"datePublished":"2025-10-09T18:23:02+00:00","dateModified":"2025-10-09T18:37:41+00:00","breadcrumb":{"@id":"https:\/\/beauty.latamcatalog.aptar.com\/product\/pz-advance\/#breadcrumb"},"inLanguage":"es","potentialAction":[{"@type":"ReadAction","target":["https:\/\/beauty.latamcatalog.aptar.com\/product\/pz-advance\/"]}]},{"@type":"BreadcrumbList","@id":"https:\/\/beauty.latamcatalog.aptar.com\/product\/pz-advance\/#breadcrumb","itemListElement":[{"@type":"ListItem","position":1,"name":"Home","item":"https:\/\/beauty.latamcatalog.aptar.com\/"},{"@type":"ListItem","position":2,"name":"Private: Produtos","item":"https:\/\/beauty.latamcatalog.aptar.com\/en\/?page_id=20030"},{"@type":"ListItem","position":3,"name":"PZ Advance"}]},{"@type":"WebSite","@id":"https:\/\/beauty.latamcatalog.aptar.com\/#website","url":"https:\/\/beauty.latamcatalog.aptar.com\/","name":"Latam Catalog","description":"Aptar Latin America Catalog Website","publisher":{"@id":"https:\/\/beauty.latamcatalog.aptar.com\/#organization"},"potentialAction":[{"@type":"SearchAction","target":{"@type":"EntryPoint","urlTemplate":"https:\/\/beauty.latamcatalog.aptar.com\/?s={search_term_string}"},"query-input":"required name=search_term_string"}],"inLanguage":"es"},{"@type":"Organization","@id":"https:\/\/beauty.latamcatalog.aptar.com\/#organization","name":"Aptar","url":"https:\/\/beauty.latamcatalog.aptar.com\/","logo":{"@type":"ImageObject","inLanguage":"es","@id":"https:\/\/beauty.latamcatalog.aptar.com\/#\/schema\/logo\/image\/","url":"https:\/\/beauty.latamcatalog.aptar.com\/wp-content\/uploads\/2021\/11\/aptar_logo-01.png","contentUrl":"https:\/\/beauty.latamcatalog.aptar.com\/wp-content\/uploads\/2021\/11\/aptar_logo-01.png","width":492,"height":175,"caption":"Aptar"},"image":{"@id":"https:\/\/beauty.latamcatalog.aptar.com\/#\/schema\/logo\/image\/"}}]}},"_links":{"self":[{"href":"https:\/\/beauty.latamcatalog.aptar.com\/es\/wp-json\/wp\/v2\/product\/22519"}],"collection":[{"href":"https:\/\/beauty.latamcatalog.aptar.com\/es\/wp-json\/wp\/v2\/product"}],"about":[{"href":"https:\/\/beauty.latamcatalog.aptar.com\/es\/wp-json\/wp\/v2\/types\/product"}],"wp:featuredmedia":[{"embeddable":true,"href":"https:\/\/beauty.latamcatalog.aptar.com\/es\/wp-json\/wp\/v2\/media\/22520"}],"wp:attachment":[{"href":"https:\/\/beauty.latamcatalog.aptar.com\/es\/wp-json\/wp\/v2\/media?parent=22519"}],"wp:term":[{"taxonomy":"product_cat","embeddable":true,"href":"https:\/\/beauty.latamcatalog.aptar.com\/es\/wp-json\/wp\/v2\/product_cat?post=22519"},{"taxonomy":"product_tag","embeddable":true,"href":"https:\/\/beauty.latamcatalog.aptar.com\/es\/wp-json\/wp\/v2\/product_tag?post=22519"},{"taxonomy":"aptar-tags","embeddable":true,"href":"https:\/\/beauty.latamcatalog.aptar.com\/es\/wp-json\/wp\/v2\/aptar-tags?post=22519"}],"curies":[{"name":"wp","href":"https:\/\/api.w.org\/{rel}","templated":true}]}}