{"id":22355,"date":"2024-01-25T18:13:50","date_gmt":"2024-01-25T18:13:50","guid":{"rendered":"https:\/\/beauty.latamcatalog.aptar.com\/?post_type=product&#038;p=22355"},"modified":"2024-01-25T18:19:51","modified_gmt":"2024-01-25T18:19:51","slug":"ws-40","status":"publish","type":"product","link":"https:\/\/beauty.latamcatalog.aptar.com\/es\/product\/ws-40\/","title":{"rendered":"<p>WS40<\/p>"},"content":{"rendered":"<p>Actuador con Tapa para Presurizado<p><em>[soshsc aptar-company=\u201dAptar\u201d]<\/em><\/p><p>Precio de referencia en origen (no intercoprecio, consultar origen para interco):<br>\n105\u20ac<\/p><p>P\u00f3ngase en contacto para pedir m\u00e1s informaci\u00f3n con el fin de hacer el precio final<br>\n<a href=\"mailto:britta.kessemeyer@aptar.com\">britta.kessemeyer@aptar.com<\/a><\/p><p>Pa\u00eds: Dortmund \u2013 Alemania<\/p><p><em>[\/soshsc]<\/em><\/p><\/p>","protected":false},"excerpt":{"rendered":"<p>WS40 tiene una fuerza de actuaci\u00f3n suave y ofrece una dosificaci\u00f3n del producto c\u00f3moda y sencilla gracias a la amplia almohadilla para el dedo. Una soluci\u00f3n que tiene la opci\u00f3n de ser compatible con ISTA6 de Amazon para un transporte seguro del comercio electr\u00f3nico, sujeta a pruebas.<p>Muchas opciones de insertos diferentes para ajustar el spray y disponibles con resina reciclada posconsumo (PCR).<\/p><\/p>","protected":false},"featured_media":22356,"template":"","meta":{"inline_featured_image":false},"product_cat":[512,289,290,294,195,520],"product_tag":[],"aptar-tags":[],"acf":[],"yoast_head":"<!-- This site is optimized with the Yoast SEO plugin v21.0 - https:\/\/yoast.com\/wordpress\/plugins\/seo\/ -->\n<title>WS 40 - Latam Catalog<\/title>\n<meta name=\"robots\" content=\"index, follow, max-snippet:-1, max-image-preview:large, max-video-preview:-1\" \/>\n<link rel=\"canonical\" href=\"https:\/\/beauty.latamcatalog.aptar.com\/es\/product\/ws-40\/\" \/>\n<meta property=\"og:locale\" content=\"es_ES\" \/>\n<meta property=\"og:type\" content=\"article\" \/>\n<meta property=\"og:title\" content=\"WS 40 - Latam Catalog\" \/>\n<meta property=\"og:description\" content=\"WS40 possui uma for\u00e7a de atua\u00e7\u00e3o suave e oferece uma dispensa\u00e7\u00e3o de produto conveniente e f\u00e1cil gra\u00e7as \u00e0 ampla almofada de dedo. Uma solu\u00e7\u00e3o que tem op\u00e7\u00e3o de ser compat\u00edvel com o ISTA6\u00a0 da Amazon para transporte\u00a0 e-commerce seguro, sujeito a testes.  Muitas op\u00e7\u00f5es de insertos diferentes para ajustar o spray e\u00a0 dispon\u00edvel com resina P\u00f3s-Consumo Reciclado (PCR).\" \/>\n<meta property=\"og:url\" content=\"https:\/\/beauty.latamcatalog.aptar.com\/es\/product\/ws-40\/\" \/>\n<meta property=\"og:site_name\" content=\"Latam Catalog\" \/>\n<meta property=\"article:modified_time\" content=\"2024-01-25T18:19:51+00:00\" \/>\n<meta property=\"og:image\" content=\"https:\/\/beauty.latamcatalog.aptar.com\/wp-content\/uploads\/2024\/01\/32_WS40_fondblanc-853x1024-1.jpg\" \/>\n\t<meta property=\"og:image:width\" content=\"853\" \/>\n\t<meta property=\"og:image:height\" content=\"1024\" \/>\n\t<meta property=\"og:image:type\" content=\"image\/jpeg\" \/>\n<meta name=\"twitter:card\" content=\"summary_large_image\" \/>\n<meta name=\"twitter:label1\" content=\"Tiempo de lectura\" \/>\n\t<meta name=\"twitter:data1\" content=\"1 minuto\" \/>\n<script type=\"application\/ld+json\" class=\"yoast-schema-graph\">{\"@context\":\"https:\/\/schema.org\",\"@graph\":[{\"@type\":\"WebPage\",\"@id\":\"https:\/\/beauty.latamcatalog.aptar.com\/product\/ws-40\/\",\"url\":\"https:\/\/beauty.latamcatalog.aptar.com\/product\/ws-40\/\",\"name\":\"WS 40 - Latam Catalog\",\"isPartOf\":{\"@id\":\"https:\/\/beauty.latamcatalog.aptar.com\/#website\"},\"datePublished\":\"2024-01-25T18:13:50+00:00\",\"dateModified\":\"2024-01-25T18:19:51+00:00\",\"breadcrumb\":{\"@id\":\"https:\/\/beauty.latamcatalog.aptar.com\/product\/ws-40\/#breadcrumb\"},\"inLanguage\":\"es\",\"potentialAction\":[{\"@type\":\"ReadAction\",\"target\":[\"https:\/\/beauty.latamcatalog.aptar.com\/product\/ws-40\/\"]}]},{\"@type\":\"BreadcrumbList\",\"@id\":\"https:\/\/beauty.latamcatalog.aptar.com\/product\/ws-40\/#breadcrumb\",\"itemListElement\":[{\"@type\":\"ListItem\",\"position\":1,\"name\":\"Home\",\"item\":\"https:\/\/beauty.latamcatalog.aptar.com\/\"},{\"@type\":\"ListItem\",\"position\":2,\"name\":\"Private: Produtos\",\"item\":\"https:\/\/beauty.latamcatalog.aptar.com\/en\/?page_id=20030\"},{\"@type\":\"ListItem\",\"position\":3,\"name\":\"WS 40\"}]},{\"@type\":\"WebSite\",\"@id\":\"https:\/\/beauty.latamcatalog.aptar.com\/#website\",\"url\":\"https:\/\/beauty.latamcatalog.aptar.com\/\",\"name\":\"Latam Catalog\",\"description\":\"Aptar Latin America Catalog Website\",\"publisher\":{\"@id\":\"https:\/\/beauty.latamcatalog.aptar.com\/#organization\"},\"potentialAction\":[{\"@type\":\"SearchAction\",\"target\":{\"@type\":\"EntryPoint\",\"urlTemplate\":\"https:\/\/beauty.latamcatalog.aptar.com\/?s={search_term_string}\"},\"query-input\":\"required name=search_term_string\"}],\"inLanguage\":\"es\"},{\"@type\":\"Organization\",\"@id\":\"https:\/\/beauty.latamcatalog.aptar.com\/#organization\",\"name\":\"Aptar\",\"url\":\"https:\/\/beauty.latamcatalog.aptar.com\/\",\"logo\":{\"@type\":\"ImageObject\",\"inLanguage\":\"es\",\"@id\":\"https:\/\/beauty.latamcatalog.aptar.com\/#\/schema\/logo\/image\/\",\"url\":\"https:\/\/beauty.latamcatalog.aptar.com\/wp-content\/uploads\/2021\/11\/aptar_logo-01.png\",\"contentUrl\":\"https:\/\/beauty.latamcatalog.aptar.com\/wp-content\/uploads\/2021\/11\/aptar_logo-01.png\",\"width\":492,\"height\":175,\"caption\":\"Aptar\"},\"image\":{\"@id\":\"https:\/\/beauty.latamcatalog.aptar.com\/#\/schema\/logo\/image\/\"}}]}<\/script>\n<!-- \/ Yoast SEO plugin. -->","yoast_head_json":{"title":"WS 40 - Latam Catalog","robots":{"index":"index","follow":"follow","max-snippet":"max-snippet:-1","max-image-preview":"max-image-preview:large","max-video-preview":"max-video-preview:-1"},"canonical":"https:\/\/beauty.latamcatalog.aptar.com\/es\/product\/ws-40\/","og_locale":"es_ES","og_type":"article","og_title":"WS 40 - Latam Catalog","og_description":"WS40 possui uma for\u00e7a de atua\u00e7\u00e3o suave e oferece uma dispensa\u00e7\u00e3o de produto conveniente e f\u00e1cil gra\u00e7as \u00e0 ampla almofada de dedo. Uma solu\u00e7\u00e3o que tem op\u00e7\u00e3o de ser compat\u00edvel com o ISTA6\u00a0 da Amazon para transporte\u00a0 e-commerce seguro, sujeito a testes.  Muitas op\u00e7\u00f5es de insertos diferentes para ajustar o spray e\u00a0 dispon\u00edvel com resina P\u00f3s-Consumo Reciclado (PCR).","og_url":"https:\/\/beauty.latamcatalog.aptar.com\/es\/product\/ws-40\/","og_site_name":"Latam Catalog","article_modified_time":"2024-01-25T18:19:51+00:00","og_image":[{"width":853,"height":1024,"url":"https:\/\/beauty.latamcatalog.aptar.com\/wp-content\/uploads\/2024\/01\/32_WS40_fondblanc-853x1024-1.jpg","type":"image\/jpeg"}],"twitter_card":"summary_large_image","twitter_misc":{"Tiempo de lectura":"1 minuto"},"schema":{"@context":"https:\/\/schema.org","@graph":[{"@type":"WebPage","@id":"https:\/\/beauty.latamcatalog.aptar.com\/product\/ws-40\/","url":"https:\/\/beauty.latamcatalog.aptar.com\/product\/ws-40\/","name":"WS 40 - Latam Catalog","isPartOf":{"@id":"https:\/\/beauty.latamcatalog.aptar.com\/#website"},"datePublished":"2024-01-25T18:13:50+00:00","dateModified":"2024-01-25T18:19:51+00:00","breadcrumb":{"@id":"https:\/\/beauty.latamcatalog.aptar.com\/product\/ws-40\/#breadcrumb"},"inLanguage":"es","potentialAction":[{"@type":"ReadAction","target":["https:\/\/beauty.latamcatalog.aptar.com\/product\/ws-40\/"]}]},{"@type":"BreadcrumbList","@id":"https:\/\/beauty.latamcatalog.aptar.com\/product\/ws-40\/#breadcrumb","itemListElement":[{"@type":"ListItem","position":1,"name":"Home","item":"https:\/\/beauty.latamcatalog.aptar.com\/"},{"@type":"ListItem","position":2,"name":"Private: Produtos","item":"https:\/\/beauty.latamcatalog.aptar.com\/en\/?page_id=20030"},{"@type":"ListItem","position":3,"name":"WS 40"}]},{"@type":"WebSite","@id":"https:\/\/beauty.latamcatalog.aptar.com\/#website","url":"https:\/\/beauty.latamcatalog.aptar.com\/","name":"Latam Catalog","description":"Aptar Latin America Catalog Website","publisher":{"@id":"https:\/\/beauty.latamcatalog.aptar.com\/#organization"},"potentialAction":[{"@type":"SearchAction","target":{"@type":"EntryPoint","urlTemplate":"https:\/\/beauty.latamcatalog.aptar.com\/?s={search_term_string}"},"query-input":"required name=search_term_string"}],"inLanguage":"es"},{"@type":"Organization","@id":"https:\/\/beauty.latamcatalog.aptar.com\/#organization","name":"Aptar","url":"https:\/\/beauty.latamcatalog.aptar.com\/","logo":{"@type":"ImageObject","inLanguage":"es","@id":"https:\/\/beauty.latamcatalog.aptar.com\/#\/schema\/logo\/image\/","url":"https:\/\/beauty.latamcatalog.aptar.com\/wp-content\/uploads\/2021\/11\/aptar_logo-01.png","contentUrl":"https:\/\/beauty.latamcatalog.aptar.com\/wp-content\/uploads\/2021\/11\/aptar_logo-01.png","width":492,"height":175,"caption":"Aptar"},"image":{"@id":"https:\/\/beauty.latamcatalog.aptar.com\/#\/schema\/logo\/image\/"}}]}},"_links":{"self":[{"href":"https:\/\/beauty.latamcatalog.aptar.com\/es\/wp-json\/wp\/v2\/product\/22355"}],"collection":[{"href":"https:\/\/beauty.latamcatalog.aptar.com\/es\/wp-json\/wp\/v2\/product"}],"about":[{"href":"https:\/\/beauty.latamcatalog.aptar.com\/es\/wp-json\/wp\/v2\/types\/product"}],"wp:featuredmedia":[{"embeddable":true,"href":"https:\/\/beauty.latamcatalog.aptar.com\/es\/wp-json\/wp\/v2\/media\/22356"}],"wp:attachment":[{"href":"https:\/\/beauty.latamcatalog.aptar.com\/es\/wp-json\/wp\/v2\/media?parent=22355"}],"wp:term":[{"taxonomy":"product_cat","embeddable":true,"href":"https:\/\/beauty.latamcatalog.aptar.com\/es\/wp-json\/wp\/v2\/product_cat?post=22355"},{"taxonomy":"product_tag","embeddable":true,"href":"https:\/\/beauty.latamcatalog.aptar.com\/es\/wp-json\/wp\/v2\/product_tag?post=22355"},{"taxonomy":"aptar-tags","embeddable":true,"href":"https:\/\/beauty.latamcatalog.aptar.com\/es\/wp-json\/wp\/v2\/aptar-tags?post=22355"}],"curies":[{"name":"wp","href":"https:\/\/api.w.org\/{rel}","templated":true}]}}