{"id":21889,"date":"2023-07-03T13:57:43","date_gmt":"2023-07-03T13:57:43","guid":{"rendered":"https:\/\/live-beautylatamcatalog.pantheonsite.io\/?post_type=product&#038;p=21889"},"modified":"2023-07-03T14:00:28","modified_gmt":"2023-07-03T14:00:28","slug":"pure-airless-jar","status":"publish","type":"product","link":"https:\/\/beauty.latamcatalog.aptar.com\/es\/product\/pure-airless-jar\/","title":{"rendered":"<p>Tarro sin aire puro<\/p>"},"content":{"rendered":"<p>Maceta sin aire de pl\u00e1stico<p><em>[soshsc aptar-company=\u201dAptar\u201d]<\/em><\/p><p>Pa\u00eds: China \u2013 Fusi\u00f3n<\/p><p><em>[\/soshsc]<\/em><\/p><\/p>","protected":false},"excerpt":{"rendered":"<p>El Pure Airless Jar combina el prestigio de un frasco con la protecci\u00f3n de un sistema dispensador sin aire en un paquete liviano que es f\u00e1cil de manejar para el usuario. Su dise\u00f1o personalizado permite al consumidor dosificar cantidades controladas de cremas o lociones, evitando la entrada de aire al producto. Este dise\u00f1o de empaque sin aire reduce la posibilidad de contaminaci\u00f3n que puede ocurrir con la inmersi\u00f3n en botellas tradicionales, al tiempo que crea una experiencia de producto m\u00e1s higi\u00e9nica para el usuario final. Las f\u00f3rmulas de la marca est\u00e1n protegidas de contaminantes externos para garantizar que los ingredientes sigan siendo potentes y eficaces durante todo el ciclo de vida del producto.<\/p>","protected":false},"featured_media":21890,"template":"","meta":{"inline_featured_image":false},"product_cat":[512,519,290,294],"product_tag":[],"aptar-tags":[],"acf":[],"yoast_head":"<!-- This site is optimized with the Yoast SEO plugin v21.0 - https:\/\/yoast.com\/wordpress\/plugins\/seo\/ -->\n<title>Pure Airless Jar - Latam Catalog<\/title>\n<meta name=\"robots\" content=\"index, follow, max-snippet:-1, max-image-preview:large, max-video-preview:-1\" \/>\n<link rel=\"canonical\" href=\"https:\/\/beauty.latamcatalog.aptar.com\/es\/product\/pure-airless-jar\/\" \/>\n<meta property=\"og:locale\" content=\"es_ES\" \/>\n<meta property=\"og:type\" content=\"article\" \/>\n<meta property=\"og:title\" content=\"Pure Airless Jar - Latam Catalog\" \/>\n<meta property=\"og:description\" content=\"O Pure Airless Jar combina o prest\u00edgio de um pote com a prote\u00e7\u00e3o de um sistema dispensador sem ar em uma embalagem leve e de f\u00e1cil manipula\u00e7\u00e3o pelo usu\u00e1rio. Seu design personalizado permite ao consumidor dosar quantidades controladas de cremes ou lo\u00e7\u00f5es, evitando a entrada de ar no produto. Este design de embalagem airless reduz a possibilidade de contamina\u00e7\u00e3o que pode ocorrer com a imers\u00e3o em frascos tradicionais, ao mesmo tempo em que cria uma experi\u00eancia de produto mais higi\u00eanica para o usu\u00e1rio final. As f\u00f3rmulas da marca s\u00e3o protegidas de contaminantes externos para garantir que os ingredientes permane\u00e7am potentes e eficazes durante todo o ciclo de vida do produto.\" \/>\n<meta property=\"og:url\" content=\"https:\/\/beauty.latamcatalog.aptar.com\/es\/product\/pure-airless-jar\/\" \/>\n<meta property=\"og:site_name\" content=\"Latam Catalog\" \/>\n<meta property=\"article:modified_time\" content=\"2023-07-03T14:00:28+00:00\" \/>\n<meta property=\"og:image\" content=\"https:\/\/beauty.latamcatalog.aptar.com\/wp-content\/uploads\/2023\/07\/Pure_W51362_Benefit-Shot_062718-600x751-1.jpg\" \/>\n\t<meta property=\"og:image:width\" content=\"600\" \/>\n\t<meta property=\"og:image:height\" content=\"751\" \/>\n\t<meta property=\"og:image:type\" content=\"image\/jpeg\" \/>\n<meta name=\"twitter:card\" content=\"summary_large_image\" \/>\n<meta name=\"twitter:label1\" content=\"Tiempo de lectura\" \/>\n\t<meta name=\"twitter:data1\" content=\"1 minuto\" \/>\n<script type=\"application\/ld+json\" class=\"yoast-schema-graph\">{\"@context\":\"https:\/\/schema.org\",\"@graph\":[{\"@type\":\"WebPage\",\"@id\":\"https:\/\/beauty.latamcatalog.aptar.com\/en\/product\/pure-airless-jar\/\",\"url\":\"https:\/\/beauty.latamcatalog.aptar.com\/en\/product\/pure-airless-jar\/\",\"name\":\"Pure Airless Jar - Latam Catalog\",\"isPartOf\":{\"@id\":\"https:\/\/beauty.latamcatalog.aptar.com\/#website\"},\"datePublished\":\"2023-07-03T13:57:43+00:00\",\"dateModified\":\"2023-07-03T14:00:28+00:00\",\"breadcrumb\":{\"@id\":\"https:\/\/beauty.latamcatalog.aptar.com\/en\/product\/pure-airless-jar\/#breadcrumb\"},\"inLanguage\":\"es\",\"potentialAction\":[{\"@type\":\"ReadAction\",\"target\":[\"https:\/\/beauty.latamcatalog.aptar.com\/en\/product\/pure-airless-jar\/\"]}]},{\"@type\":\"BreadcrumbList\",\"@id\":\"https:\/\/beauty.latamcatalog.aptar.com\/en\/product\/pure-airless-jar\/#breadcrumb\",\"itemListElement\":[{\"@type\":\"ListItem\",\"position\":1,\"name\":\"Home\",\"item\":\"https:\/\/beauty.latamcatalog.aptar.com\/\"},{\"@type\":\"ListItem\",\"position\":2,\"name\":\"Private: Produtos\",\"item\":\"https:\/\/beauty.latamcatalog.aptar.com\/en\/?page_id=20030\"},{\"@type\":\"ListItem\",\"position\":3,\"name\":\"Pure Airless Jar\"}]},{\"@type\":\"WebSite\",\"@id\":\"https:\/\/beauty.latamcatalog.aptar.com\/#website\",\"url\":\"https:\/\/beauty.latamcatalog.aptar.com\/\",\"name\":\"Latam Catalog\",\"description\":\"Aptar Latin America Catalog Website\",\"publisher\":{\"@id\":\"https:\/\/beauty.latamcatalog.aptar.com\/#organization\"},\"potentialAction\":[{\"@type\":\"SearchAction\",\"target\":{\"@type\":\"EntryPoint\",\"urlTemplate\":\"https:\/\/beauty.latamcatalog.aptar.com\/?s={search_term_string}\"},\"query-input\":\"required name=search_term_string\"}],\"inLanguage\":\"es\"},{\"@type\":\"Organization\",\"@id\":\"https:\/\/beauty.latamcatalog.aptar.com\/#organization\",\"name\":\"Aptar\",\"url\":\"https:\/\/beauty.latamcatalog.aptar.com\/\",\"logo\":{\"@type\":\"ImageObject\",\"inLanguage\":\"es\",\"@id\":\"https:\/\/beauty.latamcatalog.aptar.com\/#\/schema\/logo\/image\/\",\"url\":\"https:\/\/beauty.latamcatalog.aptar.com\/wp-content\/uploads\/2021\/11\/aptar_logo-01.png\",\"contentUrl\":\"https:\/\/beauty.latamcatalog.aptar.com\/wp-content\/uploads\/2021\/11\/aptar_logo-01.png\",\"width\":492,\"height\":175,\"caption\":\"Aptar\"},\"image\":{\"@id\":\"https:\/\/beauty.latamcatalog.aptar.com\/#\/schema\/logo\/image\/\"}}]}<\/script>\n<!-- \/ Yoast SEO plugin. -->","yoast_head_json":{"title":"Pure Airless Jar - Latam Catalog","robots":{"index":"index","follow":"follow","max-snippet":"max-snippet:-1","max-image-preview":"max-image-preview:large","max-video-preview":"max-video-preview:-1"},"canonical":"https:\/\/beauty.latamcatalog.aptar.com\/es\/product\/pure-airless-jar\/","og_locale":"es_ES","og_type":"article","og_title":"Pure Airless Jar - Latam Catalog","og_description":"O Pure Airless Jar combina o prest\u00edgio de um pote com a prote\u00e7\u00e3o de um sistema dispensador sem ar em uma embalagem leve e de f\u00e1cil manipula\u00e7\u00e3o pelo usu\u00e1rio. Seu design personalizado permite ao consumidor dosar quantidades controladas de cremes ou lo\u00e7\u00f5es, evitando a entrada de ar no produto. Este design de embalagem airless reduz a possibilidade de contamina\u00e7\u00e3o que pode ocorrer com a imers\u00e3o em frascos tradicionais, ao mesmo tempo em que cria uma experi\u00eancia de produto mais higi\u00eanica para o usu\u00e1rio final. As f\u00f3rmulas da marca s\u00e3o protegidas de contaminantes externos para garantir que os ingredientes permane\u00e7am potentes e eficazes durante todo o ciclo de vida do produto.","og_url":"https:\/\/beauty.latamcatalog.aptar.com\/es\/product\/pure-airless-jar\/","og_site_name":"Latam Catalog","article_modified_time":"2023-07-03T14:00:28+00:00","og_image":[{"width":600,"height":751,"url":"https:\/\/beauty.latamcatalog.aptar.com\/wp-content\/uploads\/2023\/07\/Pure_W51362_Benefit-Shot_062718-600x751-1.jpg","type":"image\/jpeg"}],"twitter_card":"summary_large_image","twitter_misc":{"Tiempo de lectura":"1 minuto"},"schema":{"@context":"https:\/\/schema.org","@graph":[{"@type":"WebPage","@id":"https:\/\/beauty.latamcatalog.aptar.com\/en\/product\/pure-airless-jar\/","url":"https:\/\/beauty.latamcatalog.aptar.com\/en\/product\/pure-airless-jar\/","name":"Pure Airless Jar - Latam Catalog","isPartOf":{"@id":"https:\/\/beauty.latamcatalog.aptar.com\/#website"},"datePublished":"2023-07-03T13:57:43+00:00","dateModified":"2023-07-03T14:00:28+00:00","breadcrumb":{"@id":"https:\/\/beauty.latamcatalog.aptar.com\/en\/product\/pure-airless-jar\/#breadcrumb"},"inLanguage":"es","potentialAction":[{"@type":"ReadAction","target":["https:\/\/beauty.latamcatalog.aptar.com\/en\/product\/pure-airless-jar\/"]}]},{"@type":"BreadcrumbList","@id":"https:\/\/beauty.latamcatalog.aptar.com\/en\/product\/pure-airless-jar\/#breadcrumb","itemListElement":[{"@type":"ListItem","position":1,"name":"Home","item":"https:\/\/beauty.latamcatalog.aptar.com\/"},{"@type":"ListItem","position":2,"name":"Private: Produtos","item":"https:\/\/beauty.latamcatalog.aptar.com\/en\/?page_id=20030"},{"@type":"ListItem","position":3,"name":"Pure Airless Jar"}]},{"@type":"WebSite","@id":"https:\/\/beauty.latamcatalog.aptar.com\/#website","url":"https:\/\/beauty.latamcatalog.aptar.com\/","name":"Latam Catalog","description":"Aptar Latin America Catalog Website","publisher":{"@id":"https:\/\/beauty.latamcatalog.aptar.com\/#organization"},"potentialAction":[{"@type":"SearchAction","target":{"@type":"EntryPoint","urlTemplate":"https:\/\/beauty.latamcatalog.aptar.com\/?s={search_term_string}"},"query-input":"required name=search_term_string"}],"inLanguage":"es"},{"@type":"Organization","@id":"https:\/\/beauty.latamcatalog.aptar.com\/#organization","name":"Aptar","url":"https:\/\/beauty.latamcatalog.aptar.com\/","logo":{"@type":"ImageObject","inLanguage":"es","@id":"https:\/\/beauty.latamcatalog.aptar.com\/#\/schema\/logo\/image\/","url":"https:\/\/beauty.latamcatalog.aptar.com\/wp-content\/uploads\/2021\/11\/aptar_logo-01.png","contentUrl":"https:\/\/beauty.latamcatalog.aptar.com\/wp-content\/uploads\/2021\/11\/aptar_logo-01.png","width":492,"height":175,"caption":"Aptar"},"image":{"@id":"https:\/\/beauty.latamcatalog.aptar.com\/#\/schema\/logo\/image\/"}}]}},"_links":{"self":[{"href":"https:\/\/beauty.latamcatalog.aptar.com\/es\/wp-json\/wp\/v2\/product\/21889"}],"collection":[{"href":"https:\/\/beauty.latamcatalog.aptar.com\/es\/wp-json\/wp\/v2\/product"}],"about":[{"href":"https:\/\/beauty.latamcatalog.aptar.com\/es\/wp-json\/wp\/v2\/types\/product"}],"wp:featuredmedia":[{"embeddable":true,"href":"https:\/\/beauty.latamcatalog.aptar.com\/es\/wp-json\/wp\/v2\/media\/21890"}],"wp:attachment":[{"href":"https:\/\/beauty.latamcatalog.aptar.com\/es\/wp-json\/wp\/v2\/media?parent=21889"}],"wp:term":[{"taxonomy":"product_cat","embeddable":true,"href":"https:\/\/beauty.latamcatalog.aptar.com\/es\/wp-json\/wp\/v2\/product_cat?post=21889"},{"taxonomy":"product_tag","embeddable":true,"href":"https:\/\/beauty.latamcatalog.aptar.com\/es\/wp-json\/wp\/v2\/product_tag?post=21889"},{"taxonomy":"aptar-tags","embeddable":true,"href":"https:\/\/beauty.latamcatalog.aptar.com\/es\/wp-json\/wp\/v2\/aptar-tags?post=21889"}],"curies":[{"name":"wp","href":"https:\/\/api.w.org\/{rel}","templated":true}]}}