{"id":21783,"date":"2023-06-20T13:13:25","date_gmt":"2023-06-20T13:13:25","guid":{"rendered":"https:\/\/live-beautylatamcatalog.pantheonsite.io\/?post_type=product&#038;p=21783"},"modified":"2023-06-20T13:41:12","modified_gmt":"2023-06-20T13:41:12","slug":"l1510-refillable","status":"publish","type":"product","link":"https:\/\/beauty.latamcatalog.aptar.com\/es\/product\/l1510-refillable\/","title":{"rendered":"<p>L1510 Recargable<\/p>"},"content":{"rendered":"<p>Labial Recargable Cuadrado con Magnetismo<p><em>[soshsc aptar-company=\u201dAptar\u201d]<\/em><\/p><p>Precio intercompa\u00f1\u00eda en origen FOB (BTY) Puerto de Shangh\u00e1i<br>\n30K: USD 1063.00<br>\n50K: USD 1039.00<br>\n100K USD 1016.00<br>\n500K: USD 1001.00<\/p><p>P\u00f3ngase en contacto para pedir m\u00e1s informaci\u00f3n con el fin de hacer el precio final y solicitud de muestra Contacto<br>\nhelen@btypackaging.com<\/p><p>ART\u00cdCULO: L1512 DETALLES DEL EMBALAJE<br>\nDESCRIPCI\u00d3N: Dimensi\u00f3n de la caja del TAP\u00d3N (MM): 480*350*300 piezas\/caja: 1440 peso unitario (KG): 0,00821 NW\/caja de cart\u00f3n (KG): 11,8 GW\/caja de cart\u00f3n (KG): 12,8 dimensi\u00f3n de la tarima (MM): 1200* 800*150 cantidad de cart\u00f3n\/palet?\u00bfcart\u00f3n*capa?: 4*4 GW de palet (KG): 25<br>\nART\u00cdCULO: L1512<br>\nDESCRIPCI\u00d3N: Dimensi\u00f3n de la caja BASE (MM): 395*288*318 uds\/caja: 560 peso unitario (KG): 0,01435 NW\/caja (KG): 8,04 GW\/caja (KG): 9,5 dimensi\u00f3n de la tarima (MM): 1200* 800*150 cantidad de cart\u00f3n\/palet?\u00bfcart\u00f3n*capa?: 8*3 GW de palet (KG): 25<\/p><p>Pa\u00eds: China<\/p><p><em>[\/soshsc]<\/em><\/p><\/p>","protected":false},"excerpt":{"rendered":"<p>El pintalabios L1510 es un modelo est\u00e1ndar de aluminio cuadrado para una est\u00e9tica m\u00e1s premium y con la opci\u00f3n de ser recargable, \u00a1haciendo que el pintalabios sea mucho m\u00e1s sostenible y econ\u00f3mico! La recarga reemplaza el caramelo sin tener que desechar el empaque primario, el cual puede ser usado varias veces. Barra de labios versi\u00f3n no guiada, mecanismo libre de POM, con cierre magn\u00e9tico y opci\u00f3n de lastre disponible. La L1510 ofrece una amplia gama de acabados y decoraciones.<\/p>","protected":false},"featured_media":21785,"template":"","meta":{"inline_featured_image":false},"product_cat":[512,291,518,196],"product_tag":[],"aptar-tags":[],"acf":[],"yoast_head":"<!-- This site is optimized with the Yoast SEO plugin v21.0 - https:\/\/yoast.com\/wordpress\/plugins\/seo\/ -->\n<title>L1510 Refillable - Latam Catalog<\/title>\n<meta name=\"robots\" content=\"index, follow, max-snippet:-1, max-image-preview:large, max-video-preview:-1\" \/>\n<link rel=\"canonical\" href=\"https:\/\/beauty.latamcatalog.aptar.com\/es\/product\/l1510-refillable\/\" \/>\n<meta property=\"og:locale\" content=\"es_ES\" \/>\n<meta property=\"og:type\" content=\"article\" \/>\n<meta property=\"og:title\" content=\"L1510 Refillable - Latam Catalog\" \/>\n<meta property=\"og:description\" content=\"O Batom L1510 \u00e9 um modelo standard quadrado de alum\u00ednio para uma est\u00e9tico mais premium e com op\u00e7\u00e3o de ser recarreg\u00e1vel, deixando o batom muito mais sustent\u00e1vel e econ\u00f4mico! O refil rep\u00f5e a bala sem precisar descartar a embalagem prim\u00e1ria, podendo essa ser utilizada v\u00e1rias vezes. Batom vers\u00e3o n\u00e3o guiada, mecanismo livre de POM, com fechamento magn\u00e9tico e op\u00e7\u00e3o de lastro dispon\u00edvel. O L1510 oferece uma ampla gama de acabamentos e decora\u00e7\u00f5es.\" \/>\n<meta property=\"og:url\" content=\"https:\/\/beauty.latamcatalog.aptar.com\/es\/product\/l1510-refillable\/\" \/>\n<meta property=\"og:site_name\" content=\"Latam Catalog\" \/>\n<meta property=\"article:modified_time\" content=\"2023-06-20T13:41:12+00:00\" \/>\n<meta property=\"og:image\" content=\"https:\/\/beauty.latamcatalog.aptar.com\/wp-content\/uploads\/2023\/06\/L1510.jpg\" \/>\n\t<meta property=\"og:image:width\" content=\"260\" \/>\n\t<meta property=\"og:image:height\" content=\"315\" \/>\n\t<meta property=\"og:image:type\" content=\"image\/jpeg\" \/>\n<meta name=\"twitter:card\" content=\"summary_large_image\" \/>\n<meta name=\"twitter:label1\" content=\"Tiempo de lectura\" \/>\n\t<meta name=\"twitter:data1\" content=\"1 minuto\" \/>\n<script type=\"application\/ld+json\" class=\"yoast-schema-graph\">{\"@context\":\"https:\/\/schema.org\",\"@graph\":[{\"@type\":\"WebPage\",\"@id\":\"https:\/\/beauty.latamcatalog.aptar.com\/en\/product\/l1510-refillable\/\",\"url\":\"https:\/\/beauty.latamcatalog.aptar.com\/en\/product\/l1510-refillable\/\",\"name\":\"L1510 Refillable - Latam Catalog\",\"isPartOf\":{\"@id\":\"https:\/\/beauty.latamcatalog.aptar.com\/#website\"},\"datePublished\":\"2023-06-20T13:13:25+00:00\",\"dateModified\":\"2023-06-20T13:41:12+00:00\",\"breadcrumb\":{\"@id\":\"https:\/\/beauty.latamcatalog.aptar.com\/en\/product\/l1510-refillable\/#breadcrumb\"},\"inLanguage\":\"es\",\"potentialAction\":[{\"@type\":\"ReadAction\",\"target\":[\"https:\/\/beauty.latamcatalog.aptar.com\/en\/product\/l1510-refillable\/\"]}]},{\"@type\":\"BreadcrumbList\",\"@id\":\"https:\/\/beauty.latamcatalog.aptar.com\/en\/product\/l1510-refillable\/#breadcrumb\",\"itemListElement\":[{\"@type\":\"ListItem\",\"position\":1,\"name\":\"Home\",\"item\":\"https:\/\/beauty.latamcatalog.aptar.com\/\"},{\"@type\":\"ListItem\",\"position\":2,\"name\":\"Private: Produtos\",\"item\":\"https:\/\/beauty.latamcatalog.aptar.com\/en\/?page_id=20030\"},{\"@type\":\"ListItem\",\"position\":3,\"name\":\"L1510 Refillable\"}]},{\"@type\":\"WebSite\",\"@id\":\"https:\/\/beauty.latamcatalog.aptar.com\/#website\",\"url\":\"https:\/\/beauty.latamcatalog.aptar.com\/\",\"name\":\"Latam Catalog\",\"description\":\"Aptar Latin America Catalog Website\",\"publisher\":{\"@id\":\"https:\/\/beauty.latamcatalog.aptar.com\/#organization\"},\"potentialAction\":[{\"@type\":\"SearchAction\",\"target\":{\"@type\":\"EntryPoint\",\"urlTemplate\":\"https:\/\/beauty.latamcatalog.aptar.com\/?s={search_term_string}\"},\"query-input\":\"required name=search_term_string\"}],\"inLanguage\":\"es\"},{\"@type\":\"Organization\",\"@id\":\"https:\/\/beauty.latamcatalog.aptar.com\/#organization\",\"name\":\"Aptar\",\"url\":\"https:\/\/beauty.latamcatalog.aptar.com\/\",\"logo\":{\"@type\":\"ImageObject\",\"inLanguage\":\"es\",\"@id\":\"https:\/\/beauty.latamcatalog.aptar.com\/#\/schema\/logo\/image\/\",\"url\":\"https:\/\/beauty.latamcatalog.aptar.com\/wp-content\/uploads\/2021\/11\/aptar_logo-01.png\",\"contentUrl\":\"https:\/\/beauty.latamcatalog.aptar.com\/wp-content\/uploads\/2021\/11\/aptar_logo-01.png\",\"width\":492,\"height\":175,\"caption\":\"Aptar\"},\"image\":{\"@id\":\"https:\/\/beauty.latamcatalog.aptar.com\/#\/schema\/logo\/image\/\"}}]}<\/script>\n<!-- \/ Yoast SEO plugin. -->","yoast_head_json":{"title":"L1510 Refillable - Latam Catalog","robots":{"index":"index","follow":"follow","max-snippet":"max-snippet:-1","max-image-preview":"max-image-preview:large","max-video-preview":"max-video-preview:-1"},"canonical":"https:\/\/beauty.latamcatalog.aptar.com\/es\/product\/l1510-refillable\/","og_locale":"es_ES","og_type":"article","og_title":"L1510 Refillable - Latam Catalog","og_description":"O Batom L1510 \u00e9 um modelo standard quadrado de alum\u00ednio para uma est\u00e9tico mais premium e com op\u00e7\u00e3o de ser recarreg\u00e1vel, deixando o batom muito mais sustent\u00e1vel e econ\u00f4mico! O refil rep\u00f5e a bala sem precisar descartar a embalagem prim\u00e1ria, podendo essa ser utilizada v\u00e1rias vezes. Batom vers\u00e3o n\u00e3o guiada, mecanismo livre de POM, com fechamento magn\u00e9tico e op\u00e7\u00e3o de lastro dispon\u00edvel. O L1510 oferece uma ampla gama de acabamentos e decora\u00e7\u00f5es.","og_url":"https:\/\/beauty.latamcatalog.aptar.com\/es\/product\/l1510-refillable\/","og_site_name":"Latam Catalog","article_modified_time":"2023-06-20T13:41:12+00:00","og_image":[{"width":260,"height":315,"url":"https:\/\/beauty.latamcatalog.aptar.com\/wp-content\/uploads\/2023\/06\/L1510.jpg","type":"image\/jpeg"}],"twitter_card":"summary_large_image","twitter_misc":{"Tiempo de lectura":"1 minuto"},"schema":{"@context":"https:\/\/schema.org","@graph":[{"@type":"WebPage","@id":"https:\/\/beauty.latamcatalog.aptar.com\/en\/product\/l1510-refillable\/","url":"https:\/\/beauty.latamcatalog.aptar.com\/en\/product\/l1510-refillable\/","name":"L1510 Refillable - Latam Catalog","isPartOf":{"@id":"https:\/\/beauty.latamcatalog.aptar.com\/#website"},"datePublished":"2023-06-20T13:13:25+00:00","dateModified":"2023-06-20T13:41:12+00:00","breadcrumb":{"@id":"https:\/\/beauty.latamcatalog.aptar.com\/en\/product\/l1510-refillable\/#breadcrumb"},"inLanguage":"es","potentialAction":[{"@type":"ReadAction","target":["https:\/\/beauty.latamcatalog.aptar.com\/en\/product\/l1510-refillable\/"]}]},{"@type":"BreadcrumbList","@id":"https:\/\/beauty.latamcatalog.aptar.com\/en\/product\/l1510-refillable\/#breadcrumb","itemListElement":[{"@type":"ListItem","position":1,"name":"Home","item":"https:\/\/beauty.latamcatalog.aptar.com\/"},{"@type":"ListItem","position":2,"name":"Private: Produtos","item":"https:\/\/beauty.latamcatalog.aptar.com\/en\/?page_id=20030"},{"@type":"ListItem","position":3,"name":"L1510 Refillable"}]},{"@type":"WebSite","@id":"https:\/\/beauty.latamcatalog.aptar.com\/#website","url":"https:\/\/beauty.latamcatalog.aptar.com\/","name":"Latam Catalog","description":"Aptar Latin America Catalog Website","publisher":{"@id":"https:\/\/beauty.latamcatalog.aptar.com\/#organization"},"potentialAction":[{"@type":"SearchAction","target":{"@type":"EntryPoint","urlTemplate":"https:\/\/beauty.latamcatalog.aptar.com\/?s={search_term_string}"},"query-input":"required name=search_term_string"}],"inLanguage":"es"},{"@type":"Organization","@id":"https:\/\/beauty.latamcatalog.aptar.com\/#organization","name":"Aptar","url":"https:\/\/beauty.latamcatalog.aptar.com\/","logo":{"@type":"ImageObject","inLanguage":"es","@id":"https:\/\/beauty.latamcatalog.aptar.com\/#\/schema\/logo\/image\/","url":"https:\/\/beauty.latamcatalog.aptar.com\/wp-content\/uploads\/2021\/11\/aptar_logo-01.png","contentUrl":"https:\/\/beauty.latamcatalog.aptar.com\/wp-content\/uploads\/2021\/11\/aptar_logo-01.png","width":492,"height":175,"caption":"Aptar"},"image":{"@id":"https:\/\/beauty.latamcatalog.aptar.com\/#\/schema\/logo\/image\/"}}]}},"_links":{"self":[{"href":"https:\/\/beauty.latamcatalog.aptar.com\/es\/wp-json\/wp\/v2\/product\/21783"}],"collection":[{"href":"https:\/\/beauty.latamcatalog.aptar.com\/es\/wp-json\/wp\/v2\/product"}],"about":[{"href":"https:\/\/beauty.latamcatalog.aptar.com\/es\/wp-json\/wp\/v2\/types\/product"}],"wp:featuredmedia":[{"embeddable":true,"href":"https:\/\/beauty.latamcatalog.aptar.com\/es\/wp-json\/wp\/v2\/media\/21785"}],"wp:attachment":[{"href":"https:\/\/beauty.latamcatalog.aptar.com\/es\/wp-json\/wp\/v2\/media?parent=21783"}],"wp:term":[{"taxonomy":"product_cat","embeddable":true,"href":"https:\/\/beauty.latamcatalog.aptar.com\/es\/wp-json\/wp\/v2\/product_cat?post=21783"},{"taxonomy":"product_tag","embeddable":true,"href":"https:\/\/beauty.latamcatalog.aptar.com\/es\/wp-json\/wp\/v2\/product_tag?post=21783"},{"taxonomy":"aptar-tags","embeddable":true,"href":"https:\/\/beauty.latamcatalog.aptar.com\/es\/wp-json\/wp\/v2\/aptar-tags?post=21783"}],"curies":[{"name":"wp","href":"https:\/\/api.w.org\/{rel}","templated":true}]}}