{"id":21420,"date":"2023-05-04T13:54:30","date_gmt":"2023-05-04T13:54:30","guid":{"rendered":"https:\/\/live-beautylatamcatalog.pantheonsite.io\/?post_type=product&#038;p=21420"},"modified":"2023-06-07T17:31:29","modified_gmt":"2023-06-07T17:31:29","slug":"moda-airless","status":"publish","type":"product","link":"https:\/\/beauty.latamcatalog.aptar.com\/es\/product\/moda-airless\/","title":{"rendered":"<p>Moda Airless<\/p>"},"content":{"rendered":"<p>Envases airless hechos en Am\u00e9rica Latina<p><span style=\"color: #ffcc99;\"><strong>Sostenibilidad<br>\n<\/strong><\/span><\/p><p>Disponible en resina posconsumo (PCR).<\/p><p>&nbsp;<\/p><p><em>[soshsc aptar-company=\u201dAptar\u201d]<\/em><\/p><p>Precio Interco FCA Aptar Queretaro \u2013 M\u00e9xico sin decoraci\u00f3n<\/p><p>10 mil unidades<\/p><p>15ml \u2013 USD 720.00<\/p><p>30ml USD 736.00<\/p><p>50ml USD 834.00<\/p><p><em>[\/soshsc]<\/em><\/p><\/p>","protected":false},"excerpt":{"rendered":"<p>\u00a1La moda es parte del primer empaque Airless producido en Am\u00e9rica Latina! Con un dise\u00f1o moderno de alta calidad y un acabado elegante, ofrece una variedad de opciones de personalizaci\u00f3n y decoraci\u00f3n.Disponible en acabados mate y brillante y utiliza la tradicional y confiable bomba Alpha.<\/p>","protected":false},"featured_media":21421,"template":"","meta":{"inline_featured_image":false},"product_cat":[197,513,512,290,194],"product_tag":[],"aptar-tags":[],"acf":[],"yoast_head":"<!-- This site is optimized with the Yoast SEO plugin v21.0 - https:\/\/yoast.com\/wordpress\/plugins\/seo\/ -->\n<title>Moda Airless - Latam Catalog<\/title>\n<meta name=\"robots\" content=\"index, follow, max-snippet:-1, max-image-preview:large, max-video-preview:-1\" \/>\n<link rel=\"canonical\" href=\"https:\/\/beauty.latamcatalog.aptar.com\/es\/product\/moda-airless\/\" \/>\n<meta property=\"og:locale\" content=\"es_ES\" \/>\n<meta property=\"og:type\" content=\"article\" \/>\n<meta property=\"og:title\" content=\"Moda Airless - Latam Catalog\" \/>\n<meta property=\"og:description\" content=\"Moda faz parte da primeira embalagem Airless produzida na Am\u00e9rica Latina! Com design moderno de alta qualidade e acabamento elegante, oferece uma variedade de op\u00e7\u00f5es de personaliza\u00e7\u00e3o e decora\u00e7\u00e3o Dispon\u00edvel em acabamento fosco e brilhante e utiliza a tradicional e confi\u00e1vel pump Alpha.\" \/>\n<meta property=\"og:url\" content=\"https:\/\/beauty.latamcatalog.aptar.com\/es\/product\/moda-airless\/\" \/>\n<meta property=\"og:site_name\" content=\"Latam Catalog\" \/>\n<meta property=\"article:modified_time\" content=\"2023-06-07T17:31:29+00:00\" \/>\n<meta property=\"og:image\" content=\"https:\/\/beauty.latamcatalog.aptar.com\/wp-content\/uploads\/2023\/05\/moda-airless.jpg\" \/>\n\t<meta property=\"og:image:width\" content=\"692\" \/>\n\t<meta property=\"og:image:height\" content=\"554\" \/>\n\t<meta property=\"og:image:type\" content=\"image\/jpeg\" \/>\n<meta name=\"twitter:card\" content=\"summary_large_image\" \/>\n<meta name=\"twitter:label1\" content=\"Tiempo de lectura\" \/>\n\t<meta name=\"twitter:data1\" content=\"1 minuto\" \/>\n<script type=\"application\/ld+json\" class=\"yoast-schema-graph\">{\"@context\":\"https:\/\/schema.org\",\"@graph\":[{\"@type\":\"WebPage\",\"@id\":\"https:\/\/beauty.latamcatalog.aptar.com\/product\/moda-airless\/\",\"url\":\"https:\/\/beauty.latamcatalog.aptar.com\/product\/moda-airless\/\",\"name\":\"Moda Airless - Latam Catalog\",\"isPartOf\":{\"@id\":\"https:\/\/beauty.latamcatalog.aptar.com\/#website\"},\"datePublished\":\"2023-05-04T13:54:30+00:00\",\"dateModified\":\"2023-06-07T17:31:29+00:00\",\"breadcrumb\":{\"@id\":\"https:\/\/beauty.latamcatalog.aptar.com\/product\/moda-airless\/#breadcrumb\"},\"inLanguage\":\"es\",\"potentialAction\":[{\"@type\":\"ReadAction\",\"target\":[\"https:\/\/beauty.latamcatalog.aptar.com\/product\/moda-airless\/\"]}]},{\"@type\":\"BreadcrumbList\",\"@id\":\"https:\/\/beauty.latamcatalog.aptar.com\/product\/moda-airless\/#breadcrumb\",\"itemListElement\":[{\"@type\":\"ListItem\",\"position\":1,\"name\":\"Home\",\"item\":\"https:\/\/beauty.latamcatalog.aptar.com\/\"},{\"@type\":\"ListItem\",\"position\":2,\"name\":\"Private: Produtos\",\"item\":\"https:\/\/beauty.latamcatalog.aptar.com\/en\/?page_id=20030\"},{\"@type\":\"ListItem\",\"position\":3,\"name\":\"Moda Airless\"}]},{\"@type\":\"WebSite\",\"@id\":\"https:\/\/beauty.latamcatalog.aptar.com\/#website\",\"url\":\"https:\/\/beauty.latamcatalog.aptar.com\/\",\"name\":\"Latam Catalog\",\"description\":\"Aptar Latin America Catalog Website\",\"publisher\":{\"@id\":\"https:\/\/beauty.latamcatalog.aptar.com\/#organization\"},\"potentialAction\":[{\"@type\":\"SearchAction\",\"target\":{\"@type\":\"EntryPoint\",\"urlTemplate\":\"https:\/\/beauty.latamcatalog.aptar.com\/?s={search_term_string}\"},\"query-input\":\"required name=search_term_string\"}],\"inLanguage\":\"es\"},{\"@type\":\"Organization\",\"@id\":\"https:\/\/beauty.latamcatalog.aptar.com\/#organization\",\"name\":\"Aptar\",\"url\":\"https:\/\/beauty.latamcatalog.aptar.com\/\",\"logo\":{\"@type\":\"ImageObject\",\"inLanguage\":\"es\",\"@id\":\"https:\/\/beauty.latamcatalog.aptar.com\/#\/schema\/logo\/image\/\",\"url\":\"https:\/\/beauty.latamcatalog.aptar.com\/wp-content\/uploads\/2021\/11\/aptar_logo-01.png\",\"contentUrl\":\"https:\/\/beauty.latamcatalog.aptar.com\/wp-content\/uploads\/2021\/11\/aptar_logo-01.png\",\"width\":492,\"height\":175,\"caption\":\"Aptar\"},\"image\":{\"@id\":\"https:\/\/beauty.latamcatalog.aptar.com\/#\/schema\/logo\/image\/\"}}]}<\/script>\n<!-- \/ Yoast SEO plugin. -->","yoast_head_json":{"title":"Moda Airless - Latam Catalog","robots":{"index":"index","follow":"follow","max-snippet":"max-snippet:-1","max-image-preview":"max-image-preview:large","max-video-preview":"max-video-preview:-1"},"canonical":"https:\/\/beauty.latamcatalog.aptar.com\/es\/product\/moda-airless\/","og_locale":"es_ES","og_type":"article","og_title":"Moda Airless - Latam Catalog","og_description":"Moda faz parte da primeira embalagem Airless produzida na Am\u00e9rica Latina! Com design moderno de alta qualidade e acabamento elegante, oferece uma variedade de op\u00e7\u00f5es de personaliza\u00e7\u00e3o e decora\u00e7\u00e3o Dispon\u00edvel em acabamento fosco e brilhante e utiliza a tradicional e confi\u00e1vel pump Alpha.","og_url":"https:\/\/beauty.latamcatalog.aptar.com\/es\/product\/moda-airless\/","og_site_name":"Latam Catalog","article_modified_time":"2023-06-07T17:31:29+00:00","og_image":[{"width":692,"height":554,"url":"https:\/\/beauty.latamcatalog.aptar.com\/wp-content\/uploads\/2023\/05\/moda-airless.jpg","type":"image\/jpeg"}],"twitter_card":"summary_large_image","twitter_misc":{"Tiempo de lectura":"1 minuto"},"schema":{"@context":"https:\/\/schema.org","@graph":[{"@type":"WebPage","@id":"https:\/\/beauty.latamcatalog.aptar.com\/product\/moda-airless\/","url":"https:\/\/beauty.latamcatalog.aptar.com\/product\/moda-airless\/","name":"Moda Airless - Latam Catalog","isPartOf":{"@id":"https:\/\/beauty.latamcatalog.aptar.com\/#website"},"datePublished":"2023-05-04T13:54:30+00:00","dateModified":"2023-06-07T17:31:29+00:00","breadcrumb":{"@id":"https:\/\/beauty.latamcatalog.aptar.com\/product\/moda-airless\/#breadcrumb"},"inLanguage":"es","potentialAction":[{"@type":"ReadAction","target":["https:\/\/beauty.latamcatalog.aptar.com\/product\/moda-airless\/"]}]},{"@type":"BreadcrumbList","@id":"https:\/\/beauty.latamcatalog.aptar.com\/product\/moda-airless\/#breadcrumb","itemListElement":[{"@type":"ListItem","position":1,"name":"Home","item":"https:\/\/beauty.latamcatalog.aptar.com\/"},{"@type":"ListItem","position":2,"name":"Private: Produtos","item":"https:\/\/beauty.latamcatalog.aptar.com\/en\/?page_id=20030"},{"@type":"ListItem","position":3,"name":"Moda Airless"}]},{"@type":"WebSite","@id":"https:\/\/beauty.latamcatalog.aptar.com\/#website","url":"https:\/\/beauty.latamcatalog.aptar.com\/","name":"Latam Catalog","description":"Aptar Latin America Catalog Website","publisher":{"@id":"https:\/\/beauty.latamcatalog.aptar.com\/#organization"},"potentialAction":[{"@type":"SearchAction","target":{"@type":"EntryPoint","urlTemplate":"https:\/\/beauty.latamcatalog.aptar.com\/?s={search_term_string}"},"query-input":"required name=search_term_string"}],"inLanguage":"es"},{"@type":"Organization","@id":"https:\/\/beauty.latamcatalog.aptar.com\/#organization","name":"Aptar","url":"https:\/\/beauty.latamcatalog.aptar.com\/","logo":{"@type":"ImageObject","inLanguage":"es","@id":"https:\/\/beauty.latamcatalog.aptar.com\/#\/schema\/logo\/image\/","url":"https:\/\/beauty.latamcatalog.aptar.com\/wp-content\/uploads\/2021\/11\/aptar_logo-01.png","contentUrl":"https:\/\/beauty.latamcatalog.aptar.com\/wp-content\/uploads\/2021\/11\/aptar_logo-01.png","width":492,"height":175,"caption":"Aptar"},"image":{"@id":"https:\/\/beauty.latamcatalog.aptar.com\/#\/schema\/logo\/image\/"}}]}},"_links":{"self":[{"href":"https:\/\/beauty.latamcatalog.aptar.com\/es\/wp-json\/wp\/v2\/product\/21420"}],"collection":[{"href":"https:\/\/beauty.latamcatalog.aptar.com\/es\/wp-json\/wp\/v2\/product"}],"about":[{"href":"https:\/\/beauty.latamcatalog.aptar.com\/es\/wp-json\/wp\/v2\/types\/product"}],"wp:featuredmedia":[{"embeddable":true,"href":"https:\/\/beauty.latamcatalog.aptar.com\/es\/wp-json\/wp\/v2\/media\/21421"}],"wp:attachment":[{"href":"https:\/\/beauty.latamcatalog.aptar.com\/es\/wp-json\/wp\/v2\/media?parent=21420"}],"wp:term":[{"taxonomy":"product_cat","embeddable":true,"href":"https:\/\/beauty.latamcatalog.aptar.com\/es\/wp-json\/wp\/v2\/product_cat?post=21420"},{"taxonomy":"product_tag","embeddable":true,"href":"https:\/\/beauty.latamcatalog.aptar.com\/es\/wp-json\/wp\/v2\/product_tag?post=21420"},{"taxonomy":"aptar-tags","embeddable":true,"href":"https:\/\/beauty.latamcatalog.aptar.com\/es\/wp-json\/wp\/v2\/aptar-tags?post=21420"}],"curies":[{"name":"wp","href":"https:\/\/api.w.org\/{rel}","templated":true}]}}