{"id":21098,"date":"2022-11-24T14:03:59","date_gmt":"2022-11-24T14:03:59","guid":{"rendered":"https:\/\/live-beautylatamcatalog.pantheonsite.io\/?post_type=product&#038;p=21098"},"modified":"2023-06-07T19:51:16","modified_gmt":"2023-06-07T19:51:16","slug":"crimp-on-pumps","status":"publish","type":"product","link":"https:\/\/beauty.latamcatalog.aptar.com\/es\/product\/crimp-on-pumps\/","title":{"rendered":"<p>Crimp-on Pumps<\/p>"},"content":{"rendered":"<p>Bomba de loci\u00f3n de tratamiento facial<p><strong><span style=\"color: #ffcc99;\">Sostenibilidad<\/span><\/strong><\/p><p>Opci\u00f3n POM gratis.<\/p><p><em>[soshsc aptar-company=\u201dAptar\u201d]<\/em><\/p><p>Precio de referencia en origen (no intercoprecio, por favor consultar origen para interco):<br>\n\u201cCartucho VP3 CS \u2013 dosis 70-140\u00b5L \u2013 cuerpo de material PBT blanco \u2013 junta de nitrilo \u2013 envasado a granel: FEA15 anodizado est\u00e1ndar dorado o plateado: 299 euros<br>\nActuador pl\u00e1stico y recto _ entregado fuera de la bomba<br>\nActuador de di\u00e1metro 13, boquilla 309 T8: 116 euros<br>\nActuador met\u00e1lico y recto _ suministrado desde la bomba<br>\nActuador de di\u00e1metro 13, boquilla 308: T8: 160 euros<br>\nCartucho EVO CP \u2013 dosis 150-200-240\u00b5L \u2013 cuerpo de material PBT blanco \u2013 junta de nitrilo \u2013 envasado a granel<br>\nFEA15 anodizado est\u00e1ndar oro o plata; 299 euros<br>\nFEA 17 y 18 anodizado est\u00e1ndar oro o plata: 303 euros<br>\nFEA 20 anodizado est\u00e1ndar oro o plata: 305 euros<br>\nRecargo por cartucho Alpha150 para todos los tama\u00f1os y Alpha70 FEA15 \u00fanicamente \u2013 V\u00cdA DE PRODUCTO SIN METAL: 31 euros<br>\nActuador pl\u00e1stico y redondo \u2013 dise\u00f1o EVOLUTION _ entregado fuera de la bomba<br>\nDi\u00e1metro 15 mm 815 o 815A brillante: 61 euros<br>\ndi\u00e1metro 17mm 820 o 820A mate o brillante: 63 euros<br>\ndi\u00e1metro 22 mm 822 o 822A mate: 67 euros<br>\nActuador met\u00e1lico y recto \u2013 Dise\u00f1o EVOLUX _ entregado fuera de la bomba<br>\nActuador Diam 13 338\/130 boquilla T8: 160 euros<br>\nActuador de di\u00e1metro 15, boquilla 438\/130 T8 o T9: 200 euros<br>\nActuador de di\u00e1metro 17, boquilla 838\/142 T8 o T9: 234 euros<br>\nRecargo \u2013 Boquilla T10 con autocierre \u2013 SOLO CON cartucho alpha: 83 euros<br>\nSATINE \u2013 Dosis de 500 \u00b5L \u2013 Cuerpo de material PBT blanco \u2013 Junta triseal \u2013 Paquete a granel<br>\nFEA 20 mm con junta de cuello 906: 339<br>\nActuador de pl\u00e1stico blanco est\u00e1ndar _ entregado fuera de la bomba<br>\n850 V (bloqueable) PP blanco brillante: 74<br>\n854 (sin cerradura) o 854V (con cerradura) PP blanco brillante: 81<br>\n853V (con cerradura) blanco brillante o mate: 81<br>\n855 (sin cerradura) o 855V (con cerradura) PP blanco brillante: 115\u201d<\/p><p>P\u00f3ngase en contacto para pedir m\u00e1s informaci\u00f3n con el fin de hacer el precio final<br>\ngianluca.aloisio@aptar.com<\/p><p>ajuste: francia<\/p><p><em>[\/soshsc]<\/em><\/p><\/p>","protected":false},"excerpt":{"rendered":"<p>La v\u00e1lvula dispensadora de loci\u00f3n Crimp On permite una personalizaci\u00f3n r\u00e1pida y f\u00e1cil al ofrecer m\u00faltiples dise\u00f1os de actuador y la opci\u00f3n de m\u00f3dulo de contacto sin metal para una mejor compatibilidad.<\/p>","protected":false},"featured_media":21100,"template":"","meta":{"inline_featured_image":false},"product_cat":[512,515,290,194],"product_tag":[],"aptar-tags":[],"acf":[],"yoast_head":"<!-- This site is optimized with the Yoast SEO plugin v21.0 - https:\/\/yoast.com\/wordpress\/plugins\/seo\/ -->\n<title>Crimp-on Pumps - Latam Catalog<\/title>\n<meta name=\"robots\" content=\"index, follow, max-snippet:-1, max-image-preview:large, max-video-preview:-1\" \/>\n<link rel=\"canonical\" href=\"https:\/\/beauty.latamcatalog.aptar.com\/es\/product\/crimp-on-pumps\/\" \/>\n<meta property=\"og:locale\" content=\"es_ES\" \/>\n<meta property=\"og:type\" content=\"article\" \/>\n<meta property=\"og:title\" content=\"Crimp-on Pumps - Latam Catalog\" \/>\n<meta property=\"og:description\" content=\"A v\u00e1lvula dispensadora de lo\u00e7\u00e3o Crimp On possibilita uma personaliza\u00e7\u00e3o f\u00e1cil e r\u00e1pida oferecendo v\u00e1rios designs de atuadores e op\u00e7\u00e3o de m\u00f3dulo sem contato do produto com o metal para melhor compatibilidade.\" \/>\n<meta property=\"og:url\" content=\"https:\/\/beauty.latamcatalog.aptar.com\/es\/product\/crimp-on-pumps\/\" \/>\n<meta property=\"og:site_name\" content=\"Latam Catalog\" \/>\n<meta property=\"article:modified_time\" content=\"2023-06-07T19:51:16+00:00\" \/>\n<meta property=\"og:image\" content=\"https:\/\/beauty.latamcatalog.aptar.com\/wp-content\/uploads\/2022\/11\/350x350-1-1.jpg\" \/>\n\t<meta property=\"og:image:width\" content=\"350\" \/>\n\t<meta property=\"og:image:height\" content=\"350\" \/>\n\t<meta property=\"og:image:type\" content=\"image\/jpeg\" \/>\n<meta name=\"twitter:card\" content=\"summary_large_image\" \/>\n<meta name=\"twitter:label1\" content=\"Tiempo de lectura\" \/>\n\t<meta name=\"twitter:data1\" content=\"2 minutos\" \/>\n<script type=\"application\/ld+json\" class=\"yoast-schema-graph\">{\"@context\":\"https:\/\/schema.org\",\"@graph\":[{\"@type\":\"WebPage\",\"@id\":\"https:\/\/beauty.latamcatalog.aptar.com\/es\/product\/crimp-on-pumps\/\",\"url\":\"https:\/\/beauty.latamcatalog.aptar.com\/es\/product\/crimp-on-pumps\/\",\"name\":\"Crimp-on Pumps - Latam Catalog\",\"isPartOf\":{\"@id\":\"https:\/\/beauty.latamcatalog.aptar.com\/#website\"},\"datePublished\":\"2022-11-24T14:03:59+00:00\",\"dateModified\":\"2023-06-07T19:51:16+00:00\",\"breadcrumb\":{\"@id\":\"https:\/\/beauty.latamcatalog.aptar.com\/es\/product\/crimp-on-pumps\/#breadcrumb\"},\"inLanguage\":\"es\",\"potentialAction\":[{\"@type\":\"ReadAction\",\"target\":[\"https:\/\/beauty.latamcatalog.aptar.com\/es\/product\/crimp-on-pumps\/\"]}]},{\"@type\":\"BreadcrumbList\",\"@id\":\"https:\/\/beauty.latamcatalog.aptar.com\/es\/product\/crimp-on-pumps\/#breadcrumb\",\"itemListElement\":[{\"@type\":\"ListItem\",\"position\":1,\"name\":\"Home\",\"item\":\"https:\/\/beauty.latamcatalog.aptar.com\/\"},{\"@type\":\"ListItem\",\"position\":2,\"name\":\"Private: Produtos\",\"item\":\"https:\/\/beauty.latamcatalog.aptar.com\/en\/?page_id=20030\"},{\"@type\":\"ListItem\",\"position\":3,\"name\":\"Crimp-on Pumps\"}]},{\"@type\":\"WebSite\",\"@id\":\"https:\/\/beauty.latamcatalog.aptar.com\/#website\",\"url\":\"https:\/\/beauty.latamcatalog.aptar.com\/\",\"name\":\"Latam Catalog\",\"description\":\"Aptar Latin America Catalog Website\",\"publisher\":{\"@id\":\"https:\/\/beauty.latamcatalog.aptar.com\/#organization\"},\"potentialAction\":[{\"@type\":\"SearchAction\",\"target\":{\"@type\":\"EntryPoint\",\"urlTemplate\":\"https:\/\/beauty.latamcatalog.aptar.com\/?s={search_term_string}\"},\"query-input\":\"required name=search_term_string\"}],\"inLanguage\":\"es\"},{\"@type\":\"Organization\",\"@id\":\"https:\/\/beauty.latamcatalog.aptar.com\/#organization\",\"name\":\"Aptar\",\"url\":\"https:\/\/beauty.latamcatalog.aptar.com\/\",\"logo\":{\"@type\":\"ImageObject\",\"inLanguage\":\"es\",\"@id\":\"https:\/\/beauty.latamcatalog.aptar.com\/#\/schema\/logo\/image\/\",\"url\":\"https:\/\/beauty.latamcatalog.aptar.com\/wp-content\/uploads\/2021\/11\/aptar_logo-01.png\",\"contentUrl\":\"https:\/\/beauty.latamcatalog.aptar.com\/wp-content\/uploads\/2021\/11\/aptar_logo-01.png\",\"width\":492,\"height\":175,\"caption\":\"Aptar\"},\"image\":{\"@id\":\"https:\/\/beauty.latamcatalog.aptar.com\/#\/schema\/logo\/image\/\"}}]}<\/script>\n<!-- \/ Yoast SEO plugin. -->","yoast_head_json":{"title":"Crimp-on Pumps - Latam Catalog","robots":{"index":"index","follow":"follow","max-snippet":"max-snippet:-1","max-image-preview":"max-image-preview:large","max-video-preview":"max-video-preview:-1"},"canonical":"https:\/\/beauty.latamcatalog.aptar.com\/es\/product\/crimp-on-pumps\/","og_locale":"es_ES","og_type":"article","og_title":"Crimp-on Pumps - Latam Catalog","og_description":"A v\u00e1lvula dispensadora de lo\u00e7\u00e3o Crimp On possibilita uma personaliza\u00e7\u00e3o f\u00e1cil e r\u00e1pida oferecendo v\u00e1rios designs de atuadores e op\u00e7\u00e3o de m\u00f3dulo sem contato do produto com o metal para melhor compatibilidade.","og_url":"https:\/\/beauty.latamcatalog.aptar.com\/es\/product\/crimp-on-pumps\/","og_site_name":"Latam Catalog","article_modified_time":"2023-06-07T19:51:16+00:00","og_image":[{"width":350,"height":350,"url":"https:\/\/beauty.latamcatalog.aptar.com\/wp-content\/uploads\/2022\/11\/350x350-1-1.jpg","type":"image\/jpeg"}],"twitter_card":"summary_large_image","twitter_misc":{"Tiempo de lectura":"2 minutos"},"schema":{"@context":"https:\/\/schema.org","@graph":[{"@type":"WebPage","@id":"https:\/\/beauty.latamcatalog.aptar.com\/es\/product\/crimp-on-pumps\/","url":"https:\/\/beauty.latamcatalog.aptar.com\/es\/product\/crimp-on-pumps\/","name":"Crimp-on Pumps - Latam Catalog","isPartOf":{"@id":"https:\/\/beauty.latamcatalog.aptar.com\/#website"},"datePublished":"2022-11-24T14:03:59+00:00","dateModified":"2023-06-07T19:51:16+00:00","breadcrumb":{"@id":"https:\/\/beauty.latamcatalog.aptar.com\/es\/product\/crimp-on-pumps\/#breadcrumb"},"inLanguage":"es","potentialAction":[{"@type":"ReadAction","target":["https:\/\/beauty.latamcatalog.aptar.com\/es\/product\/crimp-on-pumps\/"]}]},{"@type":"BreadcrumbList","@id":"https:\/\/beauty.latamcatalog.aptar.com\/es\/product\/crimp-on-pumps\/#breadcrumb","itemListElement":[{"@type":"ListItem","position":1,"name":"Home","item":"https:\/\/beauty.latamcatalog.aptar.com\/"},{"@type":"ListItem","position":2,"name":"Private: Produtos","item":"https:\/\/beauty.latamcatalog.aptar.com\/en\/?page_id=20030"},{"@type":"ListItem","position":3,"name":"Crimp-on Pumps"}]},{"@type":"WebSite","@id":"https:\/\/beauty.latamcatalog.aptar.com\/#website","url":"https:\/\/beauty.latamcatalog.aptar.com\/","name":"Latam Catalog","description":"Aptar Latin America Catalog Website","publisher":{"@id":"https:\/\/beauty.latamcatalog.aptar.com\/#organization"},"potentialAction":[{"@type":"SearchAction","target":{"@type":"EntryPoint","urlTemplate":"https:\/\/beauty.latamcatalog.aptar.com\/?s={search_term_string}"},"query-input":"required name=search_term_string"}],"inLanguage":"es"},{"@type":"Organization","@id":"https:\/\/beauty.latamcatalog.aptar.com\/#organization","name":"Aptar","url":"https:\/\/beauty.latamcatalog.aptar.com\/","logo":{"@type":"ImageObject","inLanguage":"es","@id":"https:\/\/beauty.latamcatalog.aptar.com\/#\/schema\/logo\/image\/","url":"https:\/\/beauty.latamcatalog.aptar.com\/wp-content\/uploads\/2021\/11\/aptar_logo-01.png","contentUrl":"https:\/\/beauty.latamcatalog.aptar.com\/wp-content\/uploads\/2021\/11\/aptar_logo-01.png","width":492,"height":175,"caption":"Aptar"},"image":{"@id":"https:\/\/beauty.latamcatalog.aptar.com\/#\/schema\/logo\/image\/"}}]}},"_links":{"self":[{"href":"https:\/\/beauty.latamcatalog.aptar.com\/es\/wp-json\/wp\/v2\/product\/21098"}],"collection":[{"href":"https:\/\/beauty.latamcatalog.aptar.com\/es\/wp-json\/wp\/v2\/product"}],"about":[{"href":"https:\/\/beauty.latamcatalog.aptar.com\/es\/wp-json\/wp\/v2\/types\/product"}],"wp:featuredmedia":[{"embeddable":true,"href":"https:\/\/beauty.latamcatalog.aptar.com\/es\/wp-json\/wp\/v2\/media\/21100"}],"wp:attachment":[{"href":"https:\/\/beauty.latamcatalog.aptar.com\/es\/wp-json\/wp\/v2\/media?parent=21098"}],"wp:term":[{"taxonomy":"product_cat","embeddable":true,"href":"https:\/\/beauty.latamcatalog.aptar.com\/es\/wp-json\/wp\/v2\/product_cat?post=21098"},{"taxonomy":"product_tag","embeddable":true,"href":"https:\/\/beauty.latamcatalog.aptar.com\/es\/wp-json\/wp\/v2\/product_tag?post=21098"},{"taxonomy":"aptar-tags","embeddable":true,"href":"https:\/\/beauty.latamcatalog.aptar.com\/es\/wp-json\/wp\/v2\/aptar-tags?post=21098"}],"curies":[{"name":"wp","href":"https:\/\/api.w.org\/{rel}","templated":true}]}}