{"id":20871,"date":"2022-11-23T17:35:03","date_gmt":"2022-11-23T17:35:03","guid":{"rendered":"https:\/\/live-beautylatamcatalog.pantheonsite.io\/?post_type=product&#038;p=20871"},"modified":"2023-08-23T18:57:37","modified_gmt":"2023-08-23T18:57:37","slug":"macro-slim","status":"publish","type":"product","link":"https:\/\/beauty.latamcatalog.aptar.com\/es\/product\/macro-slim\/","title":{"rendered":"<p>Macro Slim<\/p>"},"content":{"rendered":"<p>embalaje sin aire<p><span style=\"color: #ffcc99;\"><strong>Sostenibilidad<br>\n<\/strong><\/span><\/p><p>Empaque completo disponible con PP* reciclado mixto certificado por ISCC*.<br>\n\u00bfCompatible con cosm\u00e9tica biol\u00f3gica (est\u00e1ndares COSMOS ECOCERT)? 96-97% Reciclable certificado CYCLOS-HTP para envases de PP sin decoraci\u00f3n y sin color y aprobado para la cadena de comercio electr\u00f3nico en tama\u00f1os de 50, 75, 100 ml con certificaci\u00f3n Amazon ISTA6.<br>\n<em>[soshsc aptar-company=\u201dAptar\u201d]<\/em><\/p><p>Precio de referencia en origen (no intercoprecio, por favor consultar origen para interco):<br>\nEnvase 50ml: 420 euros, 75 ml: 428 euros, 100 ml: 439 euros, 150 ml: 453 euros Recargo por ISCC PP (hecho de pl\u00e1sticos mixtos reciclados): PARTE SUPERIOR: 122 euros, PLACA INFERIOR: 8 euros<\/p><p>Contacto para solicitar m\u00e1s informaci\u00f3n con el fin de hacer el precio final:<br>\nsabrina.brodhag@aptar.com<\/p><p>Pa\u00eds: Francia<\/p><p><em>[\/soshsc]<\/em><\/p><\/p>","protected":false},"excerpt":{"rendered":"<p>Macro Slim es un envase airless s\u00faper higi\u00e9nico que mantiene el producto a salvo de la contaminaci\u00f3n, preservando la estabilidad y eficiencia de los ingredientes y evitando el desperdicio a medida que se utiliza el producto hasta la \u00faltima gota. Macro Slim es s\u00faper conveniente, f\u00e1cil de usar y dispensa la cantidad justa de producto; y est\u00e1 certificado para un uso seguro durante los env\u00edos de comercio electr\u00f3nico. Disponible en 5 tipos de actuador diferentes.<\/p>","protected":false},"featured_media":22164,"template":"","meta":{"inline_featured_image":false},"product_cat":[513,197,512,289,290,194],"product_tag":[],"aptar-tags":[308,301],"acf":[],"yoast_head":"<!-- This site is optimized with the Yoast SEO plugin v21.0 - https:\/\/yoast.com\/wordpress\/plugins\/seo\/ -->\n<title>Macro Slim - Latam Catalog<\/title>\n<meta name=\"robots\" content=\"index, follow, max-snippet:-1, max-image-preview:large, max-video-preview:-1\" \/>\n<link rel=\"canonical\" href=\"https:\/\/beauty.latamcatalog.aptar.com\/es\/product\/macro-slim\/\" \/>\n<meta property=\"og:locale\" content=\"es_ES\" \/>\n<meta property=\"og:type\" content=\"article\" \/>\n<meta property=\"og:title\" content=\"Macro Slim - Latam Catalog\" \/>\n<meta property=\"og:description\" content=\"Macro Slim \u00e9 uma embalagem airless super higi\u00eanica mantendo o produto protegido contra contamina\u00e7\u00e3o, preservando a estabilidade e efici\u00eancia dos ingredientes e evitando o desperd\u00edcio pois se usa o produto at\u00e9 a \u00faltima gota. Macro Slim \u00e9 super conveniente, f\u00e1cil de usar e dispensa a quantidade certa de produto; e est\u00e1 certificado para usar com seguran\u00e7a durante envios e-commerce. Dispon\u00edvel em 5 tipos de atuadores diferentes.\" \/>\n<meta property=\"og:url\" content=\"https:\/\/beauty.latamcatalog.aptar.com\/es\/product\/macro-slim\/\" \/>\n<meta property=\"og:site_name\" content=\"Latam Catalog\" \/>\n<meta property=\"article:modified_time\" content=\"2023-08-23T18:57:37+00:00\" \/>\n<meta property=\"og:image\" content=\"https:\/\/beauty.latamcatalog.aptar.com\/wp-content\/uploads\/2022\/11\/Aptar-Beauty-Macro-Slim-Airless-Packaging-Black-White-Pump-With-Cap-1-1.png\" \/>\n\t<meta property=\"og:image:width\" content=\"4961\" \/>\n\t<meta property=\"og:image:height\" content=\"4961\" \/>\n\t<meta property=\"og:image:type\" content=\"image\/png\" \/>\n<meta name=\"twitter:card\" content=\"summary_large_image\" \/>\n<meta name=\"twitter:label1\" content=\"Tiempo de lectura\" \/>\n\t<meta name=\"twitter:data1\" content=\"1 minuto\" \/>\n<script type=\"application\/ld+json\" class=\"yoast-schema-graph\">{\"@context\":\"https:\/\/schema.org\",\"@graph\":[{\"@type\":\"WebPage\",\"@id\":\"https:\/\/beauty.latamcatalog.aptar.com\/es\/product\/macro-slim\/\",\"url\":\"https:\/\/beauty.latamcatalog.aptar.com\/es\/product\/macro-slim\/\",\"name\":\"Macro Slim - Latam Catalog\",\"isPartOf\":{\"@id\":\"https:\/\/beauty.latamcatalog.aptar.com\/#website\"},\"datePublished\":\"2022-11-23T17:35:03+00:00\",\"dateModified\":\"2023-08-23T18:57:37+00:00\",\"breadcrumb\":{\"@id\":\"https:\/\/beauty.latamcatalog.aptar.com\/es\/product\/macro-slim\/#breadcrumb\"},\"inLanguage\":\"es\",\"potentialAction\":[{\"@type\":\"ReadAction\",\"target\":[\"https:\/\/beauty.latamcatalog.aptar.com\/es\/product\/macro-slim\/\"]}]},{\"@type\":\"BreadcrumbList\",\"@id\":\"https:\/\/beauty.latamcatalog.aptar.com\/es\/product\/macro-slim\/#breadcrumb\",\"itemListElement\":[{\"@type\":\"ListItem\",\"position\":1,\"name\":\"Home\",\"item\":\"https:\/\/beauty.latamcatalog.aptar.com\/\"},{\"@type\":\"ListItem\",\"position\":2,\"name\":\"Private: Produtos\",\"item\":\"https:\/\/beauty.latamcatalog.aptar.com\/en\/?page_id=20030\"},{\"@type\":\"ListItem\",\"position\":3,\"name\":\"Macro Slim\"}]},{\"@type\":\"WebSite\",\"@id\":\"https:\/\/beauty.latamcatalog.aptar.com\/#website\",\"url\":\"https:\/\/beauty.latamcatalog.aptar.com\/\",\"name\":\"Latam Catalog\",\"description\":\"Aptar Latin America Catalog Website\",\"publisher\":{\"@id\":\"https:\/\/beauty.latamcatalog.aptar.com\/#organization\"},\"potentialAction\":[{\"@type\":\"SearchAction\",\"target\":{\"@type\":\"EntryPoint\",\"urlTemplate\":\"https:\/\/beauty.latamcatalog.aptar.com\/?s={search_term_string}\"},\"query-input\":\"required name=search_term_string\"}],\"inLanguage\":\"es\"},{\"@type\":\"Organization\",\"@id\":\"https:\/\/beauty.latamcatalog.aptar.com\/#organization\",\"name\":\"Aptar\",\"url\":\"https:\/\/beauty.latamcatalog.aptar.com\/\",\"logo\":{\"@type\":\"ImageObject\",\"inLanguage\":\"es\",\"@id\":\"https:\/\/beauty.latamcatalog.aptar.com\/#\/schema\/logo\/image\/\",\"url\":\"https:\/\/beauty.latamcatalog.aptar.com\/wp-content\/uploads\/2021\/11\/aptar_logo-01.png\",\"contentUrl\":\"https:\/\/beauty.latamcatalog.aptar.com\/wp-content\/uploads\/2021\/11\/aptar_logo-01.png\",\"width\":492,\"height\":175,\"caption\":\"Aptar\"},\"image\":{\"@id\":\"https:\/\/beauty.latamcatalog.aptar.com\/#\/schema\/logo\/image\/\"}}]}<\/script>\n<!-- \/ Yoast SEO plugin. -->","yoast_head_json":{"title":"Macro Slim - Latam Catalog","robots":{"index":"index","follow":"follow","max-snippet":"max-snippet:-1","max-image-preview":"max-image-preview:large","max-video-preview":"max-video-preview:-1"},"canonical":"https:\/\/beauty.latamcatalog.aptar.com\/es\/product\/macro-slim\/","og_locale":"es_ES","og_type":"article","og_title":"Macro Slim - Latam Catalog","og_description":"Macro Slim \u00e9 uma embalagem airless super higi\u00eanica mantendo o produto protegido contra contamina\u00e7\u00e3o, preservando a estabilidade e efici\u00eancia dos ingredientes e evitando o desperd\u00edcio pois se usa o produto at\u00e9 a \u00faltima gota. Macro Slim \u00e9 super conveniente, f\u00e1cil de usar e dispensa a quantidade certa de produto; e est\u00e1 certificado para usar com seguran\u00e7a durante envios e-commerce. Dispon\u00edvel em 5 tipos de atuadores diferentes.","og_url":"https:\/\/beauty.latamcatalog.aptar.com\/es\/product\/macro-slim\/","og_site_name":"Latam Catalog","article_modified_time":"2023-08-23T18:57:37+00:00","og_image":[{"width":4961,"height":4961,"url":"https:\/\/beauty.latamcatalog.aptar.com\/wp-content\/uploads\/2022\/11\/Aptar-Beauty-Macro-Slim-Airless-Packaging-Black-White-Pump-With-Cap-1-1.png","type":"image\/png"}],"twitter_card":"summary_large_image","twitter_misc":{"Tiempo de lectura":"1 minuto"},"schema":{"@context":"https:\/\/schema.org","@graph":[{"@type":"WebPage","@id":"https:\/\/beauty.latamcatalog.aptar.com\/es\/product\/macro-slim\/","url":"https:\/\/beauty.latamcatalog.aptar.com\/es\/product\/macro-slim\/","name":"Macro Slim - Latam Catalog","isPartOf":{"@id":"https:\/\/beauty.latamcatalog.aptar.com\/#website"},"datePublished":"2022-11-23T17:35:03+00:00","dateModified":"2023-08-23T18:57:37+00:00","breadcrumb":{"@id":"https:\/\/beauty.latamcatalog.aptar.com\/es\/product\/macro-slim\/#breadcrumb"},"inLanguage":"es","potentialAction":[{"@type":"ReadAction","target":["https:\/\/beauty.latamcatalog.aptar.com\/es\/product\/macro-slim\/"]}]},{"@type":"BreadcrumbList","@id":"https:\/\/beauty.latamcatalog.aptar.com\/es\/product\/macro-slim\/#breadcrumb","itemListElement":[{"@type":"ListItem","position":1,"name":"Home","item":"https:\/\/beauty.latamcatalog.aptar.com\/"},{"@type":"ListItem","position":2,"name":"Private: Produtos","item":"https:\/\/beauty.latamcatalog.aptar.com\/en\/?page_id=20030"},{"@type":"ListItem","position":3,"name":"Macro Slim"}]},{"@type":"WebSite","@id":"https:\/\/beauty.latamcatalog.aptar.com\/#website","url":"https:\/\/beauty.latamcatalog.aptar.com\/","name":"Latam Catalog","description":"Aptar Latin America Catalog Website","publisher":{"@id":"https:\/\/beauty.latamcatalog.aptar.com\/#organization"},"potentialAction":[{"@type":"SearchAction","target":{"@type":"EntryPoint","urlTemplate":"https:\/\/beauty.latamcatalog.aptar.com\/?s={search_term_string}"},"query-input":"required name=search_term_string"}],"inLanguage":"es"},{"@type":"Organization","@id":"https:\/\/beauty.latamcatalog.aptar.com\/#organization","name":"Aptar","url":"https:\/\/beauty.latamcatalog.aptar.com\/","logo":{"@type":"ImageObject","inLanguage":"es","@id":"https:\/\/beauty.latamcatalog.aptar.com\/#\/schema\/logo\/image\/","url":"https:\/\/beauty.latamcatalog.aptar.com\/wp-content\/uploads\/2021\/11\/aptar_logo-01.png","contentUrl":"https:\/\/beauty.latamcatalog.aptar.com\/wp-content\/uploads\/2021\/11\/aptar_logo-01.png","width":492,"height":175,"caption":"Aptar"},"image":{"@id":"https:\/\/beauty.latamcatalog.aptar.com\/#\/schema\/logo\/image\/"}}]}},"_links":{"self":[{"href":"https:\/\/beauty.latamcatalog.aptar.com\/es\/wp-json\/wp\/v2\/product\/20871"}],"collection":[{"href":"https:\/\/beauty.latamcatalog.aptar.com\/es\/wp-json\/wp\/v2\/product"}],"about":[{"href":"https:\/\/beauty.latamcatalog.aptar.com\/es\/wp-json\/wp\/v2\/types\/product"}],"wp:featuredmedia":[{"embeddable":true,"href":"https:\/\/beauty.latamcatalog.aptar.com\/es\/wp-json\/wp\/v2\/media\/22164"}],"wp:attachment":[{"href":"https:\/\/beauty.latamcatalog.aptar.com\/es\/wp-json\/wp\/v2\/media?parent=20871"}],"wp:term":[{"taxonomy":"product_cat","embeddable":true,"href":"https:\/\/beauty.latamcatalog.aptar.com\/es\/wp-json\/wp\/v2\/product_cat?post=20871"},{"taxonomy":"product_tag","embeddable":true,"href":"https:\/\/beauty.latamcatalog.aptar.com\/es\/wp-json\/wp\/v2\/product_tag?post=20871"},{"taxonomy":"aptar-tags","embeddable":true,"href":"https:\/\/beauty.latamcatalog.aptar.com\/es\/wp-json\/wp\/v2\/aptar-tags?post=20871"}],"curies":[{"name":"wp","href":"https:\/\/api.w.org\/{rel}","templated":true}]}}