{"id":20792,"date":"2022-11-23T14:04:34","date_gmt":"2022-11-23T14:04:34","guid":{"rendered":"https:\/\/live-beautylatamcatalog.pantheonsite.io\/?post_type=product&#038;p=20792"},"modified":"2023-06-07T20:42:19","modified_gmt":"2023-06-07T20:42:19","slug":"amplify","status":"publish","type":"product","link":"https:\/\/beauty.latamcatalog.aptar.com\/es\/product\/amplify\/","title":{"rendered":"<p>Amplify<\/p>"},"content":{"rendered":"<p>Dispensador 2 en 1<p><strong><span style=\"color: #ffcc99;\">Sostenibilidad<\/span><\/strong><\/p><p>Disponible en resina reciclada.<\/p><p><em>[soshsc aptar-company=\u201dAptar\u201d]<\/em><\/p><p>Pa\u00eds: China<\/p><p><em>[\/soshsc]<\/em><\/p><\/p>","protected":false},"excerpt":{"rendered":"<p>Amplify combina dos f\u00f3rmulas complementarias en un paquete \u00fanico y conveniente. Dise\u00f1ada para funcionar con una variedad de f\u00f3rmulas, esta soluci\u00f3n 2 en 1 cuenta con una botella atmosf\u00e9rica de 30 ml que puede actuar como spray o loci\u00f3n; e integrado con nuestro revolucionario Amp Dropper en dos opciones de tama\u00f1o para una experiencia multitarea. Mezcla desde una base l\u00edquida hasta un rubor para lograr un look completo en una sola botella, o desde una prebase hasta un protector solar para una rutina de dos pasos perfecta para el gimnasio, la oficina, el avi\u00f3n y m\u00e1s. La versatilidad dos en uno significa opciones personalizadas para su marca y sus consumidores. Tambi\u00e9n disponible con una base de aluminio en el Amp Dropper para una apariencia elegante y met\u00e1lica. La botella de 30 ml puede ser airless o atmosf\u00e9rica y es perfecta para maquillaje o productos para el cuidado de la piel.<\/p>","protected":false},"featured_media":20793,"template":"","meta":{"inline_featured_image":false},"product_cat":[512,519,290,294],"product_tag":[],"aptar-tags":[308],"acf":[],"yoast_head":"<!-- This site is optimized with the Yoast SEO plugin v21.0 - https:\/\/yoast.com\/wordpress\/plugins\/seo\/ -->\n<title>Amplify - Latam Catalog<\/title>\n<meta name=\"robots\" content=\"index, follow, max-snippet:-1, max-image-preview:large, max-video-preview:-1\" \/>\n<link rel=\"canonical\" href=\"https:\/\/beauty.latamcatalog.aptar.com\/es\/product\/amplify\/\" \/>\n<meta property=\"og:locale\" content=\"es_ES\" \/>\n<meta property=\"og:type\" content=\"article\" \/>\n<meta property=\"og:title\" content=\"Amplify - Latam Catalog\" \/>\n<meta property=\"og:description\" content=\"O Amplify combina duas f\u00f3rmulas complementares em uma embalagem exclusiva e conveniente. Projetada para funcionar com uma variedade de f\u00f3rmulas, esta solu\u00e7\u00e3o 2 em 1 apresenta um frasco atmosf\u00e9rico de 30mL podendo ser o atuador em spray ou lo\u00e7\u00e3o; e integrado ao nosso revolucion\u00e1rio Amp Dropper em duas op\u00e7\u00f5es de tamanho para uma experi\u00eancia multitarefa. Misture do seu jeito uma base l\u00edquida com um blush para um look completo com uma \u00fanica embalagem ou um primer com um protetor solar para uma rotina de duas etapas, perfeita para a academia, o escrit\u00f3rio, o avi\u00e3o e muito mais. Versatilidade dois em um significa op\u00e7\u00f5es personalizadas para sua marca e para seus consumidores. Tamb\u00e9m dispon\u00edvel com uma base de alum\u00ednio no Amp Dropper para um visual elegante e metalizado. O frasco de 30 ml pode ser airless ou atmosf\u00e9rico e \u00e9 perfeito para produtos de make ou skin care.\" \/>\n<meta property=\"og:url\" content=\"https:\/\/beauty.latamcatalog.aptar.com\/es\/product\/amplify\/\" \/>\n<meta property=\"og:site_name\" content=\"Latam Catalog\" \/>\n<meta property=\"article:modified_time\" content=\"2023-06-07T20:42:19+00:00\" \/>\n<meta property=\"og:image\" content=\"https:\/\/beauty.latamcatalog.aptar.com\/wp-content\/uploads\/2022\/11\/thumb-42.png\" \/>\n\t<meta property=\"og:image:width\" content=\"1002\" \/>\n\t<meta property=\"og:image:height\" content=\"1002\" \/>\n\t<meta property=\"og:image:type\" content=\"image\/png\" \/>\n<meta name=\"twitter:card\" content=\"summary_large_image\" \/>\n<meta name=\"twitter:label1\" content=\"Tiempo de lectura\" \/>\n\t<meta name=\"twitter:data1\" content=\"1 minuto\" \/>\n<script type=\"application\/ld+json\" class=\"yoast-schema-graph\">{\"@context\":\"https:\/\/schema.org\",\"@graph\":[{\"@type\":\"WebPage\",\"@id\":\"https:\/\/beauty.latamcatalog.aptar.com\/es\/product\/amplify\/\",\"url\":\"https:\/\/beauty.latamcatalog.aptar.com\/es\/product\/amplify\/\",\"name\":\"Amplify - Latam Catalog\",\"isPartOf\":{\"@id\":\"https:\/\/beauty.latamcatalog.aptar.com\/#website\"},\"datePublished\":\"2022-11-23T14:04:34+00:00\",\"dateModified\":\"2023-06-07T20:42:19+00:00\",\"breadcrumb\":{\"@id\":\"https:\/\/beauty.latamcatalog.aptar.com\/es\/product\/amplify\/#breadcrumb\"},\"inLanguage\":\"es\",\"potentialAction\":[{\"@type\":\"ReadAction\",\"target\":[\"https:\/\/beauty.latamcatalog.aptar.com\/es\/product\/amplify\/\"]}]},{\"@type\":\"BreadcrumbList\",\"@id\":\"https:\/\/beauty.latamcatalog.aptar.com\/es\/product\/amplify\/#breadcrumb\",\"itemListElement\":[{\"@type\":\"ListItem\",\"position\":1,\"name\":\"Home\",\"item\":\"https:\/\/beauty.latamcatalog.aptar.com\/\"},{\"@type\":\"ListItem\",\"position\":2,\"name\":\"Private: Produtos\",\"item\":\"https:\/\/beauty.latamcatalog.aptar.com\/en\/?page_id=20030\"},{\"@type\":\"ListItem\",\"position\":3,\"name\":\"Amplify\"}]},{\"@type\":\"WebSite\",\"@id\":\"https:\/\/beauty.latamcatalog.aptar.com\/#website\",\"url\":\"https:\/\/beauty.latamcatalog.aptar.com\/\",\"name\":\"Latam Catalog\",\"description\":\"Aptar Latin America Catalog Website\",\"publisher\":{\"@id\":\"https:\/\/beauty.latamcatalog.aptar.com\/#organization\"},\"potentialAction\":[{\"@type\":\"SearchAction\",\"target\":{\"@type\":\"EntryPoint\",\"urlTemplate\":\"https:\/\/beauty.latamcatalog.aptar.com\/?s={search_term_string}\"},\"query-input\":\"required name=search_term_string\"}],\"inLanguage\":\"es\"},{\"@type\":\"Organization\",\"@id\":\"https:\/\/beauty.latamcatalog.aptar.com\/#organization\",\"name\":\"Aptar\",\"url\":\"https:\/\/beauty.latamcatalog.aptar.com\/\",\"logo\":{\"@type\":\"ImageObject\",\"inLanguage\":\"es\",\"@id\":\"https:\/\/beauty.latamcatalog.aptar.com\/#\/schema\/logo\/image\/\",\"url\":\"https:\/\/beauty.latamcatalog.aptar.com\/wp-content\/uploads\/2021\/11\/aptar_logo-01.png\",\"contentUrl\":\"https:\/\/beauty.latamcatalog.aptar.com\/wp-content\/uploads\/2021\/11\/aptar_logo-01.png\",\"width\":492,\"height\":175,\"caption\":\"Aptar\"},\"image\":{\"@id\":\"https:\/\/beauty.latamcatalog.aptar.com\/#\/schema\/logo\/image\/\"}}]}<\/script>\n<!-- \/ Yoast SEO plugin. -->","yoast_head_json":{"title":"Amplify - Latam Catalog","robots":{"index":"index","follow":"follow","max-snippet":"max-snippet:-1","max-image-preview":"max-image-preview:large","max-video-preview":"max-video-preview:-1"},"canonical":"https:\/\/beauty.latamcatalog.aptar.com\/es\/product\/amplify\/","og_locale":"es_ES","og_type":"article","og_title":"Amplify - Latam Catalog","og_description":"O Amplify combina duas f\u00f3rmulas complementares em uma embalagem exclusiva e conveniente. Projetada para funcionar com uma variedade de f\u00f3rmulas, esta solu\u00e7\u00e3o 2 em 1 apresenta um frasco atmosf\u00e9rico de 30mL podendo ser o atuador em spray ou lo\u00e7\u00e3o; e integrado ao nosso revolucion\u00e1rio Amp Dropper em duas op\u00e7\u00f5es de tamanho para uma experi\u00eancia multitarefa. Misture do seu jeito uma base l\u00edquida com um blush para um look completo com uma \u00fanica embalagem ou um primer com um protetor solar para uma rotina de duas etapas, perfeita para a academia, o escrit\u00f3rio, o avi\u00e3o e muito mais. Versatilidade dois em um significa op\u00e7\u00f5es personalizadas para sua marca e para seus consumidores. Tamb\u00e9m dispon\u00edvel com uma base de alum\u00ednio no Amp Dropper para um visual elegante e metalizado. O frasco de 30 ml pode ser airless ou atmosf\u00e9rico e \u00e9 perfeito para produtos de make ou skin care.","og_url":"https:\/\/beauty.latamcatalog.aptar.com\/es\/product\/amplify\/","og_site_name":"Latam Catalog","article_modified_time":"2023-06-07T20:42:19+00:00","og_image":[{"width":1002,"height":1002,"url":"https:\/\/beauty.latamcatalog.aptar.com\/wp-content\/uploads\/2022\/11\/thumb-42.png","type":"image\/png"}],"twitter_card":"summary_large_image","twitter_misc":{"Tiempo de lectura":"1 minuto"},"schema":{"@context":"https:\/\/schema.org","@graph":[{"@type":"WebPage","@id":"https:\/\/beauty.latamcatalog.aptar.com\/es\/product\/amplify\/","url":"https:\/\/beauty.latamcatalog.aptar.com\/es\/product\/amplify\/","name":"Amplify - Latam Catalog","isPartOf":{"@id":"https:\/\/beauty.latamcatalog.aptar.com\/#website"},"datePublished":"2022-11-23T14:04:34+00:00","dateModified":"2023-06-07T20:42:19+00:00","breadcrumb":{"@id":"https:\/\/beauty.latamcatalog.aptar.com\/es\/product\/amplify\/#breadcrumb"},"inLanguage":"es","potentialAction":[{"@type":"ReadAction","target":["https:\/\/beauty.latamcatalog.aptar.com\/es\/product\/amplify\/"]}]},{"@type":"BreadcrumbList","@id":"https:\/\/beauty.latamcatalog.aptar.com\/es\/product\/amplify\/#breadcrumb","itemListElement":[{"@type":"ListItem","position":1,"name":"Home","item":"https:\/\/beauty.latamcatalog.aptar.com\/"},{"@type":"ListItem","position":2,"name":"Private: Produtos","item":"https:\/\/beauty.latamcatalog.aptar.com\/en\/?page_id=20030"},{"@type":"ListItem","position":3,"name":"Amplify"}]},{"@type":"WebSite","@id":"https:\/\/beauty.latamcatalog.aptar.com\/#website","url":"https:\/\/beauty.latamcatalog.aptar.com\/","name":"Latam Catalog","description":"Aptar Latin America Catalog Website","publisher":{"@id":"https:\/\/beauty.latamcatalog.aptar.com\/#organization"},"potentialAction":[{"@type":"SearchAction","target":{"@type":"EntryPoint","urlTemplate":"https:\/\/beauty.latamcatalog.aptar.com\/?s={search_term_string}"},"query-input":"required name=search_term_string"}],"inLanguage":"es"},{"@type":"Organization","@id":"https:\/\/beauty.latamcatalog.aptar.com\/#organization","name":"Aptar","url":"https:\/\/beauty.latamcatalog.aptar.com\/","logo":{"@type":"ImageObject","inLanguage":"es","@id":"https:\/\/beauty.latamcatalog.aptar.com\/#\/schema\/logo\/image\/","url":"https:\/\/beauty.latamcatalog.aptar.com\/wp-content\/uploads\/2021\/11\/aptar_logo-01.png","contentUrl":"https:\/\/beauty.latamcatalog.aptar.com\/wp-content\/uploads\/2021\/11\/aptar_logo-01.png","width":492,"height":175,"caption":"Aptar"},"image":{"@id":"https:\/\/beauty.latamcatalog.aptar.com\/#\/schema\/logo\/image\/"}}]}},"_links":{"self":[{"href":"https:\/\/beauty.latamcatalog.aptar.com\/es\/wp-json\/wp\/v2\/product\/20792"}],"collection":[{"href":"https:\/\/beauty.latamcatalog.aptar.com\/es\/wp-json\/wp\/v2\/product"}],"about":[{"href":"https:\/\/beauty.latamcatalog.aptar.com\/es\/wp-json\/wp\/v2\/types\/product"}],"wp:featuredmedia":[{"embeddable":true,"href":"https:\/\/beauty.latamcatalog.aptar.com\/es\/wp-json\/wp\/v2\/media\/20793"}],"wp:attachment":[{"href":"https:\/\/beauty.latamcatalog.aptar.com\/es\/wp-json\/wp\/v2\/media?parent=20792"}],"wp:term":[{"taxonomy":"product_cat","embeddable":true,"href":"https:\/\/beauty.latamcatalog.aptar.com\/es\/wp-json\/wp\/v2\/product_cat?post=20792"},{"taxonomy":"product_tag","embeddable":true,"href":"https:\/\/beauty.latamcatalog.aptar.com\/es\/wp-json\/wp\/v2\/product_tag?post=20792"},{"taxonomy":"aptar-tags","embeddable":true,"href":"https:\/\/beauty.latamcatalog.aptar.com\/es\/wp-json\/wp\/v2\/aptar-tags?post=20792"}],"curies":[{"name":"wp","href":"https:\/\/api.w.org\/{rel}","templated":true}]}}