{"id":20778,"date":"2022-11-23T13:50:39","date_gmt":"2022-11-23T13:50:39","guid":{"rendered":"https:\/\/live-beautylatamcatalog.pantheonsite.io\/?post_type=product&#038;p=20778"},"modified":"2023-06-07T20:44:03","modified_gmt":"2023-06-07T20:44:03","slug":"max-out-atmosferic","status":"publish","type":"product","link":"https:\/\/beauty.latamcatalog.aptar.com\/es\/product\/max-out-atmosferic\/","title":{"rendered":"<p>Max Out Atmospheric<\/p>"},"content":{"rendered":"<p>Embalaje de loci\u00f3n atmosf\u00e9rica<p><strong><span style=\"color: #ffcc99;\">Sostenibilidad<\/span><\/strong><\/p><p>Disponible en resina reciclada.<\/p><p><em>[soshsc aptar-company=\u201dAptar\u201d]<\/em><\/p><p>Pa\u00eds: China<\/p><p><em>[\/soshsc]<\/em><\/p><\/p>","protected":false},"excerpt":{"rendered":"<p>Con el empaque Max Out Doe Atmospheric, usted optimiza el espacio de venta minorista, la variedad de tonos, el atractivo en los estantes y el rendimiento del producto con nuestro perfil m\u00e1s delgado hasta el momento. El dise\u00f1o elegante y delgado de Max Out crea el doble de espacio en los estantes para ofrecer una selecci\u00f3n de colores incre\u00edbles para una multitud de f\u00f3rmulas. Su material cristalino permite una visibilidad impecable del color y el actuador de boquilla extendida dispensa perfectamente hasta la \u00faltima gota de f\u00f3rmula. Su forma delgada tambi\u00e9n es ideal para viajar y cabe perfectamente en bolsillos, bolsos y m\u00e1s. Ahora disponible en Eastman Cristal Renew para brindar recursos sustentables.<\/p>","protected":false},"featured_media":20779,"template":"","meta":{"inline_featured_image":false},"product_cat":[512,519,288,291,290,196,194],"product_tag":[],"aptar-tags":[308],"acf":[],"yoast_head":"<!-- This site is optimized with the Yoast SEO plugin v21.0 - https:\/\/yoast.com\/wordpress\/plugins\/seo\/ -->\n<title>Max Out Atmosferic - Latam Catalog<\/title>\n<meta name=\"robots\" content=\"index, follow, max-snippet:-1, max-image-preview:large, max-video-preview:-1\" \/>\n<link rel=\"canonical\" href=\"https:\/\/beauty.latamcatalog.aptar.com\/es\/product\/max-out-atmosferic\/\" \/>\n<meta property=\"og:locale\" content=\"es_ES\" \/>\n<meta property=\"og:type\" content=\"article\" \/>\n<meta property=\"og:title\" content=\"Max Out Atmosferic - Latam Catalog\" \/>\n<meta property=\"og:description\" content=\"Com a embalagem Max Out Doe Atmosf\u00e9rico, otimiza-se espa\u00e7o de varejo, variedade de tons, apelo de prateleira e desempenho do produto com nosso perfil mais fino at\u00e9 agora! O design elegante e fino do Max Out cria o dobro do espa\u00e7o de prateleira para oferecer uma sele\u00e7\u00e3o de cores incr\u00edveis para uma infinidade de f\u00f3rmulas. Seu material cristalino permite uma visibilidade de cor impec\u00e1vel e o atuador de bico estendido dispensa perfeitamente at\u00e9 a \u00faltima gota de f\u00f3rmula. Seu formato fino tamb\u00e9m \u00e9 ideal para viagens e cabe perfeitamente em bolsos, bolsas e muito mais. Agora dispon\u00edvel no Eastman Cristal Renew para disponibilizar recursos sustent\u00e1veis.\" \/>\n<meta property=\"og:url\" content=\"https:\/\/beauty.latamcatalog.aptar.com\/es\/product\/max-out-atmosferic\/\" \/>\n<meta property=\"og:site_name\" content=\"Latam Catalog\" \/>\n<meta property=\"article:modified_time\" content=\"2023-06-07T20:44:03+00:00\" \/>\n<meta property=\"og:image\" content=\"https:\/\/beauty.latamcatalog.aptar.com\/wp-content\/uploads\/2022\/11\/thumb-39.png\" \/>\n\t<meta property=\"og:image:width\" content=\"1002\" \/>\n\t<meta property=\"og:image:height\" content=\"1002\" \/>\n\t<meta property=\"og:image:type\" content=\"image\/png\" \/>\n<meta name=\"twitter:card\" content=\"summary_large_image\" \/>\n<meta name=\"twitter:label1\" content=\"Tiempo de lectura\" \/>\n\t<meta name=\"twitter:data1\" content=\"1 minuto\" \/>\n<script type=\"application\/ld+json\" class=\"yoast-schema-graph\">{\"@context\":\"https:\/\/schema.org\",\"@graph\":[{\"@type\":\"WebPage\",\"@id\":\"https:\/\/beauty.latamcatalog.aptar.com\/es\/product\/max-out-atmosferic\/\",\"url\":\"https:\/\/beauty.latamcatalog.aptar.com\/es\/product\/max-out-atmosferic\/\",\"name\":\"Max Out Atmosferic - Latam Catalog\",\"isPartOf\":{\"@id\":\"https:\/\/beauty.latamcatalog.aptar.com\/#website\"},\"datePublished\":\"2022-11-23T13:50:39+00:00\",\"dateModified\":\"2023-06-07T20:44:03+00:00\",\"breadcrumb\":{\"@id\":\"https:\/\/beauty.latamcatalog.aptar.com\/es\/product\/max-out-atmosferic\/#breadcrumb\"},\"inLanguage\":\"es\",\"potentialAction\":[{\"@type\":\"ReadAction\",\"target\":[\"https:\/\/beauty.latamcatalog.aptar.com\/es\/product\/max-out-atmosferic\/\"]}]},{\"@type\":\"BreadcrumbList\",\"@id\":\"https:\/\/beauty.latamcatalog.aptar.com\/es\/product\/max-out-atmosferic\/#breadcrumb\",\"itemListElement\":[{\"@type\":\"ListItem\",\"position\":1,\"name\":\"Home\",\"item\":\"https:\/\/beauty.latamcatalog.aptar.com\/\"},{\"@type\":\"ListItem\",\"position\":2,\"name\":\"Private: Produtos\",\"item\":\"https:\/\/beauty.latamcatalog.aptar.com\/en\/?page_id=20030\"},{\"@type\":\"ListItem\",\"position\":3,\"name\":\"Max Out Atmosferic\"}]},{\"@type\":\"WebSite\",\"@id\":\"https:\/\/beauty.latamcatalog.aptar.com\/#website\",\"url\":\"https:\/\/beauty.latamcatalog.aptar.com\/\",\"name\":\"Latam Catalog\",\"description\":\"Aptar Latin America Catalog Website\",\"publisher\":{\"@id\":\"https:\/\/beauty.latamcatalog.aptar.com\/#organization\"},\"potentialAction\":[{\"@type\":\"SearchAction\",\"target\":{\"@type\":\"EntryPoint\",\"urlTemplate\":\"https:\/\/beauty.latamcatalog.aptar.com\/?s={search_term_string}\"},\"query-input\":\"required name=search_term_string\"}],\"inLanguage\":\"es\"},{\"@type\":\"Organization\",\"@id\":\"https:\/\/beauty.latamcatalog.aptar.com\/#organization\",\"name\":\"Aptar\",\"url\":\"https:\/\/beauty.latamcatalog.aptar.com\/\",\"logo\":{\"@type\":\"ImageObject\",\"inLanguage\":\"es\",\"@id\":\"https:\/\/beauty.latamcatalog.aptar.com\/#\/schema\/logo\/image\/\",\"url\":\"https:\/\/beauty.latamcatalog.aptar.com\/wp-content\/uploads\/2021\/11\/aptar_logo-01.png\",\"contentUrl\":\"https:\/\/beauty.latamcatalog.aptar.com\/wp-content\/uploads\/2021\/11\/aptar_logo-01.png\",\"width\":492,\"height\":175,\"caption\":\"Aptar\"},\"image\":{\"@id\":\"https:\/\/beauty.latamcatalog.aptar.com\/#\/schema\/logo\/image\/\"}}]}<\/script>\n<!-- \/ Yoast SEO plugin. -->","yoast_head_json":{"title":"Max Out Atmosferic - Latam Catalog","robots":{"index":"index","follow":"follow","max-snippet":"max-snippet:-1","max-image-preview":"max-image-preview:large","max-video-preview":"max-video-preview:-1"},"canonical":"https:\/\/beauty.latamcatalog.aptar.com\/es\/product\/max-out-atmosferic\/","og_locale":"es_ES","og_type":"article","og_title":"Max Out Atmosferic - Latam Catalog","og_description":"Com a embalagem Max Out Doe Atmosf\u00e9rico, otimiza-se espa\u00e7o de varejo, variedade de tons, apelo de prateleira e desempenho do produto com nosso perfil mais fino at\u00e9 agora! O design elegante e fino do Max Out cria o dobro do espa\u00e7o de prateleira para oferecer uma sele\u00e7\u00e3o de cores incr\u00edveis para uma infinidade de f\u00f3rmulas. Seu material cristalino permite uma visibilidade de cor impec\u00e1vel e o atuador de bico estendido dispensa perfeitamente at\u00e9 a \u00faltima gota de f\u00f3rmula. Seu formato fino tamb\u00e9m \u00e9 ideal para viagens e cabe perfeitamente em bolsos, bolsas e muito mais. Agora dispon\u00edvel no Eastman Cristal Renew para disponibilizar recursos sustent\u00e1veis.","og_url":"https:\/\/beauty.latamcatalog.aptar.com\/es\/product\/max-out-atmosferic\/","og_site_name":"Latam Catalog","article_modified_time":"2023-06-07T20:44:03+00:00","og_image":[{"width":1002,"height":1002,"url":"https:\/\/beauty.latamcatalog.aptar.com\/wp-content\/uploads\/2022\/11\/thumb-39.png","type":"image\/png"}],"twitter_card":"summary_large_image","twitter_misc":{"Tiempo de lectura":"1 minuto"},"schema":{"@context":"https:\/\/schema.org","@graph":[{"@type":"WebPage","@id":"https:\/\/beauty.latamcatalog.aptar.com\/es\/product\/max-out-atmosferic\/","url":"https:\/\/beauty.latamcatalog.aptar.com\/es\/product\/max-out-atmosferic\/","name":"Max Out Atmosferic - Latam Catalog","isPartOf":{"@id":"https:\/\/beauty.latamcatalog.aptar.com\/#website"},"datePublished":"2022-11-23T13:50:39+00:00","dateModified":"2023-06-07T20:44:03+00:00","breadcrumb":{"@id":"https:\/\/beauty.latamcatalog.aptar.com\/es\/product\/max-out-atmosferic\/#breadcrumb"},"inLanguage":"es","potentialAction":[{"@type":"ReadAction","target":["https:\/\/beauty.latamcatalog.aptar.com\/es\/product\/max-out-atmosferic\/"]}]},{"@type":"BreadcrumbList","@id":"https:\/\/beauty.latamcatalog.aptar.com\/es\/product\/max-out-atmosferic\/#breadcrumb","itemListElement":[{"@type":"ListItem","position":1,"name":"Home","item":"https:\/\/beauty.latamcatalog.aptar.com\/"},{"@type":"ListItem","position":2,"name":"Private: Produtos","item":"https:\/\/beauty.latamcatalog.aptar.com\/en\/?page_id=20030"},{"@type":"ListItem","position":3,"name":"Max Out Atmosferic"}]},{"@type":"WebSite","@id":"https:\/\/beauty.latamcatalog.aptar.com\/#website","url":"https:\/\/beauty.latamcatalog.aptar.com\/","name":"Latam Catalog","description":"Aptar Latin America Catalog Website","publisher":{"@id":"https:\/\/beauty.latamcatalog.aptar.com\/#organization"},"potentialAction":[{"@type":"SearchAction","target":{"@type":"EntryPoint","urlTemplate":"https:\/\/beauty.latamcatalog.aptar.com\/?s={search_term_string}"},"query-input":"required name=search_term_string"}],"inLanguage":"es"},{"@type":"Organization","@id":"https:\/\/beauty.latamcatalog.aptar.com\/#organization","name":"Aptar","url":"https:\/\/beauty.latamcatalog.aptar.com\/","logo":{"@type":"ImageObject","inLanguage":"es","@id":"https:\/\/beauty.latamcatalog.aptar.com\/#\/schema\/logo\/image\/","url":"https:\/\/beauty.latamcatalog.aptar.com\/wp-content\/uploads\/2021\/11\/aptar_logo-01.png","contentUrl":"https:\/\/beauty.latamcatalog.aptar.com\/wp-content\/uploads\/2021\/11\/aptar_logo-01.png","width":492,"height":175,"caption":"Aptar"},"image":{"@id":"https:\/\/beauty.latamcatalog.aptar.com\/#\/schema\/logo\/image\/"}}]}},"_links":{"self":[{"href":"https:\/\/beauty.latamcatalog.aptar.com\/es\/wp-json\/wp\/v2\/product\/20778"}],"collection":[{"href":"https:\/\/beauty.latamcatalog.aptar.com\/es\/wp-json\/wp\/v2\/product"}],"about":[{"href":"https:\/\/beauty.latamcatalog.aptar.com\/es\/wp-json\/wp\/v2\/types\/product"}],"wp:featuredmedia":[{"embeddable":true,"href":"https:\/\/beauty.latamcatalog.aptar.com\/es\/wp-json\/wp\/v2\/media\/20779"}],"wp:attachment":[{"href":"https:\/\/beauty.latamcatalog.aptar.com\/es\/wp-json\/wp\/v2\/media?parent=20778"}],"wp:term":[{"taxonomy":"product_cat","embeddable":true,"href":"https:\/\/beauty.latamcatalog.aptar.com\/es\/wp-json\/wp\/v2\/product_cat?post=20778"},{"taxonomy":"product_tag","embeddable":true,"href":"https:\/\/beauty.latamcatalog.aptar.com\/es\/wp-json\/wp\/v2\/product_tag?post=20778"},{"taxonomy":"aptar-tags","embeddable":true,"href":"https:\/\/beauty.latamcatalog.aptar.com\/es\/wp-json\/wp\/v2\/aptar-tags?post=20778"}],"curies":[{"name":"wp","href":"https:\/\/api.w.org\/{rel}","templated":true}]}}