{"id":20764,"date":"2022-11-22T19:41:58","date_gmt":"2022-11-22T19:41:58","guid":{"rendered":"https:\/\/live-beautylatamcatalog.pantheonsite.io\/?post_type=product&#038;p=20764"},"modified":"2023-06-20T14:49:24","modified_gmt":"2023-06-20T14:49:24","slug":"top-secret-square","status":"publish","type":"product","link":"https:\/\/beauty.latamcatalog.aptar.com\/es\/product\/top-secret-square\/","title":{"rendered":"<p>Top Secret Square<\/p>"},"content":{"rendered":"<p>Compacto cuadrado recargable con tapa magn\u00e9tica, cepillo magn\u00e9tico, espejo y recipiente redondo.<p><em>[soshsc aptar-company=\u201dAptar\u201d]<\/em><\/p><p>Pa\u00eds: China<\/p><p><em>[\/soshsc]<\/em><\/p><\/p>","protected":false},"excerpt":{"rendered":"<p>\u00a1Un compacto como nunca antes lo hab\u00edas visto! Top Secret Square hace que la aplicaci\u00f3n sea f\u00e1cil y elegante y est\u00e1 dise\u00f1ado con un recipiente recargable para promover la sostenibilidad. El dise\u00f1o innovador presenta una tapa que se transforma en un cepillo delgado y premium para una apariencia moderna y una experiencia de usuario verdaderamente \u00fanica. Top Secret fue dise\u00f1ado para deslizar r\u00e1pidamente el pincel, aplicar el producto y devolverlo a su lugar sin esfuerzo. El dise\u00f1o \u00fanico tambi\u00e9n protege las cerdas del cepillo de los residuos de f\u00f3rmula cuando no est\u00e1 en uso, preservando la integridad y limpieza del cepillo.<\/p>","protected":false},"featured_media":21777,"template":"","meta":{"inline_featured_image":false},"product_cat":[512,519,291,196],"product_tag":[],"aptar-tags":[308],"acf":[],"yoast_head":"<!-- This site is optimized with the Yoast SEO plugin v21.0 - https:\/\/yoast.com\/wordpress\/plugins\/seo\/ -->\n<title>Top Secret Square - Latam Catalog<\/title>\n<meta name=\"robots\" content=\"index, follow, max-snippet:-1, max-image-preview:large, max-video-preview:-1\" \/>\n<link rel=\"canonical\" href=\"https:\/\/beauty.latamcatalog.aptar.com\/es\/product\/top-secret-square\/\" \/>\n<meta property=\"og:locale\" content=\"es_ES\" \/>\n<meta property=\"og:type\" content=\"article\" \/>\n<meta property=\"og:title\" content=\"Top Secret Square - Latam Catalog\" \/>\n<meta property=\"og:description\" content=\"Um compacto como voc\u00ea nunca viu antes! Top Secret Square torna a aplica\u00e7\u00e3o f\u00e1cil e elegante e foi projetado com panela refil\u00e1vel para contruibir com a sustentabilidade. O design inovador apresenta uma sobretampa que se transforma em um pincel fino e premium para uma apar\u00eancia moderna e uma experi\u00eancia de usu\u00e1rio verdadeiramente \u00fanica. Top Secret foi desenhado para deslizar rapidamente o pincel, aplicar o produto e voltar ao lugar sem esfor\u00e7o. O design exclusivo tamb\u00e9m protege as cerdas do pincel de res\u00edduos de f\u00f3rmula quando n\u00e3o estiver em uso, preservando a integridade e limpeza do pincel.\" \/>\n<meta property=\"og:url\" content=\"https:\/\/beauty.latamcatalog.aptar.com\/es\/product\/top-secret-square\/\" \/>\n<meta property=\"og:site_name\" content=\"Latam Catalog\" \/>\n<meta property=\"article:modified_time\" content=\"2023-06-20T14:49:24+00:00\" \/>\n<meta property=\"og:image\" content=\"https:\/\/beauty.latamcatalog.aptar.com\/wp-content\/uploads\/2022\/11\/W51871_Soldier-Shot-2_111119-1-1.jpg\" \/>\n\t<meta property=\"og:image:width\" content=\"1044\" \/>\n\t<meta property=\"og:image:height\" content=\"1306\" \/>\n\t<meta property=\"og:image:type\" content=\"image\/jpeg\" \/>\n<meta name=\"twitter:card\" content=\"summary_large_image\" \/>\n<meta name=\"twitter:label1\" content=\"Tiempo de lectura\" \/>\n\t<meta name=\"twitter:data1\" content=\"1 minuto\" \/>\n<script type=\"application\/ld+json\" class=\"yoast-schema-graph\">{\"@context\":\"https:\/\/schema.org\",\"@graph\":[{\"@type\":\"WebPage\",\"@id\":\"https:\/\/beauty.latamcatalog.aptar.com\/product\/top-secret-square\/\",\"url\":\"https:\/\/beauty.latamcatalog.aptar.com\/product\/top-secret-square\/\",\"name\":\"Top Secret Square - Latam Catalog\",\"isPartOf\":{\"@id\":\"https:\/\/beauty.latamcatalog.aptar.com\/#website\"},\"datePublished\":\"2022-11-22T19:41:58+00:00\",\"dateModified\":\"2023-06-20T14:49:24+00:00\",\"breadcrumb\":{\"@id\":\"https:\/\/beauty.latamcatalog.aptar.com\/product\/top-secret-square\/#breadcrumb\"},\"inLanguage\":\"es\",\"potentialAction\":[{\"@type\":\"ReadAction\",\"target\":[\"https:\/\/beauty.latamcatalog.aptar.com\/product\/top-secret-square\/\"]}]},{\"@type\":\"BreadcrumbList\",\"@id\":\"https:\/\/beauty.latamcatalog.aptar.com\/product\/top-secret-square\/#breadcrumb\",\"itemListElement\":[{\"@type\":\"ListItem\",\"position\":1,\"name\":\"Home\",\"item\":\"https:\/\/beauty.latamcatalog.aptar.com\/\"},{\"@type\":\"ListItem\",\"position\":2,\"name\":\"Private: Produtos\",\"item\":\"https:\/\/beauty.latamcatalog.aptar.com\/en\/?page_id=20030\"},{\"@type\":\"ListItem\",\"position\":3,\"name\":\"Top Secret Square\"}]},{\"@type\":\"WebSite\",\"@id\":\"https:\/\/beauty.latamcatalog.aptar.com\/#website\",\"url\":\"https:\/\/beauty.latamcatalog.aptar.com\/\",\"name\":\"Latam Catalog\",\"description\":\"Aptar Latin America Catalog Website\",\"publisher\":{\"@id\":\"https:\/\/beauty.latamcatalog.aptar.com\/#organization\"},\"potentialAction\":[{\"@type\":\"SearchAction\",\"target\":{\"@type\":\"EntryPoint\",\"urlTemplate\":\"https:\/\/beauty.latamcatalog.aptar.com\/?s={search_term_string}\"},\"query-input\":\"required name=search_term_string\"}],\"inLanguage\":\"es\"},{\"@type\":\"Organization\",\"@id\":\"https:\/\/beauty.latamcatalog.aptar.com\/#organization\",\"name\":\"Aptar\",\"url\":\"https:\/\/beauty.latamcatalog.aptar.com\/\",\"logo\":{\"@type\":\"ImageObject\",\"inLanguage\":\"es\",\"@id\":\"https:\/\/beauty.latamcatalog.aptar.com\/#\/schema\/logo\/image\/\",\"url\":\"https:\/\/beauty.latamcatalog.aptar.com\/wp-content\/uploads\/2021\/11\/aptar_logo-01.png\",\"contentUrl\":\"https:\/\/beauty.latamcatalog.aptar.com\/wp-content\/uploads\/2021\/11\/aptar_logo-01.png\",\"width\":492,\"height\":175,\"caption\":\"Aptar\"},\"image\":{\"@id\":\"https:\/\/beauty.latamcatalog.aptar.com\/#\/schema\/logo\/image\/\"}}]}<\/script>\n<!-- \/ Yoast SEO plugin. -->","yoast_head_json":{"title":"Top Secret Square - Latam Catalog","robots":{"index":"index","follow":"follow","max-snippet":"max-snippet:-1","max-image-preview":"max-image-preview:large","max-video-preview":"max-video-preview:-1"},"canonical":"https:\/\/beauty.latamcatalog.aptar.com\/es\/product\/top-secret-square\/","og_locale":"es_ES","og_type":"article","og_title":"Top Secret Square - Latam Catalog","og_description":"Um compacto como voc\u00ea nunca viu antes! Top Secret Square torna a aplica\u00e7\u00e3o f\u00e1cil e elegante e foi projetado com panela refil\u00e1vel para contruibir com a sustentabilidade. O design inovador apresenta uma sobretampa que se transforma em um pincel fino e premium para uma apar\u00eancia moderna e uma experi\u00eancia de usu\u00e1rio verdadeiramente \u00fanica. Top Secret foi desenhado para deslizar rapidamente o pincel, aplicar o produto e voltar ao lugar sem esfor\u00e7o. O design exclusivo tamb\u00e9m protege as cerdas do pincel de res\u00edduos de f\u00f3rmula quando n\u00e3o estiver em uso, preservando a integridade e limpeza do pincel.","og_url":"https:\/\/beauty.latamcatalog.aptar.com\/es\/product\/top-secret-square\/","og_site_name":"Latam Catalog","article_modified_time":"2023-06-20T14:49:24+00:00","og_image":[{"width":1044,"height":1306,"url":"https:\/\/beauty.latamcatalog.aptar.com\/wp-content\/uploads\/2022\/11\/W51871_Soldier-Shot-2_111119-1-1.jpg","type":"image\/jpeg"}],"twitter_card":"summary_large_image","twitter_misc":{"Tiempo de lectura":"1 minuto"},"schema":{"@context":"https:\/\/schema.org","@graph":[{"@type":"WebPage","@id":"https:\/\/beauty.latamcatalog.aptar.com\/product\/top-secret-square\/","url":"https:\/\/beauty.latamcatalog.aptar.com\/product\/top-secret-square\/","name":"Top Secret Square - Latam Catalog","isPartOf":{"@id":"https:\/\/beauty.latamcatalog.aptar.com\/#website"},"datePublished":"2022-11-22T19:41:58+00:00","dateModified":"2023-06-20T14:49:24+00:00","breadcrumb":{"@id":"https:\/\/beauty.latamcatalog.aptar.com\/product\/top-secret-square\/#breadcrumb"},"inLanguage":"es","potentialAction":[{"@type":"ReadAction","target":["https:\/\/beauty.latamcatalog.aptar.com\/product\/top-secret-square\/"]}]},{"@type":"BreadcrumbList","@id":"https:\/\/beauty.latamcatalog.aptar.com\/product\/top-secret-square\/#breadcrumb","itemListElement":[{"@type":"ListItem","position":1,"name":"Home","item":"https:\/\/beauty.latamcatalog.aptar.com\/"},{"@type":"ListItem","position":2,"name":"Private: Produtos","item":"https:\/\/beauty.latamcatalog.aptar.com\/en\/?page_id=20030"},{"@type":"ListItem","position":3,"name":"Top Secret Square"}]},{"@type":"WebSite","@id":"https:\/\/beauty.latamcatalog.aptar.com\/#website","url":"https:\/\/beauty.latamcatalog.aptar.com\/","name":"Latam Catalog","description":"Aptar Latin America Catalog Website","publisher":{"@id":"https:\/\/beauty.latamcatalog.aptar.com\/#organization"},"potentialAction":[{"@type":"SearchAction","target":{"@type":"EntryPoint","urlTemplate":"https:\/\/beauty.latamcatalog.aptar.com\/?s={search_term_string}"},"query-input":"required name=search_term_string"}],"inLanguage":"es"},{"@type":"Organization","@id":"https:\/\/beauty.latamcatalog.aptar.com\/#organization","name":"Aptar","url":"https:\/\/beauty.latamcatalog.aptar.com\/","logo":{"@type":"ImageObject","inLanguage":"es","@id":"https:\/\/beauty.latamcatalog.aptar.com\/#\/schema\/logo\/image\/","url":"https:\/\/beauty.latamcatalog.aptar.com\/wp-content\/uploads\/2021\/11\/aptar_logo-01.png","contentUrl":"https:\/\/beauty.latamcatalog.aptar.com\/wp-content\/uploads\/2021\/11\/aptar_logo-01.png","width":492,"height":175,"caption":"Aptar"},"image":{"@id":"https:\/\/beauty.latamcatalog.aptar.com\/#\/schema\/logo\/image\/"}}]}},"_links":{"self":[{"href":"https:\/\/beauty.latamcatalog.aptar.com\/es\/wp-json\/wp\/v2\/product\/20764"}],"collection":[{"href":"https:\/\/beauty.latamcatalog.aptar.com\/es\/wp-json\/wp\/v2\/product"}],"about":[{"href":"https:\/\/beauty.latamcatalog.aptar.com\/es\/wp-json\/wp\/v2\/types\/product"}],"wp:featuredmedia":[{"embeddable":true,"href":"https:\/\/beauty.latamcatalog.aptar.com\/es\/wp-json\/wp\/v2\/media\/21777"}],"wp:attachment":[{"href":"https:\/\/beauty.latamcatalog.aptar.com\/es\/wp-json\/wp\/v2\/media?parent=20764"}],"wp:term":[{"taxonomy":"product_cat","embeddable":true,"href":"https:\/\/beauty.latamcatalog.aptar.com\/es\/wp-json\/wp\/v2\/product_cat?post=20764"},{"taxonomy":"product_tag","embeddable":true,"href":"https:\/\/beauty.latamcatalog.aptar.com\/es\/wp-json\/wp\/v2\/product_tag?post=20764"},{"taxonomy":"aptar-tags","embeddable":true,"href":"https:\/\/beauty.latamcatalog.aptar.com\/es\/wp-json\/wp\/v2\/aptar-tags?post=20764"}],"curies":[{"name":"wp","href":"https:\/\/api.w.org\/{rel}","templated":true}]}}