{"id":20754,"date":"2022-11-22T19:20:56","date_gmt":"2022-11-22T19:20:56","guid":{"rendered":"https:\/\/live-beautylatamcatalog.pantheonsite.io\/?post_type=product&#038;p=20754"},"modified":"2023-06-07T20:51:05","modified_gmt":"2023-06-07T20:51:05","slug":"max-out-doe-foot","status":"publish","type":"product","link":"https:\/\/beauty.latamcatalog.aptar.com\/es\/product\/max-out-doe-foot\/","title":{"rendered":"<p>Max Out Doe Foot<\/p>"},"content":{"rendered":"<p>Embalaje del aplicador<p><em>[soshsc aptar-company=\u201dAptar\u201d]<\/em><\/p><p>Pa\u00eds: China<\/p><p><em>[\/soshsc]<\/em><\/p><\/p>","protected":false},"excerpt":{"rendered":"<p>\u00a1Con el empaque Max Out Doe Fot, usted optimiza el espacio minorista, la variedad de tonos, el atractivo en los estantes y el rendimiento del producto con nuestro perfil m\u00e1s delgado hasta el momento! El dise\u00f1o elegante y delgado de Max Out maximiza el espacio en los estantes para ofrecer una impresionante selecci\u00f3n de colores para una multitud de f\u00f3rmulas. Su material transparente permite una visibilidad impecable del color y el aplicador de pie se desliza impecablemente, distribuyendo uniformemente la cantidad ideal de f\u00f3rmula en todo momento. Su forma delgada tambi\u00e9n es ideal para viajar y cabe perfectamente en bolsillos, bolsos y m\u00e1s. Ahora disponible en Eastman Cristal Renew para ofrecer caracter\u00edsticas sustentables y puede seleccionar entre m\u00faltiples opciones de aplicadores de pie. Es ideal para f\u00f3rmulas de color como correctores, brillos de labios, sombras de ojos l\u00edquidas y m\u00e1s.<\/p>","protected":false},"featured_media":20755,"template":"","meta":{"inline_featured_image":false},"product_cat":[512,519,291,196],"product_tag":[],"aptar-tags":[308],"acf":[],"yoast_head":"<!-- This site is optimized with the Yoast SEO plugin v21.0 - https:\/\/yoast.com\/wordpress\/plugins\/seo\/ -->\n<title>Max Out Doe Foot - Latam Catalog<\/title>\n<meta name=\"robots\" content=\"index, follow, max-snippet:-1, max-image-preview:large, max-video-preview:-1\" \/>\n<link rel=\"canonical\" href=\"https:\/\/beauty.latamcatalog.aptar.com\/es\/product\/max-out-doe-foot\/\" \/>\n<meta property=\"og:locale\" content=\"es_ES\" \/>\n<meta property=\"og:type\" content=\"article\" \/>\n<meta property=\"og:title\" content=\"Max Out Doe Foot - Latam Catalog\" \/>\n<meta property=\"og:description\" content=\"Com a embalagem Max Out Doe Fot, otimiza-se espa\u00e7o de varejo, variedade de tons, apelo de prateleira e desempenho do produto com nosso perfil mais fino at\u00e9 agora! O design elegante e fino do Max Out maximiza o espa\u00e7o na prateleira para oferecer uma sele\u00e7\u00e3o de cores incr\u00edveis para uma infinidade de f\u00f3rmulas. Seu material cristalino permite uma visibilidade de cor impec\u00e1vel e o aplicador de p\u00e9 de cor\u00e7a desliza impecavelmente, distribuindo uniformemente a quantidade ideal de f\u00f3rmula todas as vezes. Seu formato fino tamb\u00e9m \u00e9 ideal para viagens e cabe perfeitamente em bolsos, bolsas e muito mais. Agora dispon\u00edvel no Eastman Cristal Renew para oferecer recursos sustent\u00e1veis e pode selecionar entre v\u00e1rias op\u00e7\u00f5es de aplicador de p\u00e9 de cor\u00e7a. \u00c9 ideal para f\u00f3rmula de cores como corretorivos, lipgloss, sombras l\u00edquidas e muito mais.\" \/>\n<meta property=\"og:url\" content=\"https:\/\/beauty.latamcatalog.aptar.com\/es\/product\/max-out-doe-foot\/\" \/>\n<meta property=\"og:site_name\" content=\"Latam Catalog\" \/>\n<meta property=\"article:modified_time\" content=\"2023-06-07T20:51:05+00:00\" \/>\n<meta property=\"og:image\" content=\"https:\/\/beauty.latamcatalog.aptar.com\/wp-content\/uploads\/2022\/11\/thumb-35.png\" \/>\n\t<meta property=\"og:image:width\" content=\"1002\" \/>\n\t<meta property=\"og:image:height\" content=\"1002\" \/>\n\t<meta property=\"og:image:type\" content=\"image\/png\" \/>\n<meta name=\"twitter:card\" content=\"summary_large_image\" \/>\n<meta name=\"twitter:label1\" content=\"Tiempo de lectura\" \/>\n\t<meta name=\"twitter:data1\" content=\"1 minuto\" \/>\n<script type=\"application\/ld+json\" class=\"yoast-schema-graph\">{\"@context\":\"https:\/\/schema.org\",\"@graph\":[{\"@type\":\"WebPage\",\"@id\":\"https:\/\/beauty.latamcatalog.aptar.com\/es\/product\/max-out-doe-foot\/\",\"url\":\"https:\/\/beauty.latamcatalog.aptar.com\/es\/product\/max-out-doe-foot\/\",\"name\":\"Max Out Doe Foot - Latam Catalog\",\"isPartOf\":{\"@id\":\"https:\/\/beauty.latamcatalog.aptar.com\/#website\"},\"datePublished\":\"2022-11-22T19:20:56+00:00\",\"dateModified\":\"2023-06-07T20:51:05+00:00\",\"breadcrumb\":{\"@id\":\"https:\/\/beauty.latamcatalog.aptar.com\/es\/product\/max-out-doe-foot\/#breadcrumb\"},\"inLanguage\":\"es\",\"potentialAction\":[{\"@type\":\"ReadAction\",\"target\":[\"https:\/\/beauty.latamcatalog.aptar.com\/es\/product\/max-out-doe-foot\/\"]}]},{\"@type\":\"BreadcrumbList\",\"@id\":\"https:\/\/beauty.latamcatalog.aptar.com\/es\/product\/max-out-doe-foot\/#breadcrumb\",\"itemListElement\":[{\"@type\":\"ListItem\",\"position\":1,\"name\":\"Home\",\"item\":\"https:\/\/beauty.latamcatalog.aptar.com\/\"},{\"@type\":\"ListItem\",\"position\":2,\"name\":\"Private: Produtos\",\"item\":\"https:\/\/beauty.latamcatalog.aptar.com\/en\/?page_id=20030\"},{\"@type\":\"ListItem\",\"position\":3,\"name\":\"Max Out Doe Foot\"}]},{\"@type\":\"WebSite\",\"@id\":\"https:\/\/beauty.latamcatalog.aptar.com\/#website\",\"url\":\"https:\/\/beauty.latamcatalog.aptar.com\/\",\"name\":\"Latam Catalog\",\"description\":\"Aptar Latin America Catalog Website\",\"publisher\":{\"@id\":\"https:\/\/beauty.latamcatalog.aptar.com\/#organization\"},\"potentialAction\":[{\"@type\":\"SearchAction\",\"target\":{\"@type\":\"EntryPoint\",\"urlTemplate\":\"https:\/\/beauty.latamcatalog.aptar.com\/?s={search_term_string}\"},\"query-input\":\"required name=search_term_string\"}],\"inLanguage\":\"es\"},{\"@type\":\"Organization\",\"@id\":\"https:\/\/beauty.latamcatalog.aptar.com\/#organization\",\"name\":\"Aptar\",\"url\":\"https:\/\/beauty.latamcatalog.aptar.com\/\",\"logo\":{\"@type\":\"ImageObject\",\"inLanguage\":\"es\",\"@id\":\"https:\/\/beauty.latamcatalog.aptar.com\/#\/schema\/logo\/image\/\",\"url\":\"https:\/\/beauty.latamcatalog.aptar.com\/wp-content\/uploads\/2021\/11\/aptar_logo-01.png\",\"contentUrl\":\"https:\/\/beauty.latamcatalog.aptar.com\/wp-content\/uploads\/2021\/11\/aptar_logo-01.png\",\"width\":492,\"height\":175,\"caption\":\"Aptar\"},\"image\":{\"@id\":\"https:\/\/beauty.latamcatalog.aptar.com\/#\/schema\/logo\/image\/\"}}]}<\/script>\n<!-- \/ Yoast SEO plugin. -->","yoast_head_json":{"title":"Max Out Doe Foot - Latam Catalog","robots":{"index":"index","follow":"follow","max-snippet":"max-snippet:-1","max-image-preview":"max-image-preview:large","max-video-preview":"max-video-preview:-1"},"canonical":"https:\/\/beauty.latamcatalog.aptar.com\/es\/product\/max-out-doe-foot\/","og_locale":"es_ES","og_type":"article","og_title":"Max Out Doe Foot - Latam Catalog","og_description":"Com a embalagem Max Out Doe Fot, otimiza-se espa\u00e7o de varejo, variedade de tons, apelo de prateleira e desempenho do produto com nosso perfil mais fino at\u00e9 agora! O design elegante e fino do Max Out maximiza o espa\u00e7o na prateleira para oferecer uma sele\u00e7\u00e3o de cores incr\u00edveis para uma infinidade de f\u00f3rmulas. Seu material cristalino permite uma visibilidade de cor impec\u00e1vel e o aplicador de p\u00e9 de cor\u00e7a desliza impecavelmente, distribuindo uniformemente a quantidade ideal de f\u00f3rmula todas as vezes. Seu formato fino tamb\u00e9m \u00e9 ideal para viagens e cabe perfeitamente em bolsos, bolsas e muito mais. Agora dispon\u00edvel no Eastman Cristal Renew para oferecer recursos sustent\u00e1veis e pode selecionar entre v\u00e1rias op\u00e7\u00f5es de aplicador de p\u00e9 de cor\u00e7a. \u00c9 ideal para f\u00f3rmula de cores como corretorivos, lipgloss, sombras l\u00edquidas e muito mais.","og_url":"https:\/\/beauty.latamcatalog.aptar.com\/es\/product\/max-out-doe-foot\/","og_site_name":"Latam Catalog","article_modified_time":"2023-06-07T20:51:05+00:00","og_image":[{"width":1002,"height":1002,"url":"https:\/\/beauty.latamcatalog.aptar.com\/wp-content\/uploads\/2022\/11\/thumb-35.png","type":"image\/png"}],"twitter_card":"summary_large_image","twitter_misc":{"Tiempo de lectura":"1 minuto"},"schema":{"@context":"https:\/\/schema.org","@graph":[{"@type":"WebPage","@id":"https:\/\/beauty.latamcatalog.aptar.com\/es\/product\/max-out-doe-foot\/","url":"https:\/\/beauty.latamcatalog.aptar.com\/es\/product\/max-out-doe-foot\/","name":"Max Out Doe Foot - Latam Catalog","isPartOf":{"@id":"https:\/\/beauty.latamcatalog.aptar.com\/#website"},"datePublished":"2022-11-22T19:20:56+00:00","dateModified":"2023-06-07T20:51:05+00:00","breadcrumb":{"@id":"https:\/\/beauty.latamcatalog.aptar.com\/es\/product\/max-out-doe-foot\/#breadcrumb"},"inLanguage":"es","potentialAction":[{"@type":"ReadAction","target":["https:\/\/beauty.latamcatalog.aptar.com\/es\/product\/max-out-doe-foot\/"]}]},{"@type":"BreadcrumbList","@id":"https:\/\/beauty.latamcatalog.aptar.com\/es\/product\/max-out-doe-foot\/#breadcrumb","itemListElement":[{"@type":"ListItem","position":1,"name":"Home","item":"https:\/\/beauty.latamcatalog.aptar.com\/"},{"@type":"ListItem","position":2,"name":"Private: Produtos","item":"https:\/\/beauty.latamcatalog.aptar.com\/en\/?page_id=20030"},{"@type":"ListItem","position":3,"name":"Max Out Doe Foot"}]},{"@type":"WebSite","@id":"https:\/\/beauty.latamcatalog.aptar.com\/#website","url":"https:\/\/beauty.latamcatalog.aptar.com\/","name":"Latam Catalog","description":"Aptar Latin America Catalog Website","publisher":{"@id":"https:\/\/beauty.latamcatalog.aptar.com\/#organization"},"potentialAction":[{"@type":"SearchAction","target":{"@type":"EntryPoint","urlTemplate":"https:\/\/beauty.latamcatalog.aptar.com\/?s={search_term_string}"},"query-input":"required name=search_term_string"}],"inLanguage":"es"},{"@type":"Organization","@id":"https:\/\/beauty.latamcatalog.aptar.com\/#organization","name":"Aptar","url":"https:\/\/beauty.latamcatalog.aptar.com\/","logo":{"@type":"ImageObject","inLanguage":"es","@id":"https:\/\/beauty.latamcatalog.aptar.com\/#\/schema\/logo\/image\/","url":"https:\/\/beauty.latamcatalog.aptar.com\/wp-content\/uploads\/2021\/11\/aptar_logo-01.png","contentUrl":"https:\/\/beauty.latamcatalog.aptar.com\/wp-content\/uploads\/2021\/11\/aptar_logo-01.png","width":492,"height":175,"caption":"Aptar"},"image":{"@id":"https:\/\/beauty.latamcatalog.aptar.com\/#\/schema\/logo\/image\/"}}]}},"_links":{"self":[{"href":"https:\/\/beauty.latamcatalog.aptar.com\/es\/wp-json\/wp\/v2\/product\/20754"}],"collection":[{"href":"https:\/\/beauty.latamcatalog.aptar.com\/es\/wp-json\/wp\/v2\/product"}],"about":[{"href":"https:\/\/beauty.latamcatalog.aptar.com\/es\/wp-json\/wp\/v2\/types\/product"}],"wp:featuredmedia":[{"embeddable":true,"href":"https:\/\/beauty.latamcatalog.aptar.com\/es\/wp-json\/wp\/v2\/media\/20755"}],"wp:attachment":[{"href":"https:\/\/beauty.latamcatalog.aptar.com\/es\/wp-json\/wp\/v2\/media?parent=20754"}],"wp:term":[{"taxonomy":"product_cat","embeddable":true,"href":"https:\/\/beauty.latamcatalog.aptar.com\/es\/wp-json\/wp\/v2\/product_cat?post=20754"},{"taxonomy":"product_tag","embeddable":true,"href":"https:\/\/beauty.latamcatalog.aptar.com\/es\/wp-json\/wp\/v2\/product_tag?post=20754"},{"taxonomy":"aptar-tags","embeddable":true,"href":"https:\/\/beauty.latamcatalog.aptar.com\/es\/wp-json\/wp\/v2\/aptar-tags?post=20754"}],"curies":[{"name":"wp","href":"https:\/\/api.w.org\/{rel}","templated":true}]}}