{"id":20722,"date":"2022-11-22T17:37:24","date_gmt":"2022-11-22T17:37:24","guid":{"rendered":"https:\/\/live-beautylatamcatalog.pantheonsite.io\/?post_type=product&#038;p=20722"},"modified":"2023-08-02T19:19:49","modified_gmt":"2023-08-02T19:19:49","slug":"neomix","status":"publish","type":"product","link":"https:\/\/beauty.latamcatalog.aptar.com\/es\/product\/neomix\/","title":{"rendered":"<p>Neomix<\/p>"},"content":{"rendered":"<p>Paquete dosificador<p><strong><span style=\"color: #ffcc99;\">Sostenibilidad<\/span><\/strong><\/p><p>Embalaje completo disponible con copoli\u00e9ster reciclado qu\u00edmico certificado por ISCC y libre de POM<\/p><p><em>[soshsc aptar-company=\u201dAptar\u201d]<\/em><\/p><p><strong>APARTAMENTO PRIVADO<\/strong><\/p><p>Pack Completo: 2644 euros<\/p><p>Pa\u00eds: Francia<\/p><p><em>[\/soshsc]<\/em><\/p><\/p>","protected":false},"excerpt":{"rendered":"<p>Neomix es un doble dispensador patentado que te permite elegir tu base, montar tu booster y crear tu cuidado de la piel o maquillaje s\u00faper personalizado. Hoy en d\u00eda, los consumidores esperan poder personalizar sus productos de maquillaje y cuidado de la piel; familiariz\u00e1ndose con la mixolog\u00eda y las f\u00f3rmulas de mezcla para crear la soluci\u00f3n perfecta adaptada a sus necesidades. Con Neomix, los consumidores pueden crear f\u00f3rmulas personalizadas adaptadas a sus necesidades personales. La tecnolog\u00eda Neomix se basa en un doble dosificador con dos c\u00e1maras, una base y un booster. El consumidor puede elegir el refuerzo y luego insertarlo en el embalaje principal con un simple clic. Gracias a las dos c\u00e1maras, las dos f\u00f3rmulas quedan protegidas entre s\u00ed y se mezclan en el \u00faltimo segundo. Una vez insertado el refuerzo, Neomix mezcla ambas f\u00f3rmulas inmediatamente antes de cada aplicaci\u00f3n de forma totalmente autom\u00e1tica, creando una mezcla fresca y personalizada con una dosificaci\u00f3n precisa y limpia. Es compatible con f\u00f3rmulas de alta viscosidad.<\/p>","protected":false},"featured_media":22075,"template":"","meta":{"inline_featured_image":false},"product_cat":[513,197,512,290,194],"product_tag":[],"aptar-tags":[],"acf":[],"yoast_head":"<!-- This site is optimized with the Yoast SEO plugin v21.0 - https:\/\/yoast.com\/wordpress\/plugins\/seo\/ -->\n<title>Neomix - Latam Catalog<\/title>\n<meta name=\"robots\" content=\"index, follow, max-snippet:-1, max-image-preview:large, max-video-preview:-1\" \/>\n<link rel=\"canonical\" href=\"https:\/\/beauty.latamcatalog.aptar.com\/es\/product\/neomix\/\" \/>\n<meta property=\"og:locale\" content=\"es_ES\" \/>\n<meta property=\"og:type\" content=\"article\" \/>\n<meta property=\"og:title\" content=\"Neomix - Latam Catalog\" \/>\n<meta property=\"og:description\" content=\"Neomix \u00e9 um dispensador duplo patenteado que lhe permite escolher a sua base, montar o seu booster e criar o seu skincare ou maquiagem super perzonalizado. Hoje, os consumidores esperam poder personalizar seus produtos de cuidados com a pele e maquiagem; se familiarizando com a mixologia e misturando f\u00f3rmulas para criar a solu\u00e7\u00e3o perfeita adaptada \u00e0s suas necessidades. Com Neomix, os consumidores podem criar f\u00f3rmulas sob medida, adaptadas \u00e0s suas necessidades pessoais. A tecnologia Neomix \u00e9 baseada em um dispensador duplo com duas c\u00e2maras, uma base e um booster. O booster pode ser escolhido pelo consumidor, depois inserido na embalagem principal com um simples clique. Gra\u00e7as \u00e0s duas c\u00e2maras, as duas f\u00f3rmulas s\u00e3o protegidas uma da outra e misturadas no \u00faltimo segundo. Uma vez inserido o booster, Neomix mistura ambas as f\u00f3rmulas imediatamente antes de cada aplica\u00e7\u00e3o de forma totalmente autom\u00e1tica, criando uma mistura fresca sob medida com uma dosagem precisa e limpa. \u00c9 compat\u00edvel com f\u00f3rmulas de alta viscosidade.\" \/>\n<meta property=\"og:url\" content=\"https:\/\/beauty.latamcatalog.aptar.com\/es\/product\/neomix\/\" \/>\n<meta property=\"og:site_name\" content=\"Latam Catalog\" \/>\n<meta property=\"article:modified_time\" content=\"2023-08-02T19:19:49+00:00\" \/>\n<meta property=\"og:image\" content=\"https:\/\/beauty.latamcatalog.aptar.com\/wp-content\/uploads\/2022\/11\/neomix.png\" \/>\n\t<meta property=\"og:image:width\" content=\"500\" \/>\n\t<meta property=\"og:image:height\" content=\"500\" \/>\n\t<meta property=\"og:image:type\" content=\"image\/png\" \/>\n<meta name=\"twitter:card\" content=\"summary_large_image\" \/>\n<meta name=\"twitter:label1\" content=\"Tiempo de lectura\" \/>\n\t<meta name=\"twitter:data1\" content=\"1 minuto\" \/>\n<script type=\"application\/ld+json\" class=\"yoast-schema-graph\">{\"@context\":\"https:\/\/schema.org\",\"@graph\":[{\"@type\":\"WebPage\",\"@id\":\"https:\/\/beauty.latamcatalog.aptar.com\/es\/product\/neomix\/\",\"url\":\"https:\/\/beauty.latamcatalog.aptar.com\/es\/product\/neomix\/\",\"name\":\"Neomix - Latam Catalog\",\"isPartOf\":{\"@id\":\"https:\/\/beauty.latamcatalog.aptar.com\/#website\"},\"datePublished\":\"2022-11-22T17:37:24+00:00\",\"dateModified\":\"2023-08-02T19:19:49+00:00\",\"breadcrumb\":{\"@id\":\"https:\/\/beauty.latamcatalog.aptar.com\/es\/product\/neomix\/#breadcrumb\"},\"inLanguage\":\"es\",\"potentialAction\":[{\"@type\":\"ReadAction\",\"target\":[\"https:\/\/beauty.latamcatalog.aptar.com\/es\/product\/neomix\/\"]}]},{\"@type\":\"BreadcrumbList\",\"@id\":\"https:\/\/beauty.latamcatalog.aptar.com\/es\/product\/neomix\/#breadcrumb\",\"itemListElement\":[{\"@type\":\"ListItem\",\"position\":1,\"name\":\"Home\",\"item\":\"https:\/\/beauty.latamcatalog.aptar.com\/\"},{\"@type\":\"ListItem\",\"position\":2,\"name\":\"Private: Produtos\",\"item\":\"https:\/\/beauty.latamcatalog.aptar.com\/en\/?page_id=20030\"},{\"@type\":\"ListItem\",\"position\":3,\"name\":\"Neomix\"}]},{\"@type\":\"WebSite\",\"@id\":\"https:\/\/beauty.latamcatalog.aptar.com\/#website\",\"url\":\"https:\/\/beauty.latamcatalog.aptar.com\/\",\"name\":\"Latam Catalog\",\"description\":\"Aptar Latin America Catalog Website\",\"publisher\":{\"@id\":\"https:\/\/beauty.latamcatalog.aptar.com\/#organization\"},\"potentialAction\":[{\"@type\":\"SearchAction\",\"target\":{\"@type\":\"EntryPoint\",\"urlTemplate\":\"https:\/\/beauty.latamcatalog.aptar.com\/?s={search_term_string}\"},\"query-input\":\"required name=search_term_string\"}],\"inLanguage\":\"es\"},{\"@type\":\"Organization\",\"@id\":\"https:\/\/beauty.latamcatalog.aptar.com\/#organization\",\"name\":\"Aptar\",\"url\":\"https:\/\/beauty.latamcatalog.aptar.com\/\",\"logo\":{\"@type\":\"ImageObject\",\"inLanguage\":\"es\",\"@id\":\"https:\/\/beauty.latamcatalog.aptar.com\/#\/schema\/logo\/image\/\",\"url\":\"https:\/\/beauty.latamcatalog.aptar.com\/wp-content\/uploads\/2021\/11\/aptar_logo-01.png\",\"contentUrl\":\"https:\/\/beauty.latamcatalog.aptar.com\/wp-content\/uploads\/2021\/11\/aptar_logo-01.png\",\"width\":492,\"height\":175,\"caption\":\"Aptar\"},\"image\":{\"@id\":\"https:\/\/beauty.latamcatalog.aptar.com\/#\/schema\/logo\/image\/\"}}]}<\/script>\n<!-- \/ Yoast SEO plugin. -->","yoast_head_json":{"title":"Neomix - Latam Catalog","robots":{"index":"index","follow":"follow","max-snippet":"max-snippet:-1","max-image-preview":"max-image-preview:large","max-video-preview":"max-video-preview:-1"},"canonical":"https:\/\/beauty.latamcatalog.aptar.com\/es\/product\/neomix\/","og_locale":"es_ES","og_type":"article","og_title":"Neomix - Latam Catalog","og_description":"Neomix \u00e9 um dispensador duplo patenteado que lhe permite escolher a sua base, montar o seu booster e criar o seu skincare ou maquiagem super perzonalizado. Hoje, os consumidores esperam poder personalizar seus produtos de cuidados com a pele e maquiagem; se familiarizando com a mixologia e misturando f\u00f3rmulas para criar a solu\u00e7\u00e3o perfeita adaptada \u00e0s suas necessidades. Com Neomix, os consumidores podem criar f\u00f3rmulas sob medida, adaptadas \u00e0s suas necessidades pessoais. A tecnologia Neomix \u00e9 baseada em um dispensador duplo com duas c\u00e2maras, uma base e um booster. O booster pode ser escolhido pelo consumidor, depois inserido na embalagem principal com um simples clique. Gra\u00e7as \u00e0s duas c\u00e2maras, as duas f\u00f3rmulas s\u00e3o protegidas uma da outra e misturadas no \u00faltimo segundo. Uma vez inserido o booster, Neomix mistura ambas as f\u00f3rmulas imediatamente antes de cada aplica\u00e7\u00e3o de forma totalmente autom\u00e1tica, criando uma mistura fresca sob medida com uma dosagem precisa e limpa. \u00c9 compat\u00edvel com f\u00f3rmulas de alta viscosidade.","og_url":"https:\/\/beauty.latamcatalog.aptar.com\/es\/product\/neomix\/","og_site_name":"Latam Catalog","article_modified_time":"2023-08-02T19:19:49+00:00","og_image":[{"width":500,"height":500,"url":"https:\/\/beauty.latamcatalog.aptar.com\/wp-content\/uploads\/2022\/11\/neomix.png","type":"image\/png"}],"twitter_card":"summary_large_image","twitter_misc":{"Tiempo de lectura":"1 minuto"},"schema":{"@context":"https:\/\/schema.org","@graph":[{"@type":"WebPage","@id":"https:\/\/beauty.latamcatalog.aptar.com\/es\/product\/neomix\/","url":"https:\/\/beauty.latamcatalog.aptar.com\/es\/product\/neomix\/","name":"Neomix - Latam Catalog","isPartOf":{"@id":"https:\/\/beauty.latamcatalog.aptar.com\/#website"},"datePublished":"2022-11-22T17:37:24+00:00","dateModified":"2023-08-02T19:19:49+00:00","breadcrumb":{"@id":"https:\/\/beauty.latamcatalog.aptar.com\/es\/product\/neomix\/#breadcrumb"},"inLanguage":"es","potentialAction":[{"@type":"ReadAction","target":["https:\/\/beauty.latamcatalog.aptar.com\/es\/product\/neomix\/"]}]},{"@type":"BreadcrumbList","@id":"https:\/\/beauty.latamcatalog.aptar.com\/es\/product\/neomix\/#breadcrumb","itemListElement":[{"@type":"ListItem","position":1,"name":"Home","item":"https:\/\/beauty.latamcatalog.aptar.com\/"},{"@type":"ListItem","position":2,"name":"Private: Produtos","item":"https:\/\/beauty.latamcatalog.aptar.com\/en\/?page_id=20030"},{"@type":"ListItem","position":3,"name":"Neomix"}]},{"@type":"WebSite","@id":"https:\/\/beauty.latamcatalog.aptar.com\/#website","url":"https:\/\/beauty.latamcatalog.aptar.com\/","name":"Latam Catalog","description":"Aptar Latin America Catalog Website","publisher":{"@id":"https:\/\/beauty.latamcatalog.aptar.com\/#organization"},"potentialAction":[{"@type":"SearchAction","target":{"@type":"EntryPoint","urlTemplate":"https:\/\/beauty.latamcatalog.aptar.com\/?s={search_term_string}"},"query-input":"required name=search_term_string"}],"inLanguage":"es"},{"@type":"Organization","@id":"https:\/\/beauty.latamcatalog.aptar.com\/#organization","name":"Aptar","url":"https:\/\/beauty.latamcatalog.aptar.com\/","logo":{"@type":"ImageObject","inLanguage":"es","@id":"https:\/\/beauty.latamcatalog.aptar.com\/#\/schema\/logo\/image\/","url":"https:\/\/beauty.latamcatalog.aptar.com\/wp-content\/uploads\/2021\/11\/aptar_logo-01.png","contentUrl":"https:\/\/beauty.latamcatalog.aptar.com\/wp-content\/uploads\/2021\/11\/aptar_logo-01.png","width":492,"height":175,"caption":"Aptar"},"image":{"@id":"https:\/\/beauty.latamcatalog.aptar.com\/#\/schema\/logo\/image\/"}}]}},"_links":{"self":[{"href":"https:\/\/beauty.latamcatalog.aptar.com\/es\/wp-json\/wp\/v2\/product\/20722"}],"collection":[{"href":"https:\/\/beauty.latamcatalog.aptar.com\/es\/wp-json\/wp\/v2\/product"}],"about":[{"href":"https:\/\/beauty.latamcatalog.aptar.com\/es\/wp-json\/wp\/v2\/types\/product"}],"wp:featuredmedia":[{"embeddable":true,"href":"https:\/\/beauty.latamcatalog.aptar.com\/es\/wp-json\/wp\/v2\/media\/22075"}],"wp:attachment":[{"href":"https:\/\/beauty.latamcatalog.aptar.com\/es\/wp-json\/wp\/v2\/media?parent=20722"}],"wp:term":[{"taxonomy":"product_cat","embeddable":true,"href":"https:\/\/beauty.latamcatalog.aptar.com\/es\/wp-json\/wp\/v2\/product_cat?post=20722"},{"taxonomy":"product_tag","embeddable":true,"href":"https:\/\/beauty.latamcatalog.aptar.com\/es\/wp-json\/wp\/v2\/product_tag?post=20722"},{"taxonomy":"aptar-tags","embeddable":true,"href":"https:\/\/beauty.latamcatalog.aptar.com\/es\/wp-json\/wp\/v2\/aptar-tags?post=20722"}],"curies":[{"name":"wp","href":"https:\/\/api.w.org\/{rel}","templated":true}]}}