{"id":20581,"date":"2022-11-21T19:30:04","date_gmt":"2022-11-21T19:30:04","guid":{"rendered":"https:\/\/live-beautylatamcatalog.pantheonsite.io\/?post_type=product&#038;p=20581"},"modified":"2023-06-07T21:16:15","modified_gmt":"2023-06-07T21:16:15","slug":"euromist-heaven","status":"publish","type":"product","link":"https:\/\/beauty.latamcatalog.aptar.com\/es\/product\/euromist-heaven\/","title":{"rendered":"<p>Euromist Heaven<\/p>"},"content":{"rendered":"<p>Bomba de pulverizaci\u00f3n atmosf\u00e9rica con experiencia sensorial enriquecida<p>&nbsp;<\/p><p><em>[soshsc aptar-company=\u201dAptar\u201d]<\/em><\/p><p>Pa\u00eds: Estados Unidos<\/p><p><em>[\/soshsc]<\/em><\/p><\/p>","protected":false},"excerpt":{"rendered":"<p>La bomba de pulverizaci\u00f3n atmosf\u00e9rica EuroMist Heaven ofrece una activaci\u00f3n prolongada y una experiencia de dispensaci\u00f3n m\u00e1s sensual para el consumidor, con una actuaci\u00f3n m\u00e1s suave y sin esfuerzo durante la duraci\u00f3n de la pulverizaci\u00f3n. La duraci\u00f3n del spray es hasta tres veces m\u00e1s larga, lo que permite a los consumidores aplicar sprays corporales con un gesto de barrido para una mayor cobertura y una fragancia uniforme, permitiendo que caigan menos part\u00edculas en un \u00e1rea, dando la sensaci\u00f3n de un spray m\u00e1s seco. La activaci\u00f3n prolongada proporciona una experiencia m\u00e1s sensual y la \"onda de olor\" que rodea el cuerpo. EuroMist Heaven fue desarrollado para formulaciones a base de alcohol y agua.<\/p>","protected":false},"featured_media":21366,"template":"","meta":{"inline_featured_image":false},"product_cat":[512,289,194,521],"product_tag":[],"aptar-tags":[308,301],"acf":[],"yoast_head":"<!-- This site is optimized with the Yoast SEO plugin v21.0 - https:\/\/yoast.com\/wordpress\/plugins\/seo\/ -->\n<title>Euromist Heaven - Latam Catalog<\/title>\n<meta name=\"robots\" content=\"index, follow, max-snippet:-1, max-image-preview:large, max-video-preview:-1\" \/>\n<link rel=\"canonical\" href=\"https:\/\/beauty.latamcatalog.aptar.com\/es\/product\/euromist-heaven\/\" \/>\n<meta property=\"og:locale\" content=\"es_ES\" \/>\n<meta property=\"og:type\" content=\"article\" \/>\n<meta property=\"og:title\" content=\"Euromist Heaven - Latam Catalog\" \/>\n<meta property=\"og:description\" content=\"A bomba atmosf\u00e9rica spray EuroMist Heaven oferece ativa\u00e7\u00e3o prolongada e uma experi\u00eancia de dispensa\u00e7\u00e3o mais sensual para o consumidor, com uma atua\u00e7\u00e3o de sensa\u00e7\u00e3o mais suave e sem esfor\u00e7o durante a dura\u00e7\u00e3o do spray. A dura\u00e7\u00e3o do spray \u00e9 de at\u00e9 tr\u00eas vezes maior, permitindo que os consumidores apliquem sprays corporais com um gesto amplo para maior cobertura e fragr\u00e2ncia uniforme, permitindo que menos part\u00edculas caiam em uma \u00e1rea, dando a sensa\u00e7\u00e3o de um spray mais seco. A ativa\u00e7\u00e3o prolongada proporciona uma experi\u00eancia mais sensual e a sensa\u00e7\u00e3o de \u201conda de cheiro\u201d que envolve o corpo. EuroMist Heaven foi desenvolvido para formula\u00e7\u00f5es \u00e0 base de \u00e1lcool e \u00e1gua.\" \/>\n<meta property=\"og:url\" content=\"https:\/\/beauty.latamcatalog.aptar.com\/es\/product\/euromist-heaven\/\" \/>\n<meta property=\"og:site_name\" content=\"Latam Catalog\" \/>\n<meta property=\"article:modified_time\" content=\"2023-06-07T21:16:15+00:00\" \/>\n<meta property=\"og:image\" content=\"https:\/\/beauty.latamcatalog.aptar.com\/wp-content\/uploads\/2022\/11\/EuroMist-Heaven-Full-scaled.jpg\" \/>\n\t<meta property=\"og:image:width\" content=\"2560\" \/>\n\t<meta property=\"og:image:height\" content=\"1439\" \/>\n\t<meta property=\"og:image:type\" content=\"image\/jpeg\" \/>\n<meta name=\"twitter:card\" content=\"summary_large_image\" \/>\n<meta name=\"twitter:label1\" content=\"Tiempo de lectura\" \/>\n\t<meta name=\"twitter:data1\" content=\"1 minuto\" \/>\n<script type=\"application\/ld+json\" class=\"yoast-schema-graph\">{\"@context\":\"https:\/\/schema.org\",\"@graph\":[{\"@type\":\"WebPage\",\"@id\":\"https:\/\/beauty.latamcatalog.aptar.com\/en\/product\/euromist-heaven\/\",\"url\":\"https:\/\/beauty.latamcatalog.aptar.com\/en\/product\/euromist-heaven\/\",\"name\":\"Euromist Heaven - Latam Catalog\",\"isPartOf\":{\"@id\":\"https:\/\/beauty.latamcatalog.aptar.com\/#website\"},\"datePublished\":\"2022-11-21T19:30:04+00:00\",\"dateModified\":\"2023-06-07T21:16:15+00:00\",\"breadcrumb\":{\"@id\":\"https:\/\/beauty.latamcatalog.aptar.com\/en\/product\/euromist-heaven\/#breadcrumb\"},\"inLanguage\":\"es\",\"potentialAction\":[{\"@type\":\"ReadAction\",\"target\":[\"https:\/\/beauty.latamcatalog.aptar.com\/en\/product\/euromist-heaven\/\"]}]},{\"@type\":\"BreadcrumbList\",\"@id\":\"https:\/\/beauty.latamcatalog.aptar.com\/en\/product\/euromist-heaven\/#breadcrumb\",\"itemListElement\":[{\"@type\":\"ListItem\",\"position\":1,\"name\":\"Home\",\"item\":\"https:\/\/beauty.latamcatalog.aptar.com\/\"},{\"@type\":\"ListItem\",\"position\":2,\"name\":\"Private: Produtos\",\"item\":\"https:\/\/beauty.latamcatalog.aptar.com\/en\/?page_id=20030\"},{\"@type\":\"ListItem\",\"position\":3,\"name\":\"Euromist Heaven\"}]},{\"@type\":\"WebSite\",\"@id\":\"https:\/\/beauty.latamcatalog.aptar.com\/#website\",\"url\":\"https:\/\/beauty.latamcatalog.aptar.com\/\",\"name\":\"Latam Catalog\",\"description\":\"Aptar Latin America Catalog Website\",\"publisher\":{\"@id\":\"https:\/\/beauty.latamcatalog.aptar.com\/#organization\"},\"potentialAction\":[{\"@type\":\"SearchAction\",\"target\":{\"@type\":\"EntryPoint\",\"urlTemplate\":\"https:\/\/beauty.latamcatalog.aptar.com\/?s={search_term_string}\"},\"query-input\":\"required name=search_term_string\"}],\"inLanguage\":\"es\"},{\"@type\":\"Organization\",\"@id\":\"https:\/\/beauty.latamcatalog.aptar.com\/#organization\",\"name\":\"Aptar\",\"url\":\"https:\/\/beauty.latamcatalog.aptar.com\/\",\"logo\":{\"@type\":\"ImageObject\",\"inLanguage\":\"es\",\"@id\":\"https:\/\/beauty.latamcatalog.aptar.com\/#\/schema\/logo\/image\/\",\"url\":\"https:\/\/beauty.latamcatalog.aptar.com\/wp-content\/uploads\/2021\/11\/aptar_logo-01.png\",\"contentUrl\":\"https:\/\/beauty.latamcatalog.aptar.com\/wp-content\/uploads\/2021\/11\/aptar_logo-01.png\",\"width\":492,\"height\":175,\"caption\":\"Aptar\"},\"image\":{\"@id\":\"https:\/\/beauty.latamcatalog.aptar.com\/#\/schema\/logo\/image\/\"}}]}<\/script>\n<!-- \/ Yoast SEO plugin. -->","yoast_head_json":{"title":"Euromist Heaven - Latam Catalog","robots":{"index":"index","follow":"follow","max-snippet":"max-snippet:-1","max-image-preview":"max-image-preview:large","max-video-preview":"max-video-preview:-1"},"canonical":"https:\/\/beauty.latamcatalog.aptar.com\/es\/product\/euromist-heaven\/","og_locale":"es_ES","og_type":"article","og_title":"Euromist Heaven - Latam Catalog","og_description":"A bomba atmosf\u00e9rica spray EuroMist Heaven oferece ativa\u00e7\u00e3o prolongada e uma experi\u00eancia de dispensa\u00e7\u00e3o mais sensual para o consumidor, com uma atua\u00e7\u00e3o de sensa\u00e7\u00e3o mais suave e sem esfor\u00e7o durante a dura\u00e7\u00e3o do spray. A dura\u00e7\u00e3o do spray \u00e9 de at\u00e9 tr\u00eas vezes maior, permitindo que os consumidores apliquem sprays corporais com um gesto amplo para maior cobertura e fragr\u00e2ncia uniforme, permitindo que menos part\u00edculas caiam em uma \u00e1rea, dando a sensa\u00e7\u00e3o de um spray mais seco. A ativa\u00e7\u00e3o prolongada proporciona uma experi\u00eancia mais sensual e a sensa\u00e7\u00e3o de \u201conda de cheiro\u201d que envolve o corpo. EuroMist Heaven foi desenvolvido para formula\u00e7\u00f5es \u00e0 base de \u00e1lcool e \u00e1gua.","og_url":"https:\/\/beauty.latamcatalog.aptar.com\/es\/product\/euromist-heaven\/","og_site_name":"Latam Catalog","article_modified_time":"2023-06-07T21:16:15+00:00","og_image":[{"width":2560,"height":1439,"url":"https:\/\/beauty.latamcatalog.aptar.com\/wp-content\/uploads\/2022\/11\/EuroMist-Heaven-Full-scaled.jpg","type":"image\/jpeg"}],"twitter_card":"summary_large_image","twitter_misc":{"Tiempo de lectura":"1 minuto"},"schema":{"@context":"https:\/\/schema.org","@graph":[{"@type":"WebPage","@id":"https:\/\/beauty.latamcatalog.aptar.com\/en\/product\/euromist-heaven\/","url":"https:\/\/beauty.latamcatalog.aptar.com\/en\/product\/euromist-heaven\/","name":"Euromist Heaven - Latam Catalog","isPartOf":{"@id":"https:\/\/beauty.latamcatalog.aptar.com\/#website"},"datePublished":"2022-11-21T19:30:04+00:00","dateModified":"2023-06-07T21:16:15+00:00","breadcrumb":{"@id":"https:\/\/beauty.latamcatalog.aptar.com\/en\/product\/euromist-heaven\/#breadcrumb"},"inLanguage":"es","potentialAction":[{"@type":"ReadAction","target":["https:\/\/beauty.latamcatalog.aptar.com\/en\/product\/euromist-heaven\/"]}]},{"@type":"BreadcrumbList","@id":"https:\/\/beauty.latamcatalog.aptar.com\/en\/product\/euromist-heaven\/#breadcrumb","itemListElement":[{"@type":"ListItem","position":1,"name":"Home","item":"https:\/\/beauty.latamcatalog.aptar.com\/"},{"@type":"ListItem","position":2,"name":"Private: Produtos","item":"https:\/\/beauty.latamcatalog.aptar.com\/en\/?page_id=20030"},{"@type":"ListItem","position":3,"name":"Euromist Heaven"}]},{"@type":"WebSite","@id":"https:\/\/beauty.latamcatalog.aptar.com\/#website","url":"https:\/\/beauty.latamcatalog.aptar.com\/","name":"Latam Catalog","description":"Aptar Latin America Catalog Website","publisher":{"@id":"https:\/\/beauty.latamcatalog.aptar.com\/#organization"},"potentialAction":[{"@type":"SearchAction","target":{"@type":"EntryPoint","urlTemplate":"https:\/\/beauty.latamcatalog.aptar.com\/?s={search_term_string}"},"query-input":"required name=search_term_string"}],"inLanguage":"es"},{"@type":"Organization","@id":"https:\/\/beauty.latamcatalog.aptar.com\/#organization","name":"Aptar","url":"https:\/\/beauty.latamcatalog.aptar.com\/","logo":{"@type":"ImageObject","inLanguage":"es","@id":"https:\/\/beauty.latamcatalog.aptar.com\/#\/schema\/logo\/image\/","url":"https:\/\/beauty.latamcatalog.aptar.com\/wp-content\/uploads\/2021\/11\/aptar_logo-01.png","contentUrl":"https:\/\/beauty.latamcatalog.aptar.com\/wp-content\/uploads\/2021\/11\/aptar_logo-01.png","width":492,"height":175,"caption":"Aptar"},"image":{"@id":"https:\/\/beauty.latamcatalog.aptar.com\/#\/schema\/logo\/image\/"}}]}},"_links":{"self":[{"href":"https:\/\/beauty.latamcatalog.aptar.com\/es\/wp-json\/wp\/v2\/product\/20581"}],"collection":[{"href":"https:\/\/beauty.latamcatalog.aptar.com\/es\/wp-json\/wp\/v2\/product"}],"about":[{"href":"https:\/\/beauty.latamcatalog.aptar.com\/es\/wp-json\/wp\/v2\/types\/product"}],"wp:featuredmedia":[{"embeddable":true,"href":"https:\/\/beauty.latamcatalog.aptar.com\/es\/wp-json\/wp\/v2\/media\/21366"}],"wp:attachment":[{"href":"https:\/\/beauty.latamcatalog.aptar.com\/es\/wp-json\/wp\/v2\/media?parent=20581"}],"wp:term":[{"taxonomy":"product_cat","embeddable":true,"href":"https:\/\/beauty.latamcatalog.aptar.com\/es\/wp-json\/wp\/v2\/product_cat?post=20581"},{"taxonomy":"product_tag","embeddable":true,"href":"https:\/\/beauty.latamcatalog.aptar.com\/es\/wp-json\/wp\/v2\/product_tag?post=20581"},{"taxonomy":"aptar-tags","embeddable":true,"href":"https:\/\/beauty.latamcatalog.aptar.com\/es\/wp-json\/wp\/v2\/aptar-tags?post=20581"}],"curies":[{"name":"wp","href":"https:\/\/api.w.org\/{rel}","templated":true}]}}