{"id":20515,"date":"2022-11-21T18:00:14","date_gmt":"2022-11-21T18:00:14","guid":{"rendered":"https:\/\/live-beautylatamcatalog.pantheonsite.io\/?post_type=product&#038;p=20515"},"modified":"2023-06-22T22:04:19","modified_gmt":"2023-06-22T22:04:19","slug":"future","status":"publish","type":"product","link":"https:\/\/beauty.latamcatalog.aptar.com\/es\/product\/future\/","title":{"rendered":"<p>Future<\/p>"},"content":{"rendered":"<p>V\u00e1lvula dispensadora de loci\u00f3n de un solo material, galardonada e innovadora, y totalmente reciclable cuando se combina con una botella de PE o PET.<p><strong><span style=\"color: #ffcc99;\">Sostenibilidad:<\/span><\/strong><\/p><p>Future es totalmente reciclable gracias al uso de material de polietileno (PE) y la ausencia de componentes met\u00e1licos y est\u00e1 certificado por Cyclos-HTP, el Instituto para el Reciclaje y la Responsabilidad del Producto. La innovaci\u00f3n tambi\u00e9n se reconoce como ?A? por RecyClass? una iniciativa integral intersectorial que trabaja para establecer un enfoque armonizado para el reciclaje y la trazabilidad en Europa.<\/p><p>&nbsp;<\/p><p><em>[soshsc aptar-company=\u201dAptar\u201d]<\/em><\/p><p>Pa\u00eds: Estados Unidos, Italia<\/p><p><em>[\/soshsc]<\/em><\/p><\/p>","protected":false},"excerpt":{"rendered":"<p>Future es una v\u00e1lvula dosificadora de loci\u00f3n monomaterial y es compatible con la cadena de comercio electr\u00f3nico gracias a su anillo de bloqueo\/desbloqueo incorporado; adem\u00e1s, cuenta con un actuador de giro libre de 360\u00b0 que ayuda a minimizar posibles roturas en tr\u00e1nsito. Future es adecuado para una variedad de viscosidades, personalizable con dos opciones de dosificaci\u00f3n y tres opciones de tama\u00f1o de cuello, y est\u00e1 disponible en una variedad de colores gracias a su exclusivo dise\u00f1o de tres partes. El dise\u00f1o a prueba de agua asegura que la f\u00f3rmula cosm\u00e9tica dentro de la botella permanezca protegida en ambientes h\u00famedos y posible contaminaci\u00f3n bacteriana.<\/p>","protected":false},"featured_media":21735,"template":"","meta":{"inline_featured_image":false},"product_cat":[512,289,516,194],"product_tag":[],"aptar-tags":[308,301],"acf":[],"yoast_head":"<!-- This site is optimized with the Yoast SEO plugin v21.0 - https:\/\/yoast.com\/wordpress\/plugins\/seo\/ -->\n<title>Future - Latam Catalog<\/title>\n<meta name=\"robots\" content=\"index, follow, max-snippet:-1, max-image-preview:large, max-video-preview:-1\" \/>\n<link rel=\"canonical\" href=\"https:\/\/beauty.latamcatalog.aptar.com\/es\/product\/future\/\" \/>\n<meta property=\"og:locale\" content=\"es_ES\" \/>\n<meta property=\"og:type\" content=\"article\" \/>\n<meta property=\"og:title\" content=\"Future - Latam Catalog\" \/>\n<meta property=\"og:description\" content=\"Future \u00e9 uma v\u00e1lvula dispensadora de lo\u00e7\u00e3o monomaterial e \u00e9 compat\u00edvel com a cadeia de com\u00e9rcio eletr\u00f4nico gra\u00e7as ao seu anel de travamento\/destravamento incorporado; al\u00e9m de possuir um atuador de giro livre de 360\u00b0 que ajuda a minimizar poss\u00edveis quebras em tr\u00e2nsito. Future \u00e9 adequado para uma variedade de viscosidades, personaliz\u00e1vel com duas op\u00e7\u00f5es de dosagem e tr\u00eas op\u00e7\u00f5es de tamanho de gargalo, e est\u00e1 dispon\u00edvel em uma variedade de cores gra\u00e7as ao seu design exclusivo de tr\u00eas partes. O design \u00e0 prova d\u00e1gua garante que a f\u00f3rmula cosm\u00e9tica dentro do frasco permane\u00e7a protegida em ambientes \u00famidos e eventuais contamina\u00e7\u00f5es bacterianas.\" \/>\n<meta property=\"og:url\" content=\"https:\/\/beauty.latamcatalog.aptar.com\/es\/product\/future\/\" \/>\n<meta property=\"og:site_name\" content=\"Latam Catalog\" \/>\n<meta property=\"article:modified_time\" content=\"2023-06-22T22:04:19+00:00\" \/>\n<meta property=\"og:image\" content=\"https:\/\/beauty.latamcatalog.aptar.com\/wp-content\/uploads\/2022\/11\/FUTURE-LOTION-PUMP_Black-scaled.jpg\" \/>\n\t<meta property=\"og:image:width\" content=\"2132\" \/>\n\t<meta property=\"og:image:height\" content=\"2560\" \/>\n\t<meta property=\"og:image:type\" content=\"image\/jpeg\" \/>\n<meta name=\"twitter:card\" content=\"summary_large_image\" \/>\n<meta name=\"twitter:label1\" content=\"Tiempo de lectura\" \/>\n\t<meta name=\"twitter:data1\" content=\"2 minutos\" \/>\n<script type=\"application\/ld+json\" class=\"yoast-schema-graph\">{\"@context\":\"https:\/\/schema.org\",\"@graph\":[{\"@type\":\"WebPage\",\"@id\":\"https:\/\/beauty.latamcatalog.aptar.com\/en\/product\/future\/\",\"url\":\"https:\/\/beauty.latamcatalog.aptar.com\/en\/product\/future\/\",\"name\":\"Future - Latam Catalog\",\"isPartOf\":{\"@id\":\"https:\/\/beauty.latamcatalog.aptar.com\/#website\"},\"datePublished\":\"2022-11-21T18:00:14+00:00\",\"dateModified\":\"2023-06-22T22:04:19+00:00\",\"breadcrumb\":{\"@id\":\"https:\/\/beauty.latamcatalog.aptar.com\/en\/product\/future\/#breadcrumb\"},\"inLanguage\":\"es\",\"potentialAction\":[{\"@type\":\"ReadAction\",\"target\":[\"https:\/\/beauty.latamcatalog.aptar.com\/en\/product\/future\/\"]}]},{\"@type\":\"BreadcrumbList\",\"@id\":\"https:\/\/beauty.latamcatalog.aptar.com\/en\/product\/future\/#breadcrumb\",\"itemListElement\":[{\"@type\":\"ListItem\",\"position\":1,\"name\":\"Home\",\"item\":\"https:\/\/beauty.latamcatalog.aptar.com\/\"},{\"@type\":\"ListItem\",\"position\":2,\"name\":\"Private: Produtos\",\"item\":\"https:\/\/beauty.latamcatalog.aptar.com\/en\/?page_id=20030\"},{\"@type\":\"ListItem\",\"position\":3,\"name\":\"Future\"}]},{\"@type\":\"WebSite\",\"@id\":\"https:\/\/beauty.latamcatalog.aptar.com\/#website\",\"url\":\"https:\/\/beauty.latamcatalog.aptar.com\/\",\"name\":\"Latam Catalog\",\"description\":\"Aptar Latin America Catalog Website\",\"publisher\":{\"@id\":\"https:\/\/beauty.latamcatalog.aptar.com\/#organization\"},\"potentialAction\":[{\"@type\":\"SearchAction\",\"target\":{\"@type\":\"EntryPoint\",\"urlTemplate\":\"https:\/\/beauty.latamcatalog.aptar.com\/?s={search_term_string}\"},\"query-input\":\"required name=search_term_string\"}],\"inLanguage\":\"es\"},{\"@type\":\"Organization\",\"@id\":\"https:\/\/beauty.latamcatalog.aptar.com\/#organization\",\"name\":\"Aptar\",\"url\":\"https:\/\/beauty.latamcatalog.aptar.com\/\",\"logo\":{\"@type\":\"ImageObject\",\"inLanguage\":\"es\",\"@id\":\"https:\/\/beauty.latamcatalog.aptar.com\/#\/schema\/logo\/image\/\",\"url\":\"https:\/\/beauty.latamcatalog.aptar.com\/wp-content\/uploads\/2021\/11\/aptar_logo-01.png\",\"contentUrl\":\"https:\/\/beauty.latamcatalog.aptar.com\/wp-content\/uploads\/2021\/11\/aptar_logo-01.png\",\"width\":492,\"height\":175,\"caption\":\"Aptar\"},\"image\":{\"@id\":\"https:\/\/beauty.latamcatalog.aptar.com\/#\/schema\/logo\/image\/\"}}]}<\/script>\n<!-- \/ Yoast SEO plugin. -->","yoast_head_json":{"title":"Future - Latam Catalog","robots":{"index":"index","follow":"follow","max-snippet":"max-snippet:-1","max-image-preview":"max-image-preview:large","max-video-preview":"max-video-preview:-1"},"canonical":"https:\/\/beauty.latamcatalog.aptar.com\/es\/product\/future\/","og_locale":"es_ES","og_type":"article","og_title":"Future - Latam Catalog","og_description":"Future \u00e9 uma v\u00e1lvula dispensadora de lo\u00e7\u00e3o monomaterial e \u00e9 compat\u00edvel com a cadeia de com\u00e9rcio eletr\u00f4nico gra\u00e7as ao seu anel de travamento\/destravamento incorporado; al\u00e9m de possuir um atuador de giro livre de 360\u00b0 que ajuda a minimizar poss\u00edveis quebras em tr\u00e2nsito. Future \u00e9 adequado para uma variedade de viscosidades, personaliz\u00e1vel com duas op\u00e7\u00f5es de dosagem e tr\u00eas op\u00e7\u00f5es de tamanho de gargalo, e est\u00e1 dispon\u00edvel em uma variedade de cores gra\u00e7as ao seu design exclusivo de tr\u00eas partes. O design \u00e0 prova d\u00e1gua garante que a f\u00f3rmula cosm\u00e9tica dentro do frasco permane\u00e7a protegida em ambientes \u00famidos e eventuais contamina\u00e7\u00f5es bacterianas.","og_url":"https:\/\/beauty.latamcatalog.aptar.com\/es\/product\/future\/","og_site_name":"Latam Catalog","article_modified_time":"2023-06-22T22:04:19+00:00","og_image":[{"width":2132,"height":2560,"url":"https:\/\/beauty.latamcatalog.aptar.com\/wp-content\/uploads\/2022\/11\/FUTURE-LOTION-PUMP_Black-scaled.jpg","type":"image\/jpeg"}],"twitter_card":"summary_large_image","twitter_misc":{"Tiempo de lectura":"2 minutos"},"schema":{"@context":"https:\/\/schema.org","@graph":[{"@type":"WebPage","@id":"https:\/\/beauty.latamcatalog.aptar.com\/en\/product\/future\/","url":"https:\/\/beauty.latamcatalog.aptar.com\/en\/product\/future\/","name":"Future - Latam Catalog","isPartOf":{"@id":"https:\/\/beauty.latamcatalog.aptar.com\/#website"},"datePublished":"2022-11-21T18:00:14+00:00","dateModified":"2023-06-22T22:04:19+00:00","breadcrumb":{"@id":"https:\/\/beauty.latamcatalog.aptar.com\/en\/product\/future\/#breadcrumb"},"inLanguage":"es","potentialAction":[{"@type":"ReadAction","target":["https:\/\/beauty.latamcatalog.aptar.com\/en\/product\/future\/"]}]},{"@type":"BreadcrumbList","@id":"https:\/\/beauty.latamcatalog.aptar.com\/en\/product\/future\/#breadcrumb","itemListElement":[{"@type":"ListItem","position":1,"name":"Home","item":"https:\/\/beauty.latamcatalog.aptar.com\/"},{"@type":"ListItem","position":2,"name":"Private: Produtos","item":"https:\/\/beauty.latamcatalog.aptar.com\/en\/?page_id=20030"},{"@type":"ListItem","position":3,"name":"Future"}]},{"@type":"WebSite","@id":"https:\/\/beauty.latamcatalog.aptar.com\/#website","url":"https:\/\/beauty.latamcatalog.aptar.com\/","name":"Latam Catalog","description":"Aptar Latin America Catalog Website","publisher":{"@id":"https:\/\/beauty.latamcatalog.aptar.com\/#organization"},"potentialAction":[{"@type":"SearchAction","target":{"@type":"EntryPoint","urlTemplate":"https:\/\/beauty.latamcatalog.aptar.com\/?s={search_term_string}"},"query-input":"required name=search_term_string"}],"inLanguage":"es"},{"@type":"Organization","@id":"https:\/\/beauty.latamcatalog.aptar.com\/#organization","name":"Aptar","url":"https:\/\/beauty.latamcatalog.aptar.com\/","logo":{"@type":"ImageObject","inLanguage":"es","@id":"https:\/\/beauty.latamcatalog.aptar.com\/#\/schema\/logo\/image\/","url":"https:\/\/beauty.latamcatalog.aptar.com\/wp-content\/uploads\/2021\/11\/aptar_logo-01.png","contentUrl":"https:\/\/beauty.latamcatalog.aptar.com\/wp-content\/uploads\/2021\/11\/aptar_logo-01.png","width":492,"height":175,"caption":"Aptar"},"image":{"@id":"https:\/\/beauty.latamcatalog.aptar.com\/#\/schema\/logo\/image\/"}}]}},"_links":{"self":[{"href":"https:\/\/beauty.latamcatalog.aptar.com\/es\/wp-json\/wp\/v2\/product\/20515"}],"collection":[{"href":"https:\/\/beauty.latamcatalog.aptar.com\/es\/wp-json\/wp\/v2\/product"}],"about":[{"href":"https:\/\/beauty.latamcatalog.aptar.com\/es\/wp-json\/wp\/v2\/types\/product"}],"wp:featuredmedia":[{"embeddable":true,"href":"https:\/\/beauty.latamcatalog.aptar.com\/es\/wp-json\/wp\/v2\/media\/21735"}],"wp:attachment":[{"href":"https:\/\/beauty.latamcatalog.aptar.com\/es\/wp-json\/wp\/v2\/media?parent=20515"}],"wp:term":[{"taxonomy":"product_cat","embeddable":true,"href":"https:\/\/beauty.latamcatalog.aptar.com\/es\/wp-json\/wp\/v2\/product_cat?post=20515"},{"taxonomy":"product_tag","embeddable":true,"href":"https:\/\/beauty.latamcatalog.aptar.com\/es\/wp-json\/wp\/v2\/product_tag?post=20515"},{"taxonomy":"aptar-tags","embeddable":true,"href":"https:\/\/beauty.latamcatalog.aptar.com\/es\/wp-json\/wp\/v2\/aptar-tags?post=20515"}],"curies":[{"name":"wp","href":"https:\/\/api.w.org\/{rel}","templated":true}]}}