{"id":20507,"date":"2022-11-18T18:48:48","date_gmt":"2022-11-18T18:48:48","guid":{"rendered":"https:\/\/live-beautylatamcatalog.pantheonsite.io\/?post_type=product&#038;p=20507"},"modified":"2023-06-22T22:01:24","modified_gmt":"2023-06-22T22:01:24","slug":"easy-spray","status":"publish","type":"product","link":"https:\/\/beauty.latamcatalog.aptar.com\/es\/product\/easy-spray\/","title":{"rendered":"<p>Easy Spray<\/p>"},"content":{"rendered":"<p>Envases en spray para muestras de fragancias.<p><strong><span style=\"color: #ffcc99;\">Sostenibilidad:<\/span><\/strong><\/p><p>Est\u00e1 disponible en Post Consumer Resin (PCR) y certificado Ecocert.<\/p><p>&nbsp;<\/p><p><em>[soshsc aptar-company=\u201dAptar\u201d]<\/em><\/p><p>Pa\u00eds: Francia<\/p><p><em>[\/soshsc]<\/em><\/p><p>&nbsp;<\/p><\/p>","protected":false},"excerpt":{"rendered":"<p>Easy Spray es un mini paquete de fragancia de dise\u00f1o ecol\u00f3gico \u00fanico que contiene solo 6 componentes, que ofrece una experiencia de perfume en aerosol real. Su dise\u00f1o totalmente transparente e inteligente permite una \u00f3ptima compatibilidad olfativa y resalta las caracter\u00edsticas de la fragancia. Disponible en tama\u00f1os de 1,2 ml a 2 ml, as\u00ed como en opciones de materiales como pl\u00e1stico, vidrio o cristal. Ofrece la m\u00e1xima compatibilidad con la f\u00f3rmula ya que es sin contacto con el metal. Easy Spray es el envase ideal para que los consumidores descubran y experimenten las fragancias.<\/p>","protected":false},"featured_media":21397,"template":"","meta":{"inline_featured_image":false},"product_cat":[512,288,517,194],"product_tag":[],"aptar-tags":[308],"acf":[],"yoast_head":"<!-- This site is optimized with the Yoast SEO plugin v21.0 - https:\/\/yoast.com\/wordpress\/plugins\/seo\/ -->\n<title>Easy Spray - Latam Catalog<\/title>\n<meta name=\"robots\" content=\"index, follow, max-snippet:-1, max-image-preview:large, max-video-preview:-1\" \/>\n<link rel=\"canonical\" href=\"https:\/\/beauty.latamcatalog.aptar.com\/es\/product\/easy-spray\/\" \/>\n<meta property=\"og:locale\" content=\"es_ES\" \/>\n<meta property=\"og:type\" content=\"article\" \/>\n<meta property=\"og:title\" content=\"Easy Spray - Latam Catalog\" \/>\n<meta property=\"og:description\" content=\"Easy Spray \u00e9 uma mini embalagem de fragr\u00e2ncia com design ecol\u00f3gico exclusivo que cont\u00e9m apenas 6 componentes, oferecendo uma experi\u00eancia fiel ao spray de perfume de tamanho normal. Seu design totalmente transparente e inteligente permite uma \u00f3tima compatibilidade olfativa e destaca as caracter\u00edsticas da fragr\u00e2ncia. Dispon\u00edvel nos tamanhos de 1,2ml a 2ml,\u00a0 como tamb\u00e9m em\u00a0 op\u00e7\u00f5es de materiais como pl\u00e1stico, vidro ou cristal. Oferece m\u00e1xima compatibilidade com a f\u00f3rmula pois \u00e9 sem contato com metal. Easy Spray \u00e9 a embalagem ideal para os consumidores descobrirem e experimentarem as fragr\u00e2ncias.\" \/>\n<meta property=\"og:url\" content=\"https:\/\/beauty.latamcatalog.aptar.com\/es\/product\/easy-spray\/\" \/>\n<meta property=\"og:site_name\" content=\"Latam Catalog\" \/>\n<meta property=\"article:modified_time\" content=\"2023-06-22T22:01:24+00:00\" \/>\n<meta property=\"og:image\" content=\"https:\/\/beauty.latamcatalog.aptar.com\/wp-content\/uploads\/2022\/11\/EasySpray_2ml-0000-786x1024-1-1.jpg\" \/>\n\t<meta property=\"og:image:width\" content=\"786\" \/>\n\t<meta property=\"og:image:height\" content=\"1024\" \/>\n\t<meta property=\"og:image:type\" content=\"image\/jpeg\" \/>\n<meta name=\"twitter:card\" content=\"summary_large_image\" \/>\n<meta name=\"twitter:label1\" content=\"Tiempo de lectura\" \/>\n\t<meta name=\"twitter:data1\" content=\"1 minuto\" \/>\n<script type=\"application\/ld+json\" class=\"yoast-schema-graph\">{\"@context\":\"https:\/\/schema.org\",\"@graph\":[{\"@type\":\"WebPage\",\"@id\":\"https:\/\/beauty.latamcatalog.aptar.com\/es\/product\/easy-spray\/\",\"url\":\"https:\/\/beauty.latamcatalog.aptar.com\/es\/product\/easy-spray\/\",\"name\":\"Easy Spray - Latam Catalog\",\"isPartOf\":{\"@id\":\"https:\/\/beauty.latamcatalog.aptar.com\/#website\"},\"datePublished\":\"2022-11-18T18:48:48+00:00\",\"dateModified\":\"2023-06-22T22:01:24+00:00\",\"breadcrumb\":{\"@id\":\"https:\/\/beauty.latamcatalog.aptar.com\/es\/product\/easy-spray\/#breadcrumb\"},\"inLanguage\":\"es\",\"potentialAction\":[{\"@type\":\"ReadAction\",\"target\":[\"https:\/\/beauty.latamcatalog.aptar.com\/es\/product\/easy-spray\/\"]}]},{\"@type\":\"BreadcrumbList\",\"@id\":\"https:\/\/beauty.latamcatalog.aptar.com\/es\/product\/easy-spray\/#breadcrumb\",\"itemListElement\":[{\"@type\":\"ListItem\",\"position\":1,\"name\":\"Home\",\"item\":\"https:\/\/beauty.latamcatalog.aptar.com\/\"},{\"@type\":\"ListItem\",\"position\":2,\"name\":\"Private: Produtos\",\"item\":\"https:\/\/beauty.latamcatalog.aptar.com\/en\/?page_id=20030\"},{\"@type\":\"ListItem\",\"position\":3,\"name\":\"Easy Spray\"}]},{\"@type\":\"WebSite\",\"@id\":\"https:\/\/beauty.latamcatalog.aptar.com\/#website\",\"url\":\"https:\/\/beauty.latamcatalog.aptar.com\/\",\"name\":\"Latam Catalog\",\"description\":\"Aptar Latin America Catalog Website\",\"publisher\":{\"@id\":\"https:\/\/beauty.latamcatalog.aptar.com\/#organization\"},\"potentialAction\":[{\"@type\":\"SearchAction\",\"target\":{\"@type\":\"EntryPoint\",\"urlTemplate\":\"https:\/\/beauty.latamcatalog.aptar.com\/?s={search_term_string}\"},\"query-input\":\"required name=search_term_string\"}],\"inLanguage\":\"es\"},{\"@type\":\"Organization\",\"@id\":\"https:\/\/beauty.latamcatalog.aptar.com\/#organization\",\"name\":\"Aptar\",\"url\":\"https:\/\/beauty.latamcatalog.aptar.com\/\",\"logo\":{\"@type\":\"ImageObject\",\"inLanguage\":\"es\",\"@id\":\"https:\/\/beauty.latamcatalog.aptar.com\/#\/schema\/logo\/image\/\",\"url\":\"https:\/\/beauty.latamcatalog.aptar.com\/wp-content\/uploads\/2021\/11\/aptar_logo-01.png\",\"contentUrl\":\"https:\/\/beauty.latamcatalog.aptar.com\/wp-content\/uploads\/2021\/11\/aptar_logo-01.png\",\"width\":492,\"height\":175,\"caption\":\"Aptar\"},\"image\":{\"@id\":\"https:\/\/beauty.latamcatalog.aptar.com\/#\/schema\/logo\/image\/\"}}]}<\/script>\n<!-- \/ Yoast SEO plugin. -->","yoast_head_json":{"title":"Easy Spray - Latam Catalog","robots":{"index":"index","follow":"follow","max-snippet":"max-snippet:-1","max-image-preview":"max-image-preview:large","max-video-preview":"max-video-preview:-1"},"canonical":"https:\/\/beauty.latamcatalog.aptar.com\/es\/product\/easy-spray\/","og_locale":"es_ES","og_type":"article","og_title":"Easy Spray - Latam Catalog","og_description":"Easy Spray \u00e9 uma mini embalagem de fragr\u00e2ncia com design ecol\u00f3gico exclusivo que cont\u00e9m apenas 6 componentes, oferecendo uma experi\u00eancia fiel ao spray de perfume de tamanho normal. Seu design totalmente transparente e inteligente permite uma \u00f3tima compatibilidade olfativa e destaca as caracter\u00edsticas da fragr\u00e2ncia. Dispon\u00edvel nos tamanhos de 1,2ml a 2ml,\u00a0 como tamb\u00e9m em\u00a0 op\u00e7\u00f5es de materiais como pl\u00e1stico, vidro ou cristal. Oferece m\u00e1xima compatibilidade com a f\u00f3rmula pois \u00e9 sem contato com metal. Easy Spray \u00e9 a embalagem ideal para os consumidores descobrirem e experimentarem as fragr\u00e2ncias.","og_url":"https:\/\/beauty.latamcatalog.aptar.com\/es\/product\/easy-spray\/","og_site_name":"Latam Catalog","article_modified_time":"2023-06-22T22:01:24+00:00","og_image":[{"width":786,"height":1024,"url":"https:\/\/beauty.latamcatalog.aptar.com\/wp-content\/uploads\/2022\/11\/EasySpray_2ml-0000-786x1024-1-1.jpg","type":"image\/jpeg"}],"twitter_card":"summary_large_image","twitter_misc":{"Tiempo de lectura":"1 minuto"},"schema":{"@context":"https:\/\/schema.org","@graph":[{"@type":"WebPage","@id":"https:\/\/beauty.latamcatalog.aptar.com\/es\/product\/easy-spray\/","url":"https:\/\/beauty.latamcatalog.aptar.com\/es\/product\/easy-spray\/","name":"Easy Spray - Latam Catalog","isPartOf":{"@id":"https:\/\/beauty.latamcatalog.aptar.com\/#website"},"datePublished":"2022-11-18T18:48:48+00:00","dateModified":"2023-06-22T22:01:24+00:00","breadcrumb":{"@id":"https:\/\/beauty.latamcatalog.aptar.com\/es\/product\/easy-spray\/#breadcrumb"},"inLanguage":"es","potentialAction":[{"@type":"ReadAction","target":["https:\/\/beauty.latamcatalog.aptar.com\/es\/product\/easy-spray\/"]}]},{"@type":"BreadcrumbList","@id":"https:\/\/beauty.latamcatalog.aptar.com\/es\/product\/easy-spray\/#breadcrumb","itemListElement":[{"@type":"ListItem","position":1,"name":"Home","item":"https:\/\/beauty.latamcatalog.aptar.com\/"},{"@type":"ListItem","position":2,"name":"Private: Produtos","item":"https:\/\/beauty.latamcatalog.aptar.com\/en\/?page_id=20030"},{"@type":"ListItem","position":3,"name":"Easy Spray"}]},{"@type":"WebSite","@id":"https:\/\/beauty.latamcatalog.aptar.com\/#website","url":"https:\/\/beauty.latamcatalog.aptar.com\/","name":"Latam Catalog","description":"Aptar Latin America Catalog Website","publisher":{"@id":"https:\/\/beauty.latamcatalog.aptar.com\/#organization"},"potentialAction":[{"@type":"SearchAction","target":{"@type":"EntryPoint","urlTemplate":"https:\/\/beauty.latamcatalog.aptar.com\/?s={search_term_string}"},"query-input":"required name=search_term_string"}],"inLanguage":"es"},{"@type":"Organization","@id":"https:\/\/beauty.latamcatalog.aptar.com\/#organization","name":"Aptar","url":"https:\/\/beauty.latamcatalog.aptar.com\/","logo":{"@type":"ImageObject","inLanguage":"es","@id":"https:\/\/beauty.latamcatalog.aptar.com\/#\/schema\/logo\/image\/","url":"https:\/\/beauty.latamcatalog.aptar.com\/wp-content\/uploads\/2021\/11\/aptar_logo-01.png","contentUrl":"https:\/\/beauty.latamcatalog.aptar.com\/wp-content\/uploads\/2021\/11\/aptar_logo-01.png","width":492,"height":175,"caption":"Aptar"},"image":{"@id":"https:\/\/beauty.latamcatalog.aptar.com\/#\/schema\/logo\/image\/"}}]}},"_links":{"self":[{"href":"https:\/\/beauty.latamcatalog.aptar.com\/es\/wp-json\/wp\/v2\/product\/20507"}],"collection":[{"href":"https:\/\/beauty.latamcatalog.aptar.com\/es\/wp-json\/wp\/v2\/product"}],"about":[{"href":"https:\/\/beauty.latamcatalog.aptar.com\/es\/wp-json\/wp\/v2\/types\/product"}],"wp:featuredmedia":[{"embeddable":true,"href":"https:\/\/beauty.latamcatalog.aptar.com\/es\/wp-json\/wp\/v2\/media\/21397"}],"wp:attachment":[{"href":"https:\/\/beauty.latamcatalog.aptar.com\/es\/wp-json\/wp\/v2\/media?parent=20507"}],"wp:term":[{"taxonomy":"product_cat","embeddable":true,"href":"https:\/\/beauty.latamcatalog.aptar.com\/es\/wp-json\/wp\/v2\/product_cat?post=20507"},{"taxonomy":"product_tag","embeddable":true,"href":"https:\/\/beauty.latamcatalog.aptar.com\/es\/wp-json\/wp\/v2\/product_tag?post=20507"},{"taxonomy":"aptar-tags","embeddable":true,"href":"https:\/\/beauty.latamcatalog.aptar.com\/es\/wp-json\/wp\/v2\/aptar-tags?post=20507"}],"curies":[{"name":"wp","href":"https:\/\/api.w.org\/{rel}","templated":true}]}}