{"id":20389,"date":"2022-10-05T18:39:58","date_gmt":"2022-10-05T18:39:58","guid":{"rendered":"https:\/\/live-beautylatamcatalog.pantheonsite.io\/?page_id=20389"},"modified":"2022-12-01T17:40:40","modified_gmt":"2022-12-01T17:40:40","slug":"termo-de-uso-e-confidencialidade-de-dados","status":"publish","type":"page","link":"https:\/\/beauty.latamcatalog.aptar.com\/es\/termo-de-uso-e-confidencialidade-de-dados\/","title":{"rendered":"<p>Condiciones de uso y confidencialidad de los datos<\/p>"},"content":{"rendered":"<div data-elementor-type=\"wp-page\" data-elementor-id=\"20389\" class=\"elementor elementor-20389\">\n\t\t\t\t\t\t\t\t\t<section data-particle_enable=\"false\" data-particle-mobile-disabled=\"false\" class=\"elementor-section elementor-top-section elementor-element elementor-element-29c02ed elementor-section-boxed elementor-section-height-default elementor-section-height-default\" data-id=\"29c02ed\" data-element_type=\"section\">\n\t\t\t\t\t\t<div class=\"elementor-container elementor-column-gap-default\">\n\t\t\t\t\t<div class=\"elementor-column elementor-col-100 elementor-top-column elementor-element elementor-element-d63ac31\" data-id=\"d63ac31\" data-element_type=\"column\">\n\t\t\t<div class=\"elementor-widget-wrap elementor-element-populated\">\n\t\t\t\t\t\t\t\t<div class=\"elementor-element elementor-element-b2a95fb elementor-widget elementor-widget-heading\" data-id=\"b2a95fb\" data-element_type=\"widget\" data-widget_type=\"heading.default\">\n\t\t\t\t<div class=\"elementor-widget-container\">\n\t\t\t<style>\/*! elementor - v3.15.0 - 20-08-2023 *\/\n.elementor-heading-title{padding:0;margin:0;line-height:1}.elementor-widget-heading .elementor-heading-title[class*=elementor-size-]>a{color:inherit;font-size:inherit;line-height:inherit}.elementor-widget-heading .elementor-heading-title.elementor-size-small{font-size:15px}.elementor-widget-heading .elementor-heading-title.elementor-size-medium{font-size:19px}.elementor-widget-heading .elementor-heading-title.elementor-size-large{font-size:29px}.elementor-widget-heading .elementor-heading-title.elementor-size-xl{font-size:39px}.elementor-widget-heading .elementor-heading-title.elementor-size-xxl{font-size:59px}<\/style><h2 class=\"elementor-heading-title elementor-size-default\">T\u00e9rminos de uso y <span>Confidencialidad de los datos<\/span>\n\n\n<\/h2>\t\t<\/div>\n\t\t\t\t<\/div>\n\t\t\t\t<div class=\"elementor-element elementor-element-f5ec7e2 elementor-widget-divider--view-line elementor-widget elementor-widget-divider\" data-id=\"f5ec7e2\" data-element_type=\"widget\" data-widget_type=\"divider.default\">\n\t\t\t\t<div class=\"elementor-widget-container\">\n\t\t\t<style>\/*! elementor - v3.15.0 - 20-08-2023 *\/\n.elementor-widget-divider{--divider-border-style:none;--divider-border-width:1px;--divider-color:#0c0d0e;--divider-icon-size:20px;--divider-element-spacing:10px;--divider-pattern-height:24px;--divider-pattern-size:20px;--divider-pattern-url:none;--divider-pattern-repeat:repeat-x}.elementor-widget-divider .elementor-divider{display:flex}.elementor-widget-divider .elementor-divider__text{font-size:15px;line-height:1;max-width:95%}.elementor-widget-divider .elementor-divider__element{margin:0 var(--divider-element-spacing);flex-shrink:0}.elementor-widget-divider .elementor-icon{font-size:var(--divider-icon-size)}.elementor-widget-divider .elementor-divider-separator{display:flex;margin:0;direction:ltr}.elementor-widget-divider--view-line_icon .elementor-divider-separator,.elementor-widget-divider--view-line_text .elementor-divider-separator{align-items:center}.elementor-widget-divider--view-line_icon .elementor-divider-separator:after,.elementor-widget-divider--view-line_icon .elementor-divider-separator:before,.elementor-widget-divider--view-line_text .elementor-divider-separator:after,.elementor-widget-divider--view-line_text .elementor-divider-separator:before{display:block;content:\"\";border-bottom:0;flex-grow:1;border-top:var(--divider-border-width) var(--divider-border-style) var(--divider-color)}.elementor-widget-divider--element-align-left .elementor-divider .elementor-divider-separator>.elementor-divider__svg:first-of-type{flex-grow:0;flex-shrink:100}.elementor-widget-divider--element-align-left .elementor-divider-separator:before{content:none}.elementor-widget-divider--element-align-left .elementor-divider__element{margin-left:0}.elementor-widget-divider--element-align-right .elementor-divider .elementor-divider-separator>.elementor-divider__svg:last-of-type{flex-grow:0;flex-shrink:100}.elementor-widget-divider--element-align-right .elementor-divider-separator:after{content:none}.elementor-widget-divider--element-align-right .elementor-divider__element{margin-right:0}.elementor-widget-divider:not(.elementor-widget-divider--view-line_text):not(.elementor-widget-divider--view-line_icon) .elementor-divider-separator{border-top:var(--divider-border-width) var(--divider-border-style) var(--divider-color)}.elementor-widget-divider--separator-type-pattern{--divider-border-style:none}.elementor-widget-divider--separator-type-pattern.elementor-widget-divider--view-line .elementor-divider-separator,.elementor-widget-divider--separator-type-pattern:not(.elementor-widget-divider--view-line) .elementor-divider-separator:after,.elementor-widget-divider--separator-type-pattern:not(.elementor-widget-divider--view-line) .elementor-divider-separator:before,.elementor-widget-divider--separator-type-pattern:not([class*=elementor-widget-divider--view]) .elementor-divider-separator{width:100%;min-height:var(--divider-pattern-height);-webkit-mask-size:var(--divider-pattern-size) 100%;mask-size:var(--divider-pattern-size) 100%;-webkit-mask-repeat:var(--divider-pattern-repeat);mask-repeat:var(--divider-pattern-repeat);background-color:var(--divider-color);-webkit-mask-image:var(--divider-pattern-url);mask-image:var(--divider-pattern-url)}.elementor-widget-divider--no-spacing{--divider-pattern-size:auto}.elementor-widget-divider--bg-round{--divider-pattern-repeat:round}.rtl .elementor-widget-divider .elementor-divider__text{direction:rtl}.e-con-inner>.elementor-widget-divider,.e-con>.elementor-widget-divider{width:var(--container-widget-width,100%);--flex-grow:var(--container-widget-flex-grow)}<\/style>\t\t<div class=\"elementor-divider\">\n\t\t\t<span class=\"elementor-divider-separator\">\n\t\t\t\t\t\t<\/span>\n\t\t<\/div>\n\t\t\t\t<\/div>\n\t\t\t\t<\/div>\n\t\t\t\t\t<\/div>\n\t\t<\/div>\n\t\t\t\t\t\t\t<\/div>\n\t\t<\/section>\n\t\t\t\t<section data-particle_enable=\"false\" data-particle-mobile-disabled=\"false\" class=\"elementor-section elementor-top-section elementor-element elementor-element-2c4924e elementor-section-boxed elementor-section-height-default elementor-section-height-default\" data-id=\"2c4924e\" data-element_type=\"section\">\n\t\t\t\t\t\t<div class=\"elementor-container elementor-column-gap-default\">\n\t\t\t\t\t<div class=\"elementor-column elementor-col-100 elementor-top-column elementor-element elementor-element-9e3a7a5\" data-id=\"9e3a7a5\" data-element_type=\"column\">\n\t\t\t<div class=\"elementor-widget-wrap elementor-element-populated\">\n\t\t\t\t\t\t\t\t<div class=\"elementor-element elementor-element-b04ded2 elementor-widget elementor-widget-text-editor\" data-id=\"b04ded2\" data-element_type=\"widget\" data-widget_type=\"text-editor.default\">\n\t\t\t\t<div class=\"elementor-widget-container\">\n\t\t\t<style>\/*! elementor - v3.15.0 - 20-08-2023 *\/\n.elementor-widget-text-editor.elementor-drop-cap-view-stacked .elementor-drop-cap{background-color:#69727d;color:#fff}.elementor-widget-text-editor.elementor-drop-cap-view-framed .elementor-drop-cap{color:#69727d;border:3px solid;background-color:transparent}.elementor-widget-text-editor:not(.elementor-drop-cap-view-default) .elementor-drop-cap{margin-top:8px}.elementor-widget-text-editor:not(.elementor-drop-cap-view-default) .elementor-drop-cap-letter{width:1em;height:1em}.elementor-widget-text-editor .elementor-drop-cap{float:left;text-align:center;line-height:1;font-size:50px}.elementor-widget-text-editor .elementor-drop-cap-letter{display:inline-block}<\/style>\t\t\t\t<p>Por el presente instrumento, [nombre completo], [nacionalidad], en adelante denominado <strong>TITULAR<\/strong>, Consiento expresamente el tratamiento de mis datos personales para el uso de las funcionalidades disponibles en el sitio web propiedad de <strong>APTAR <\/strong>(?Sitio Web\u201d), bajo las siguientes condiciones:<\/p><p>&nbsp;<\/p><ol><li>El <strong>TITULAR<\/strong> registra, en el presente t\u00e9rmino, su consentimiento expreso, por el cual <strong>ACEPTAR<\/strong> con el tratamiento de sus datos personales, necesario para el completo y adecuado uso del Sitio Web.<\/li><\/ol><p>&nbsp;<\/p><ul><li>Este formulario de consentimiento constituye una expresi\u00f3n libre, informada, inequ\u00edvoca y expresa, as\u00ed como una autorizaci\u00f3n por parte del <strong>TITULAR<\/strong> para que el <strong>APTAR<\/strong> tratar datos personales, con el objetivo de las finalidades espec\u00edficas establecidas en el punto 4.<\/li><li>EL <strong>TITULAR<\/strong> declara, en el presente acto, que los datos personales de los empleados de la <strong>APTAR<\/strong> disponibles en el Sitio web s\u00f3lo podr\u00e1n utilizarse para los fines para los que fueron recopilados (uso de las funcionalidades del Sitio web).<\/li><\/ul><p>&nbsp;<\/p><ol start=\"2\"><li>El <strong>TITULAR<\/strong> acepta expresamente que el <strong>APTAR<\/strong>, como responsable del tratamiento, tomar las decisiones necesarias respecto del tratamiento de sus datos personales en el Sitio Web, de conformidad con el punto 1, y realizar el tratamiento mediante el acceso, almacenamiento, archivo, evaluaci\u00f3n, clasificaci\u00f3n, recopilaci\u00f3n, comunicaci\u00f3n, control, difusi\u00f3n, distribuci\u00f3n. , eliminaci\u00f3n, extracci\u00f3n, modificaci\u00f3n, procesamiento, producci\u00f3n, recepci\u00f3n, reproducci\u00f3n, transferencia, transmisi\u00f3n y uso de sus datos personales.<\/li><\/ol><p>&nbsp;<\/p><ol start=\"3\"><li>EL <strong>APARTE, <\/strong>seg\u00fan el punto 2, el titular est\u00e1 autorizado a procesar los siguientes datos personales:<\/li><\/ol><p>&nbsp;<\/p><ol><li style=\"list-style-type: none;\"><ol><li>Nombre completo;<\/li><li>Fecha de nacimiento y edad;<\/li><li>nacionalidad<\/li><li>Fotograf\u00eda;<\/li><li>direcci\u00f3n electr\u00f3nica (correo electr\u00f3nico);<\/li><li>Cargo e identificaci\u00f3n de la respectiva empresa para la que trabaja.<\/li><li>Comunicaci\u00f3n mantenida entre los <strong>TITULAR<\/strong> y <strong>APTAR<\/strong>;<\/li><\/ol><\/li><\/ol><p>&nbsp;<\/p><ol start=\"4\"><li>El tratamiento de datos personales por <strong>APTAR<\/strong>, contenida en el punto 3, tiene las siguientes finalidades:<\/li><\/ol><p>&nbsp;<\/p><ol><li style=\"list-style-type: none;\"><ol><li>Permitir\/habilitar el uso apropiado de todas las funciones disponibles en el sitio web;<\/li><li>Permitir\/habilitar el <strong>APTAR <\/strong>utilizar cookies para personalizar el contenido y los anuncios <strong>TITULAR<\/strong>, ofrecer funciones de redes sociales y analizar el tr\u00e1fico del sitio web;<\/li><li>Permitir\/habilitar el<strong> APTAR<\/strong> mejorar su sitio web y optimizar procesos;<\/li><li>Permitir\/habilitar el <strong>APTAR <\/strong>podr\u00e1 utilizar los datos para remitir correspondencia y mensajes a trav\u00e9s de medios f\u00edsicos y digitales con fines de comunicaci\u00f3n;<\/li><\/ol><\/li><\/ol><p>&nbsp;<\/p><ol start=\"5\"><li>Los datos personales recogidos y tratados ser\u00e1n almacenados por <strong>APTAR<\/strong>, de acuerdo con las finalidades previstas en el punto 4, exclusivamente en los siguientes casos:<\/li><\/ol><p>&nbsp;<\/p><ol><li style=\"list-style-type: none;\"><ol><li>Hasta que este t\u00e9rmino sea revocado por la <strong>TITULAR<\/strong>;<\/li><li>Seg\u00fan sea necesario para cumplir con el uso pleno y adecuado del <strong>TITULAR <\/strong>del Sitio Web.<\/li><\/ol><\/li><\/ol><p>&nbsp;<\/p><ol start=\"6\"><li>EL <strong>APTAR<\/strong> est\u00e1 autorizado a compartir los datos personales del <strong>TITULAR<\/strong> con otros agentes encargados del tratamiento de datos, incluidos organismos p\u00fablicos, si fuera necesario para cumplir con las finalidades establecidas en el punto 4, observando los principios y garant\u00edas establecidos en la legislaci\u00f3n aplicable en materia de protecci\u00f3n de datos.<\/li><\/ol><p>&nbsp;<\/p><ol start=\"7\"><li>EL <strong>APTAR<\/strong> est\u00e1 autorizado a compartir los datos personales, datos personales sensibles e informaci\u00f3n del <strong>TITULAR<\/strong> en materia de obligaciones legales.<\/li><\/ol><p>&nbsp;<\/p><ol start=\"8\"><li>EL <strong>APTAR<\/strong> est\u00e1 autorizado a compartir datos personales, datos personales sensibles e informaci\u00f3n del <strong>TITULAR<\/strong>, ya sea con empresas del Grupo <strong>Aptar, <\/strong>ya sea con empresas privadas extranjeras, con organismos p\u00fablicos extranjeros, de conformidad con las finalidades descritas en el punto 4, anterior, para efectos de almacenar datos personales.<\/li><\/ol><p>&nbsp;<\/p><ol start=\"9\"><li>EL <strong>APTAR<\/strong> es responsable de adoptar medidas de seguridad, t\u00e9cnicas y administrativas, para proteger los datos personales de accesos no autorizados y situaciones accidentales o il\u00edcitas de destrucci\u00f3n, p\u00e9rdida, alteraci\u00f3n, comunicaci\u00f3n o cualquier forma de tratamiento inadecuado o il\u00edcito.<\/li><\/ol><p>&nbsp;<\/p><ol start=\"10\"><li>EL <strong>APTAR <\/strong>declara cumplir con las leyes de privacidad aplicables y, como controlador, comunicar\u00e1 al <strong>TITULAR <\/strong>la ocurrencia de un incidente de seguridad que podr\u00eda resultar en riesgo o da\u00f1o a <strong>TITULAR<\/strong>.<\/li><\/ol><p>&nbsp;<\/p><ol start=\"11\"><li>Los datos personales descritos en este t\u00e9rmino deber\u00e1n conservarse por el plazo en que sean pertinentes y necesarios para lograr las finalidades previstas en el presente instrumento, excepto los datos personales que deber\u00e1n conservarse por plazos derivados de obligaciones legales que deber\u00e1n respetar el plazo del Ley espec\u00edfica.<\/li><\/ol><p>&nbsp;<\/p><ol start=\"12\"><li>El <strong>TITULAR<\/strong> puedes preguntarle al <strong>APTAR <\/strong>que sus datos personales sean eliminados. En este caso, el <strong>TITULAR<\/strong> declara ser consciente de que puede resultar inviable mantener el acceso al Sitio Web.<\/li><\/ol><p>&nbsp;<\/p><ol start=\"13\"><li>El <strong>TITULAR<\/strong> tiene derecho a obtener de <strong>APTAR<\/strong>, de conformidad con el presente instrumento y en cualquier momento, informaci\u00f3n sobre el tratamiento de datos, previa solicitud expresa.<\/li><\/ol><p>&nbsp;<\/p><ol start=\"14\"><li>El consentimiento contenido en este instrumento podr\u00e1 ser revocado en cualquier momento por el <strong>TITULAR<\/strong>, previa manifestaci\u00f3n expresa, mediante solicitud v\u00eda correo electr\u00f3nico (e-mail) dirigida a la <strong>APTAR<\/strong>.<\/li><\/ol><p>&nbsp;<\/p><ol start=\"15\"><li>EL <strong>TITULAR <\/strong>debe mantener absoluta confidencialidad de toda la informaci\u00f3n puesta a disposici\u00f3n por el <strong>APTAR <\/strong>en el entorno [XXX], y deben considerarse confidenciales. EL <strong>TITULAR <\/strong>no podr\u00e1 revelar informaci\u00f3n confidencial a terceros, bajo pena de pago al <strong>APTAR <\/strong>indemnizaci\u00f3n de los da\u00f1os y perjuicios derivados del incumplimiento del deber de secreto.<\/li><\/ol><p>&nbsp;<\/p><p>&nbsp;<\/p><p>&nbsp;<\/p>\t\t\t\t\t\t<\/div>\n\t\t\t\t<\/div>\n\t\t\t\t\t<\/div>\n\t\t<\/div>\n\t\t\t\t\t\t\t<\/div>\n\t\t<\/section>\n\t\t\t\t\t\t\t<\/div>","protected":false},"excerpt":{"rendered":"<p>Plazo de Uso y Confidencialidad de los Datos Por el presente instrumento, [nombre completo], [nacionalidad], en adelante el TITULAR, consiento expresamente el tratamiento de mis datos personales para el uso de las funcionalidades disponibles en el sitio web propiedad de APTAR ( ?Sitio Web\u201d), bajo las siguientes condiciones: EL TITULAR registra, en el presente t\u00e9rmino, su consentimiento expreso, por el cual ACEPTA el tratamiento [\u2026]<\/p>","protected":false},"author":7,"featured_media":0,"parent":0,"menu_order":0,"comment_status":"closed","ping_status":"closed","template":"elementor_header_footer","meta":{"inline_featured_image":false,"footnotes":""},"acf":[],"yoast_head":"<!-- This site is optimized with the Yoast SEO plugin v21.0 - https:\/\/yoast.com\/wordpress\/plugins\/seo\/ -->\n<title>Termo de Uso e Confidencialidade de Dados - Latam Catalog<\/title>\n<meta name=\"robots\" content=\"index, follow, max-snippet:-1, max-image-preview:large, max-video-preview:-1\" \/>\n<link rel=\"canonical\" href=\"https:\/\/beauty.latamcatalog.aptar.com\/es\/termo-de-uso-e-confidencialidade-de-dados\/\" \/>\n<meta property=\"og:locale\" content=\"es_ES\" \/>\n<meta property=\"og:type\" content=\"article\" \/>\n<meta property=\"og:title\" content=\"Termo de Uso e Confidencialidade de Dados - Latam Catalog\" \/>\n<meta property=\"og:description\" content=\"Termo de Uso e Confidencialidade de Dados Pelo presente instrumento, [nome completo], [nacionalidade], doravante denominado(a) TITULAR, consinto expressamente com o tratamento de meus dados pessoais para a utiliza\u00e7\u00e3o das funcionalidades dispon\u00edveis website de propriedade da APTAR (\u201cWebsite&#8221;), nas seguintes condi\u00e7\u00f5es: \u00a0 O(A) TITULAR registra, neste termo, seu expresso consentimento, pelo qual CONCORDA com o tratamento [&hellip;]\" \/>\n<meta property=\"og:url\" content=\"https:\/\/beauty.latamcatalog.aptar.com\/es\/termo-de-uso-e-confidencialidade-de-dados\/\" \/>\n<meta property=\"og:site_name\" content=\"Latam Catalog\" \/>\n<meta property=\"article:modified_time\" content=\"2022-12-01T17:40:40+00:00\" \/>\n<meta name=\"twitter:card\" content=\"summary_large_image\" \/>\n<meta name=\"twitter:label1\" content=\"Tiempo de lectura\" \/>\n\t<meta name=\"twitter:data1\" content=\"5 minutos\" \/>\n<script type=\"application\/ld+json\" class=\"yoast-schema-graph\">{\"@context\":\"https:\/\/schema.org\",\"@graph\":[{\"@type\":\"WebPage\",\"@id\":\"https:\/\/beauty.latamcatalog.aptar.com\/termo-de-uso-e-confidencialidade-de-dados\/\",\"url\":\"https:\/\/beauty.latamcatalog.aptar.com\/termo-de-uso-e-confidencialidade-de-dados\/\",\"name\":\"Termo de Uso e Confidencialidade de Dados - Latam Catalog\",\"isPartOf\":{\"@id\":\"https:\/\/beauty.latamcatalog.aptar.com\/#website\"},\"datePublished\":\"2022-10-05T18:39:58+00:00\",\"dateModified\":\"2022-12-01T17:40:40+00:00\",\"breadcrumb\":{\"@id\":\"https:\/\/beauty.latamcatalog.aptar.com\/termo-de-uso-e-confidencialidade-de-dados\/#breadcrumb\"},\"inLanguage\":\"es\",\"potentialAction\":[{\"@type\":\"ReadAction\",\"target\":[\"https:\/\/beauty.latamcatalog.aptar.com\/termo-de-uso-e-confidencialidade-de-dados\/\"]}]},{\"@type\":\"BreadcrumbList\",\"@id\":\"https:\/\/beauty.latamcatalog.aptar.com\/termo-de-uso-e-confidencialidade-de-dados\/#breadcrumb\",\"itemListElement\":[{\"@type\":\"ListItem\",\"position\":1,\"name\":\"Home\",\"item\":\"https:\/\/beauty.latamcatalog.aptar.com\/\"},{\"@type\":\"ListItem\",\"position\":2,\"name\":\"Termo de Uso e Confidencialidade de Dados\"}]},{\"@type\":\"WebSite\",\"@id\":\"https:\/\/beauty.latamcatalog.aptar.com\/#website\",\"url\":\"https:\/\/beauty.latamcatalog.aptar.com\/\",\"name\":\"Latam Catalog\",\"description\":\"Aptar Latin America Catalog Website\",\"publisher\":{\"@id\":\"https:\/\/beauty.latamcatalog.aptar.com\/#organization\"},\"potentialAction\":[{\"@type\":\"SearchAction\",\"target\":{\"@type\":\"EntryPoint\",\"urlTemplate\":\"https:\/\/beauty.latamcatalog.aptar.com\/?s={search_term_string}\"},\"query-input\":\"required name=search_term_string\"}],\"inLanguage\":\"es\"},{\"@type\":\"Organization\",\"@id\":\"https:\/\/beauty.latamcatalog.aptar.com\/#organization\",\"name\":\"Aptar\",\"url\":\"https:\/\/beauty.latamcatalog.aptar.com\/\",\"logo\":{\"@type\":\"ImageObject\",\"inLanguage\":\"es\",\"@id\":\"https:\/\/beauty.latamcatalog.aptar.com\/#\/schema\/logo\/image\/\",\"url\":\"https:\/\/beauty.latamcatalog.aptar.com\/wp-content\/uploads\/2021\/11\/aptar_logo-01.png\",\"contentUrl\":\"https:\/\/beauty.latamcatalog.aptar.com\/wp-content\/uploads\/2021\/11\/aptar_logo-01.png\",\"width\":492,\"height\":175,\"caption\":\"Aptar\"},\"image\":{\"@id\":\"https:\/\/beauty.latamcatalog.aptar.com\/#\/schema\/logo\/image\/\"}}]}<\/script>\n<!-- \/ Yoast SEO plugin. -->","yoast_head_json":{"title":"Termo de Uso e Confidencialidade de Dados - Latam Catalog","robots":{"index":"index","follow":"follow","max-snippet":"max-snippet:-1","max-image-preview":"max-image-preview:large","max-video-preview":"max-video-preview:-1"},"canonical":"https:\/\/beauty.latamcatalog.aptar.com\/es\/termo-de-uso-e-confidencialidade-de-dados\/","og_locale":"es_ES","og_type":"article","og_title":"Termo de Uso e Confidencialidade de Dados - Latam Catalog","og_description":"Termo de Uso e Confidencialidade de Dados Pelo presente instrumento, [nome completo], [nacionalidade], doravante denominado(a) TITULAR, consinto expressamente com o tratamento de meus dados pessoais para a utiliza\u00e7\u00e3o das funcionalidades dispon\u00edveis website de propriedade da APTAR (\u201cWebsite&#8221;), nas seguintes condi\u00e7\u00f5es: \u00a0 O(A) TITULAR registra, neste termo, seu expresso consentimento, pelo qual CONCORDA com o tratamento [&hellip;]","og_url":"https:\/\/beauty.latamcatalog.aptar.com\/es\/termo-de-uso-e-confidencialidade-de-dados\/","og_site_name":"Latam Catalog","article_modified_time":"2022-12-01T17:40:40+00:00","twitter_card":"summary_large_image","twitter_misc":{"Tiempo de lectura":"5 minutos"},"schema":{"@context":"https:\/\/schema.org","@graph":[{"@type":"WebPage","@id":"https:\/\/beauty.latamcatalog.aptar.com\/termo-de-uso-e-confidencialidade-de-dados\/","url":"https:\/\/beauty.latamcatalog.aptar.com\/termo-de-uso-e-confidencialidade-de-dados\/","name":"Termo de Uso e Confidencialidade de Dados - Latam Catalog","isPartOf":{"@id":"https:\/\/beauty.latamcatalog.aptar.com\/#website"},"datePublished":"2022-10-05T18:39:58+00:00","dateModified":"2022-12-01T17:40:40+00:00","breadcrumb":{"@id":"https:\/\/beauty.latamcatalog.aptar.com\/termo-de-uso-e-confidencialidade-de-dados\/#breadcrumb"},"inLanguage":"es","potentialAction":[{"@type":"ReadAction","target":["https:\/\/beauty.latamcatalog.aptar.com\/termo-de-uso-e-confidencialidade-de-dados\/"]}]},{"@type":"BreadcrumbList","@id":"https:\/\/beauty.latamcatalog.aptar.com\/termo-de-uso-e-confidencialidade-de-dados\/#breadcrumb","itemListElement":[{"@type":"ListItem","position":1,"name":"Home","item":"https:\/\/beauty.latamcatalog.aptar.com\/"},{"@type":"ListItem","position":2,"name":"Termo de Uso e Confidencialidade de Dados"}]},{"@type":"WebSite","@id":"https:\/\/beauty.latamcatalog.aptar.com\/#website","url":"https:\/\/beauty.latamcatalog.aptar.com\/","name":"Latam Catalog","description":"Aptar Latin America Catalog Website","publisher":{"@id":"https:\/\/beauty.latamcatalog.aptar.com\/#organization"},"potentialAction":[{"@type":"SearchAction","target":{"@type":"EntryPoint","urlTemplate":"https:\/\/beauty.latamcatalog.aptar.com\/?s={search_term_string}"},"query-input":"required name=search_term_string"}],"inLanguage":"es"},{"@type":"Organization","@id":"https:\/\/beauty.latamcatalog.aptar.com\/#organization","name":"Aptar","url":"https:\/\/beauty.latamcatalog.aptar.com\/","logo":{"@type":"ImageObject","inLanguage":"es","@id":"https:\/\/beauty.latamcatalog.aptar.com\/#\/schema\/logo\/image\/","url":"https:\/\/beauty.latamcatalog.aptar.com\/wp-content\/uploads\/2021\/11\/aptar_logo-01.png","contentUrl":"https:\/\/beauty.latamcatalog.aptar.com\/wp-content\/uploads\/2021\/11\/aptar_logo-01.png","width":492,"height":175,"caption":"Aptar"},"image":{"@id":"https:\/\/beauty.latamcatalog.aptar.com\/#\/schema\/logo\/image\/"}}]}},"_links":{"self":[{"href":"https:\/\/beauty.latamcatalog.aptar.com\/es\/wp-json\/wp\/v2\/pages\/20389"}],"collection":[{"href":"https:\/\/beauty.latamcatalog.aptar.com\/es\/wp-json\/wp\/v2\/pages"}],"about":[{"href":"https:\/\/beauty.latamcatalog.aptar.com\/es\/wp-json\/wp\/v2\/types\/page"}],"author":[{"embeddable":true,"href":"https:\/\/beauty.latamcatalog.aptar.com\/es\/wp-json\/wp\/v2\/users\/7"}],"replies":[{"embeddable":true,"href":"https:\/\/beauty.latamcatalog.aptar.com\/es\/wp-json\/wp\/v2\/comments?post=20389"}],"version-history":[{"count":0,"href":"https:\/\/beauty.latamcatalog.aptar.com\/es\/wp-json\/wp\/v2\/pages\/20389\/revisions"}],"wp:attachment":[{"href":"https:\/\/beauty.latamcatalog.aptar.com\/es\/wp-json\/wp\/v2\/media?parent=20389"}],"curies":[{"name":"wp","href":"https:\/\/api.w.org\/{rel}","templated":true}]}}