{"id":19726,"date":"2022-08-11T14:11:53","date_gmt":"2022-08-11T14:11:53","guid":{"rendered":"https:\/\/live-beautylatamcatalog.pantheonsite.io\/?page_id=19726"},"modified":"2023-09-28T11:29:57","modified_gmt":"2023-09-28T11:29:57","slug":"myaptar-faca-seu-login","status":"publish","type":"page","link":"https:\/\/beauty.latamcatalog.aptar.com\/es\/myaptar\/myaptar-faca-seu-login\/","title":{"rendered":"<p>myAptar \u2013 \u00a1Inicia sesi\u00f3n!<\/p>"},"content":{"rendered":"<div data-elementor-type=\"wp-page\" data-elementor-id=\"19726\" class=\"elementor elementor-19726\">\n\t\t\t\t\t\t\t\t\t<section data-particle_enable=\"false\" data-particle-mobile-disabled=\"false\" class=\"elementor-section elementor-top-section elementor-element elementor-element-3479e25 elementor-section-boxed elementor-section-height-default elementor-section-height-default\" data-id=\"3479e25\" data-element_type=\"section\" data-settings='{\"background_background\":\"classic\"}'>\n\t\t\t\t\t\t<div class=\"elementor-container elementor-column-gap-default\">\n\t\t\t\t\t<div class=\"elementor-column elementor-col-50 elementor-top-column elementor-element elementor-element-0fc4cbb\" data-id=\"0fc4cbb\" data-element_type=\"column\">\n\t\t\t<div class=\"elementor-widget-wrap elementor-element-populated\">\n\t\t\t\t\t\t\t\t<div class=\"elementor-element elementor-element-1776d6a elementor-widget elementor-widget-heading\" data-id=\"1776d6a\" data-element_type=\"widget\" data-widget_type=\"heading.default\">\n\t\t\t\t<div class=\"elementor-widget-container\">\n\t\t\t<style>\/*! elementor - v3.15.0 - 20-08-2023 *\/\n.elementor-heading-title{padding:0;margin:0;line-height:1}.elementor-widget-heading .elementor-heading-title[class*=elementor-size-]>a{color:inherit;font-size:inherit;line-height:inherit}.elementor-widget-heading .elementor-heading-title.elementor-size-small{font-size:15px}.elementor-widget-heading .elementor-heading-title.elementor-size-medium{font-size:19px}.elementor-widget-heading .elementor-heading-title.elementor-size-large{font-size:29px}.elementor-widget-heading .elementor-heading-title.elementor-size-xl{font-size:39px}.elementor-widget-heading .elementor-heading-title.elementor-size-xxl{font-size:59px}<\/style><h2 class=\"elementor-heading-title elementor-size-default translation-block\">Iniciar sesi\u00f3n en <b>MiAptar<\/b><\/h2>\t\t<\/div>\n\t\t\t\t<\/div>\n\t\t\t\t<div class=\"elementor-element elementor-element-31b0b0d elementor-widget elementor-widget-heading\" data-id=\"31b0b0d\" data-element_type=\"widget\" data-widget_type=\"heading.default\">\n\t\t\t\t<div class=\"elementor-widget-container\">\n\t\t\t<span class=\"elementor-heading-title elementor-size-default\"><a href=\"https:\/\/beauty.latamcatalog.aptar.com\/es\/myaptar\/lost-password-aptar\/\">\u00bfOlvidaste la contrase\u00f1a?<\/a><\/span>\t\t<\/div>\n\t\t\t\t<\/div>\n\t\t\t\t<div class=\"elementor-element elementor-element-a3b581b elementor-widget elementor-widget-eael-login-register\" data-id=\"a3b581b\" data-element_type=\"widget\" data-widget_type=\"eael-login-register.default\">\n\t\t\t\t<div class=\"elementor-widget-container\">\n\t\t\t        <div class=\"eael-login-registration-wrapper\" data-is-ajax=\"yes\" data-widget-id=\"a3b581b\" data-recaptcha-sitekey=\"\" data-recaptcha-sitekey-v3=\"\" data-login-recaptcha-version=\"v2\" data-register-recaptcha-version=\"v2\" data-redirect-to=\"\/myaptar\/inicio-myaptar\/\" data-resetpassword-redirect-to=\"\">\n\t\t\t            <section id=\"eael-login-form-wrapper\" class=\"\" data-recaptcha-theme=\"light\" data-recaptcha-size=\"normal\">\n                <div class=\"eael-login-form-wrapper eael-lr-form-wrapper style-2 lr-icon-showing\">\n\t\t\t\t\t                        <div class=\"lr-form-wrapper\">\n\t\t\t\t\t\t\t\t\t\t\t\t\t\t                            <form class=\"eael-login-form eael-lr-form\" id=\"eael-login-form\" method=\"post\" action=\"\">\n\t\t\t\t\t\t\t\t                                <div class=\"eael-lr-form-group eael-user-login\">\n\t\t\t\t\t\t\t\t\t                                    <input type=\"text\" name=\"eael-user-login\" id=\"eael-user-login\" class=\"eael-lr-form-control\" aria-describedby=\"emailHelp\" placeholder=\"Correo electr\u00f3nico:\" required>\n\t\t\t\t\t\t\t\t\t<i class=\"fas fa-user\"><\/i>                                <\/div>\n                                <div class=\"eael-lr-form-group eael-user-password\">\n\t\t\t\t\t\t\t\t\t                                    <div class=\"eael-lr-password-wrapper\">\n                                        <input type=\"password\" name=\"eael-user-password\" class=\"eael-lr-form-control\" id=\"eael-user-password\" placeholder=\"Contrase\u00f1a\" required>\n\t\t\t\t\t\t\t\t\t\t\t\t\t\t\t\t\t\t\t\t<i class=\"fas fa-lock\"><\/i>                                    <\/div>\n                                <\/div>\n                                <div class=\"eael-forever-forget eael-lr-form-group\">\n\t\t\t\t\t\t\t\t\t                                        <p class=\"forget-menot\">\n                                            <input name=\"eael-rememberme\" type=\"checkbox\" id=\"rememberme\" class=\"remember-me lr-checkbox\" value=\"forever\">\n                                            <label for=\"rememberme\" class=\"eael-checkbox-label rememberme\">Mant\u00e9n la sesi\u00f3n iniciada<\/label>\n                                        <\/p>\n\t\t\t\t\t\t\t\t\t<p class=\"forget-pass\"><a href=\"https:\/\/beauty.latamcatalog.aptar.com\/es\/myaptar\/lost-password-aptar\/\">olvido la contrase\u00f1a?<\/a><\/p>\n                                <\/div>\n\n\t\t\t\t\t\t\t\t\n\n                                <div class=\"eael-lr-footer\">\n\t\t\t\t\t\t\t\t\t<div class=\"eael-lr-form-loader-wrapper\">\n                                    \t<input type=\"submit\" name=\"eael-login-submit\" id=\"eael-login-submit\" class=\"g-recaptcha eael-lr-btn eael-lr-btn-block\" value=\"Iniciar sesi\u00f3n\">\n\t\t\t\t\t\t\t\t\t\t\n\t\t\t\t\t\t\t\t\t\t\n\t\t\t\t\t\t\t\t\t<\/div>\n\t\t\t\t\t\t\t\t\t\n                                <\/div>\n\t\t\t\t\t\t\t\t                                <div class=\"eael-form-validation-container\">\n\t\t\t\t\t\t\t\t\t                                <\/div>\n\t\t\t\t\t\t\t\t                <input type=\"hidden\" name=\"redirect_to\" value=\"\/myaptar\/inicio-myaptar\/\">\n\t\t\t<input type=\"hidden\" id=\"eael-login-nonce\" name=\"eael-login-nonce\" value=\"107bfa7a69\"><input type=\"hidden\" name=\"_wp_http_referer\" value=\"\/es\/wp-json\/wp\/v2\/pages\/19726\">        <input type=\"hidden\" name=\"page_id\" value=\"19726\">\n\t\t<input type=\"hidden\" name=\"page_id_for_popup\" value=\"19726\">\t   \n\t\t<input type=\"hidden\" name=\"resetpassword_in_popup_selector\" value=\"\">\n        <input type=\"hidden\" name=\"widget_id\" value=\"a3b581b\">\n\t\t                            <input type=\"hidden\" name=\"trp-form-language\" value=\"es\"\/><\/form>\n\t\t\t\t\t\t\t                        <\/div>\n\t\t\t\t\t\t                <\/div>\n\n            <\/section>\n\t\t\t            <section id=\"eael-lostpassword-form-wrapper\" class=\"eael-lr-d-none\">\n                <div class=\"eael-lostpassword-form-wrapper eael-lr-form-wrapper style-2\">\n\t\t\t\t\t\t\t\t\t\t<div class=\"lr-form-wrapper\">\n\t\t\t\t\t\t\t\t\t\t\t\t\t\t\t\t\t\t<form class=\"eael-lostpassword-form eael-lr-form\" id=\"eael-lostpassword-form\" method=\"post\" action=\"\">\n\t\t\t\t\t\t\t\t\t\t\t\t\t\t<div class=\"eael-lr-form-group\">\n\t\t\t\t\t\t\t\t<label for=\"eael-user-lostpassword\" class=\"eael-field-label\" data-no-translation=\"\" data-trp-gettext=\"\">Nombre de usuario o direcci&oacute;n de correo electr&oacute;nico<\/label>\t\t\t\t\t\t\t\t<input type=\"text\" name=\"eael-user-lostpassword\" id=\"eael-user-lostpassword\" class=\"eael-lr-form-control\" aria-describedby=\"emailHelp\" placeholder=\"Nombre de usuario o direcci\u00f3n de correo electr\u00f3nico\" required data-no-translation-placeholder=\"\">\n\t\t\t\t\t\t\t\t\t\t\t\t\t\t\t<\/div>\n\n\t\t\t\t\t\t\t\n\t\t\t\t\t\t\t<div class=\"eael-lr-footer\">\n\t\t\t\t\t\t\t\t<input type=\"submit\" name=\"eael-lostpassword-submit\" id=\"eael-lostpassword-submit\" class=\"eael-lr-btn eael-lr-btn-block\" value=\"Restablecer la contrase\u00f1a\">\n\t\t\t\t\t\t\t\t\t\t\t\t\t\t\t\t\t<div class=\"eael-sign-wrapper\">\n\t\t\t\t\t\t\t\t\t\t<span class=\"d-ib\"> <\/span> <a href=\"\" id=\"eael-lr-login-toggle-lostpassword\" class=\"eael-lr-link\" data-action=\"form\">Iniciar sesi\u00f3n<\/a>\t\t\t\t\t\t\t\t\t<\/div>\n\t\t\t\t\t\t\t\t\n\t\t\t\t\t\t\t<\/div>\n\t\t\t\t\t\t\t\t\t\t\t\t\t\t<div class=\"eael-form-validation-container\">\n\t\t\t\t\t\t\t\t\t\t\t\t\t\t\t<\/div>\n\t\t\t\t\t\t\t<input type=\"hidden\" id=\"eael-lostpassword-nonce\" name=\"eael-lostpassword-nonce\" value=\"c26cc019cc\"><input type=\"hidden\" name=\"_wp_http_referer\" value=\"\/es\/wp-json\/wp\/v2\/pages\/19726\">        <input type=\"hidden\" name=\"page_id\" value=\"19726\">\n\t\t<input type=\"hidden\" name=\"page_id_for_popup\" value=\"19726\">\t   \n\t\t<input type=\"hidden\" name=\"resetpassword_in_popup_selector\" value=\"\">\n        <input type=\"hidden\" name=\"widget_id\" value=\"a3b581b\">\n\t\t\t\t\t\t\t\t<input type=\"hidden\" name=\"trp-form-language\" value=\"es\"\/><\/form>\n\t\t\t\t\t\t\t\t\t\t\t<\/div>\n\t\t\t\t\t                <\/div>\n\n            <\/section>\n\t\t\t        <\/div>\n\n\t\t\t\t<\/div>\n\t\t\t\t<\/div>\n\t\t\t\t<div class=\"elementor-element elementor-element-f1c80a5 eael-tooltip-align-center elementor-hidden-desktop elementor-hidden-tablet elementor-hidden-mobile eael-tooltip-text-align-left elementor-widget elementor-widget-eael-tooltip\" data-id=\"f1c80a5\" data-element_type=\"widget\" data-widget_type=\"eael-tooltip.default\">\n\t\t\t\t<div class=\"elementor-widget-container\">\n\t\t\t\t<div class=\"eael-tooltip\">\n\t\t\t\t\t<span class=\"eael-tooltip-content\"><p>\u00bfQuieres ser parte de miAptar?<\/p><\/span>\n  \t\t\t<span class=\"eael-tooltip-text eael-tooltip-right\" data-no-translation=\"\" data-trp-gettext=\"\">Para obtener acceso a miAptar env&iacute;e un correo electr&oacute;nico a @<\/span>\n  \t\t\t<\/div>\n\t\t\t<\/div>\n\t\t\t\t<\/div>\n\t\t\t\t<div class=\"elementor-element elementor-element-d0687d8 elementor-widget elementor-widget-spacer\" data-id=\"d0687d8\" data-element_type=\"widget\" data-widget_type=\"spacer.default\">\n\t\t\t\t<div class=\"elementor-widget-container\">\n\t\t\t<style>\/*! elementor - v3.15.0 - 20-08-2023 *\/\n.elementor-column .elementor-spacer-inner{height:var(--spacer-size)}.e-con{--container-widget-width:100%}.e-con-inner>.elementor-widget-spacer,.e-con>.elementor-widget-spacer{width:var(--container-widget-width,var(--spacer-size));--align-self:var(--container-widget-align-self,initial);--flex-shrink:0}.e-con-inner>.elementor-widget-spacer>.elementor-widget-container,.e-con-inner>.elementor-widget-spacer>.elementor-widget-container>.elementor-spacer,.e-con>.elementor-widget-spacer>.elementor-widget-container,.e-con>.elementor-widget-spacer>.elementor-widget-container>.elementor-spacer{height:100%}.e-con-inner>.elementor-widget-spacer>.elementor-widget-container>.elementor-spacer>.elementor-spacer-inner,.e-con>.elementor-widget-spacer>.elementor-widget-container>.elementor-spacer>.elementor-spacer-inner{height:var(--container-widget-height,var(--spacer-size))}<\/style>\t\t<div class=\"elementor-spacer\">\n\t\t\t<div class=\"elementor-spacer-inner\"><\/div>\n\t\t<\/div>\n\t\t\t\t<\/div>\n\t\t\t\t<\/div>\n\t\t\t\t\t<\/div>\n\t\t<\/div>\n\t\t\t\t<div class=\"elementor-column elementor-col-50 elementor-top-column elementor-element elementor-element-f23dcb3\" data-id=\"f23dcb3\" data-element_type=\"column\">\n\t\t\t<div class=\"elementor-widget-wrap elementor-element-populated\">\n\t\t\t\t\t\t\t\t<div class=\"elementor-element elementor-element-6581059 elementor-widget elementor-widget-spacer\" data-id=\"6581059\" data-element_type=\"widget\" data-widget_type=\"spacer.default\">\n\t\t\t\t<div class=\"elementor-widget-container\">\n\t\t\t\t\t<div class=\"elementor-spacer\">\n\t\t\t<div class=\"elementor-spacer-inner\"><\/div>\n\t\t<\/div>\n\t\t\t\t<\/div>\n\t\t\t\t<\/div>\n\t\t\t\t<div class=\"elementor-element elementor-element-baa2714 elementor-invisible elementor-widget elementor-widget-image\" data-id=\"baa2714\" data-element_type=\"widget\" data-settings='{\"motion_fx_motion_fx_mouse\":\"yes\",\"motion_fx_mouseTrack_effect\":\"yes\",\"motion_fx_mouseTrack_speed\":{\"unit\":\"px\",\"size\":0.3,\"sizes\":[]},\"_animation\":\"fadeInDown\"}' data-widget_type=\"image.default\">\n\t\t\t\t<div class=\"elementor-widget-container\">\n\t\t\t<style>\/*! elementor - v3.15.0 - 20-08-2023 *\/\n.elementor-widget-image{text-align:center}.elementor-widget-image a{display:inline-block}.elementor-widget-image a img[src$=\".svg\"]{width:48px}.elementor-widget-image img{vertical-align:middle;display:inline-block}<\/style>\t\t\t\t\t\t\t\t\t\t\t\t<img decoding=\"async\" width=\"213\" height=\"140\" src=\"https:\/\/beauty.latamcatalog.aptar.com\/wp-content\/uploads\/2022\/07\/Camada-5-1.png\" class=\"attachment-large size-large wp-image-19632\" alt=\"\">\t\t\t\t\t\t\t\t\t\t\t\t\t\t\t<\/div>\n\t\t\t\t<\/div>\n\t\t\t\t\t<\/div>\n\t\t<\/div>\n\t\t\t\t\t\t\t<\/div>\n\t\t<\/section>\n\t\t\t\t\t\t\t<\/div>","protected":false},"excerpt":{"rendered":"<p>Inicia sesi\u00f3n en myAptar \u00bfOlvidaste tu contrase\u00f1a? Ya has iniciado sesi\u00f3n como Fabrizio Bonelli. (Desconectar) Nombre de usuario o direcci\u00f3n de correo electr\u00f3nico Iniciar sesi\u00f3n \u00bfQuieres ser parte de myAptar? Para acceder a myAptar env\u00ede un correo electr\u00f3nico a @<\/p>","protected":false},"author":7,"featured_media":0,"parent":19793,"menu_order":0,"comment_status":"closed","ping_status":"closed","template":"elementor_header_footer","meta":{"inline_featured_image":false,"footnotes":""},"acf":[],"yoast_head":"<!-- This site is optimized with the Yoast SEO plugin v21.0 - https:\/\/yoast.com\/wordpress\/plugins\/seo\/ -->\n<title>myAptar - Fa\u00e7a seu login! - Latam Catalog<\/title>\n<meta name=\"robots\" content=\"index, follow, max-snippet:-1, max-image-preview:large, max-video-preview:-1\" \/>\n<link rel=\"canonical\" href=\"https:\/\/beauty.latamcatalog.aptar.com\/es\/myaptar\/myaptar-faca-seu-login\/\" \/>\n<meta property=\"og:locale\" content=\"es_ES\" \/>\n<meta property=\"og:type\" content=\"article\" \/>\n<meta property=\"og:title\" content=\"myAptar - Fa\u00e7a seu login! - Latam Catalog\" \/>\n<meta property=\"og:description\" content=\"Entrar em myAptar Esqueceu a sua senha? Voc\u00ea j\u00e1 est\u00e1 conectado como Fabrizio Bonelli. (Desconectar) Nome de usu\u00e1rio ou endere\u00e7o de e-mail Sign In Quer fazer parte do myAptar? Para ter acesso ao myAptar envie um e-mail para @\" \/>\n<meta property=\"og:url\" content=\"https:\/\/beauty.latamcatalog.aptar.com\/es\/myaptar\/myaptar-faca-seu-login\/\" \/>\n<meta property=\"og:site_name\" content=\"Latam Catalog\" \/>\n<meta property=\"article:modified_time\" content=\"2023-09-28T11:29:57+00:00\" \/>\n<meta property=\"og:image\" content=\"https:\/\/live-beautylatamcatalog.pantheonsite.io\/wp-content\/uploads\/2022\/07\/Camada-5-1.png\" \/>\n<meta name=\"twitter:card\" content=\"summary_large_image\" \/>\n<meta name=\"twitter:label1\" content=\"Tiempo de lectura\" \/>\n\t<meta name=\"twitter:data1\" content=\"1 minuto\" \/>\n<script type=\"application\/ld+json\" class=\"yoast-schema-graph\">{\"@context\":\"https:\/\/schema.org\",\"@graph\":[{\"@type\":\"WebPage\",\"@id\":\"https:\/\/beauty.latamcatalog.aptar.com\/en\/myaptar\/myaptar-faca-seu-login\/\",\"url\":\"https:\/\/beauty.latamcatalog.aptar.com\/en\/myaptar\/myaptar-faca-seu-login\/\",\"name\":\"myAptar - Fa\u00e7a seu login! - Latam Catalog\",\"isPartOf\":{\"@id\":\"https:\/\/beauty.latamcatalog.aptar.com\/#website\"},\"datePublished\":\"2022-08-11T14:11:53+00:00\",\"dateModified\":\"2023-09-28T11:29:57+00:00\",\"breadcrumb\":{\"@id\":\"https:\/\/beauty.latamcatalog.aptar.com\/en\/myaptar\/myaptar-faca-seu-login\/#breadcrumb\"},\"inLanguage\":\"es\",\"potentialAction\":[{\"@type\":\"ReadAction\",\"target\":[\"https:\/\/beauty.latamcatalog.aptar.com\/en\/myaptar\/myaptar-faca-seu-login\/\"]}]},{\"@type\":\"BreadcrumbList\",\"@id\":\"https:\/\/beauty.latamcatalog.aptar.com\/en\/myaptar\/myaptar-faca-seu-login\/#breadcrumb\",\"itemListElement\":[{\"@type\":\"ListItem\",\"position\":1,\"name\":\"Home\",\"item\":\"https:\/\/beauty.latamcatalog.aptar.com\/\"},{\"@type\":\"ListItem\",\"position\":2,\"name\":\"Private: myAptar\",\"item\":\"https:\/\/beauty.latamcatalog.aptar.com\/en\/?page_id=19793\"},{\"@type\":\"ListItem\",\"position\":3,\"name\":\"myAptar &#8211; Fa\u00e7a seu login!\"}]},{\"@type\":\"WebSite\",\"@id\":\"https:\/\/beauty.latamcatalog.aptar.com\/#website\",\"url\":\"https:\/\/beauty.latamcatalog.aptar.com\/\",\"name\":\"Latam Catalog\",\"description\":\"Aptar Latin America Catalog Website\",\"publisher\":{\"@id\":\"https:\/\/beauty.latamcatalog.aptar.com\/#organization\"},\"potentialAction\":[{\"@type\":\"SearchAction\",\"target\":{\"@type\":\"EntryPoint\",\"urlTemplate\":\"https:\/\/beauty.latamcatalog.aptar.com\/?s={search_term_string}\"},\"query-input\":\"required name=search_term_string\"}],\"inLanguage\":\"es\"},{\"@type\":\"Organization\",\"@id\":\"https:\/\/beauty.latamcatalog.aptar.com\/#organization\",\"name\":\"Aptar\",\"url\":\"https:\/\/beauty.latamcatalog.aptar.com\/\",\"logo\":{\"@type\":\"ImageObject\",\"inLanguage\":\"es\",\"@id\":\"https:\/\/beauty.latamcatalog.aptar.com\/#\/schema\/logo\/image\/\",\"url\":\"https:\/\/beauty.latamcatalog.aptar.com\/wp-content\/uploads\/2021\/11\/aptar_logo-01.png\",\"contentUrl\":\"https:\/\/beauty.latamcatalog.aptar.com\/wp-content\/uploads\/2021\/11\/aptar_logo-01.png\",\"width\":492,\"height\":175,\"caption\":\"Aptar\"},\"image\":{\"@id\":\"https:\/\/beauty.latamcatalog.aptar.com\/#\/schema\/logo\/image\/\"}}]}<\/script>\n<!-- \/ Yoast SEO plugin. -->","yoast_head_json":{"title":"myAptar - Fa\u00e7a seu login! - Latam Catalog","robots":{"index":"index","follow":"follow","max-snippet":"max-snippet:-1","max-image-preview":"max-image-preview:large","max-video-preview":"max-video-preview:-1"},"canonical":"https:\/\/beauty.latamcatalog.aptar.com\/es\/myaptar\/myaptar-faca-seu-login\/","og_locale":"es_ES","og_type":"article","og_title":"myAptar - Fa\u00e7a seu login! - Latam Catalog","og_description":"Entrar em myAptar Esqueceu a sua senha? Voc\u00ea j\u00e1 est\u00e1 conectado como Fabrizio Bonelli. (Desconectar) Nome de usu\u00e1rio ou endere\u00e7o de e-mail Sign In Quer fazer parte do myAptar? Para ter acesso ao myAptar envie um e-mail para @","og_url":"https:\/\/beauty.latamcatalog.aptar.com\/es\/myaptar\/myaptar-faca-seu-login\/","og_site_name":"Latam Catalog","article_modified_time":"2023-09-28T11:29:57+00:00","og_image":[{"url":"https:\/\/live-beautylatamcatalog.pantheonsite.io\/wp-content\/uploads\/2022\/07\/Camada-5-1.png"}],"twitter_card":"summary_large_image","twitter_misc":{"Tiempo de lectura":"1 minuto"},"schema":{"@context":"https:\/\/schema.org","@graph":[{"@type":"WebPage","@id":"https:\/\/beauty.latamcatalog.aptar.com\/en\/myaptar\/myaptar-faca-seu-login\/","url":"https:\/\/beauty.latamcatalog.aptar.com\/en\/myaptar\/myaptar-faca-seu-login\/","name":"myAptar - Fa\u00e7a seu login! - Latam Catalog","isPartOf":{"@id":"https:\/\/beauty.latamcatalog.aptar.com\/#website"},"datePublished":"2022-08-11T14:11:53+00:00","dateModified":"2023-09-28T11:29:57+00:00","breadcrumb":{"@id":"https:\/\/beauty.latamcatalog.aptar.com\/en\/myaptar\/myaptar-faca-seu-login\/#breadcrumb"},"inLanguage":"es","potentialAction":[{"@type":"ReadAction","target":["https:\/\/beauty.latamcatalog.aptar.com\/en\/myaptar\/myaptar-faca-seu-login\/"]}]},{"@type":"BreadcrumbList","@id":"https:\/\/beauty.latamcatalog.aptar.com\/en\/myaptar\/myaptar-faca-seu-login\/#breadcrumb","itemListElement":[{"@type":"ListItem","position":1,"name":"Home","item":"https:\/\/beauty.latamcatalog.aptar.com\/"},{"@type":"ListItem","position":2,"name":"Private: myAptar","item":"https:\/\/beauty.latamcatalog.aptar.com\/en\/?page_id=19793"},{"@type":"ListItem","position":3,"name":"myAptar &#8211; Fa\u00e7a seu login!"}]},{"@type":"WebSite","@id":"https:\/\/beauty.latamcatalog.aptar.com\/#website","url":"https:\/\/beauty.latamcatalog.aptar.com\/","name":"Latam Catalog","description":"Aptar Latin America Catalog Website","publisher":{"@id":"https:\/\/beauty.latamcatalog.aptar.com\/#organization"},"potentialAction":[{"@type":"SearchAction","target":{"@type":"EntryPoint","urlTemplate":"https:\/\/beauty.latamcatalog.aptar.com\/?s={search_term_string}"},"query-input":"required name=search_term_string"}],"inLanguage":"es"},{"@type":"Organization","@id":"https:\/\/beauty.latamcatalog.aptar.com\/#organization","name":"Aptar","url":"https:\/\/beauty.latamcatalog.aptar.com\/","logo":{"@type":"ImageObject","inLanguage":"es","@id":"https:\/\/beauty.latamcatalog.aptar.com\/#\/schema\/logo\/image\/","url":"https:\/\/beauty.latamcatalog.aptar.com\/wp-content\/uploads\/2021\/11\/aptar_logo-01.png","contentUrl":"https:\/\/beauty.latamcatalog.aptar.com\/wp-content\/uploads\/2021\/11\/aptar_logo-01.png","width":492,"height":175,"caption":"Aptar"},"image":{"@id":"https:\/\/beauty.latamcatalog.aptar.com\/#\/schema\/logo\/image\/"}}]}},"_links":{"self":[{"href":"https:\/\/beauty.latamcatalog.aptar.com\/es\/wp-json\/wp\/v2\/pages\/19726"}],"collection":[{"href":"https:\/\/beauty.latamcatalog.aptar.com\/es\/wp-json\/wp\/v2\/pages"}],"about":[{"href":"https:\/\/beauty.latamcatalog.aptar.com\/es\/wp-json\/wp\/v2\/types\/page"}],"author":[{"embeddable":true,"href":"https:\/\/beauty.latamcatalog.aptar.com\/es\/wp-json\/wp\/v2\/users\/7"}],"replies":[{"embeddable":true,"href":"https:\/\/beauty.latamcatalog.aptar.com\/es\/wp-json\/wp\/v2\/comments?post=19726"}],"version-history":[{"count":0,"href":"https:\/\/beauty.latamcatalog.aptar.com\/es\/wp-json\/wp\/v2\/pages\/19726\/revisions"}],"up":[{"embeddable":true,"href":"https:\/\/beauty.latamcatalog.aptar.com\/es\/wp-json\/wp\/v2\/pages\/19793"}],"wp:attachment":[{"href":"https:\/\/beauty.latamcatalog.aptar.com\/es\/wp-json\/wp\/v2\/media?parent=19726"}],"curies":[{"name":"wp","href":"https:\/\/api.w.org\/{rel}","templated":true}]}}