{"id":22543,"date":"2025-11-14T17:09:13","date_gmt":"2025-11-14T17:09:13","guid":{"rendered":"https:\/\/beauty.latamcatalog.aptar.com\/?post_type=product&#038;p=22543"},"modified":"2025-11-14T17:18:39","modified_gmt":"2025-11-14T17:18:39","slug":"hda","status":"publish","type":"product","link":"https:\/\/beauty.latamcatalog.aptar.com\/en\/product\/hda\/","title":{"rendered":"<p>HDA<\/p>"},"content":{"rendered":"<p>Atmospheric pump high-dose lotion<p><em>[soshsc aptar-company=\u201dAptar\u201d]<\/em><\/p><p>Country: Gold Rain \u2013 China<\/p><p><em>[\/soshsc]<\/em><\/p><p>&nbsp;<\/p><\/p>","protected":false},"excerpt":{"rendered":"<p>HDA combines design, form, and functionality for a high-performance dispensing experience. With a reduced pump height of 19 mm (total height of 23.75 mm), it provides better shelf presence. The down-locking system helps minimize the risk of leaks during transport, making it ideal for larger-format personal care products sold through multiple distribution channels.<p>It is highly compatible with different formulations, thanks to its modular and customizable design, which is POM-free, and the product does not come into contact with the metal spring.<\/p><p>The HDA is available with two actuator options and with either a plastic or metal collar, allowing for greater brand differentiation or premium positioning.<\/p><p>&nbsp;<\/p><\/p>","protected":false},"featured_media":22545,"template":"","meta":{"inline_featured_image":false},"product_cat":[512,289,516,194],"product_tag":[],"aptar-tags":[],"acf":[],"yoast_head":"<!-- This site is optimized with the Yoast SEO plugin v21.0 - https:\/\/yoast.com\/wordpress\/plugins\/seo\/ -->\n<title>HDA - Latam Catalog<\/title>\n<meta name=\"robots\" content=\"index, follow, max-snippet:-1, max-image-preview:large, max-video-preview:-1\" \/>\n<link rel=\"canonical\" href=\"https:\/\/beauty.latamcatalog.aptar.com\/en\/product\/hda\/\" \/>\n<meta property=\"og:locale\" content=\"en_US\" \/>\n<meta property=\"og:type\" content=\"article\" \/>\n<meta property=\"og:title\" content=\"HDA - Latam Catalog\" \/>\n<meta property=\"og:description\" content=\"HDA combina design, forma e funcionalidade para uma experi\u00eancia de dispensa\u00e7\u00e3o de alto desempenho. Com altura reduzida da bomba de 19 mm (altura total de 23,75 mm), proporciona melhor presen\u00e7a nas prateleiras. O sistema de travamento down locking ajuda a minimizar o risco de vazamentos durante o transporte, tornando-o ideal para produtos de cuidados pessoais em formatos maiores, vendidos por m\u00faltiplos canais de distribui\u00e7\u00e3o.  \u00c9 altamente compat\u00edvel com diferentes formula\u00e7\u00f5es, gra\u00e7as ao m\u00f3dulo modular e personaliz\u00e1vel, livre de POM, e o produto n\u00e3o entra em contato com a mola de metal.  O HDA est\u00e1 dispon\u00edvel com duas op\u00e7\u00f5es de atuadores e com colar pl\u00e1stico ou met\u00e1lico, permitindo maior diferencia\u00e7\u00e3o de marca ou posicionamento premium.  &nbsp;\" \/>\n<meta property=\"og:url\" content=\"https:\/\/beauty.latamcatalog.aptar.com\/en\/product\/hda\/\" \/>\n<meta property=\"og:site_name\" content=\"Latam Catalog\" \/>\n<meta property=\"article:modified_time\" content=\"2025-11-14T17:18:39+00:00\" \/>\n<meta property=\"og:image\" content=\"https:\/\/beauty.latamcatalog.aptar.com\/wp-content\/uploads\/2025\/11\/HDA-28-410.png\" \/>\n\t<meta property=\"og:image:width\" content=\"3840\" \/>\n\t<meta property=\"og:image:height\" content=\"3840\" \/>\n\t<meta property=\"og:image:type\" content=\"image\/png\" \/>\n<meta name=\"twitter:card\" content=\"summary_large_image\" \/>\n<meta name=\"twitter:label1\" content=\"Est. reading time\" \/>\n\t<meta name=\"twitter:data1\" content=\"1 minute\" \/>\n<script type=\"application\/ld+json\" class=\"yoast-schema-graph\">{\"@context\":\"https:\/\/schema.org\",\"@graph\":[{\"@type\":\"WebPage\",\"@id\":\"https:\/\/beauty.latamcatalog.aptar.com\/product\/hda\/\",\"url\":\"https:\/\/beauty.latamcatalog.aptar.com\/product\/hda\/\",\"name\":\"HDA - Latam Catalog\",\"isPartOf\":{\"@id\":\"https:\/\/beauty.latamcatalog.aptar.com\/#website\"},\"datePublished\":\"2025-11-14T17:09:13+00:00\",\"dateModified\":\"2025-11-14T17:18:39+00:00\",\"breadcrumb\":{\"@id\":\"https:\/\/beauty.latamcatalog.aptar.com\/product\/hda\/#breadcrumb\"},\"inLanguage\":\"en-US\",\"potentialAction\":[{\"@type\":\"ReadAction\",\"target\":[\"https:\/\/beauty.latamcatalog.aptar.com\/product\/hda\/\"]}]},{\"@type\":\"BreadcrumbList\",\"@id\":\"https:\/\/beauty.latamcatalog.aptar.com\/product\/hda\/#breadcrumb\",\"itemListElement\":[{\"@type\":\"ListItem\",\"position\":1,\"name\":\"Home\",\"item\":\"https:\/\/beauty.latamcatalog.aptar.com\/\"},{\"@type\":\"ListItem\",\"position\":2,\"name\":\"Private: Produtos\",\"item\":\"https:\/\/beauty.latamcatalog.aptar.com\/en\/?page_id=20030\"},{\"@type\":\"ListItem\",\"position\":3,\"name\":\"HDA\"}]},{\"@type\":\"WebSite\",\"@id\":\"https:\/\/beauty.latamcatalog.aptar.com\/#website\",\"url\":\"https:\/\/beauty.latamcatalog.aptar.com\/\",\"name\":\"Latam Catalog\",\"description\":\"Aptar Latin America Catalog Website\",\"publisher\":{\"@id\":\"https:\/\/beauty.latamcatalog.aptar.com\/#organization\"},\"potentialAction\":[{\"@type\":\"SearchAction\",\"target\":{\"@type\":\"EntryPoint\",\"urlTemplate\":\"https:\/\/beauty.latamcatalog.aptar.com\/?s={search_term_string}\"},\"query-input\":\"required name=search_term_string\"}],\"inLanguage\":\"en-US\"},{\"@type\":\"Organization\",\"@id\":\"https:\/\/beauty.latamcatalog.aptar.com\/#organization\",\"name\":\"Aptar\",\"url\":\"https:\/\/beauty.latamcatalog.aptar.com\/\",\"logo\":{\"@type\":\"ImageObject\",\"inLanguage\":\"en-US\",\"@id\":\"https:\/\/beauty.latamcatalog.aptar.com\/#\/schema\/logo\/image\/\",\"url\":\"https:\/\/beauty.latamcatalog.aptar.com\/wp-content\/uploads\/2021\/11\/aptar_logo-01.png\",\"contentUrl\":\"https:\/\/beauty.latamcatalog.aptar.com\/wp-content\/uploads\/2021\/11\/aptar_logo-01.png\",\"width\":492,\"height\":175,\"caption\":\"Aptar\"},\"image\":{\"@id\":\"https:\/\/beauty.latamcatalog.aptar.com\/#\/schema\/logo\/image\/\"}}]}<\/script>\n<!-- \/ Yoast SEO plugin. -->","yoast_head_json":{"title":"HDA - Latam Catalog","robots":{"index":"index","follow":"follow","max-snippet":"max-snippet:-1","max-image-preview":"max-image-preview:large","max-video-preview":"max-video-preview:-1"},"canonical":"https:\/\/beauty.latamcatalog.aptar.com\/en\/product\/hda\/","og_locale":"en_US","og_type":"article","og_title":"HDA - Latam Catalog","og_description":"HDA combina design, forma e funcionalidade para uma experi\u00eancia de dispensa\u00e7\u00e3o de alto desempenho. Com altura reduzida da bomba de 19 mm (altura total de 23,75 mm), proporciona melhor presen\u00e7a nas prateleiras. O sistema de travamento down locking ajuda a minimizar o risco de vazamentos durante o transporte, tornando-o ideal para produtos de cuidados pessoais em formatos maiores, vendidos por m\u00faltiplos canais de distribui\u00e7\u00e3o.  \u00c9 altamente compat\u00edvel com diferentes formula\u00e7\u00f5es, gra\u00e7as ao m\u00f3dulo modular e personaliz\u00e1vel, livre de POM, e o produto n\u00e3o entra em contato com a mola de metal.  O HDA est\u00e1 dispon\u00edvel com duas op\u00e7\u00f5es de atuadores e com colar pl\u00e1stico ou met\u00e1lico, permitindo maior diferencia\u00e7\u00e3o de marca ou posicionamento premium.  &nbsp;","og_url":"https:\/\/beauty.latamcatalog.aptar.com\/en\/product\/hda\/","og_site_name":"Latam Catalog","article_modified_time":"2025-11-14T17:18:39+00:00","og_image":[{"width":"3840","height":"3840","url":"https:\/\/beauty.latamcatalog.aptar.com\/wp-content\/uploads\/2025\/11\/HDA-28-410.png","type":"image\/png"}],"twitter_card":"summary_large_image","twitter_misc":{"Est. reading time":"1 minute"},"schema":{"@context":"https:\/\/schema.org","@graph":[{"@type":"WebPage","@id":"https:\/\/beauty.latamcatalog.aptar.com\/product\/hda\/","url":"https:\/\/beauty.latamcatalog.aptar.com\/product\/hda\/","name":"HDA - Latam Catalog","isPartOf":{"@id":"https:\/\/beauty.latamcatalog.aptar.com\/#website"},"datePublished":"2025-11-14T17:09:13+00:00","dateModified":"2025-11-14T17:18:39+00:00","breadcrumb":{"@id":"https:\/\/beauty.latamcatalog.aptar.com\/product\/hda\/#breadcrumb"},"inLanguage":"en-US","potentialAction":[{"@type":"ReadAction","target":["https:\/\/beauty.latamcatalog.aptar.com\/product\/hda\/"]}]},{"@type":"BreadcrumbList","@id":"https:\/\/beauty.latamcatalog.aptar.com\/product\/hda\/#breadcrumb","itemListElement":[{"@type":"ListItem","position":1,"name":"Home","item":"https:\/\/beauty.latamcatalog.aptar.com\/"},{"@type":"ListItem","position":2,"name":"Private: Produtos","item":"https:\/\/beauty.latamcatalog.aptar.com\/en\/?page_id=20030"},{"@type":"ListItem","position":3,"name":"HDA"}]},{"@type":"WebSite","@id":"https:\/\/beauty.latamcatalog.aptar.com\/#website","url":"https:\/\/beauty.latamcatalog.aptar.com\/","name":"Latam Catalog","description":"Aptar Latin America Catalog Website","publisher":{"@id":"https:\/\/beauty.latamcatalog.aptar.com\/#organization"},"potentialAction":[{"@type":"SearchAction","target":{"@type":"EntryPoint","urlTemplate":"https:\/\/beauty.latamcatalog.aptar.com\/?s={search_term_string}"},"query-input":"required name=search_term_string"}],"inLanguage":"en-US"},{"@type":"Organization","@id":"https:\/\/beauty.latamcatalog.aptar.com\/#organization","name":"Aptar","url":"https:\/\/beauty.latamcatalog.aptar.com\/","logo":{"@type":"ImageObject","inLanguage":"en-US","@id":"https:\/\/beauty.latamcatalog.aptar.com\/#\/schema\/logo\/image\/","url":"https:\/\/beauty.latamcatalog.aptar.com\/wp-content\/uploads\/2021\/11\/aptar_logo-01.png","contentUrl":"https:\/\/beauty.latamcatalog.aptar.com\/wp-content\/uploads\/2021\/11\/aptar_logo-01.png","width":492,"height":175,"caption":"Aptar"},"image":{"@id":"https:\/\/beauty.latamcatalog.aptar.com\/#\/schema\/logo\/image\/"}}]}},"_links":{"self":[{"href":"https:\/\/beauty.latamcatalog.aptar.com\/en\/wp-json\/wp\/v2\/product\/22543"}],"collection":[{"href":"https:\/\/beauty.latamcatalog.aptar.com\/en\/wp-json\/wp\/v2\/product"}],"about":[{"href":"https:\/\/beauty.latamcatalog.aptar.com\/en\/wp-json\/wp\/v2\/types\/product"}],"wp:featuredmedia":[{"embeddable":true,"href":"https:\/\/beauty.latamcatalog.aptar.com\/en\/wp-json\/wp\/v2\/media\/22545"}],"wp:attachment":[{"href":"https:\/\/beauty.latamcatalog.aptar.com\/en\/wp-json\/wp\/v2\/media?parent=22543"}],"wp:term":[{"taxonomy":"product_cat","embeddable":true,"href":"https:\/\/beauty.latamcatalog.aptar.com\/en\/wp-json\/wp\/v2\/product_cat?post=22543"},{"taxonomy":"product_tag","embeddable":true,"href":"https:\/\/beauty.latamcatalog.aptar.com\/en\/wp-json\/wp\/v2\/product_tag?post=22543"},{"taxonomy":"aptar-tags","embeddable":true,"href":"https:\/\/beauty.latamcatalog.aptar.com\/en\/wp-json\/wp\/v2\/aptar-tags?post=22543"}],"curies":[{"name":"wp","href":"https:\/\/api.w.org\/{rel}","templated":true}]}}