{"id":22523,"date":"2025-10-09T18:35:43","date_gmt":"2025-10-09T18:35:43","guid":{"rendered":"https:\/\/beauty.latamcatalog.aptar.com\/?post_type=product&#038;p=22523"},"modified":"2025-10-09T18:47:44","modified_gmt":"2025-10-09T18:47:44","slug":"tsp","status":"publish","type":"product","link":"https:\/\/beauty.latamcatalog.aptar.com\/en\/product\/tsp\/","title":{"rendered":"<p>HDP<\/p>"},"content":{"rendered":"<p>Full Plastic High Dosage Lotion Atmospheric Pump<p>Totally plastic<\/p><p>Refillable<\/p><p><em>[soshsc aptar-company=\u201dAptar\u201d]<\/em><\/p><p>Country: Sun&amp;L \u2013 Asia<\/p><p><em>[\/soshsc]<\/em><\/p><p>&nbsp;<\/p><\/p>","protected":false},"excerpt":{"rendered":"<p><strong>All-plastic, high-dose metering pump with the lowest stacking height and e-commerce-compatible<\/strong><p>A <strong>HDP<\/strong> combines sustainability, formula compatibility, and omnichannel packaging needs in an innovative solution. With a metal-free spring positioned outside the dispensing chamber, its all-plastic design is optimized for formula compatibility and high recyclability. It is fully recyclable within the waste stream. <strong>polypropylene (PP)<\/strong> and is available with up to <strong>50% Post-Consumer Recycled Resin (PCR)<\/strong>.<\/p><p>A <strong>HDP<\/strong> It is also optimized to meet the demands of omnichannel packaging. The twist-lock system with a downward lock makes the HDP compatible with e-commerce*, ensuring safe transport and practical use on the go. <strong>reduced collar height<\/strong> improves product shelf presence and adapts well to retail. With <strong>15 mm<\/strong>, is the smallest collar height available for high dosage products on the market.<\/p><p>A <strong>HDP<\/strong> It&#039;s highly customizable to reinforce your brand identity. It&#039;s available with two neck options, in-mold coloring, and various finishes for the pump or collar.<\/p><\/p>","protected":false},"featured_media":22530,"template":"","meta":{"inline_featured_image":false},"product_cat":[512,289,516,194],"product_tag":[],"aptar-tags":[],"acf":[],"yoast_head":"<!-- This site is optimized with the Yoast SEO plugin v21.0 - https:\/\/yoast.com\/wordpress\/plugins\/seo\/ -->\n<title>HDP - Latam Catalog<\/title>\n<meta name=\"robots\" content=\"index, follow, max-snippet:-1, max-image-preview:large, max-video-preview:-1\" \/>\n<link rel=\"canonical\" href=\"https:\/\/beauty.latamcatalog.aptar.com\/en\/product\/tsp\/\" \/>\n<meta property=\"og:locale\" content=\"en_US\" \/>\n<meta property=\"og:type\" content=\"article\" \/>\n<meta property=\"og:title\" content=\"HDP - Latam Catalog\" \/>\n<meta property=\"og:description\" content=\"Bomba dosadora totalmente em pl\u00e1stico, de alta dosagem, com a menor altura de empilhamento e compat\u00edvel com e-commerce  A HDP combina sustentabilidade, compatibilidade com f\u00f3rmulas e necessidades de embalagens omnichannel em uma solu\u00e7\u00e3o inovadora. Com uma mola livre de metal posicionada fora da c\u00e2mara de dosagem, seu design totalmente em pl\u00e1stico \u00e9 otimizado para compatibilidade com f\u00f3rmulas e alta reciclabilidade. \u00c9 totalmente recicl\u00e1vel dentro do fluxo de res\u00edduos de polipropileno (PP) e est\u00e1 dispon\u00edvel com at\u00e9 50% de resina reciclada p\u00f3s-consumo (PCR).  A HDP tamb\u00e9m \u00e9 otimizada para atender \u00e0s demandas de embalagens omnichannel. O sistema de trava por rota\u00e7\u00e3o com bloqueio para baixo torna a HDP compat\u00edvel com e-commerce*, garantindo seguran\u00e7a no transporte e praticidade no uso em movimento. A altura reduzida do colar melhora a presen\u00e7a do produto na prateleira e se adapta bem ao varejo. Com 15 mm, \u00e9 a menor altura de colar dispon\u00edvel para produtos de alta dosagem no mercado.  A HDP \u00e9 altamente personaliz\u00e1vel para refor\u00e7ar a identidade da marca. Est\u00e1 dispon\u00edvel com duas op\u00e7\u00f5es de gargalo, colora\u00e7\u00e3o no molde e diversos acabamentos para a bomba ou colar.\" \/>\n<meta property=\"og:url\" content=\"https:\/\/beauty.latamcatalog.aptar.com\/en\/product\/tsp\/\" \/>\n<meta property=\"og:site_name\" content=\"Latam Catalog\" \/>\n<meta property=\"article:modified_time\" content=\"2025-10-09T18:47:44+00:00\" \/>\n<meta property=\"og:image\" content=\"https:\/\/beauty.latamcatalog.aptar.com\/wp-content\/uploads\/2025\/10\/Aptar-Beauty-HDP-All-Plastic-High-Dose-Dispensing-Pump-28-Neck-Finish-Hero.png\" \/>\n\t<meta property=\"og:image:width\" content=\"515\" \/>\n\t<meta property=\"og:image:height\" content=\"418\" \/>\n\t<meta property=\"og:image:type\" content=\"image\/png\" \/>\n<meta name=\"twitter:card\" content=\"summary_large_image\" \/>\n<meta name=\"twitter:label1\" content=\"Est. reading time\" \/>\n\t<meta name=\"twitter:data1\" content=\"1 minute\" \/>\n<script type=\"application\/ld+json\" class=\"yoast-schema-graph\">{\"@context\":\"https:\/\/schema.org\",\"@graph\":[{\"@type\":\"WebPage\",\"@id\":\"https:\/\/beauty.latamcatalog.aptar.com\/product\/tsp\/\",\"url\":\"https:\/\/beauty.latamcatalog.aptar.com\/product\/tsp\/\",\"name\":\"HDP - Latam Catalog\",\"isPartOf\":{\"@id\":\"https:\/\/beauty.latamcatalog.aptar.com\/#website\"},\"datePublished\":\"2025-10-09T18:35:43+00:00\",\"dateModified\":\"2025-10-09T18:47:44+00:00\",\"breadcrumb\":{\"@id\":\"https:\/\/beauty.latamcatalog.aptar.com\/product\/tsp\/#breadcrumb\"},\"inLanguage\":\"en-US\",\"potentialAction\":[{\"@type\":\"ReadAction\",\"target\":[\"https:\/\/beauty.latamcatalog.aptar.com\/product\/tsp\/\"]}]},{\"@type\":\"BreadcrumbList\",\"@id\":\"https:\/\/beauty.latamcatalog.aptar.com\/product\/tsp\/#breadcrumb\",\"itemListElement\":[{\"@type\":\"ListItem\",\"position\":1,\"name\":\"Home\",\"item\":\"https:\/\/beauty.latamcatalog.aptar.com\/\"},{\"@type\":\"ListItem\",\"position\":2,\"name\":\"Private: Produtos\",\"item\":\"https:\/\/beauty.latamcatalog.aptar.com\/en\/?page_id=20030\"},{\"@type\":\"ListItem\",\"position\":3,\"name\":\"HDP\"}]},{\"@type\":\"WebSite\",\"@id\":\"https:\/\/beauty.latamcatalog.aptar.com\/#website\",\"url\":\"https:\/\/beauty.latamcatalog.aptar.com\/\",\"name\":\"Latam Catalog\",\"description\":\"Aptar Latin America Catalog Website\",\"publisher\":{\"@id\":\"https:\/\/beauty.latamcatalog.aptar.com\/#organization\"},\"potentialAction\":[{\"@type\":\"SearchAction\",\"target\":{\"@type\":\"EntryPoint\",\"urlTemplate\":\"https:\/\/beauty.latamcatalog.aptar.com\/?s={search_term_string}\"},\"query-input\":\"required name=search_term_string\"}],\"inLanguage\":\"en-US\"},{\"@type\":\"Organization\",\"@id\":\"https:\/\/beauty.latamcatalog.aptar.com\/#organization\",\"name\":\"Aptar\",\"url\":\"https:\/\/beauty.latamcatalog.aptar.com\/\",\"logo\":{\"@type\":\"ImageObject\",\"inLanguage\":\"en-US\",\"@id\":\"https:\/\/beauty.latamcatalog.aptar.com\/#\/schema\/logo\/image\/\",\"url\":\"https:\/\/beauty.latamcatalog.aptar.com\/wp-content\/uploads\/2021\/11\/aptar_logo-01.png\",\"contentUrl\":\"https:\/\/beauty.latamcatalog.aptar.com\/wp-content\/uploads\/2021\/11\/aptar_logo-01.png\",\"width\":492,\"height\":175,\"caption\":\"Aptar\"},\"image\":{\"@id\":\"https:\/\/beauty.latamcatalog.aptar.com\/#\/schema\/logo\/image\/\"}}]}<\/script>\n<!-- \/ Yoast SEO plugin. -->","yoast_head_json":{"title":"HDP - Latam Catalog","robots":{"index":"index","follow":"follow","max-snippet":"max-snippet:-1","max-image-preview":"max-image-preview:large","max-video-preview":"max-video-preview:-1"},"canonical":"https:\/\/beauty.latamcatalog.aptar.com\/en\/product\/tsp\/","og_locale":"en_US","og_type":"article","og_title":"HDP - Latam Catalog","og_description":"Bomba dosadora totalmente em pl\u00e1stico, de alta dosagem, com a menor altura de empilhamento e compat\u00edvel com e-commerce  A HDP combina sustentabilidade, compatibilidade com f\u00f3rmulas e necessidades de embalagens omnichannel em uma solu\u00e7\u00e3o inovadora. Com uma mola livre de metal posicionada fora da c\u00e2mara de dosagem, seu design totalmente em pl\u00e1stico \u00e9 otimizado para compatibilidade com f\u00f3rmulas e alta reciclabilidade. \u00c9 totalmente recicl\u00e1vel dentro do fluxo de res\u00edduos de polipropileno (PP) e est\u00e1 dispon\u00edvel com at\u00e9 50% de resina reciclada p\u00f3s-consumo (PCR).  A HDP tamb\u00e9m \u00e9 otimizada para atender \u00e0s demandas de embalagens omnichannel. O sistema de trava por rota\u00e7\u00e3o com bloqueio para baixo torna a HDP compat\u00edvel com e-commerce*, garantindo seguran\u00e7a no transporte e praticidade no uso em movimento. A altura reduzida do colar melhora a presen\u00e7a do produto na prateleira e se adapta bem ao varejo. Com 15 mm, \u00e9 a menor altura de colar dispon\u00edvel para produtos de alta dosagem no mercado.  A HDP \u00e9 altamente personaliz\u00e1vel para refor\u00e7ar a identidade da marca. Est\u00e1 dispon\u00edvel com duas op\u00e7\u00f5es de gargalo, colora\u00e7\u00e3o no molde e diversos acabamentos para a bomba ou colar.","og_url":"https:\/\/beauty.latamcatalog.aptar.com\/en\/product\/tsp\/","og_site_name":"Latam Catalog","article_modified_time":"2025-10-09T18:47:44+00:00","og_image":[{"width":515,"height":418,"url":"https:\/\/beauty.latamcatalog.aptar.com\/wp-content\/uploads\/2025\/10\/Aptar-Beauty-HDP-All-Plastic-High-Dose-Dispensing-Pump-28-Neck-Finish-Hero.png","type":"image\/png"}],"twitter_card":"summary_large_image","twitter_misc":{"Est. reading time":"1 minute"},"schema":{"@context":"https:\/\/schema.org","@graph":[{"@type":"WebPage","@id":"https:\/\/beauty.latamcatalog.aptar.com\/product\/tsp\/","url":"https:\/\/beauty.latamcatalog.aptar.com\/product\/tsp\/","name":"HDP - Latam Catalog","isPartOf":{"@id":"https:\/\/beauty.latamcatalog.aptar.com\/#website"},"datePublished":"2025-10-09T18:35:43+00:00","dateModified":"2025-10-09T18:47:44+00:00","breadcrumb":{"@id":"https:\/\/beauty.latamcatalog.aptar.com\/product\/tsp\/#breadcrumb"},"inLanguage":"en-US","potentialAction":[{"@type":"ReadAction","target":["https:\/\/beauty.latamcatalog.aptar.com\/product\/tsp\/"]}]},{"@type":"BreadcrumbList","@id":"https:\/\/beauty.latamcatalog.aptar.com\/product\/tsp\/#breadcrumb","itemListElement":[{"@type":"ListItem","position":1,"name":"Home","item":"https:\/\/beauty.latamcatalog.aptar.com\/"},{"@type":"ListItem","position":2,"name":"Private: Produtos","item":"https:\/\/beauty.latamcatalog.aptar.com\/en\/?page_id=20030"},{"@type":"ListItem","position":3,"name":"HDP"}]},{"@type":"WebSite","@id":"https:\/\/beauty.latamcatalog.aptar.com\/#website","url":"https:\/\/beauty.latamcatalog.aptar.com\/","name":"Latam Catalog","description":"Aptar Latin America Catalog Website","publisher":{"@id":"https:\/\/beauty.latamcatalog.aptar.com\/#organization"},"potentialAction":[{"@type":"SearchAction","target":{"@type":"EntryPoint","urlTemplate":"https:\/\/beauty.latamcatalog.aptar.com\/?s={search_term_string}"},"query-input":"required name=search_term_string"}],"inLanguage":"en-US"},{"@type":"Organization","@id":"https:\/\/beauty.latamcatalog.aptar.com\/#organization","name":"Aptar","url":"https:\/\/beauty.latamcatalog.aptar.com\/","logo":{"@type":"ImageObject","inLanguage":"en-US","@id":"https:\/\/beauty.latamcatalog.aptar.com\/#\/schema\/logo\/image\/","url":"https:\/\/beauty.latamcatalog.aptar.com\/wp-content\/uploads\/2021\/11\/aptar_logo-01.png","contentUrl":"https:\/\/beauty.latamcatalog.aptar.com\/wp-content\/uploads\/2021\/11\/aptar_logo-01.png","width":492,"height":175,"caption":"Aptar"},"image":{"@id":"https:\/\/beauty.latamcatalog.aptar.com\/#\/schema\/logo\/image\/"}}]}},"_links":{"self":[{"href":"https:\/\/beauty.latamcatalog.aptar.com\/en\/wp-json\/wp\/v2\/product\/22523"}],"collection":[{"href":"https:\/\/beauty.latamcatalog.aptar.com\/en\/wp-json\/wp\/v2\/product"}],"about":[{"href":"https:\/\/beauty.latamcatalog.aptar.com\/en\/wp-json\/wp\/v2\/types\/product"}],"wp:featuredmedia":[{"embeddable":true,"href":"https:\/\/beauty.latamcatalog.aptar.com\/en\/wp-json\/wp\/v2\/media\/22530"}],"wp:attachment":[{"href":"https:\/\/beauty.latamcatalog.aptar.com\/en\/wp-json\/wp\/v2\/media?parent=22523"}],"wp:term":[{"taxonomy":"product_cat","embeddable":true,"href":"https:\/\/beauty.latamcatalog.aptar.com\/en\/wp-json\/wp\/v2\/product_cat?post=22523"},{"taxonomy":"product_tag","embeddable":true,"href":"https:\/\/beauty.latamcatalog.aptar.com\/en\/wp-json\/wp\/v2\/product_tag?post=22523"},{"taxonomy":"aptar-tags","embeddable":true,"href":"https:\/\/beauty.latamcatalog.aptar.com\/en\/wp-json\/wp\/v2\/aptar-tags?post=22523"}],"curies":[{"name":"wp","href":"https:\/\/api.w.org\/{rel}","templated":true}]}}