{"id":22454,"date":"2025-04-10T20:20:38","date_gmt":"2025-04-10T20:20:38","guid":{"rendered":"https:\/\/beauty.latamcatalog.aptar.com\/?post_type=product&#038;p=22454"},"modified":"2025-04-10T20:32:36","modified_gmt":"2025-04-10T20:32:36","slug":"gsaadvance","status":"publish","type":"product","link":"https:\/\/beauty.latamcatalog.aptar.com\/en\/product\/gsaadvance\/","title":{"rendered":"<p>GSA Advance<\/p>"},"content":{"rendered":"<p>Atmospheric Lotion Pump Full Plastic<p>Available in Post-Consumer Resin (PCR).<\/p><p>Totally plastic<\/p><p>Refillable<\/p><p><em>[soshsc aptar-company=\u201dAptar\u201d]<\/em><\/p><p>Country: Italy, Mexico, Brazil<\/p><p><em>[\/soshsc]<\/em><\/p><p>&nbsp;<\/p><\/p>","protected":false},"excerpt":{"rendered":"<p>GSA Advance is the next generation of all-plastic lotion pump designed for sustainability.<br>\nIt consists of an all-polyolefin pump to maximize recyclability. The innovation is made from polypropylene (PP) and polyethylene (PE), from the polyolefin family, making it suitable for the main plastic recycling streams, while ensuring the same high performance and design.<br>\nGSA Advance combines convenience with design. It is an omnichannel pump that is e-commerce-friendly and offers a wide range of d\u00e9cor and design options, ranging from premium to lifestyle, to help reinforce brand value. By focusing on consumer-favorite packaging styles based on trusted technologies, Aptar Beauty helps customers facilitate a sustainable transition without compromising product quality and performance.<\/p>","protected":false},"featured_media":22455,"template":"","meta":{"inline_featured_image":false},"product_cat":[512,289,516,194],"product_tag":[],"aptar-tags":[],"acf":[],"yoast_head":"<!-- This site is optimized with the Yoast SEO plugin v21.0 - https:\/\/yoast.com\/wordpress\/plugins\/seo\/ -->\n<title>GSA Advance - Latam Catalog<\/title>\n<meta name=\"robots\" content=\"index, follow, max-snippet:-1, max-image-preview:large, max-video-preview:-1\" \/>\n<link rel=\"canonical\" href=\"https:\/\/beauty.latamcatalog.aptar.com\/en\/product\/gsaadvance\/\" \/>\n<meta property=\"og:locale\" content=\"en_US\" \/>\n<meta property=\"og:type\" content=\"article\" \/>\n<meta property=\"og:title\" content=\"GSA Advance - Latam Catalog\" \/>\n<meta property=\"og:description\" content=\"GSA Advance \u00e9 a nova gera\u00e7\u00e3o de bomba de lo\u00e7\u00e3o totalmente pl\u00e1stica projetada para sustentabilidade. Consiste em uma bomba toda de poliolefina para maximizar a reciclabilidade. A inova\u00e7\u00e3o \u00e9 feita de polipropileno (PP) e polietileno (PE), da fam\u00edlia das poliolefinas, tornando-a adequada aos principais fluxos de reciclagem de pl\u00e1stico, ao mesmo tempo em que garante o mesmo alto desempenho e design. A GSA Advance combina conveni\u00eancia com design. \u00c9 uma bomba omnicanal que \u00e9 compat\u00edvel com e-commerce e oferece uma ampla gama de op\u00e7\u00f5es de decora\u00e7\u00e3o e design, que v\u00e3o do premium ao lifestyle, para ajudar a refor\u00e7ar o valor da marca.\u00a0 Ao focar em refer\u00eancias de embalagens favoritas do consumidor com base em tecnologias confi\u00e1veis , a Aptar Beauty ajuda os clientes a facilitar uma transi\u00e7\u00e3o sustent\u00e1vel, sem comprometer a qualidade e o desempenho do produto.\" \/>\n<meta property=\"og:url\" content=\"https:\/\/beauty.latamcatalog.aptar.com\/en\/product\/gsaadvance\/\" \/>\n<meta property=\"og:site_name\" content=\"Latam Catalog\" \/>\n<meta property=\"article:modified_time\" content=\"2025-04-10T20:32:36+00:00\" \/>\n<meta property=\"og:image\" content=\"https:\/\/beauty.latamcatalog.aptar.com\/wp-content\/uploads\/2025\/04\/476088015-GSA-Advance-K2-1.png\" \/>\n\t<meta property=\"og:image:width\" content=\"2048\" \/>\n\t<meta property=\"og:image:height\" content=\"2048\" \/>\n\t<meta property=\"og:image:type\" content=\"image\/png\" \/>\n<meta name=\"twitter:card\" content=\"summary_large_image\" \/>\n<meta name=\"twitter:label1\" content=\"Est. reading time\" \/>\n\t<meta name=\"twitter:data1\" content=\"1 minute\" \/>\n<script type=\"application\/ld+json\" class=\"yoast-schema-graph\">{\"@context\":\"https:\/\/schema.org\",\"@graph\":[{\"@type\":\"WebPage\",\"@id\":\"https:\/\/beauty.latamcatalog.aptar.com\/product\/gsaadvance\/\",\"url\":\"https:\/\/beauty.latamcatalog.aptar.com\/product\/gsaadvance\/\",\"name\":\"GSA Advance - Latam Catalog\",\"isPartOf\":{\"@id\":\"https:\/\/beauty.latamcatalog.aptar.com\/#website\"},\"datePublished\":\"2025-04-10T20:20:38+00:00\",\"dateModified\":\"2025-04-10T20:32:36+00:00\",\"breadcrumb\":{\"@id\":\"https:\/\/beauty.latamcatalog.aptar.com\/product\/gsaadvance\/#breadcrumb\"},\"inLanguage\":\"en-US\",\"potentialAction\":[{\"@type\":\"ReadAction\",\"target\":[\"https:\/\/beauty.latamcatalog.aptar.com\/product\/gsaadvance\/\"]}]},{\"@type\":\"BreadcrumbList\",\"@id\":\"https:\/\/beauty.latamcatalog.aptar.com\/product\/gsaadvance\/#breadcrumb\",\"itemListElement\":[{\"@type\":\"ListItem\",\"position\":1,\"name\":\"Home\",\"item\":\"https:\/\/beauty.latamcatalog.aptar.com\/\"},{\"@type\":\"ListItem\",\"position\":2,\"name\":\"Private: Produtos\",\"item\":\"https:\/\/beauty.latamcatalog.aptar.com\/en\/?page_id=20030\"},{\"@type\":\"ListItem\",\"position\":3,\"name\":\"GSA Advance\"}]},{\"@type\":\"WebSite\",\"@id\":\"https:\/\/beauty.latamcatalog.aptar.com\/#website\",\"url\":\"https:\/\/beauty.latamcatalog.aptar.com\/\",\"name\":\"Latam Catalog\",\"description\":\"Aptar Latin America Catalog Website\",\"publisher\":{\"@id\":\"https:\/\/beauty.latamcatalog.aptar.com\/#organization\"},\"potentialAction\":[{\"@type\":\"SearchAction\",\"target\":{\"@type\":\"EntryPoint\",\"urlTemplate\":\"https:\/\/beauty.latamcatalog.aptar.com\/?s={search_term_string}\"},\"query-input\":\"required name=search_term_string\"}],\"inLanguage\":\"en-US\"},{\"@type\":\"Organization\",\"@id\":\"https:\/\/beauty.latamcatalog.aptar.com\/#organization\",\"name\":\"Aptar\",\"url\":\"https:\/\/beauty.latamcatalog.aptar.com\/\",\"logo\":{\"@type\":\"ImageObject\",\"inLanguage\":\"en-US\",\"@id\":\"https:\/\/beauty.latamcatalog.aptar.com\/#\/schema\/logo\/image\/\",\"url\":\"https:\/\/beauty.latamcatalog.aptar.com\/wp-content\/uploads\/2021\/11\/aptar_logo-01.png\",\"contentUrl\":\"https:\/\/beauty.latamcatalog.aptar.com\/wp-content\/uploads\/2021\/11\/aptar_logo-01.png\",\"width\":492,\"height\":175,\"caption\":\"Aptar\"},\"image\":{\"@id\":\"https:\/\/beauty.latamcatalog.aptar.com\/#\/schema\/logo\/image\/\"}}]}<\/script>\n<!-- \/ Yoast SEO plugin. -->","yoast_head_json":{"title":"GSA Advance - Latam Catalog","robots":{"index":"index","follow":"follow","max-snippet":"max-snippet:-1","max-image-preview":"max-image-preview:large","max-video-preview":"max-video-preview:-1"},"canonical":"https:\/\/beauty.latamcatalog.aptar.com\/en\/product\/gsaadvance\/","og_locale":"en_US","og_type":"article","og_title":"GSA Advance - Latam Catalog","og_description":"GSA Advance \u00e9 a nova gera\u00e7\u00e3o de bomba de lo\u00e7\u00e3o totalmente pl\u00e1stica projetada para sustentabilidade. Consiste em uma bomba toda de poliolefina para maximizar a reciclabilidade. A inova\u00e7\u00e3o \u00e9 feita de polipropileno (PP) e polietileno (PE), da fam\u00edlia das poliolefinas, tornando-a adequada aos principais fluxos de reciclagem de pl\u00e1stico, ao mesmo tempo em que garante o mesmo alto desempenho e design. A GSA Advance combina conveni\u00eancia com design. \u00c9 uma bomba omnicanal que \u00e9 compat\u00edvel com e-commerce e oferece uma ampla gama de op\u00e7\u00f5es de decora\u00e7\u00e3o e design, que v\u00e3o do premium ao lifestyle, para ajudar a refor\u00e7ar o valor da marca.\u00a0 Ao focar em refer\u00eancias de embalagens favoritas do consumidor com base em tecnologias confi\u00e1veis , a Aptar Beauty ajuda os clientes a facilitar uma transi\u00e7\u00e3o sustent\u00e1vel, sem comprometer a qualidade e o desempenho do produto.","og_url":"https:\/\/beauty.latamcatalog.aptar.com\/en\/product\/gsaadvance\/","og_site_name":"Latam Catalog","article_modified_time":"2025-04-10T20:32:36+00:00","og_image":[{"width":"2048","height":"2048","url":"https:\/\/beauty.latamcatalog.aptar.com\/wp-content\/uploads\/2025\/04\/476088015-GSA-Advance-K2-1.png","type":"image\/png"}],"twitter_card":"summary_large_image","twitter_misc":{"Est. reading time":"1 minute"},"schema":{"@context":"https:\/\/schema.org","@graph":[{"@type":"WebPage","@id":"https:\/\/beauty.latamcatalog.aptar.com\/product\/gsaadvance\/","url":"https:\/\/beauty.latamcatalog.aptar.com\/product\/gsaadvance\/","name":"GSA Advance - Latam Catalog","isPartOf":{"@id":"https:\/\/beauty.latamcatalog.aptar.com\/#website"},"datePublished":"2025-04-10T20:20:38+00:00","dateModified":"2025-04-10T20:32:36+00:00","breadcrumb":{"@id":"https:\/\/beauty.latamcatalog.aptar.com\/product\/gsaadvance\/#breadcrumb"},"inLanguage":"en-US","potentialAction":[{"@type":"ReadAction","target":["https:\/\/beauty.latamcatalog.aptar.com\/product\/gsaadvance\/"]}]},{"@type":"BreadcrumbList","@id":"https:\/\/beauty.latamcatalog.aptar.com\/product\/gsaadvance\/#breadcrumb","itemListElement":[{"@type":"ListItem","position":1,"name":"Home","item":"https:\/\/beauty.latamcatalog.aptar.com\/"},{"@type":"ListItem","position":2,"name":"Private: Produtos","item":"https:\/\/beauty.latamcatalog.aptar.com\/en\/?page_id=20030"},{"@type":"ListItem","position":3,"name":"GSA Advance"}]},{"@type":"WebSite","@id":"https:\/\/beauty.latamcatalog.aptar.com\/#website","url":"https:\/\/beauty.latamcatalog.aptar.com\/","name":"Latam Catalog","description":"Aptar Latin America Catalog Website","publisher":{"@id":"https:\/\/beauty.latamcatalog.aptar.com\/#organization"},"potentialAction":[{"@type":"SearchAction","target":{"@type":"EntryPoint","urlTemplate":"https:\/\/beauty.latamcatalog.aptar.com\/?s={search_term_string}"},"query-input":"required name=search_term_string"}],"inLanguage":"en-US"},{"@type":"Organization","@id":"https:\/\/beauty.latamcatalog.aptar.com\/#organization","name":"Aptar","url":"https:\/\/beauty.latamcatalog.aptar.com\/","logo":{"@type":"ImageObject","inLanguage":"en-US","@id":"https:\/\/beauty.latamcatalog.aptar.com\/#\/schema\/logo\/image\/","url":"https:\/\/beauty.latamcatalog.aptar.com\/wp-content\/uploads\/2021\/11\/aptar_logo-01.png","contentUrl":"https:\/\/beauty.latamcatalog.aptar.com\/wp-content\/uploads\/2021\/11\/aptar_logo-01.png","width":492,"height":175,"caption":"Aptar"},"image":{"@id":"https:\/\/beauty.latamcatalog.aptar.com\/#\/schema\/logo\/image\/"}}]}},"_links":{"self":[{"href":"https:\/\/beauty.latamcatalog.aptar.com\/en\/wp-json\/wp\/v2\/product\/22454"}],"collection":[{"href":"https:\/\/beauty.latamcatalog.aptar.com\/en\/wp-json\/wp\/v2\/product"}],"about":[{"href":"https:\/\/beauty.latamcatalog.aptar.com\/en\/wp-json\/wp\/v2\/types\/product"}],"wp:featuredmedia":[{"embeddable":true,"href":"https:\/\/beauty.latamcatalog.aptar.com\/en\/wp-json\/wp\/v2\/media\/22455"}],"wp:attachment":[{"href":"https:\/\/beauty.latamcatalog.aptar.com\/en\/wp-json\/wp\/v2\/media?parent=22454"}],"wp:term":[{"taxonomy":"product_cat","embeddable":true,"href":"https:\/\/beauty.latamcatalog.aptar.com\/en\/wp-json\/wp\/v2\/product_cat?post=22454"},{"taxonomy":"product_tag","embeddable":true,"href":"https:\/\/beauty.latamcatalog.aptar.com\/en\/wp-json\/wp\/v2\/product_tag?post=22454"},{"taxonomy":"aptar-tags","embeddable":true,"href":"https:\/\/beauty.latamcatalog.aptar.com\/en\/wp-json\/wp\/v2\/aptar-tags?post=22454"}],"curies":[{"name":"wp","href":"https:\/\/api.w.org\/{rel}","templated":true}]}}