{"id":21869,"date":"2023-06-30T22:45:47","date_gmt":"2023-06-30T22:45:47","guid":{"rendered":"https:\/\/live-beautylatamcatalog.pantheonsite.io\/?post_type=product&#038;p=21869"},"modified":"2023-06-30T22:50:51","modified_gmt":"2023-06-30T22:50:51","slug":"haute-airless-jar","status":"publish","type":"product","link":"https:\/\/beauty.latamcatalog.aptar.com\/en\/product\/haute-airless-jar\/","title":{"rendered":"<p>High Airless Jar<\/p>"},"content":{"rendered":"<p>Plastic airless pot<p><em>[soshsc aptar-company=\u201dAptar\u201d]<\/em><\/p><p>Country: China \u2013 Fusion<\/p><p><em>[\/soshsc]<\/em><\/p><\/p>","protected":false},"excerpt":{"rendered":"<p>The Haute Airless Jar combines the prestige of a jar with the protection of an airless dispensing system in a lightweight package that is easy for the user to handle. Its personalized design allows the consumer to dose controlled amounts of creams or lotions, preventing air from entering the product. This airless packaging design reduces the possibility of contamination that can occur with immersion in traditional bottles, while creating a more hygienic product experience for the end user. The brand&#039;s formulas are protected from external contaminants to ensure ingredients remain potent and effective throughout the product&#039;s life cycle.<\/p>","protected":false},"featured_media":21870,"template":"","meta":{"inline_featured_image":false},"product_cat":[512,519,290,294],"product_tag":[],"aptar-tags":[],"acf":[],"yoast_head":"<!-- This site is optimized with the Yoast SEO plugin v21.0 - https:\/\/yoast.com\/wordpress\/plugins\/seo\/ -->\n<title>Haute Airless Jar - Latam Catalog<\/title>\n<meta name=\"robots\" content=\"index, follow, max-snippet:-1, max-image-preview:large, max-video-preview:-1\" \/>\n<link rel=\"canonical\" href=\"https:\/\/beauty.latamcatalog.aptar.com\/en\/product\/haute-airless-jar\/\" \/>\n<meta property=\"og:locale\" content=\"en_US\" \/>\n<meta property=\"og:type\" content=\"article\" \/>\n<meta property=\"og:title\" content=\"Haute Airless Jar - Latam Catalog\" \/>\n<meta property=\"og:description\" content=\"O Haute Airless Jar combina o prest\u00edgio de um pote com a prote\u00e7\u00e3o de um sistema dispensador sem ar em uma embalagem leve e de f\u00e1cil manipula\u00e7\u00e3o pelo usu\u00e1rio. Seu design personalizado permite ao consumidor dosar quantidades controladas de cremes ou lo\u00e7\u00f5es, evitando a entrada de ar no produto. Este design de embalagem airless reduz a possibilidade de contamina\u00e7\u00e3o que pode ocorrer com a imers\u00e3o em frascos tradicionais, ao mesmo tempo em que cria uma experi\u00eancia de produto mais higi\u00eanica para o usu\u00e1rio final. As f\u00f3rmulas da marca s\u00e3o protegidas de contaminantes externos para garantir que os ingredientes permane\u00e7am potentes e eficazes durante todo o ciclo de vida do produto.\" \/>\n<meta property=\"og:url\" content=\"https:\/\/beauty.latamcatalog.aptar.com\/en\/product\/haute-airless-jar\/\" \/>\n<meta property=\"og:site_name\" content=\"Latam Catalog\" \/>\n<meta property=\"article:modified_time\" content=\"2023-06-30T22:50:51+00:00\" \/>\n<meta property=\"og:image\" content=\"https:\/\/beauty.latamcatalog.aptar.com\/wp-content\/uploads\/2023\/06\/Haute-Jar_Benefit-Shot_062618-600x751-1.jpg\" \/>\n\t<meta property=\"og:image:width\" content=\"600\" \/>\n\t<meta property=\"og:image:height\" content=\"751\" \/>\n\t<meta property=\"og:image:type\" content=\"image\/jpeg\" \/>\n<meta name=\"twitter:card\" content=\"summary_large_image\" \/>\n<meta name=\"twitter:label1\" content=\"Est. reading time\" \/>\n\t<meta name=\"twitter:data1\" content=\"1 minute\" \/>\n<script type=\"application\/ld+json\" class=\"yoast-schema-graph\">{\"@context\":\"https:\/\/schema.org\",\"@graph\":[{\"@type\":\"WebPage\",\"@id\":\"https:\/\/beauty.latamcatalog.aptar.com\/en\/product\/haute-airless-jar\/\",\"url\":\"https:\/\/beauty.latamcatalog.aptar.com\/en\/product\/haute-airless-jar\/\",\"name\":\"Haute Airless Jar - Latam Catalog\",\"isPartOf\":{\"@id\":\"https:\/\/beauty.latamcatalog.aptar.com\/#website\"},\"datePublished\":\"2023-06-30T22:45:47+00:00\",\"dateModified\":\"2023-06-30T22:50:51+00:00\",\"breadcrumb\":{\"@id\":\"https:\/\/beauty.latamcatalog.aptar.com\/en\/product\/haute-airless-jar\/#breadcrumb\"},\"inLanguage\":\"en-US\",\"potentialAction\":[{\"@type\":\"ReadAction\",\"target\":[\"https:\/\/beauty.latamcatalog.aptar.com\/en\/product\/haute-airless-jar\/\"]}]},{\"@type\":\"BreadcrumbList\",\"@id\":\"https:\/\/beauty.latamcatalog.aptar.com\/en\/product\/haute-airless-jar\/#breadcrumb\",\"itemListElement\":[{\"@type\":\"ListItem\",\"position\":1,\"name\":\"Home\",\"item\":\"https:\/\/beauty.latamcatalog.aptar.com\/\"},{\"@type\":\"ListItem\",\"position\":2,\"name\":\"Private: Produtos\",\"item\":\"https:\/\/beauty.latamcatalog.aptar.com\/en\/?page_id=20030\"},{\"@type\":\"ListItem\",\"position\":3,\"name\":\"Haute Airless Jar\"}]},{\"@type\":\"WebSite\",\"@id\":\"https:\/\/beauty.latamcatalog.aptar.com\/#website\",\"url\":\"https:\/\/beauty.latamcatalog.aptar.com\/\",\"name\":\"Latam Catalog\",\"description\":\"Aptar Latin America Catalog Website\",\"publisher\":{\"@id\":\"https:\/\/beauty.latamcatalog.aptar.com\/#organization\"},\"potentialAction\":[{\"@type\":\"SearchAction\",\"target\":{\"@type\":\"EntryPoint\",\"urlTemplate\":\"https:\/\/beauty.latamcatalog.aptar.com\/?s={search_term_string}\"},\"query-input\":\"required name=search_term_string\"}],\"inLanguage\":\"en-US\"},{\"@type\":\"Organization\",\"@id\":\"https:\/\/beauty.latamcatalog.aptar.com\/#organization\",\"name\":\"Aptar\",\"url\":\"https:\/\/beauty.latamcatalog.aptar.com\/\",\"logo\":{\"@type\":\"ImageObject\",\"inLanguage\":\"en-US\",\"@id\":\"https:\/\/beauty.latamcatalog.aptar.com\/#\/schema\/logo\/image\/\",\"url\":\"https:\/\/beauty.latamcatalog.aptar.com\/wp-content\/uploads\/2021\/11\/aptar_logo-01.png\",\"contentUrl\":\"https:\/\/beauty.latamcatalog.aptar.com\/wp-content\/uploads\/2021\/11\/aptar_logo-01.png\",\"width\":492,\"height\":175,\"caption\":\"Aptar\"},\"image\":{\"@id\":\"https:\/\/beauty.latamcatalog.aptar.com\/#\/schema\/logo\/image\/\"}}]}<\/script>\n<!-- \/ Yoast SEO plugin. -->","yoast_head_json":{"title":"Haute Airless Jar - Latam Catalog","robots":{"index":"index","follow":"follow","max-snippet":"max-snippet:-1","max-image-preview":"max-image-preview:large","max-video-preview":"max-video-preview:-1"},"canonical":"https:\/\/beauty.latamcatalog.aptar.com\/en\/product\/haute-airless-jar\/","og_locale":"en_US","og_type":"article","og_title":"Haute Airless Jar - Latam Catalog","og_description":"O Haute Airless Jar combina o prest\u00edgio de um pote com a prote\u00e7\u00e3o de um sistema dispensador sem ar em uma embalagem leve e de f\u00e1cil manipula\u00e7\u00e3o pelo usu\u00e1rio. Seu design personalizado permite ao consumidor dosar quantidades controladas de cremes ou lo\u00e7\u00f5es, evitando a entrada de ar no produto. Este design de embalagem airless reduz a possibilidade de contamina\u00e7\u00e3o que pode ocorrer com a imers\u00e3o em frascos tradicionais, ao mesmo tempo em que cria uma experi\u00eancia de produto mais higi\u00eanica para o usu\u00e1rio final. As f\u00f3rmulas da marca s\u00e3o protegidas de contaminantes externos para garantir que os ingredientes permane\u00e7am potentes e eficazes durante todo o ciclo de vida do produto.","og_url":"https:\/\/beauty.latamcatalog.aptar.com\/en\/product\/haute-airless-jar\/","og_site_name":"Latam Catalog","article_modified_time":"2023-06-30T22:50:51+00:00","og_image":[{"width":600,"height":751,"url":"https:\/\/beauty.latamcatalog.aptar.com\/wp-content\/uploads\/2023\/06\/Haute-Jar_Benefit-Shot_062618-600x751-1.jpg","type":"image\/jpeg"}],"twitter_card":"summary_large_image","twitter_misc":{"Est. reading time":"1 minute"},"schema":{"@context":"https:\/\/schema.org","@graph":[{"@type":"WebPage","@id":"https:\/\/beauty.latamcatalog.aptar.com\/en\/product\/haute-airless-jar\/","url":"https:\/\/beauty.latamcatalog.aptar.com\/en\/product\/haute-airless-jar\/","name":"Haute Airless Jar - Latam Catalog","isPartOf":{"@id":"https:\/\/beauty.latamcatalog.aptar.com\/#website"},"datePublished":"2023-06-30T22:45:47+00:00","dateModified":"2023-06-30T22:50:51+00:00","breadcrumb":{"@id":"https:\/\/beauty.latamcatalog.aptar.com\/en\/product\/haute-airless-jar\/#breadcrumb"},"inLanguage":"en-US","potentialAction":[{"@type":"ReadAction","target":["https:\/\/beauty.latamcatalog.aptar.com\/en\/product\/haute-airless-jar\/"]}]},{"@type":"BreadcrumbList","@id":"https:\/\/beauty.latamcatalog.aptar.com\/en\/product\/haute-airless-jar\/#breadcrumb","itemListElement":[{"@type":"ListItem","position":1,"name":"Home","item":"https:\/\/beauty.latamcatalog.aptar.com\/"},{"@type":"ListItem","position":2,"name":"Private: Produtos","item":"https:\/\/beauty.latamcatalog.aptar.com\/en\/?page_id=20030"},{"@type":"ListItem","position":3,"name":"Haute Airless Jar"}]},{"@type":"WebSite","@id":"https:\/\/beauty.latamcatalog.aptar.com\/#website","url":"https:\/\/beauty.latamcatalog.aptar.com\/","name":"Latam Catalog","description":"Aptar Latin America Catalog Website","publisher":{"@id":"https:\/\/beauty.latamcatalog.aptar.com\/#organization"},"potentialAction":[{"@type":"SearchAction","target":{"@type":"EntryPoint","urlTemplate":"https:\/\/beauty.latamcatalog.aptar.com\/?s={search_term_string}"},"query-input":"required name=search_term_string"}],"inLanguage":"en-US"},{"@type":"Organization","@id":"https:\/\/beauty.latamcatalog.aptar.com\/#organization","name":"Aptar","url":"https:\/\/beauty.latamcatalog.aptar.com\/","logo":{"@type":"ImageObject","inLanguage":"en-US","@id":"https:\/\/beauty.latamcatalog.aptar.com\/#\/schema\/logo\/image\/","url":"https:\/\/beauty.latamcatalog.aptar.com\/wp-content\/uploads\/2021\/11\/aptar_logo-01.png","contentUrl":"https:\/\/beauty.latamcatalog.aptar.com\/wp-content\/uploads\/2021\/11\/aptar_logo-01.png","width":492,"height":175,"caption":"Aptar"},"image":{"@id":"https:\/\/beauty.latamcatalog.aptar.com\/#\/schema\/logo\/image\/"}}]}},"_links":{"self":[{"href":"https:\/\/beauty.latamcatalog.aptar.com\/en\/wp-json\/wp\/v2\/product\/21869"}],"collection":[{"href":"https:\/\/beauty.latamcatalog.aptar.com\/en\/wp-json\/wp\/v2\/product"}],"about":[{"href":"https:\/\/beauty.latamcatalog.aptar.com\/en\/wp-json\/wp\/v2\/types\/product"}],"wp:featuredmedia":[{"embeddable":true,"href":"https:\/\/beauty.latamcatalog.aptar.com\/en\/wp-json\/wp\/v2\/media\/21870"}],"wp:attachment":[{"href":"https:\/\/beauty.latamcatalog.aptar.com\/en\/wp-json\/wp\/v2\/media?parent=21869"}],"wp:term":[{"taxonomy":"product_cat","embeddable":true,"href":"https:\/\/beauty.latamcatalog.aptar.com\/en\/wp-json\/wp\/v2\/product_cat?post=21869"},{"taxonomy":"product_tag","embeddable":true,"href":"https:\/\/beauty.latamcatalog.aptar.com\/en\/wp-json\/wp\/v2\/product_tag?post=21869"},{"taxonomy":"aptar-tags","embeddable":true,"href":"https:\/\/beauty.latamcatalog.aptar.com\/en\/wp-json\/wp\/v2\/aptar-tags?post=21869"}],"curies":[{"name":"wp","href":"https:\/\/api.w.org\/{rel}","templated":true}]}}