{"id":21098,"date":"2022-11-24T14:03:59","date_gmt":"2022-11-24T14:03:59","guid":{"rendered":"https:\/\/live-beautylatamcatalog.pantheonsite.io\/?post_type=product&#038;p=21098"},"modified":"2023-06-07T19:51:16","modified_gmt":"2023-06-07T19:51:16","slug":"crimp-on-pumps","status":"publish","type":"product","link":"https:\/\/beauty.latamcatalog.aptar.com\/en\/product\/crimp-on-pumps\/","title":{"rendered":"<p>Crimp-on Pumps<\/p>"},"content":{"rendered":"<p>Pump Facial Treatment Lotion<p><strong><span style=\"color: #ffcc99;\">Sustainability<\/span><\/strong><\/p><p>Free POM option.<\/p><p><em>[soshsc aptar-company=\u201dAptar\u201d]<\/em><\/p><p>Reference Price at origin (not intercoprice, plesae consult origin for interco):<br>\n\u201cVP3 cartridge CS \u2013 doses 70-140\u00b5L \u2013 white PBT material body \u2013 nitrile gasket \u2013 bulk packed:FEA15 anodised standard gold or silver: 299 euros<br>\nPlastic &amp; straight Actuator _ delivered out of the pump<br>\nDiam 13 actuator 309 nozzle T8: 116 euros<br>\nMetal &amp; straight Actuator _ delivered out of the pump<br>\nDiam 13 actuator 308 nozzle: T8: 160 euros<br>\nEVO cartridge CP \u2013 doses 150-200-240\u00b5L \u2013 white PBT material body \u2013 nitrile gasket \u2013 bulk packed<br>\nFEA15 anodised standard gold or silver; 299 EUROS<br>\nFEA 17&amp;18 anodised standard gold or silver: 303 euros<br>\nFEA 20 anodised standard gold or silver: 305 euros<br>\nUpcharge cartridge alpha150 for all sizes &amp; alpha70 FEA15 only \u2013 METAL FREE PRODUCT PATHWAY: 31euros<br>\nPlastic &amp; round Actuator \u2013 EVOLUTION design _ delivered out of the pump<br>\ndiam 15mm 815 or 815A shiny: 61 euros<br>\ndiam 17mm 820 or 820A matt or shiny: 63 euros<br>\ndiam 22mm 822 or 822A matt: 67 euros<br>\nMetal &amp; straight Actuator \u2013 EVOLUX design _ delivered out of the pump<br>\nDiam 13 actuator 338\/130 nozzle T8: 160 euros<br>\nDiam 15 actuator 438\/130 nozzle T8 or T9: 200 euros<br>\nDiam 17 actuator 838\/142 nozzle T8 or T9: 234 euros<br>\nUpcharge \u2013 T10 self-sealing nozzle \u2013 ONLY WITH alpha cartridge: 83 euros<br>\nSATINE \u2013 dose 500\u00b5L \u2013 white PBT material body \u2013 triseal gasket \u2013 bulk pack<br>\nFEA 20mm with 906 neck gasket : 339<br>\nPlastic Actuator white standard _ delivered out of the pump<br>\n850V (lockable) PP shiny white: 74<br>\n854 (non lockable)or 854V (lockable) PP shiny white: 81<br>\n853V (lockable) shiny or matt white : 81<br>\n855 (non-lockable) or 855V (lockable) PP shiny white: 115\u201d<\/p><p>Contact for ask more info in order to make final price<br>\ngianluca.aloisio@aptar.com<\/p><p>Aptar: France<\/p><p><em>[\/soshsc]<\/em><\/p><\/p>","protected":false},"excerpt":{"rendered":"<p>The Crimp On Lotion Dispensing Valve enables quick and easy customization by offering multiple actuator designs and no-metal contact module option for best compatibility.<\/p>","protected":false},"featured_media":21100,"template":"","meta":{"inline_featured_image":false},"product_cat":[512,515,290,194],"product_tag":[],"aptar-tags":[],"acf":[],"yoast_head":"<!-- This site is optimized with the Yoast SEO plugin v21.0 - https:\/\/yoast.com\/wordpress\/plugins\/seo\/ -->\n<title>Crimp-on Pumps - Latam Catalog<\/title>\n<meta name=\"robots\" content=\"index, follow, max-snippet:-1, max-image-preview:large, max-video-preview:-1\" \/>\n<link rel=\"canonical\" href=\"https:\/\/beauty.latamcatalog.aptar.com\/en\/product\/crimp-on-pumps\/\" \/>\n<meta property=\"og:locale\" content=\"en_US\" \/>\n<meta property=\"og:type\" content=\"article\" \/>\n<meta property=\"og:title\" content=\"Crimp-on Pumps - Latam Catalog\" \/>\n<meta property=\"og:description\" content=\"A v\u00e1lvula dispensadora de lo\u00e7\u00e3o Crimp On possibilita uma personaliza\u00e7\u00e3o f\u00e1cil e r\u00e1pida oferecendo v\u00e1rios designs de atuadores e op\u00e7\u00e3o de m\u00f3dulo sem contato do produto com o metal para melhor compatibilidade.\" \/>\n<meta property=\"og:url\" content=\"https:\/\/beauty.latamcatalog.aptar.com\/en\/product\/crimp-on-pumps\/\" \/>\n<meta property=\"og:site_name\" content=\"Latam Catalog\" \/>\n<meta property=\"article:modified_time\" content=\"2023-06-07T19:51:16+00:00\" \/>\n<meta property=\"og:image\" content=\"https:\/\/beauty.latamcatalog.aptar.com\/wp-content\/uploads\/2022\/11\/350x350-1-1.jpg\" \/>\n\t<meta property=\"og:image:width\" content=\"350\" \/>\n\t<meta property=\"og:image:height\" content=\"350\" \/>\n\t<meta property=\"og:image:type\" content=\"image\/jpeg\" \/>\n<meta name=\"twitter:card\" content=\"summary_large_image\" \/>\n<meta name=\"twitter:label1\" content=\"Est. reading time\" \/>\n\t<meta name=\"twitter:data1\" content=\"2 minutes\" \/>\n<script type=\"application\/ld+json\" class=\"yoast-schema-graph\">{\"@context\":\"https:\/\/schema.org\",\"@graph\":[{\"@type\":\"WebPage\",\"@id\":\"https:\/\/beauty.latamcatalog.aptar.com\/es\/product\/crimp-on-pumps\/\",\"url\":\"https:\/\/beauty.latamcatalog.aptar.com\/es\/product\/crimp-on-pumps\/\",\"name\":\"Crimp-on Pumps - Latam Catalog\",\"isPartOf\":{\"@id\":\"https:\/\/beauty.latamcatalog.aptar.com\/#website\"},\"datePublished\":\"2022-11-24T14:03:59+00:00\",\"dateModified\":\"2023-06-07T19:51:16+00:00\",\"breadcrumb\":{\"@id\":\"https:\/\/beauty.latamcatalog.aptar.com\/es\/product\/crimp-on-pumps\/#breadcrumb\"},\"inLanguage\":\"en-US\",\"potentialAction\":[{\"@type\":\"ReadAction\",\"target\":[\"https:\/\/beauty.latamcatalog.aptar.com\/es\/product\/crimp-on-pumps\/\"]}]},{\"@type\":\"BreadcrumbList\",\"@id\":\"https:\/\/beauty.latamcatalog.aptar.com\/es\/product\/crimp-on-pumps\/#breadcrumb\",\"itemListElement\":[{\"@type\":\"ListItem\",\"position\":1,\"name\":\"Home\",\"item\":\"https:\/\/beauty.latamcatalog.aptar.com\/\"},{\"@type\":\"ListItem\",\"position\":2,\"name\":\"Private: Produtos\",\"item\":\"https:\/\/beauty.latamcatalog.aptar.com\/en\/?page_id=20030\"},{\"@type\":\"ListItem\",\"position\":3,\"name\":\"Crimp-on Pumps\"}]},{\"@type\":\"WebSite\",\"@id\":\"https:\/\/beauty.latamcatalog.aptar.com\/#website\",\"url\":\"https:\/\/beauty.latamcatalog.aptar.com\/\",\"name\":\"Latam Catalog\",\"description\":\"Aptar Latin America Catalog Website\",\"publisher\":{\"@id\":\"https:\/\/beauty.latamcatalog.aptar.com\/#organization\"},\"potentialAction\":[{\"@type\":\"SearchAction\",\"target\":{\"@type\":\"EntryPoint\",\"urlTemplate\":\"https:\/\/beauty.latamcatalog.aptar.com\/?s={search_term_string}\"},\"query-input\":\"required name=search_term_string\"}],\"inLanguage\":\"en-US\"},{\"@type\":\"Organization\",\"@id\":\"https:\/\/beauty.latamcatalog.aptar.com\/#organization\",\"name\":\"Aptar\",\"url\":\"https:\/\/beauty.latamcatalog.aptar.com\/\",\"logo\":{\"@type\":\"ImageObject\",\"inLanguage\":\"en-US\",\"@id\":\"https:\/\/beauty.latamcatalog.aptar.com\/#\/schema\/logo\/image\/\",\"url\":\"https:\/\/beauty.latamcatalog.aptar.com\/wp-content\/uploads\/2021\/11\/aptar_logo-01.png\",\"contentUrl\":\"https:\/\/beauty.latamcatalog.aptar.com\/wp-content\/uploads\/2021\/11\/aptar_logo-01.png\",\"width\":492,\"height\":175,\"caption\":\"Aptar\"},\"image\":{\"@id\":\"https:\/\/beauty.latamcatalog.aptar.com\/#\/schema\/logo\/image\/\"}}]}<\/script>\n<!-- \/ Yoast SEO plugin. -->","yoast_head_json":{"title":"Crimp-on Pumps - Latam Catalog","robots":{"index":"index","follow":"follow","max-snippet":"max-snippet:-1","max-image-preview":"max-image-preview:large","max-video-preview":"max-video-preview:-1"},"canonical":"https:\/\/beauty.latamcatalog.aptar.com\/en\/product\/crimp-on-pumps\/","og_locale":"en_US","og_type":"article","og_title":"Crimp-on Pumps - Latam Catalog","og_description":"A v\u00e1lvula dispensadora de lo\u00e7\u00e3o Crimp On possibilita uma personaliza\u00e7\u00e3o f\u00e1cil e r\u00e1pida oferecendo v\u00e1rios designs de atuadores e op\u00e7\u00e3o de m\u00f3dulo sem contato do produto com o metal para melhor compatibilidade.","og_url":"https:\/\/beauty.latamcatalog.aptar.com\/en\/product\/crimp-on-pumps\/","og_site_name":"Latam Catalog","article_modified_time":"2023-06-07T19:51:16+00:00","og_image":[{"width":350,"height":350,"url":"https:\/\/beauty.latamcatalog.aptar.com\/wp-content\/uploads\/2022\/11\/350x350-1-1.jpg","type":"image\/jpeg"}],"twitter_card":"summary_large_image","twitter_misc":{"Est. reading time":"2 minutes"},"schema":{"@context":"https:\/\/schema.org","@graph":[{"@type":"WebPage","@id":"https:\/\/beauty.latamcatalog.aptar.com\/es\/product\/crimp-on-pumps\/","url":"https:\/\/beauty.latamcatalog.aptar.com\/es\/product\/crimp-on-pumps\/","name":"Crimp-on Pumps - Latam Catalog","isPartOf":{"@id":"https:\/\/beauty.latamcatalog.aptar.com\/#website"},"datePublished":"2022-11-24T14:03:59+00:00","dateModified":"2023-06-07T19:51:16+00:00","breadcrumb":{"@id":"https:\/\/beauty.latamcatalog.aptar.com\/es\/product\/crimp-on-pumps\/#breadcrumb"},"inLanguage":"en-US","potentialAction":[{"@type":"ReadAction","target":["https:\/\/beauty.latamcatalog.aptar.com\/es\/product\/crimp-on-pumps\/"]}]},{"@type":"BreadcrumbList","@id":"https:\/\/beauty.latamcatalog.aptar.com\/es\/product\/crimp-on-pumps\/#breadcrumb","itemListElement":[{"@type":"ListItem","position":1,"name":"Home","item":"https:\/\/beauty.latamcatalog.aptar.com\/"},{"@type":"ListItem","position":2,"name":"Private: Produtos","item":"https:\/\/beauty.latamcatalog.aptar.com\/en\/?page_id=20030"},{"@type":"ListItem","position":3,"name":"Crimp-on Pumps"}]},{"@type":"WebSite","@id":"https:\/\/beauty.latamcatalog.aptar.com\/#website","url":"https:\/\/beauty.latamcatalog.aptar.com\/","name":"Latam Catalog","description":"Aptar Latin America Catalog Website","publisher":{"@id":"https:\/\/beauty.latamcatalog.aptar.com\/#organization"},"potentialAction":[{"@type":"SearchAction","target":{"@type":"EntryPoint","urlTemplate":"https:\/\/beauty.latamcatalog.aptar.com\/?s={search_term_string}"},"query-input":"required name=search_term_string"}],"inLanguage":"en-US"},{"@type":"Organization","@id":"https:\/\/beauty.latamcatalog.aptar.com\/#organization","name":"Aptar","url":"https:\/\/beauty.latamcatalog.aptar.com\/","logo":{"@type":"ImageObject","inLanguage":"en-US","@id":"https:\/\/beauty.latamcatalog.aptar.com\/#\/schema\/logo\/image\/","url":"https:\/\/beauty.latamcatalog.aptar.com\/wp-content\/uploads\/2021\/11\/aptar_logo-01.png","contentUrl":"https:\/\/beauty.latamcatalog.aptar.com\/wp-content\/uploads\/2021\/11\/aptar_logo-01.png","width":492,"height":175,"caption":"Aptar"},"image":{"@id":"https:\/\/beauty.latamcatalog.aptar.com\/#\/schema\/logo\/image\/"}}]}},"_links":{"self":[{"href":"https:\/\/beauty.latamcatalog.aptar.com\/en\/wp-json\/wp\/v2\/product\/21098"}],"collection":[{"href":"https:\/\/beauty.latamcatalog.aptar.com\/en\/wp-json\/wp\/v2\/product"}],"about":[{"href":"https:\/\/beauty.latamcatalog.aptar.com\/en\/wp-json\/wp\/v2\/types\/product"}],"wp:featuredmedia":[{"embeddable":true,"href":"https:\/\/beauty.latamcatalog.aptar.com\/en\/wp-json\/wp\/v2\/media\/21100"}],"wp:attachment":[{"href":"https:\/\/beauty.latamcatalog.aptar.com\/en\/wp-json\/wp\/v2\/media?parent=21098"}],"wp:term":[{"taxonomy":"product_cat","embeddable":true,"href":"https:\/\/beauty.latamcatalog.aptar.com\/en\/wp-json\/wp\/v2\/product_cat?post=21098"},{"taxonomy":"product_tag","embeddable":true,"href":"https:\/\/beauty.latamcatalog.aptar.com\/en\/wp-json\/wp\/v2\/product_tag?post=21098"},{"taxonomy":"aptar-tags","embeddable":true,"href":"https:\/\/beauty.latamcatalog.aptar.com\/en\/wp-json\/wp\/v2\/aptar-tags?post=21098"}],"curies":[{"name":"wp","href":"https:\/\/api.w.org\/{rel}","templated":true}]}}