{"id":21079,"date":"2022-11-24T13:58:24","date_gmt":"2022-11-24T13:58:24","guid":{"rendered":"https:\/\/live-beautylatamcatalog.pantheonsite.io\/?post_type=product&#038;p=21079"},"modified":"2023-08-23T19:35:42","modified_gmt":"2023-08-23T19:35:42","slug":"evoclassic","status":"publish","type":"product","link":"https:\/\/beauty.latamcatalog.aptar.com\/en\/product\/evoclassic\/","title":{"rendered":"<p>Evoclassic<\/p>"},"content":{"rendered":"<p>Pump Facial Treatment Lotion<p><strong><span style=\"color: #ffcc99;\">Sustainability<\/span><\/strong><\/p><p>Free POM modules. Available with PCR Plus and all plastic.<\/p><p><em>[soshsc aptar-company=\u201dAptar\u201d]<\/em><\/p><p>Reference Price at origin (not intercoprice, plesae consult origin for interco):<br>\n\u201c18\/400 EVO cartridge \u2013 doses 150-200-240\u00b5L \u2013 white PBT material body \u2013 neck gasket PE F217-5<br>\nStepped white plastic shiny fixture + white plastic actuator + natural PP clear cap \u2013 layer packed: 238<br>\nStraight white plastic shiny fixture + white plastic actuator \u2013 layer packed: 221<br>\nStepped metal ring + white plastic actuator + natural PP clear cap \u2013 layer packed: 360<br>\nStraight metal ring + white plastic actuator \u2013 layer packed: 343 Upcharge alpha150 cartridge \u2013 METAL FREE PRODUCT PATHWAY: 36 euros\u201d<\/p><p>Contact for ask more info in order to make final price<br>\ngianluca.aloisio@aptar.com<\/p><p>Country: Italy<\/p><p><em>[\/soshsc]<\/em><\/p><\/p>","protected":false},"excerpt":{"rendered":"<p>The Evoclassic lotion dispensing valve is ideal for dispensing skin care and makeup formulas: serums, face creams and foundations. It is designed to dispense a wide range of viscosities and fits a variety of screw-on and snap-on bottles, and features a locking system option for easy and secure use on the go. It is also available with a no-metal contact module for better compatibility.<\/p>","protected":false},"featured_media":22199,"template":"","meta":{"inline_featured_image":false},"product_cat":[512,515,290,194],"product_tag":[],"aptar-tags":[308],"acf":[],"yoast_head":"<!-- This site is optimized with the Yoast SEO plugin v21.0 - https:\/\/yoast.com\/wordpress\/plugins\/seo\/ -->\n<title>Evoclassic - Latam Catalog<\/title>\n<meta name=\"robots\" content=\"index, follow, max-snippet:-1, max-image-preview:large, max-video-preview:-1\" \/>\n<link rel=\"canonical\" href=\"https:\/\/beauty.latamcatalog.aptar.com\/en\/product\/evoclassic\/\" \/>\n<meta property=\"og:locale\" content=\"en_US\" \/>\n<meta property=\"og:type\" content=\"article\" \/>\n<meta property=\"og:title\" content=\"Evoclassic - Latam Catalog\" \/>\n<meta property=\"og:description\" content=\"A v\u00e1lvula dispensadora de lo\u00e7\u00e3o Evoclassic \u00e9 ideal para dispensar f\u00f3rmulas de cuidados com a pele e maquiagem: soros, cremes faciais e bases. \u00c9 projetada para dispensar uma ampla gama de viscosidades e se adapta a uma variedade de frascos tanto rosca quanto snap on, e conta tamb\u00e9m com op\u00e7\u00e3o de sistema de travamento para um uso f\u00e1cil e seguro em movimento. Est\u00e1 dispon\u00edvel tamb\u00e9m com m\u00f3dulo sem contato do produto com o metal para uma melhor compatibilidade.\" \/>\n<meta property=\"og:url\" content=\"https:\/\/beauty.latamcatalog.aptar.com\/en\/product\/evoclassic\/\" \/>\n<meta property=\"og:site_name\" content=\"Latam Catalog\" \/>\n<meta property=\"article:modified_time\" content=\"2023-08-23T19:35:42+00:00\" \/>\n<meta property=\"og:image\" content=\"https:\/\/beauty.latamcatalog.aptar.com\/wp-content\/uploads\/2022\/11\/Aptar-Beauty-EvoClassic-Cosmetic-Pump-White-Gold-Full-Packaging.jpg\" \/>\n\t<meta property=\"og:image:width\" content=\"9921\" \/>\n\t<meta property=\"og:image:height\" content=\"9921\" \/>\n\t<meta property=\"og:image:type\" content=\"image\/jpeg\" \/>\n<meta name=\"twitter:card\" content=\"summary_large_image\" \/>\n<meta name=\"twitter:label1\" content=\"Est. reading time\" \/>\n\t<meta name=\"twitter:data1\" content=\"1 minute\" \/>\n<script type=\"application\/ld+json\" class=\"yoast-schema-graph\">{\"@context\":\"https:\/\/schema.org\",\"@graph\":[{\"@type\":\"WebPage\",\"@id\":\"https:\/\/beauty.latamcatalog.aptar.com\/product\/evoclassic\/\",\"url\":\"https:\/\/beauty.latamcatalog.aptar.com\/product\/evoclassic\/\",\"name\":\"Evoclassic - Latam Catalog\",\"isPartOf\":{\"@id\":\"https:\/\/beauty.latamcatalog.aptar.com\/#website\"},\"datePublished\":\"2022-11-24T13:58:24+00:00\",\"dateModified\":\"2023-08-23T19:35:42+00:00\",\"breadcrumb\":{\"@id\":\"https:\/\/beauty.latamcatalog.aptar.com\/product\/evoclassic\/#breadcrumb\"},\"inLanguage\":\"en-US\",\"potentialAction\":[{\"@type\":\"ReadAction\",\"target\":[\"https:\/\/beauty.latamcatalog.aptar.com\/product\/evoclassic\/\"]}]},{\"@type\":\"BreadcrumbList\",\"@id\":\"https:\/\/beauty.latamcatalog.aptar.com\/product\/evoclassic\/#breadcrumb\",\"itemListElement\":[{\"@type\":\"ListItem\",\"position\":1,\"name\":\"Home\",\"item\":\"https:\/\/beauty.latamcatalog.aptar.com\/\"},{\"@type\":\"ListItem\",\"position\":2,\"name\":\"Private: Produtos\",\"item\":\"https:\/\/beauty.latamcatalog.aptar.com\/en\/?page_id=20030\"},{\"@type\":\"ListItem\",\"position\":3,\"name\":\"Evoclassic\"}]},{\"@type\":\"WebSite\",\"@id\":\"https:\/\/beauty.latamcatalog.aptar.com\/#website\",\"url\":\"https:\/\/beauty.latamcatalog.aptar.com\/\",\"name\":\"Latam Catalog\",\"description\":\"Aptar Latin America Catalog Website\",\"publisher\":{\"@id\":\"https:\/\/beauty.latamcatalog.aptar.com\/#organization\"},\"potentialAction\":[{\"@type\":\"SearchAction\",\"target\":{\"@type\":\"EntryPoint\",\"urlTemplate\":\"https:\/\/beauty.latamcatalog.aptar.com\/?s={search_term_string}\"},\"query-input\":\"required name=search_term_string\"}],\"inLanguage\":\"en-US\"},{\"@type\":\"Organization\",\"@id\":\"https:\/\/beauty.latamcatalog.aptar.com\/#organization\",\"name\":\"Aptar\",\"url\":\"https:\/\/beauty.latamcatalog.aptar.com\/\",\"logo\":{\"@type\":\"ImageObject\",\"inLanguage\":\"en-US\",\"@id\":\"https:\/\/beauty.latamcatalog.aptar.com\/#\/schema\/logo\/image\/\",\"url\":\"https:\/\/beauty.latamcatalog.aptar.com\/wp-content\/uploads\/2021\/11\/aptar_logo-01.png\",\"contentUrl\":\"https:\/\/beauty.latamcatalog.aptar.com\/wp-content\/uploads\/2021\/11\/aptar_logo-01.png\",\"width\":492,\"height\":175,\"caption\":\"Aptar\"},\"image\":{\"@id\":\"https:\/\/beauty.latamcatalog.aptar.com\/#\/schema\/logo\/image\/\"}}]}<\/script>\n<!-- \/ Yoast SEO plugin. -->","yoast_head_json":{"title":"Evoclassic - Latam Catalog","robots":{"index":"index","follow":"follow","max-snippet":"max-snippet:-1","max-image-preview":"max-image-preview:large","max-video-preview":"max-video-preview:-1"},"canonical":"https:\/\/beauty.latamcatalog.aptar.com\/en\/product\/evoclassic\/","og_locale":"en_US","og_type":"article","og_title":"Evoclassic - Latam Catalog","og_description":"A v\u00e1lvula dispensadora de lo\u00e7\u00e3o Evoclassic \u00e9 ideal para dispensar f\u00f3rmulas de cuidados com a pele e maquiagem: soros, cremes faciais e bases. \u00c9 projetada para dispensar uma ampla gama de viscosidades e se adapta a uma variedade de frascos tanto rosca quanto snap on, e conta tamb\u00e9m com op\u00e7\u00e3o de sistema de travamento para um uso f\u00e1cil e seguro em movimento. Est\u00e1 dispon\u00edvel tamb\u00e9m com m\u00f3dulo sem contato do produto com o metal para uma melhor compatibilidade.","og_url":"https:\/\/beauty.latamcatalog.aptar.com\/en\/product\/evoclassic\/","og_site_name":"Latam Catalog","article_modified_time":"2023-08-23T19:35:42+00:00","og_image":[{"width":9921,"height":9921,"url":"https:\/\/beauty.latamcatalog.aptar.com\/wp-content\/uploads\/2022\/11\/Aptar-Beauty-EvoClassic-Cosmetic-Pump-White-Gold-Full-Packaging.jpg","type":"image\/jpeg"}],"twitter_card":"summary_large_image","twitter_misc":{"Est. reading time":"1 minute"},"schema":{"@context":"https:\/\/schema.org","@graph":[{"@type":"WebPage","@id":"https:\/\/beauty.latamcatalog.aptar.com\/product\/evoclassic\/","url":"https:\/\/beauty.latamcatalog.aptar.com\/product\/evoclassic\/","name":"Evoclassic - Latam Catalog","isPartOf":{"@id":"https:\/\/beauty.latamcatalog.aptar.com\/#website"},"datePublished":"2022-11-24T13:58:24+00:00","dateModified":"2023-08-23T19:35:42+00:00","breadcrumb":{"@id":"https:\/\/beauty.latamcatalog.aptar.com\/product\/evoclassic\/#breadcrumb"},"inLanguage":"en-US","potentialAction":[{"@type":"ReadAction","target":["https:\/\/beauty.latamcatalog.aptar.com\/product\/evoclassic\/"]}]},{"@type":"BreadcrumbList","@id":"https:\/\/beauty.latamcatalog.aptar.com\/product\/evoclassic\/#breadcrumb","itemListElement":[{"@type":"ListItem","position":1,"name":"Home","item":"https:\/\/beauty.latamcatalog.aptar.com\/"},{"@type":"ListItem","position":2,"name":"Private: Produtos","item":"https:\/\/beauty.latamcatalog.aptar.com\/en\/?page_id=20030"},{"@type":"ListItem","position":3,"name":"Evoclassic"}]},{"@type":"WebSite","@id":"https:\/\/beauty.latamcatalog.aptar.com\/#website","url":"https:\/\/beauty.latamcatalog.aptar.com\/","name":"Latam Catalog","description":"Aptar Latin America Catalog Website","publisher":{"@id":"https:\/\/beauty.latamcatalog.aptar.com\/#organization"},"potentialAction":[{"@type":"SearchAction","target":{"@type":"EntryPoint","urlTemplate":"https:\/\/beauty.latamcatalog.aptar.com\/?s={search_term_string}"},"query-input":"required name=search_term_string"}],"inLanguage":"en-US"},{"@type":"Organization","@id":"https:\/\/beauty.latamcatalog.aptar.com\/#organization","name":"Aptar","url":"https:\/\/beauty.latamcatalog.aptar.com\/","logo":{"@type":"ImageObject","inLanguage":"en-US","@id":"https:\/\/beauty.latamcatalog.aptar.com\/#\/schema\/logo\/image\/","url":"https:\/\/beauty.latamcatalog.aptar.com\/wp-content\/uploads\/2021\/11\/aptar_logo-01.png","contentUrl":"https:\/\/beauty.latamcatalog.aptar.com\/wp-content\/uploads\/2021\/11\/aptar_logo-01.png","width":492,"height":175,"caption":"Aptar"},"image":{"@id":"https:\/\/beauty.latamcatalog.aptar.com\/#\/schema\/logo\/image\/"}}]}},"_links":{"self":[{"href":"https:\/\/beauty.latamcatalog.aptar.com\/en\/wp-json\/wp\/v2\/product\/21079"}],"collection":[{"href":"https:\/\/beauty.latamcatalog.aptar.com\/en\/wp-json\/wp\/v2\/product"}],"about":[{"href":"https:\/\/beauty.latamcatalog.aptar.com\/en\/wp-json\/wp\/v2\/types\/product"}],"wp:featuredmedia":[{"embeddable":true,"href":"https:\/\/beauty.latamcatalog.aptar.com\/en\/wp-json\/wp\/v2\/media\/22199"}],"wp:attachment":[{"href":"https:\/\/beauty.latamcatalog.aptar.com\/en\/wp-json\/wp\/v2\/media?parent=21079"}],"wp:term":[{"taxonomy":"product_cat","embeddable":true,"href":"https:\/\/beauty.latamcatalog.aptar.com\/en\/wp-json\/wp\/v2\/product_cat?post=21079"},{"taxonomy":"product_tag","embeddable":true,"href":"https:\/\/beauty.latamcatalog.aptar.com\/en\/wp-json\/wp\/v2\/product_tag?post=21079"},{"taxonomy":"aptar-tags","embeddable":true,"href":"https:\/\/beauty.latamcatalog.aptar.com\/en\/wp-json\/wp\/v2\/aptar-tags?post=21079"}],"curies":[{"name":"wp","href":"https:\/\/api.w.org\/{rel}","templated":true}]}}