{"id":21062,"date":"2022-11-24T13:46:00","date_gmt":"2022-11-24T13:46:00","guid":{"rendered":"https:\/\/live-beautylatamcatalog.pantheonsite.io\/?post_type=product&#038;p=21062"},"modified":"2023-06-07T19:55:02","modified_gmt":"2023-06-07T19:55:02","slug":"evolux","status":"publish","type":"product","link":"https:\/\/beauty.latamcatalog.aptar.com\/en\/product\/evolux\/","title":{"rendered":"<p>Evolux<\/p>"},"content":{"rendered":"<p>Pump Facial Treatment Lotion<p>&nbsp;<\/p><p><em>[soshsc aptar-company=\u201dAptar\u201d]<\/em><\/p><p>Reference Price at origin (not intercoprice, plesae consult origin for interco):<br>\n18\/400 Metal with 438 actuator T8 or T9 nozzle: $516.64<br>\n20\/410 Metal with 438 actuator T8 or T9 nozzle: $525.64<br>\n20\/410 Metal with plastic 820 actuator: $463.64<br>\n20\/400 Metal with 438 actuator T8 or T9 nozzle: USD 525.64<br>\nOption T10 Self Sealing Nozzle Upcharge only with alpha cartridge: USD 83<br>\nOvercap natural PP for 20\/410 (delivered separately): USD $83<br>\nOvercap metal for 20\/410 (delivered separately): USD 531<br>\nAlpha cartridge upcharge: USD 32<\/p><p>Contact for ask more info in order to make final price:<br>\nsonia.weber@aptar.com<\/p><p>Country: USA<\/p><p><em>[\/soshsc]<\/em><\/p><\/p>","protected":false},"excerpt":{"rendered":"<p>Evolux is a skin care and make up lotion dispensing pump with an elegant design and available in a wide variety of actuators and nozzles, including metal and PCR options for packaging differentiation and with a focus on sustainability. Fits a variety of bottles and offers safe, easy on-the-go use.<\/p>","protected":false},"featured_media":21068,"template":"","meta":{"inline_featured_image":false},"product_cat":[512,515,290,194],"product_tag":[],"aptar-tags":[308],"acf":[],"yoast_head":"<!-- This site is optimized with the Yoast SEO plugin v21.0 - https:\/\/yoast.com\/wordpress\/plugins\/seo\/ -->\n<title>Evolux - Latam Catalog<\/title>\n<meta name=\"robots\" content=\"index, follow, max-snippet:-1, max-image-preview:large, max-video-preview:-1\" \/>\n<link rel=\"canonical\" href=\"https:\/\/beauty.latamcatalog.aptar.com\/en\/product\/evolux\/\" \/>\n<meta property=\"og:locale\" content=\"en_US\" \/>\n<meta property=\"og:type\" content=\"article\" \/>\n<meta property=\"og:title\" content=\"Evolux - Latam Catalog\" \/>\n<meta property=\"og:description\" content=\"Evolux \u00e9 uma bomba dispensadora de lo\u00e7\u00e3o para skin care e make up com design elegante e dispon\u00edvel em uma ampla variedade de atuadores e bicos, incluindo op\u00e7\u00f5es com metal e PCR para diferencia\u00e7\u00e3o da embalagem e com foco em sustentabilidade. Adapta-se a uma variedade de frascos e oferece um uso f\u00e1cil e seguro em movimento.\" \/>\n<meta property=\"og:url\" content=\"https:\/\/beauty.latamcatalog.aptar.com\/en\/product\/evolux\/\" \/>\n<meta property=\"og:site_name\" content=\"Latam Catalog\" \/>\n<meta property=\"article:modified_time\" content=\"2023-06-07T19:55:02+00:00\" \/>\n<meta property=\"og:image\" content=\"https:\/\/beauty.latamcatalog.aptar.com\/wp-content\/uploads\/2022\/11\/evolux_make_up_by_aptar-1024x1024-1.jpg\" \/>\n\t<meta property=\"og:image:width\" content=\"1024\" \/>\n\t<meta property=\"og:image:height\" content=\"1024\" \/>\n\t<meta property=\"og:image:type\" content=\"image\/jpeg\" \/>\n<meta name=\"twitter:card\" content=\"summary_large_image\" \/>\n<meta name=\"twitter:label1\" content=\"Est. reading time\" \/>\n\t<meta name=\"twitter:data1\" content=\"1 minute\" \/>\n<script type=\"application\/ld+json\" class=\"yoast-schema-graph\">{\"@context\":\"https:\/\/schema.org\",\"@graph\":[{\"@type\":\"WebPage\",\"@id\":\"https:\/\/beauty.latamcatalog.aptar.com\/en\/product\/evolux\/\",\"url\":\"https:\/\/beauty.latamcatalog.aptar.com\/en\/product\/evolux\/\",\"name\":\"Evolux - Latam Catalog\",\"isPartOf\":{\"@id\":\"https:\/\/beauty.latamcatalog.aptar.com\/#website\"},\"datePublished\":\"2022-11-24T13:46:00+00:00\",\"dateModified\":\"2023-06-07T19:55:02+00:00\",\"breadcrumb\":{\"@id\":\"https:\/\/beauty.latamcatalog.aptar.com\/en\/product\/evolux\/#breadcrumb\"},\"inLanguage\":\"en-US\",\"potentialAction\":[{\"@type\":\"ReadAction\",\"target\":[\"https:\/\/beauty.latamcatalog.aptar.com\/en\/product\/evolux\/\"]}]},{\"@type\":\"BreadcrumbList\",\"@id\":\"https:\/\/beauty.latamcatalog.aptar.com\/en\/product\/evolux\/#breadcrumb\",\"itemListElement\":[{\"@type\":\"ListItem\",\"position\":1,\"name\":\"Home\",\"item\":\"https:\/\/beauty.latamcatalog.aptar.com\/\"},{\"@type\":\"ListItem\",\"position\":2,\"name\":\"Private: Produtos\",\"item\":\"https:\/\/beauty.latamcatalog.aptar.com\/en\/?page_id=20030\"},{\"@type\":\"ListItem\",\"position\":3,\"name\":\"Evolux\"}]},{\"@type\":\"WebSite\",\"@id\":\"https:\/\/beauty.latamcatalog.aptar.com\/#website\",\"url\":\"https:\/\/beauty.latamcatalog.aptar.com\/\",\"name\":\"Latam Catalog\",\"description\":\"Aptar Latin America Catalog Website\",\"publisher\":{\"@id\":\"https:\/\/beauty.latamcatalog.aptar.com\/#organization\"},\"potentialAction\":[{\"@type\":\"SearchAction\",\"target\":{\"@type\":\"EntryPoint\",\"urlTemplate\":\"https:\/\/beauty.latamcatalog.aptar.com\/?s={search_term_string}\"},\"query-input\":\"required name=search_term_string\"}],\"inLanguage\":\"en-US\"},{\"@type\":\"Organization\",\"@id\":\"https:\/\/beauty.latamcatalog.aptar.com\/#organization\",\"name\":\"Aptar\",\"url\":\"https:\/\/beauty.latamcatalog.aptar.com\/\",\"logo\":{\"@type\":\"ImageObject\",\"inLanguage\":\"en-US\",\"@id\":\"https:\/\/beauty.latamcatalog.aptar.com\/#\/schema\/logo\/image\/\",\"url\":\"https:\/\/beauty.latamcatalog.aptar.com\/wp-content\/uploads\/2021\/11\/aptar_logo-01.png\",\"contentUrl\":\"https:\/\/beauty.latamcatalog.aptar.com\/wp-content\/uploads\/2021\/11\/aptar_logo-01.png\",\"width\":492,\"height\":175,\"caption\":\"Aptar\"},\"image\":{\"@id\":\"https:\/\/beauty.latamcatalog.aptar.com\/#\/schema\/logo\/image\/\"}}]}<\/script>\n<!-- \/ Yoast SEO plugin. -->","yoast_head_json":{"title":"Evolux - Latam Catalog","robots":{"index":"index","follow":"follow","max-snippet":"max-snippet:-1","max-image-preview":"max-image-preview:large","max-video-preview":"max-video-preview:-1"},"canonical":"https:\/\/beauty.latamcatalog.aptar.com\/en\/product\/evolux\/","og_locale":"en_US","og_type":"article","og_title":"Evolux - Latam Catalog","og_description":"Evolux \u00e9 uma bomba dispensadora de lo\u00e7\u00e3o para skin care e make up com design elegante e dispon\u00edvel em uma ampla variedade de atuadores e bicos, incluindo op\u00e7\u00f5es com metal e PCR para diferencia\u00e7\u00e3o da embalagem e com foco em sustentabilidade. Adapta-se a uma variedade de frascos e oferece um uso f\u00e1cil e seguro em movimento.","og_url":"https:\/\/beauty.latamcatalog.aptar.com\/en\/product\/evolux\/","og_site_name":"Latam Catalog","article_modified_time":"2023-06-07T19:55:02+00:00","og_image":[{"width":1024,"height":1024,"url":"https:\/\/beauty.latamcatalog.aptar.com\/wp-content\/uploads\/2022\/11\/evolux_make_up_by_aptar-1024x1024-1.jpg","type":"image\/jpeg"}],"twitter_card":"summary_large_image","twitter_misc":{"Est. reading time":"1 minute"},"schema":{"@context":"https:\/\/schema.org","@graph":[{"@type":"WebPage","@id":"https:\/\/beauty.latamcatalog.aptar.com\/en\/product\/evolux\/","url":"https:\/\/beauty.latamcatalog.aptar.com\/en\/product\/evolux\/","name":"Evolux - Latam Catalog","isPartOf":{"@id":"https:\/\/beauty.latamcatalog.aptar.com\/#website"},"datePublished":"2022-11-24T13:46:00+00:00","dateModified":"2023-06-07T19:55:02+00:00","breadcrumb":{"@id":"https:\/\/beauty.latamcatalog.aptar.com\/en\/product\/evolux\/#breadcrumb"},"inLanguage":"en-US","potentialAction":[{"@type":"ReadAction","target":["https:\/\/beauty.latamcatalog.aptar.com\/en\/product\/evolux\/"]}]},{"@type":"BreadcrumbList","@id":"https:\/\/beauty.latamcatalog.aptar.com\/en\/product\/evolux\/#breadcrumb","itemListElement":[{"@type":"ListItem","position":1,"name":"Home","item":"https:\/\/beauty.latamcatalog.aptar.com\/"},{"@type":"ListItem","position":2,"name":"Private: Produtos","item":"https:\/\/beauty.latamcatalog.aptar.com\/en\/?page_id=20030"},{"@type":"ListItem","position":3,"name":"Evolux"}]},{"@type":"WebSite","@id":"https:\/\/beauty.latamcatalog.aptar.com\/#website","url":"https:\/\/beauty.latamcatalog.aptar.com\/","name":"Latam Catalog","description":"Aptar Latin America Catalog Website","publisher":{"@id":"https:\/\/beauty.latamcatalog.aptar.com\/#organization"},"potentialAction":[{"@type":"SearchAction","target":{"@type":"EntryPoint","urlTemplate":"https:\/\/beauty.latamcatalog.aptar.com\/?s={search_term_string}"},"query-input":"required name=search_term_string"}],"inLanguage":"en-US"},{"@type":"Organization","@id":"https:\/\/beauty.latamcatalog.aptar.com\/#organization","name":"Aptar","url":"https:\/\/beauty.latamcatalog.aptar.com\/","logo":{"@type":"ImageObject","inLanguage":"en-US","@id":"https:\/\/beauty.latamcatalog.aptar.com\/#\/schema\/logo\/image\/","url":"https:\/\/beauty.latamcatalog.aptar.com\/wp-content\/uploads\/2021\/11\/aptar_logo-01.png","contentUrl":"https:\/\/beauty.latamcatalog.aptar.com\/wp-content\/uploads\/2021\/11\/aptar_logo-01.png","width":492,"height":175,"caption":"Aptar"},"image":{"@id":"https:\/\/beauty.latamcatalog.aptar.com\/#\/schema\/logo\/image\/"}}]}},"_links":{"self":[{"href":"https:\/\/beauty.latamcatalog.aptar.com\/en\/wp-json\/wp\/v2\/product\/21062"}],"collection":[{"href":"https:\/\/beauty.latamcatalog.aptar.com\/en\/wp-json\/wp\/v2\/product"}],"about":[{"href":"https:\/\/beauty.latamcatalog.aptar.com\/en\/wp-json\/wp\/v2\/types\/product"}],"wp:featuredmedia":[{"embeddable":true,"href":"https:\/\/beauty.latamcatalog.aptar.com\/en\/wp-json\/wp\/v2\/media\/21068"}],"wp:attachment":[{"href":"https:\/\/beauty.latamcatalog.aptar.com\/en\/wp-json\/wp\/v2\/media?parent=21062"}],"wp:term":[{"taxonomy":"product_cat","embeddable":true,"href":"https:\/\/beauty.latamcatalog.aptar.com\/en\/wp-json\/wp\/v2\/product_cat?post=21062"},{"taxonomy":"product_tag","embeddable":true,"href":"https:\/\/beauty.latamcatalog.aptar.com\/en\/wp-json\/wp\/v2\/product_tag?post=21062"},{"taxonomy":"aptar-tags","embeddable":true,"href":"https:\/\/beauty.latamcatalog.aptar.com\/en\/wp-json\/wp\/v2\/aptar-tags?post=21062"}],"curies":[{"name":"wp","href":"https:\/\/api.w.org\/{rel}","templated":true}]}}