{"id":20973,"date":"2022-11-23T19:40:04","date_gmt":"2022-11-23T19:40:04","guid":{"rendered":"https:\/\/live-beautylatamcatalog.pantheonsite.io\/?post_type=product&#038;p=20973"},"modified":"2023-08-23T19:13:59","modified_gmt":"2023-08-23T19:13:59","slug":"sirius","status":"publish","type":"product","link":"https:\/\/beauty.latamcatalog.aptar.com\/en\/product\/sirius\/","title":{"rendered":"<p>Sirius<\/p>"},"content":{"rendered":"<p>Premium Airless Packaging<p><span style=\"color: #ffcc99;\"><strong>Sustainability<br>\n<\/strong><\/span><\/p><p>Free POM module<\/p><p>&nbsp;<\/p><p><em>[soshsc aptar-company=\u201dAptar\u201d]<\/em><\/p><p>Reference Price at origin (not intercoprice, plesae consult origin for interco):<br>\nPackaging 15ml: 1646 euros, 30 ml: 1925 euros, 50ml: 2132 euros<\/p><p>Contact for ask more info in order to make final price<br>\nsarah.urbanski@aptar.com<\/p><p>Country: France<\/p><p><em>[\/soshsc]<\/em><\/p><\/p>","protected":false},"excerpt":{"rendered":"<p>Sirius is a classic high quality airless bottle with a sophisticated transparent bottle and both metal base and cap. Its bottle offers a reinforced barrier due to its thicker walls than normal measuring 3 mm thick. Airless technology ensures protection of even the most fragile formulas with an excellent product evacuation rate and 360\u00b0 dispensing. Sirius features a variety of customization and decoration options, as well as 2 actuator options.<\/p>","protected":false},"featured_media":22184,"template":"","meta":{"inline_featured_image":false},"product_cat":[197,513,512,290,194],"product_tag":[],"aptar-tags":[308],"acf":[],"yoast_head":"<!-- This site is optimized with the Yoast SEO plugin v21.0 - https:\/\/yoast.com\/wordpress\/plugins\/seo\/ -->\n<title>Sirius - Latam Catalog<\/title>\n<meta name=\"robots\" content=\"index, follow, max-snippet:-1, max-image-preview:large, max-video-preview:-1\" \/>\n<link rel=\"canonical\" href=\"https:\/\/beauty.latamcatalog.aptar.com\/en\/product\/sirius\/\" \/>\n<meta property=\"og:locale\" content=\"en_US\" \/>\n<meta property=\"og:type\" content=\"article\" \/>\n<meta property=\"og:title\" content=\"Sirius - Latam Catalog\" \/>\n<meta property=\"og:description\" content=\"Sirius \u00e9 uma embalagem airless cl\u00e1ssica de alta qualidade com um frasco sofisticado transparente e tanto base como tampa met\u00e1lica. Seu frasco oferece barreira refor\u00e7ada devido \u00e0s suas paredes mais espessas que o normal medindo 3 mm de espessura. A tecnologia airless garante a prote\u00e7\u00e3o at\u00e9 mesmo das f\u00f3rmulas mais fr\u00e1geis com uma excelente taxa de evacua\u00e7\u00e3o do produto e dispensa\u00e7\u00e3o 360\u00b0. Sirius apresenta variedades de op\u00e7\u00f5es de personaliza\u00e7\u00e3o e decora\u00e7\u00e3o, alem de 2 op\u00e7\u00f5es de atuadores.\" \/>\n<meta property=\"og:url\" content=\"https:\/\/beauty.latamcatalog.aptar.com\/en\/product\/sirius\/\" \/>\n<meta property=\"og:site_name\" content=\"Latam Catalog\" \/>\n<meta property=\"article:modified_time\" content=\"2023-08-23T19:13:59+00:00\" \/>\n<meta property=\"og:image\" content=\"https:\/\/beauty.latamcatalog.aptar.com\/wp-content\/uploads\/2022\/11\/Aptar-Beauty-Sirius-Airless-Packaging-Transparent-Silver-With-Cap.png\" \/>\n\t<meta property=\"og:image:width\" content=\"4961\" \/>\n\t<meta property=\"og:image:height\" content=\"4961\" \/>\n\t<meta property=\"og:image:type\" content=\"image\/png\" \/>\n<meta name=\"twitter:card\" content=\"summary_large_image\" \/>\n<meta name=\"twitter:label1\" content=\"Est. reading time\" \/>\n\t<meta name=\"twitter:data1\" content=\"1 minute\" \/>\n<script type=\"application\/ld+json\" class=\"yoast-schema-graph\">{\"@context\":\"https:\/\/schema.org\",\"@graph\":[{\"@type\":\"WebPage\",\"@id\":\"https:\/\/beauty.latamcatalog.aptar.com\/en\/product\/sirius\/\",\"url\":\"https:\/\/beauty.latamcatalog.aptar.com\/en\/product\/sirius\/\",\"name\":\"Sirius - Latam Catalog\",\"isPartOf\":{\"@id\":\"https:\/\/beauty.latamcatalog.aptar.com\/#website\"},\"datePublished\":\"2022-11-23T19:40:04+00:00\",\"dateModified\":\"2023-08-23T19:13:59+00:00\",\"breadcrumb\":{\"@id\":\"https:\/\/beauty.latamcatalog.aptar.com\/en\/product\/sirius\/#breadcrumb\"},\"inLanguage\":\"en-US\",\"potentialAction\":[{\"@type\":\"ReadAction\",\"target\":[\"https:\/\/beauty.latamcatalog.aptar.com\/en\/product\/sirius\/\"]}]},{\"@type\":\"BreadcrumbList\",\"@id\":\"https:\/\/beauty.latamcatalog.aptar.com\/en\/product\/sirius\/#breadcrumb\",\"itemListElement\":[{\"@type\":\"ListItem\",\"position\":1,\"name\":\"Home\",\"item\":\"https:\/\/beauty.latamcatalog.aptar.com\/\"},{\"@type\":\"ListItem\",\"position\":2,\"name\":\"Private: Produtos\",\"item\":\"https:\/\/beauty.latamcatalog.aptar.com\/en\/?page_id=20030\"},{\"@type\":\"ListItem\",\"position\":3,\"name\":\"Sirius\"}]},{\"@type\":\"WebSite\",\"@id\":\"https:\/\/beauty.latamcatalog.aptar.com\/#website\",\"url\":\"https:\/\/beauty.latamcatalog.aptar.com\/\",\"name\":\"Latam Catalog\",\"description\":\"Aptar Latin America Catalog Website\",\"publisher\":{\"@id\":\"https:\/\/beauty.latamcatalog.aptar.com\/#organization\"},\"potentialAction\":[{\"@type\":\"SearchAction\",\"target\":{\"@type\":\"EntryPoint\",\"urlTemplate\":\"https:\/\/beauty.latamcatalog.aptar.com\/?s={search_term_string}\"},\"query-input\":\"required name=search_term_string\"}],\"inLanguage\":\"en-US\"},{\"@type\":\"Organization\",\"@id\":\"https:\/\/beauty.latamcatalog.aptar.com\/#organization\",\"name\":\"Aptar\",\"url\":\"https:\/\/beauty.latamcatalog.aptar.com\/\",\"logo\":{\"@type\":\"ImageObject\",\"inLanguage\":\"en-US\",\"@id\":\"https:\/\/beauty.latamcatalog.aptar.com\/#\/schema\/logo\/image\/\",\"url\":\"https:\/\/beauty.latamcatalog.aptar.com\/wp-content\/uploads\/2021\/11\/aptar_logo-01.png\",\"contentUrl\":\"https:\/\/beauty.latamcatalog.aptar.com\/wp-content\/uploads\/2021\/11\/aptar_logo-01.png\",\"width\":492,\"height\":175,\"caption\":\"Aptar\"},\"image\":{\"@id\":\"https:\/\/beauty.latamcatalog.aptar.com\/#\/schema\/logo\/image\/\"}}]}<\/script>\n<!-- \/ Yoast SEO plugin. -->","yoast_head_json":{"title":"Sirius - Latam Catalog","robots":{"index":"index","follow":"follow","max-snippet":"max-snippet:-1","max-image-preview":"max-image-preview:large","max-video-preview":"max-video-preview:-1"},"canonical":"https:\/\/beauty.latamcatalog.aptar.com\/en\/product\/sirius\/","og_locale":"en_US","og_type":"article","og_title":"Sirius - Latam Catalog","og_description":"Sirius \u00e9 uma embalagem airless cl\u00e1ssica de alta qualidade com um frasco sofisticado transparente e tanto base como tampa met\u00e1lica. Seu frasco oferece barreira refor\u00e7ada devido \u00e0s suas paredes mais espessas que o normal medindo 3 mm de espessura. A tecnologia airless garante a prote\u00e7\u00e3o at\u00e9 mesmo das f\u00f3rmulas mais fr\u00e1geis com uma excelente taxa de evacua\u00e7\u00e3o do produto e dispensa\u00e7\u00e3o 360\u00b0. Sirius apresenta variedades de op\u00e7\u00f5es de personaliza\u00e7\u00e3o e decora\u00e7\u00e3o, alem de 2 op\u00e7\u00f5es de atuadores.","og_url":"https:\/\/beauty.latamcatalog.aptar.com\/en\/product\/sirius\/","og_site_name":"Latam Catalog","article_modified_time":"2023-08-23T19:13:59+00:00","og_image":[{"width":4961,"height":4961,"url":"https:\/\/beauty.latamcatalog.aptar.com\/wp-content\/uploads\/2022\/11\/Aptar-Beauty-Sirius-Airless-Packaging-Transparent-Silver-With-Cap.png","type":"image\/png"}],"twitter_card":"summary_large_image","twitter_misc":{"Est. reading time":"1 minute"},"schema":{"@context":"https:\/\/schema.org","@graph":[{"@type":"WebPage","@id":"https:\/\/beauty.latamcatalog.aptar.com\/en\/product\/sirius\/","url":"https:\/\/beauty.latamcatalog.aptar.com\/en\/product\/sirius\/","name":"Sirius - Latam Catalog","isPartOf":{"@id":"https:\/\/beauty.latamcatalog.aptar.com\/#website"},"datePublished":"2022-11-23T19:40:04+00:00","dateModified":"2023-08-23T19:13:59+00:00","breadcrumb":{"@id":"https:\/\/beauty.latamcatalog.aptar.com\/en\/product\/sirius\/#breadcrumb"},"inLanguage":"en-US","potentialAction":[{"@type":"ReadAction","target":["https:\/\/beauty.latamcatalog.aptar.com\/en\/product\/sirius\/"]}]},{"@type":"BreadcrumbList","@id":"https:\/\/beauty.latamcatalog.aptar.com\/en\/product\/sirius\/#breadcrumb","itemListElement":[{"@type":"ListItem","position":1,"name":"Home","item":"https:\/\/beauty.latamcatalog.aptar.com\/"},{"@type":"ListItem","position":2,"name":"Private: Produtos","item":"https:\/\/beauty.latamcatalog.aptar.com\/en\/?page_id=20030"},{"@type":"ListItem","position":3,"name":"Sirius"}]},{"@type":"WebSite","@id":"https:\/\/beauty.latamcatalog.aptar.com\/#website","url":"https:\/\/beauty.latamcatalog.aptar.com\/","name":"Latam Catalog","description":"Aptar Latin America Catalog Website","publisher":{"@id":"https:\/\/beauty.latamcatalog.aptar.com\/#organization"},"potentialAction":[{"@type":"SearchAction","target":{"@type":"EntryPoint","urlTemplate":"https:\/\/beauty.latamcatalog.aptar.com\/?s={search_term_string}"},"query-input":"required name=search_term_string"}],"inLanguage":"en-US"},{"@type":"Organization","@id":"https:\/\/beauty.latamcatalog.aptar.com\/#organization","name":"Aptar","url":"https:\/\/beauty.latamcatalog.aptar.com\/","logo":{"@type":"ImageObject","inLanguage":"en-US","@id":"https:\/\/beauty.latamcatalog.aptar.com\/#\/schema\/logo\/image\/","url":"https:\/\/beauty.latamcatalog.aptar.com\/wp-content\/uploads\/2021\/11\/aptar_logo-01.png","contentUrl":"https:\/\/beauty.latamcatalog.aptar.com\/wp-content\/uploads\/2021\/11\/aptar_logo-01.png","width":492,"height":175,"caption":"Aptar"},"image":{"@id":"https:\/\/beauty.latamcatalog.aptar.com\/#\/schema\/logo\/image\/"}}]}},"_links":{"self":[{"href":"https:\/\/beauty.latamcatalog.aptar.com\/en\/wp-json\/wp\/v2\/product\/20973"}],"collection":[{"href":"https:\/\/beauty.latamcatalog.aptar.com\/en\/wp-json\/wp\/v2\/product"}],"about":[{"href":"https:\/\/beauty.latamcatalog.aptar.com\/en\/wp-json\/wp\/v2\/types\/product"}],"wp:featuredmedia":[{"embeddable":true,"href":"https:\/\/beauty.latamcatalog.aptar.com\/en\/wp-json\/wp\/v2\/media\/22184"}],"wp:attachment":[{"href":"https:\/\/beauty.latamcatalog.aptar.com\/en\/wp-json\/wp\/v2\/media?parent=20973"}],"wp:term":[{"taxonomy":"product_cat","embeddable":true,"href":"https:\/\/beauty.latamcatalog.aptar.com\/en\/wp-json\/wp\/v2\/product_cat?post=20973"},{"taxonomy":"product_tag","embeddable":true,"href":"https:\/\/beauty.latamcatalog.aptar.com\/en\/wp-json\/wp\/v2\/product_tag?post=20973"},{"taxonomy":"aptar-tags","embeddable":true,"href":"https:\/\/beauty.latamcatalog.aptar.com\/en\/wp-json\/wp\/v2\/aptar-tags?post=20973"}],"curies":[{"name":"wp","href":"https:\/\/api.w.org\/{rel}","templated":true}]}}