{"id":20945,"date":"2022-11-23T19:03:32","date_gmt":"2022-11-23T19:03:32","guid":{"rendered":"https:\/\/live-beautylatamcatalog.pantheonsite.io\/?post_type=product&#038;p=20945"},"modified":"2023-06-07T20:24:42","modified_gmt":"2023-06-07T20:24:42","slug":"auriga","status":"publish","type":"product","link":"https:\/\/beauty.latamcatalog.aptar.com\/en\/product\/auriga\/","title":{"rendered":"<p>Auriga<\/p>"},"content":{"rendered":"<p>Premium Airless Packaging<p><span style=\"color: #ffcc99;\"><strong>Sustainability<br>\n<\/strong><\/span><\/p><p>Free POM module<\/p><p>&nbsp;<\/p><p><em>[soshsc aptar-company=\u201dAptar\u201d]<\/em><\/p><p>Reference Price at origin (not intercoprice, plesae consult origin for interco):<br>\nPackaging 15 ml: 988 euros, 20 ml: 1012 euros, 30 ml slim: 1019 euros, 30 ml: 1177 euros 40 ml: 1128 euros, 50 ml: 1309 euros<\/p><p>Contact for ask more info in order to make final price<br>\nsarah.urbanski@aptar.com<\/p><p>Country: France<\/p><p><em>[\/soshsc]<\/em><\/p><\/p>","protected":false},"excerpt":{"rendered":"<p>Auriga airless packaging provides an elegant, premium look with high quality and a wide range of customization options.<br>\nAirless technology ensures protection of even the most sensitive formulas with an excellent product evacuation rate and 360\u00b0 dispensing. Works with high and very high viscosity formulas and is POM free, plus has the metal free path module available so the product does not come into contact with metal.<\/p>","protected":false},"featured_media":21284,"template":"","meta":{"inline_featured_image":false},"product_cat":[197,513,512,290,194],"product_tag":[],"aptar-tags":[308],"acf":[],"yoast_head":"<!-- This site is optimized with the Yoast SEO plugin v21.0 - https:\/\/yoast.com\/wordpress\/plugins\/seo\/ -->\n<title>Auriga - Latam Catalog<\/title>\n<meta name=\"robots\" content=\"index, follow, max-snippet:-1, max-image-preview:large, max-video-preview:-1\" \/>\n<link rel=\"canonical\" href=\"https:\/\/beauty.latamcatalog.aptar.com\/en\/product\/auriga\/\" \/>\n<meta property=\"og:locale\" content=\"en_US\" \/>\n<meta property=\"og:type\" content=\"article\" \/>\n<meta property=\"og:title\" content=\"Auriga - Latam Catalog\" \/>\n<meta property=\"og:description\" content=\"A embalagem airless Auriga proporciona um visual elegante e premium com alta qualidade e ampla gama de op\u00e7\u00f5es de personaliza\u00e7\u00e3o. A tecnologia airless garante a prote\u00e7\u00e3o at\u00e9 mesmo das f\u00f3rmulas mais sens\u00edveis com uma excelente taxa de evacua\u00e7\u00e3o do produto e dispensa\u00e7\u00e3o 360\u00b0. Funciona com f\u00f3rmulas de alta e muito alta viscosidade e \u00e9 livre de POM, al\u00e9m de ter o m\u00f3dulo com caminho livre de metal dispon\u00edvel para que o produto n\u00e3o entre em contato com o metal.\" \/>\n<meta property=\"og:url\" content=\"https:\/\/beauty.latamcatalog.aptar.com\/en\/product\/auriga\/\" \/>\n<meta property=\"og:site_name\" content=\"Latam Catalog\" \/>\n<meta property=\"article:modified_time\" content=\"2023-06-07T20:24:42+00:00\" \/>\n<meta property=\"og:image\" content=\"https:\/\/beauty.latamcatalog.aptar.com\/wp-content\/uploads\/2022\/11\/aurigaaaa.jpg\" \/>\n\t<meta property=\"og:image:width\" content=\"628\" \/>\n\t<meta property=\"og:image:height\" content=\"570\" \/>\n\t<meta property=\"og:image:type\" content=\"image\/jpeg\" \/>\n<meta name=\"twitter:card\" content=\"summary_large_image\" \/>\n<meta name=\"twitter:label1\" content=\"Est. reading time\" \/>\n\t<meta name=\"twitter:data1\" content=\"1 minute\" \/>\n<script type=\"application\/ld+json\" class=\"yoast-schema-graph\">{\"@context\":\"https:\/\/schema.org\",\"@graph\":[{\"@type\":\"WebPage\",\"@id\":\"https:\/\/beauty.latamcatalog.aptar.com\/es\/product\/auriga\/\",\"url\":\"https:\/\/beauty.latamcatalog.aptar.com\/es\/product\/auriga\/\",\"name\":\"Auriga - Latam Catalog\",\"isPartOf\":{\"@id\":\"https:\/\/beauty.latamcatalog.aptar.com\/#website\"},\"datePublished\":\"2022-11-23T19:03:32+00:00\",\"dateModified\":\"2023-06-07T20:24:42+00:00\",\"breadcrumb\":{\"@id\":\"https:\/\/beauty.latamcatalog.aptar.com\/es\/product\/auriga\/#breadcrumb\"},\"inLanguage\":\"en-US\",\"potentialAction\":[{\"@type\":\"ReadAction\",\"target\":[\"https:\/\/beauty.latamcatalog.aptar.com\/es\/product\/auriga\/\"]}]},{\"@type\":\"BreadcrumbList\",\"@id\":\"https:\/\/beauty.latamcatalog.aptar.com\/es\/product\/auriga\/#breadcrumb\",\"itemListElement\":[{\"@type\":\"ListItem\",\"position\":1,\"name\":\"Home\",\"item\":\"https:\/\/beauty.latamcatalog.aptar.com\/\"},{\"@type\":\"ListItem\",\"position\":2,\"name\":\"Private: Produtos\",\"item\":\"https:\/\/beauty.latamcatalog.aptar.com\/en\/?page_id=20030\"},{\"@type\":\"ListItem\",\"position\":3,\"name\":\"Auriga\"}]},{\"@type\":\"WebSite\",\"@id\":\"https:\/\/beauty.latamcatalog.aptar.com\/#website\",\"url\":\"https:\/\/beauty.latamcatalog.aptar.com\/\",\"name\":\"Latam Catalog\",\"description\":\"Aptar Latin America Catalog Website\",\"publisher\":{\"@id\":\"https:\/\/beauty.latamcatalog.aptar.com\/#organization\"},\"potentialAction\":[{\"@type\":\"SearchAction\",\"target\":{\"@type\":\"EntryPoint\",\"urlTemplate\":\"https:\/\/beauty.latamcatalog.aptar.com\/?s={search_term_string}\"},\"query-input\":\"required name=search_term_string\"}],\"inLanguage\":\"en-US\"},{\"@type\":\"Organization\",\"@id\":\"https:\/\/beauty.latamcatalog.aptar.com\/#organization\",\"name\":\"Aptar\",\"url\":\"https:\/\/beauty.latamcatalog.aptar.com\/\",\"logo\":{\"@type\":\"ImageObject\",\"inLanguage\":\"en-US\",\"@id\":\"https:\/\/beauty.latamcatalog.aptar.com\/#\/schema\/logo\/image\/\",\"url\":\"https:\/\/beauty.latamcatalog.aptar.com\/wp-content\/uploads\/2021\/11\/aptar_logo-01.png\",\"contentUrl\":\"https:\/\/beauty.latamcatalog.aptar.com\/wp-content\/uploads\/2021\/11\/aptar_logo-01.png\",\"width\":492,\"height\":175,\"caption\":\"Aptar\"},\"image\":{\"@id\":\"https:\/\/beauty.latamcatalog.aptar.com\/#\/schema\/logo\/image\/\"}}]}<\/script>\n<!-- \/ Yoast SEO plugin. -->","yoast_head_json":{"title":"Auriga - Latam Catalog","robots":{"index":"index","follow":"follow","max-snippet":"max-snippet:-1","max-image-preview":"max-image-preview:large","max-video-preview":"max-video-preview:-1"},"canonical":"https:\/\/beauty.latamcatalog.aptar.com\/en\/product\/auriga\/","og_locale":"en_US","og_type":"article","og_title":"Auriga - Latam Catalog","og_description":"A embalagem airless Auriga proporciona um visual elegante e premium com alta qualidade e ampla gama de op\u00e7\u00f5es de personaliza\u00e7\u00e3o. A tecnologia airless garante a prote\u00e7\u00e3o at\u00e9 mesmo das f\u00f3rmulas mais sens\u00edveis com uma excelente taxa de evacua\u00e7\u00e3o do produto e dispensa\u00e7\u00e3o 360\u00b0. Funciona com f\u00f3rmulas de alta e muito alta viscosidade e \u00e9 livre de POM, al\u00e9m de ter o m\u00f3dulo com caminho livre de metal dispon\u00edvel para que o produto n\u00e3o entre em contato com o metal.","og_url":"https:\/\/beauty.latamcatalog.aptar.com\/en\/product\/auriga\/","og_site_name":"Latam Catalog","article_modified_time":"2023-06-07T20:24:42+00:00","og_image":[{"width":628,"height":570,"url":"https:\/\/beauty.latamcatalog.aptar.com\/wp-content\/uploads\/2022\/11\/aurigaaaa.jpg","type":"image\/jpeg"}],"twitter_card":"summary_large_image","twitter_misc":{"Est. reading time":"1 minute"},"schema":{"@context":"https:\/\/schema.org","@graph":[{"@type":"WebPage","@id":"https:\/\/beauty.latamcatalog.aptar.com\/es\/product\/auriga\/","url":"https:\/\/beauty.latamcatalog.aptar.com\/es\/product\/auriga\/","name":"Auriga - Latam Catalog","isPartOf":{"@id":"https:\/\/beauty.latamcatalog.aptar.com\/#website"},"datePublished":"2022-11-23T19:03:32+00:00","dateModified":"2023-06-07T20:24:42+00:00","breadcrumb":{"@id":"https:\/\/beauty.latamcatalog.aptar.com\/es\/product\/auriga\/#breadcrumb"},"inLanguage":"en-US","potentialAction":[{"@type":"ReadAction","target":["https:\/\/beauty.latamcatalog.aptar.com\/es\/product\/auriga\/"]}]},{"@type":"BreadcrumbList","@id":"https:\/\/beauty.latamcatalog.aptar.com\/es\/product\/auriga\/#breadcrumb","itemListElement":[{"@type":"ListItem","position":1,"name":"Home","item":"https:\/\/beauty.latamcatalog.aptar.com\/"},{"@type":"ListItem","position":2,"name":"Private: Produtos","item":"https:\/\/beauty.latamcatalog.aptar.com\/en\/?page_id=20030"},{"@type":"ListItem","position":3,"name":"Auriga"}]},{"@type":"WebSite","@id":"https:\/\/beauty.latamcatalog.aptar.com\/#website","url":"https:\/\/beauty.latamcatalog.aptar.com\/","name":"Latam Catalog","description":"Aptar Latin America Catalog Website","publisher":{"@id":"https:\/\/beauty.latamcatalog.aptar.com\/#organization"},"potentialAction":[{"@type":"SearchAction","target":{"@type":"EntryPoint","urlTemplate":"https:\/\/beauty.latamcatalog.aptar.com\/?s={search_term_string}"},"query-input":"required name=search_term_string"}],"inLanguage":"en-US"},{"@type":"Organization","@id":"https:\/\/beauty.latamcatalog.aptar.com\/#organization","name":"Aptar","url":"https:\/\/beauty.latamcatalog.aptar.com\/","logo":{"@type":"ImageObject","inLanguage":"en-US","@id":"https:\/\/beauty.latamcatalog.aptar.com\/#\/schema\/logo\/image\/","url":"https:\/\/beauty.latamcatalog.aptar.com\/wp-content\/uploads\/2021\/11\/aptar_logo-01.png","contentUrl":"https:\/\/beauty.latamcatalog.aptar.com\/wp-content\/uploads\/2021\/11\/aptar_logo-01.png","width":492,"height":175,"caption":"Aptar"},"image":{"@id":"https:\/\/beauty.latamcatalog.aptar.com\/#\/schema\/logo\/image\/"}}]}},"_links":{"self":[{"href":"https:\/\/beauty.latamcatalog.aptar.com\/en\/wp-json\/wp\/v2\/product\/20945"}],"collection":[{"href":"https:\/\/beauty.latamcatalog.aptar.com\/en\/wp-json\/wp\/v2\/product"}],"about":[{"href":"https:\/\/beauty.latamcatalog.aptar.com\/en\/wp-json\/wp\/v2\/types\/product"}],"wp:featuredmedia":[{"embeddable":true,"href":"https:\/\/beauty.latamcatalog.aptar.com\/en\/wp-json\/wp\/v2\/media\/21284"}],"wp:attachment":[{"href":"https:\/\/beauty.latamcatalog.aptar.com\/en\/wp-json\/wp\/v2\/media?parent=20945"}],"wp:term":[{"taxonomy":"product_cat","embeddable":true,"href":"https:\/\/beauty.latamcatalog.aptar.com\/en\/wp-json\/wp\/v2\/product_cat?post=20945"},{"taxonomy":"product_tag","embeddable":true,"href":"https:\/\/beauty.latamcatalog.aptar.com\/en\/wp-json\/wp\/v2\/product_tag?post=20945"},{"taxonomy":"aptar-tags","embeddable":true,"href":"https:\/\/beauty.latamcatalog.aptar.com\/en\/wp-json\/wp\/v2\/aptar-tags?post=20945"}],"curies":[{"name":"wp","href":"https:\/\/api.w.org\/{rel}","templated":true}]}}