{"id":20886,"date":"2022-11-23T18:01:43","date_gmt":"2022-11-23T18:01:43","guid":{"rendered":"https:\/\/live-beautylatamcatalog.pantheonsite.io\/?post_type=product&#038;p=20886"},"modified":"2023-08-23T18:51:31","modified_gmt":"2023-08-23T18:51:31","slug":"macro-oval","status":"publish","type":"product","link":"https:\/\/beauty.latamcatalog.aptar.com\/en\/product\/macro-oval\/","title":{"rendered":"<p>Macro Oval<\/p>"},"content":{"rendered":"<p>Oval airless packaging<p><span style=\"color: #ffcc99;\"><strong>Sustainability<br>\n<\/strong><\/span><\/p><p>Complete packaging available with ISCC* certified mixed recycled PP*.<br>\nCompatible with organic cosmetics (COSMOS ECOCERT standards) and CYCLOS-HTP certified recyclable 96-97% for undecorated and uncolored PP packaging.<\/p><p>&nbsp;<\/p><p><em>[soshsc aptar-company=\u201dAptar\u201d]<\/em><\/p><p>Reference Price at origin (not intercoprice, plesae consult origin for interco):<br>\nPackaging 75 ml: 458 euros, 100 ml: 467 euros, 150ml: 480 euros. Extra charge for ISCC PP (made of recycled mixed plastics): UPPERPART: 133 euros, BOTTOM PLATE: 8 euros<\/p><p>Contact for ask more info in order to make final price<br>\nsabrina.brodhag@aptar.com<\/p><p>Country: France<\/p><p><em>[\/soshsc]<\/em><\/p><\/p>","protected":false},"excerpt":{"rendered":"<p>Macro Oval airless packaging easily adapts to personal care and skin care formulas, ensuring protection of even the most fragile formulas with an excellent product evacuation rate and 360\u00b0 dispensing. Macro features a wide range of customization and decoration options. Available in seven different actuators, it serves products that need performance with volumetry and higher dosage.<\/p>","protected":false},"featured_media":22159,"template":"","meta":{"inline_featured_image":false},"product_cat":[513,197,512,289,290,194],"product_tag":[],"aptar-tags":[308,301],"acf":[],"yoast_head":"<!-- This site is optimized with the Yoast SEO plugin v21.0 - https:\/\/yoast.com\/wordpress\/plugins\/seo\/ -->\n<title>Macro Oval - Latam Catalog<\/title>\n<meta name=\"robots\" content=\"index, follow, max-snippet:-1, max-image-preview:large, max-video-preview:-1\" \/>\n<link rel=\"canonical\" href=\"https:\/\/beauty.latamcatalog.aptar.com\/en\/product\/macro-oval\/\" \/>\n<meta property=\"og:locale\" content=\"en_US\" \/>\n<meta property=\"og:type\" content=\"article\" \/>\n<meta property=\"og:title\" content=\"Macro Oval - Latam Catalog\" \/>\n<meta property=\"og:description\" content=\"A embalagem airless Macro Oval adapta-se facilmente \u00e0s f\u00f3rmulas de cuidados pessoais e skin care, garantindo prote\u00e7\u00e3o at\u00e9 mesmo das f\u00f3rmulas mais fr\u00e1geis com uma excelente taxa de evacua\u00e7\u00e3o do produto e dispensa\u00e7\u00e3o 360\u00b0. Macro apresenta uma ampla gama de op\u00e7\u00f5es de personaliza\u00e7\u00e3o e decora\u00e7\u00e3o. Dispon\u00edvel em sete atuadores diferentes, atende produtos que necessitam performance com volumetria e dosagem maior.\" \/>\n<meta property=\"og:url\" content=\"https:\/\/beauty.latamcatalog.aptar.com\/en\/product\/macro-oval\/\" \/>\n<meta property=\"og:site_name\" content=\"Latam Catalog\" \/>\n<meta property=\"article:modified_time\" content=\"2023-08-23T18:51:31+00:00\" \/>\n<meta property=\"og:image\" content=\"https:\/\/beauty.latamcatalog.aptar.com\/wp-content\/uploads\/2022\/11\/Aptar-Beauty-Macro-Oval-Airless-Packaging-White-1-1024x1024.png\" \/>\n\t<meta property=\"og:image:width\" content=\"1024\" \/>\n\t<meta property=\"og:image:height\" content=\"1024\" \/>\n\t<meta property=\"og:image:type\" content=\"image\/png\" \/>\n<meta name=\"twitter:card\" content=\"summary_large_image\" \/>\n<meta name=\"twitter:label1\" content=\"Est. reading time\" \/>\n\t<meta name=\"twitter:data1\" content=\"1 minute\" \/>\n<script type=\"application\/ld+json\" class=\"yoast-schema-graph\">{\"@context\":\"https:\/\/schema.org\",\"@graph\":[{\"@type\":\"WebPage\",\"@id\":\"https:\/\/beauty.latamcatalog.aptar.com\/en\/product\/macro-oval\/\",\"url\":\"https:\/\/beauty.latamcatalog.aptar.com\/en\/product\/macro-oval\/\",\"name\":\"Macro Oval - Latam Catalog\",\"isPartOf\":{\"@id\":\"https:\/\/beauty.latamcatalog.aptar.com\/#website\"},\"datePublished\":\"2022-11-23T18:01:43+00:00\",\"dateModified\":\"2023-08-23T18:51:31+00:00\",\"breadcrumb\":{\"@id\":\"https:\/\/beauty.latamcatalog.aptar.com\/en\/product\/macro-oval\/#breadcrumb\"},\"inLanguage\":\"en-US\",\"potentialAction\":[{\"@type\":\"ReadAction\",\"target\":[\"https:\/\/beauty.latamcatalog.aptar.com\/en\/product\/macro-oval\/\"]}]},{\"@type\":\"BreadcrumbList\",\"@id\":\"https:\/\/beauty.latamcatalog.aptar.com\/en\/product\/macro-oval\/#breadcrumb\",\"itemListElement\":[{\"@type\":\"ListItem\",\"position\":1,\"name\":\"Home\",\"item\":\"https:\/\/beauty.latamcatalog.aptar.com\/\"},{\"@type\":\"ListItem\",\"position\":2,\"name\":\"Private: Produtos\",\"item\":\"https:\/\/beauty.latamcatalog.aptar.com\/en\/?page_id=20030\"},{\"@type\":\"ListItem\",\"position\":3,\"name\":\"Macro Oval\"}]},{\"@type\":\"WebSite\",\"@id\":\"https:\/\/beauty.latamcatalog.aptar.com\/#website\",\"url\":\"https:\/\/beauty.latamcatalog.aptar.com\/\",\"name\":\"Latam Catalog\",\"description\":\"Aptar Latin America Catalog Website\",\"publisher\":{\"@id\":\"https:\/\/beauty.latamcatalog.aptar.com\/#organization\"},\"potentialAction\":[{\"@type\":\"SearchAction\",\"target\":{\"@type\":\"EntryPoint\",\"urlTemplate\":\"https:\/\/beauty.latamcatalog.aptar.com\/?s={search_term_string}\"},\"query-input\":\"required name=search_term_string\"}],\"inLanguage\":\"en-US\"},{\"@type\":\"Organization\",\"@id\":\"https:\/\/beauty.latamcatalog.aptar.com\/#organization\",\"name\":\"Aptar\",\"url\":\"https:\/\/beauty.latamcatalog.aptar.com\/\",\"logo\":{\"@type\":\"ImageObject\",\"inLanguage\":\"en-US\",\"@id\":\"https:\/\/beauty.latamcatalog.aptar.com\/#\/schema\/logo\/image\/\",\"url\":\"https:\/\/beauty.latamcatalog.aptar.com\/wp-content\/uploads\/2021\/11\/aptar_logo-01.png\",\"contentUrl\":\"https:\/\/beauty.latamcatalog.aptar.com\/wp-content\/uploads\/2021\/11\/aptar_logo-01.png\",\"width\":492,\"height\":175,\"caption\":\"Aptar\"},\"image\":{\"@id\":\"https:\/\/beauty.latamcatalog.aptar.com\/#\/schema\/logo\/image\/\"}}]}<\/script>\n<!-- \/ Yoast SEO plugin. -->","yoast_head_json":{"title":"Macro Oval - Latam Catalog","robots":{"index":"index","follow":"follow","max-snippet":"max-snippet:-1","max-image-preview":"max-image-preview:large","max-video-preview":"max-video-preview:-1"},"canonical":"https:\/\/beauty.latamcatalog.aptar.com\/en\/product\/macro-oval\/","og_locale":"en_US","og_type":"article","og_title":"Macro Oval - Latam Catalog","og_description":"A embalagem airless Macro Oval adapta-se facilmente \u00e0s f\u00f3rmulas de cuidados pessoais e skin care, garantindo prote\u00e7\u00e3o at\u00e9 mesmo das f\u00f3rmulas mais fr\u00e1geis com uma excelente taxa de evacua\u00e7\u00e3o do produto e dispensa\u00e7\u00e3o 360\u00b0. Macro apresenta uma ampla gama de op\u00e7\u00f5es de personaliza\u00e7\u00e3o e decora\u00e7\u00e3o. Dispon\u00edvel em sete atuadores diferentes, atende produtos que necessitam performance com volumetria e dosagem maior.","og_url":"https:\/\/beauty.latamcatalog.aptar.com\/en\/product\/macro-oval\/","og_site_name":"Latam Catalog","article_modified_time":"2023-08-23T18:51:31+00:00","og_image":[{"width":1024,"height":1024,"url":"https:\/\/beauty.latamcatalog.aptar.com\/wp-content\/uploads\/2022\/11\/Aptar-Beauty-Macro-Oval-Airless-Packaging-White-1-1024x1024.png","type":"image\/png"}],"twitter_card":"summary_large_image","twitter_misc":{"Est. reading time":"1 minute"},"schema":{"@context":"https:\/\/schema.org","@graph":[{"@type":"WebPage","@id":"https:\/\/beauty.latamcatalog.aptar.com\/en\/product\/macro-oval\/","url":"https:\/\/beauty.latamcatalog.aptar.com\/en\/product\/macro-oval\/","name":"Macro Oval - Latam Catalog","isPartOf":{"@id":"https:\/\/beauty.latamcatalog.aptar.com\/#website"},"datePublished":"2022-11-23T18:01:43+00:00","dateModified":"2023-08-23T18:51:31+00:00","breadcrumb":{"@id":"https:\/\/beauty.latamcatalog.aptar.com\/en\/product\/macro-oval\/#breadcrumb"},"inLanguage":"en-US","potentialAction":[{"@type":"ReadAction","target":["https:\/\/beauty.latamcatalog.aptar.com\/en\/product\/macro-oval\/"]}]},{"@type":"BreadcrumbList","@id":"https:\/\/beauty.latamcatalog.aptar.com\/en\/product\/macro-oval\/#breadcrumb","itemListElement":[{"@type":"ListItem","position":1,"name":"Home","item":"https:\/\/beauty.latamcatalog.aptar.com\/"},{"@type":"ListItem","position":2,"name":"Private: Produtos","item":"https:\/\/beauty.latamcatalog.aptar.com\/en\/?page_id=20030"},{"@type":"ListItem","position":3,"name":"Macro Oval"}]},{"@type":"WebSite","@id":"https:\/\/beauty.latamcatalog.aptar.com\/#website","url":"https:\/\/beauty.latamcatalog.aptar.com\/","name":"Latam Catalog","description":"Aptar Latin America Catalog Website","publisher":{"@id":"https:\/\/beauty.latamcatalog.aptar.com\/#organization"},"potentialAction":[{"@type":"SearchAction","target":{"@type":"EntryPoint","urlTemplate":"https:\/\/beauty.latamcatalog.aptar.com\/?s={search_term_string}"},"query-input":"required name=search_term_string"}],"inLanguage":"en-US"},{"@type":"Organization","@id":"https:\/\/beauty.latamcatalog.aptar.com\/#organization","name":"Aptar","url":"https:\/\/beauty.latamcatalog.aptar.com\/","logo":{"@type":"ImageObject","inLanguage":"en-US","@id":"https:\/\/beauty.latamcatalog.aptar.com\/#\/schema\/logo\/image\/","url":"https:\/\/beauty.latamcatalog.aptar.com\/wp-content\/uploads\/2021\/11\/aptar_logo-01.png","contentUrl":"https:\/\/beauty.latamcatalog.aptar.com\/wp-content\/uploads\/2021\/11\/aptar_logo-01.png","width":492,"height":175,"caption":"Aptar"},"image":{"@id":"https:\/\/beauty.latamcatalog.aptar.com\/#\/schema\/logo\/image\/"}}]}},"_links":{"self":[{"href":"https:\/\/beauty.latamcatalog.aptar.com\/en\/wp-json\/wp\/v2\/product\/20886"}],"collection":[{"href":"https:\/\/beauty.latamcatalog.aptar.com\/en\/wp-json\/wp\/v2\/product"}],"about":[{"href":"https:\/\/beauty.latamcatalog.aptar.com\/en\/wp-json\/wp\/v2\/types\/product"}],"wp:featuredmedia":[{"embeddable":true,"href":"https:\/\/beauty.latamcatalog.aptar.com\/en\/wp-json\/wp\/v2\/media\/22159"}],"wp:attachment":[{"href":"https:\/\/beauty.latamcatalog.aptar.com\/en\/wp-json\/wp\/v2\/media?parent=20886"}],"wp:term":[{"taxonomy":"product_cat","embeddable":true,"href":"https:\/\/beauty.latamcatalog.aptar.com\/en\/wp-json\/wp\/v2\/product_cat?post=20886"},{"taxonomy":"product_tag","embeddable":true,"href":"https:\/\/beauty.latamcatalog.aptar.com\/en\/wp-json\/wp\/v2\/product_tag?post=20886"},{"taxonomy":"aptar-tags","embeddable":true,"href":"https:\/\/beauty.latamcatalog.aptar.com\/en\/wp-json\/wp\/v2\/aptar-tags?post=20886"}],"curies":[{"name":"wp","href":"https:\/\/api.w.org\/{rel}","templated":true}]}}