{"id":20863,"date":"2022-11-23T15:11:08","date_gmt":"2022-11-23T15:11:08","guid":{"rendered":"https:\/\/live-beautylatamcatalog.pantheonsite.io\/?post_type=product&#038;p=20863"},"modified":"2023-08-23T19:09:42","modified_gmt":"2023-08-23T19:09:42","slug":"midi","status":"publish","type":"product","link":"https:\/\/beauty.latamcatalog.aptar.com\/en\/product\/midi\/","title":{"rendered":"<p>Midi<\/p>"},"content":{"rendered":"<p>airless packaging<p><span style=\"color: #ffcc99;\"><strong>Sustainability<br>\n<\/strong><\/span><\/p><p>Complete packaging available with ISCC* certified mixed recycled PP*.<br>\nCompatible with organic cosmetics (COSMOS ECOCERT standards) and CYCLOS-HTP certified recyclable 96-97% for undecorated and uncolored PP packaging; as well as approved for transport via e-commerce in sizes 50, 75, 100 ml with Amazon ISTA6 certification.<\/p><p>&nbsp;<\/p><p><em>[soshsc aptar-company=\u201dAptar\u201d]<\/em><\/p><p>Reference Price at origin (not intercoprice, please consult origin for interco):<br>\nPackaging 50ml: 420 euros, 75 ml: 428 euros, 100 ml: 439 euros, 150 ml: 453 euros Extra charge for ISCC PP (made of recycled mixed plastics): UPPERPART: 122 euros, BOTTOM PLATE: 8 euros<\/p><p>Contact for ask more info in order to make final price:<br>\nsabrina.brodhag@aptar.com<\/p><p>Country: France<\/p><p><em>[\/soshsc]<\/em><\/p><\/p>","protected":false},"excerpt":{"rendered":"<p>Midi is a super hygienic airless packaging that keeps the product safe from contamination, preserving the stability and efficiency of the ingredients and avoiding waste as the product is used until the last drop. Midi is super convenient, easy to use and dispenses just the right amount of product; and is certified for safe use during e-commerce shipments with Amazon&#039;s ISTA6 protocol certification. It is available in 5 different actuator types and various decoration options.<\/p>","protected":false},"featured_media":22179,"template":"","meta":{"inline_featured_image":false},"product_cat":[513,197,512,289,290],"product_tag":[],"aptar-tags":[308,301],"acf":[],"yoast_head":"<!-- This site is optimized with the Yoast SEO plugin v21.0 - https:\/\/yoast.com\/wordpress\/plugins\/seo\/ -->\n<title>Midi - Latam Catalog<\/title>\n<meta name=\"robots\" content=\"index, follow, max-snippet:-1, max-image-preview:large, max-video-preview:-1\" \/>\n<link rel=\"canonical\" href=\"https:\/\/beauty.latamcatalog.aptar.com\/en\/product\/midi\/\" \/>\n<meta property=\"og:locale\" content=\"en_US\" \/>\n<meta property=\"og:type\" content=\"article\" \/>\n<meta property=\"og:title\" content=\"Midi - Latam Catalog\" \/>\n<meta property=\"og:description\" content=\"Midi \u00e9 uma embalagem airless super higi\u00eanica que mant\u00e9m o produto protegido contra contamina\u00e7\u00e3o, preservando a estabilidade e efici\u00eancia dos ingredientes e evitando o desperd\u00edcio pois se usa o produto at\u00e9 a \u00faltima gota. Midi \u00e9 super conveniente, f\u00e1cil de usar e dispensa a quantidade certa de produto; e est\u00e1 certificado para usar com seguran\u00e7a durante envios e-commerce com certifica\u00e7\u00e3o do protocolo ISTA6 da Amazon. Est\u00e1 dispon\u00edvel em 5 tipos de atuadores diferentes e v\u00e1rias op\u00e7\u00f5es de decora\u00e7\u00e3o.\" \/>\n<meta property=\"og:url\" content=\"https:\/\/beauty.latamcatalog.aptar.com\/en\/product\/midi\/\" \/>\n<meta property=\"og:site_name\" content=\"Latam Catalog\" \/>\n<meta property=\"article:modified_time\" content=\"2023-08-23T19:09:42+00:00\" \/>\n<meta property=\"og:image\" content=\"https:\/\/beauty.latamcatalog.aptar.com\/wp-content\/uploads\/2022\/11\/Aptar-Beauty-Midi-Airless-Packaging-White-With-Cap.png\" \/>\n\t<meta property=\"og:image:width\" content=\"4961\" \/>\n\t<meta property=\"og:image:height\" content=\"4961\" \/>\n\t<meta property=\"og:image:type\" content=\"image\/png\" \/>\n<meta name=\"twitter:card\" content=\"summary_large_image\" \/>\n<meta name=\"twitter:label1\" content=\"Est. reading time\" \/>\n\t<meta name=\"twitter:data1\" content=\"1 minute\" \/>\n<script type=\"application\/ld+json\" class=\"yoast-schema-graph\">{\"@context\":\"https:\/\/schema.org\",\"@graph\":[{\"@type\":\"WebPage\",\"@id\":\"https:\/\/beauty.latamcatalog.aptar.com\/en\/product\/midi\/\",\"url\":\"https:\/\/beauty.latamcatalog.aptar.com\/en\/product\/midi\/\",\"name\":\"Midi - Latam Catalog\",\"isPartOf\":{\"@id\":\"https:\/\/beauty.latamcatalog.aptar.com\/#website\"},\"datePublished\":\"2022-11-23T15:11:08+00:00\",\"dateModified\":\"2023-08-23T19:09:42+00:00\",\"breadcrumb\":{\"@id\":\"https:\/\/beauty.latamcatalog.aptar.com\/en\/product\/midi\/#breadcrumb\"},\"inLanguage\":\"en-US\",\"potentialAction\":[{\"@type\":\"ReadAction\",\"target\":[\"https:\/\/beauty.latamcatalog.aptar.com\/en\/product\/midi\/\"]}]},{\"@type\":\"BreadcrumbList\",\"@id\":\"https:\/\/beauty.latamcatalog.aptar.com\/en\/product\/midi\/#breadcrumb\",\"itemListElement\":[{\"@type\":\"ListItem\",\"position\":1,\"name\":\"Home\",\"item\":\"https:\/\/beauty.latamcatalog.aptar.com\/\"},{\"@type\":\"ListItem\",\"position\":2,\"name\":\"Private: Produtos\",\"item\":\"https:\/\/beauty.latamcatalog.aptar.com\/en\/?page_id=20030\"},{\"@type\":\"ListItem\",\"position\":3,\"name\":\"Midi\"}]},{\"@type\":\"WebSite\",\"@id\":\"https:\/\/beauty.latamcatalog.aptar.com\/#website\",\"url\":\"https:\/\/beauty.latamcatalog.aptar.com\/\",\"name\":\"Latam Catalog\",\"description\":\"Aptar Latin America Catalog Website\",\"publisher\":{\"@id\":\"https:\/\/beauty.latamcatalog.aptar.com\/#organization\"},\"potentialAction\":[{\"@type\":\"SearchAction\",\"target\":{\"@type\":\"EntryPoint\",\"urlTemplate\":\"https:\/\/beauty.latamcatalog.aptar.com\/?s={search_term_string}\"},\"query-input\":\"required name=search_term_string\"}],\"inLanguage\":\"en-US\"},{\"@type\":\"Organization\",\"@id\":\"https:\/\/beauty.latamcatalog.aptar.com\/#organization\",\"name\":\"Aptar\",\"url\":\"https:\/\/beauty.latamcatalog.aptar.com\/\",\"logo\":{\"@type\":\"ImageObject\",\"inLanguage\":\"en-US\",\"@id\":\"https:\/\/beauty.latamcatalog.aptar.com\/#\/schema\/logo\/image\/\",\"url\":\"https:\/\/beauty.latamcatalog.aptar.com\/wp-content\/uploads\/2021\/11\/aptar_logo-01.png\",\"contentUrl\":\"https:\/\/beauty.latamcatalog.aptar.com\/wp-content\/uploads\/2021\/11\/aptar_logo-01.png\",\"width\":492,\"height\":175,\"caption\":\"Aptar\"},\"image\":{\"@id\":\"https:\/\/beauty.latamcatalog.aptar.com\/#\/schema\/logo\/image\/\"}}]}<\/script>\n<!-- \/ Yoast SEO plugin. -->","yoast_head_json":{"title":"Midi - Latam Catalog","robots":{"index":"index","follow":"follow","max-snippet":"max-snippet:-1","max-image-preview":"max-image-preview:large","max-video-preview":"max-video-preview:-1"},"canonical":"https:\/\/beauty.latamcatalog.aptar.com\/en\/product\/midi\/","og_locale":"en_US","og_type":"article","og_title":"Midi - Latam Catalog","og_description":"Midi \u00e9 uma embalagem airless super higi\u00eanica que mant\u00e9m o produto protegido contra contamina\u00e7\u00e3o, preservando a estabilidade e efici\u00eancia dos ingredientes e evitando o desperd\u00edcio pois se usa o produto at\u00e9 a \u00faltima gota. Midi \u00e9 super conveniente, f\u00e1cil de usar e dispensa a quantidade certa de produto; e est\u00e1 certificado para usar com seguran\u00e7a durante envios e-commerce com certifica\u00e7\u00e3o do protocolo ISTA6 da Amazon. Est\u00e1 dispon\u00edvel em 5 tipos de atuadores diferentes e v\u00e1rias op\u00e7\u00f5es de decora\u00e7\u00e3o.","og_url":"https:\/\/beauty.latamcatalog.aptar.com\/en\/product\/midi\/","og_site_name":"Latam Catalog","article_modified_time":"2023-08-23T19:09:42+00:00","og_image":[{"width":4961,"height":4961,"url":"https:\/\/beauty.latamcatalog.aptar.com\/wp-content\/uploads\/2022\/11\/Aptar-Beauty-Midi-Airless-Packaging-White-With-Cap.png","type":"image\/png"}],"twitter_card":"summary_large_image","twitter_misc":{"Est. reading time":"1 minute"},"schema":{"@context":"https:\/\/schema.org","@graph":[{"@type":"WebPage","@id":"https:\/\/beauty.latamcatalog.aptar.com\/en\/product\/midi\/","url":"https:\/\/beauty.latamcatalog.aptar.com\/en\/product\/midi\/","name":"Midi - Latam Catalog","isPartOf":{"@id":"https:\/\/beauty.latamcatalog.aptar.com\/#website"},"datePublished":"2022-11-23T15:11:08+00:00","dateModified":"2023-08-23T19:09:42+00:00","breadcrumb":{"@id":"https:\/\/beauty.latamcatalog.aptar.com\/en\/product\/midi\/#breadcrumb"},"inLanguage":"en-US","potentialAction":[{"@type":"ReadAction","target":["https:\/\/beauty.latamcatalog.aptar.com\/en\/product\/midi\/"]}]},{"@type":"BreadcrumbList","@id":"https:\/\/beauty.latamcatalog.aptar.com\/en\/product\/midi\/#breadcrumb","itemListElement":[{"@type":"ListItem","position":1,"name":"Home","item":"https:\/\/beauty.latamcatalog.aptar.com\/"},{"@type":"ListItem","position":2,"name":"Private: Produtos","item":"https:\/\/beauty.latamcatalog.aptar.com\/en\/?page_id=20030"},{"@type":"ListItem","position":3,"name":"Midi"}]},{"@type":"WebSite","@id":"https:\/\/beauty.latamcatalog.aptar.com\/#website","url":"https:\/\/beauty.latamcatalog.aptar.com\/","name":"Latam Catalog","description":"Aptar Latin America Catalog Website","publisher":{"@id":"https:\/\/beauty.latamcatalog.aptar.com\/#organization"},"potentialAction":[{"@type":"SearchAction","target":{"@type":"EntryPoint","urlTemplate":"https:\/\/beauty.latamcatalog.aptar.com\/?s={search_term_string}"},"query-input":"required name=search_term_string"}],"inLanguage":"en-US"},{"@type":"Organization","@id":"https:\/\/beauty.latamcatalog.aptar.com\/#organization","name":"Aptar","url":"https:\/\/beauty.latamcatalog.aptar.com\/","logo":{"@type":"ImageObject","inLanguage":"en-US","@id":"https:\/\/beauty.latamcatalog.aptar.com\/#\/schema\/logo\/image\/","url":"https:\/\/beauty.latamcatalog.aptar.com\/wp-content\/uploads\/2021\/11\/aptar_logo-01.png","contentUrl":"https:\/\/beauty.latamcatalog.aptar.com\/wp-content\/uploads\/2021\/11\/aptar_logo-01.png","width":492,"height":175,"caption":"Aptar"},"image":{"@id":"https:\/\/beauty.latamcatalog.aptar.com\/#\/schema\/logo\/image\/"}}]}},"_links":{"self":[{"href":"https:\/\/beauty.latamcatalog.aptar.com\/en\/wp-json\/wp\/v2\/product\/20863"}],"collection":[{"href":"https:\/\/beauty.latamcatalog.aptar.com\/en\/wp-json\/wp\/v2\/product"}],"about":[{"href":"https:\/\/beauty.latamcatalog.aptar.com\/en\/wp-json\/wp\/v2\/types\/product"}],"wp:featuredmedia":[{"embeddable":true,"href":"https:\/\/beauty.latamcatalog.aptar.com\/en\/wp-json\/wp\/v2\/media\/22179"}],"wp:attachment":[{"href":"https:\/\/beauty.latamcatalog.aptar.com\/en\/wp-json\/wp\/v2\/media?parent=20863"}],"wp:term":[{"taxonomy":"product_cat","embeddable":true,"href":"https:\/\/beauty.latamcatalog.aptar.com\/en\/wp-json\/wp\/v2\/product_cat?post=20863"},{"taxonomy":"product_tag","embeddable":true,"href":"https:\/\/beauty.latamcatalog.aptar.com\/en\/wp-json\/wp\/v2\/product_tag?post=20863"},{"taxonomy":"aptar-tags","embeddable":true,"href":"https:\/\/beauty.latamcatalog.aptar.com\/en\/wp-json\/wp\/v2\/aptar-tags?post=20863"}],"curies":[{"name":"wp","href":"https:\/\/api.w.org\/{rel}","templated":true}]}}