{"id":20792,"date":"2022-11-23T14:04:34","date_gmt":"2022-11-23T14:04:34","guid":{"rendered":"https:\/\/live-beautylatamcatalog.pantheonsite.io\/?post_type=product&#038;p=20792"},"modified":"2023-06-07T20:42:19","modified_gmt":"2023-06-07T20:42:19","slug":"amplify","status":"publish","type":"product","link":"https:\/\/beauty.latamcatalog.aptar.com\/en\/product\/amplify\/","title":{"rendered":"<p>Amplify<\/p>"},"content":{"rendered":"<p>Dispenser 2 in 1<p><strong><span style=\"color: #ffcc99;\">Sustainability<\/span><\/strong><\/p><p>Available in recycled resin.<\/p><p><em>[soshsc aptar-company=\u201dAptar\u201d]<\/em><\/p><p>Country: China<\/p><p><em>[\/soshsc]<\/em><\/p><\/p>","protected":false},"excerpt":{"rendered":"<p>Amplify combines two complementary formulas in one unique and convenient package. Designed to work with a variety of formulas, this 2-in-1 solution features a 30mL atmospheric bottle that can be sprayed or lotioned; and integrated with our revolutionary Amp Dropper in two size options for a multitasking experience. Mix your way a liquid foundation with a blush for a complete look in a single pack, or a primer with a sunscreen for a two-step routine, perfect for the gym, the office, the plane and more. Two-in-one versatility means customized options for your brand and your consumers. Also available with an aluminum base on the Amp Dropper for a sleek, metallic look. The 30 ml bottle can be airless or atmospheric and is perfect for make-up or skin care products.<\/p>","protected":false},"featured_media":20793,"template":"","meta":{"inline_featured_image":false},"product_cat":[512,519,290,294],"product_tag":[],"aptar-tags":[308],"acf":[],"yoast_head":"<!-- This site is optimized with the Yoast SEO plugin v21.0 - https:\/\/yoast.com\/wordpress\/plugins\/seo\/ -->\n<title>Amplify - Latam Catalog<\/title>\n<meta name=\"robots\" content=\"index, follow, max-snippet:-1, max-image-preview:large, max-video-preview:-1\" \/>\n<link rel=\"canonical\" href=\"https:\/\/beauty.latamcatalog.aptar.com\/en\/product\/amplify\/\" \/>\n<meta property=\"og:locale\" content=\"en_US\" \/>\n<meta property=\"og:type\" content=\"article\" \/>\n<meta property=\"og:title\" content=\"Amplify - Latam Catalog\" \/>\n<meta property=\"og:description\" content=\"O Amplify combina duas f\u00f3rmulas complementares em uma embalagem exclusiva e conveniente. Projetada para funcionar com uma variedade de f\u00f3rmulas, esta solu\u00e7\u00e3o 2 em 1 apresenta um frasco atmosf\u00e9rico de 30mL podendo ser o atuador em spray ou lo\u00e7\u00e3o; e integrado ao nosso revolucion\u00e1rio Amp Dropper em duas op\u00e7\u00f5es de tamanho para uma experi\u00eancia multitarefa. Misture do seu jeito uma base l\u00edquida com um blush para um look completo com uma \u00fanica embalagem ou um primer com um protetor solar para uma rotina de duas etapas, perfeita para a academia, o escrit\u00f3rio, o avi\u00e3o e muito mais. Versatilidade dois em um significa op\u00e7\u00f5es personalizadas para sua marca e para seus consumidores. Tamb\u00e9m dispon\u00edvel com uma base de alum\u00ednio no Amp Dropper para um visual elegante e metalizado. O frasco de 30 ml pode ser airless ou atmosf\u00e9rico e \u00e9 perfeito para produtos de make ou skin care.\" \/>\n<meta property=\"og:url\" content=\"https:\/\/beauty.latamcatalog.aptar.com\/en\/product\/amplify\/\" \/>\n<meta property=\"og:site_name\" content=\"Latam Catalog\" \/>\n<meta property=\"article:modified_time\" content=\"2023-06-07T20:42:19+00:00\" \/>\n<meta property=\"og:image\" content=\"https:\/\/beauty.latamcatalog.aptar.com\/wp-content\/uploads\/2022\/11\/thumb-42.png\" \/>\n\t<meta property=\"og:image:width\" content=\"1002\" \/>\n\t<meta property=\"og:image:height\" content=\"1002\" \/>\n\t<meta property=\"og:image:type\" content=\"image\/png\" \/>\n<meta name=\"twitter:card\" content=\"summary_large_image\" \/>\n<meta name=\"twitter:label1\" content=\"Est. reading time\" \/>\n\t<meta name=\"twitter:data1\" content=\"1 minute\" \/>\n<script type=\"application\/ld+json\" class=\"yoast-schema-graph\">{\"@context\":\"https:\/\/schema.org\",\"@graph\":[{\"@type\":\"WebPage\",\"@id\":\"https:\/\/beauty.latamcatalog.aptar.com\/es\/product\/amplify\/\",\"url\":\"https:\/\/beauty.latamcatalog.aptar.com\/es\/product\/amplify\/\",\"name\":\"Amplify - Latam Catalog\",\"isPartOf\":{\"@id\":\"https:\/\/beauty.latamcatalog.aptar.com\/#website\"},\"datePublished\":\"2022-11-23T14:04:34+00:00\",\"dateModified\":\"2023-06-07T20:42:19+00:00\",\"breadcrumb\":{\"@id\":\"https:\/\/beauty.latamcatalog.aptar.com\/es\/product\/amplify\/#breadcrumb\"},\"inLanguage\":\"en-US\",\"potentialAction\":[{\"@type\":\"ReadAction\",\"target\":[\"https:\/\/beauty.latamcatalog.aptar.com\/es\/product\/amplify\/\"]}]},{\"@type\":\"BreadcrumbList\",\"@id\":\"https:\/\/beauty.latamcatalog.aptar.com\/es\/product\/amplify\/#breadcrumb\",\"itemListElement\":[{\"@type\":\"ListItem\",\"position\":1,\"name\":\"Home\",\"item\":\"https:\/\/beauty.latamcatalog.aptar.com\/\"},{\"@type\":\"ListItem\",\"position\":2,\"name\":\"Private: Produtos\",\"item\":\"https:\/\/beauty.latamcatalog.aptar.com\/en\/?page_id=20030\"},{\"@type\":\"ListItem\",\"position\":3,\"name\":\"Amplify\"}]},{\"@type\":\"WebSite\",\"@id\":\"https:\/\/beauty.latamcatalog.aptar.com\/#website\",\"url\":\"https:\/\/beauty.latamcatalog.aptar.com\/\",\"name\":\"Latam Catalog\",\"description\":\"Aptar Latin America Catalog Website\",\"publisher\":{\"@id\":\"https:\/\/beauty.latamcatalog.aptar.com\/#organization\"},\"potentialAction\":[{\"@type\":\"SearchAction\",\"target\":{\"@type\":\"EntryPoint\",\"urlTemplate\":\"https:\/\/beauty.latamcatalog.aptar.com\/?s={search_term_string}\"},\"query-input\":\"required name=search_term_string\"}],\"inLanguage\":\"en-US\"},{\"@type\":\"Organization\",\"@id\":\"https:\/\/beauty.latamcatalog.aptar.com\/#organization\",\"name\":\"Aptar\",\"url\":\"https:\/\/beauty.latamcatalog.aptar.com\/\",\"logo\":{\"@type\":\"ImageObject\",\"inLanguage\":\"en-US\",\"@id\":\"https:\/\/beauty.latamcatalog.aptar.com\/#\/schema\/logo\/image\/\",\"url\":\"https:\/\/beauty.latamcatalog.aptar.com\/wp-content\/uploads\/2021\/11\/aptar_logo-01.png\",\"contentUrl\":\"https:\/\/beauty.latamcatalog.aptar.com\/wp-content\/uploads\/2021\/11\/aptar_logo-01.png\",\"width\":492,\"height\":175,\"caption\":\"Aptar\"},\"image\":{\"@id\":\"https:\/\/beauty.latamcatalog.aptar.com\/#\/schema\/logo\/image\/\"}}]}<\/script>\n<!-- \/ Yoast SEO plugin. -->","yoast_head_json":{"title":"Amplify - Latam Catalog","robots":{"index":"index","follow":"follow","max-snippet":"max-snippet:-1","max-image-preview":"max-image-preview:large","max-video-preview":"max-video-preview:-1"},"canonical":"https:\/\/beauty.latamcatalog.aptar.com\/en\/product\/amplify\/","og_locale":"en_US","og_type":"article","og_title":"Amplify - Latam Catalog","og_description":"O Amplify combina duas f\u00f3rmulas complementares em uma embalagem exclusiva e conveniente. Projetada para funcionar com uma variedade de f\u00f3rmulas, esta solu\u00e7\u00e3o 2 em 1 apresenta um frasco atmosf\u00e9rico de 30mL podendo ser o atuador em spray ou lo\u00e7\u00e3o; e integrado ao nosso revolucion\u00e1rio Amp Dropper em duas op\u00e7\u00f5es de tamanho para uma experi\u00eancia multitarefa. Misture do seu jeito uma base l\u00edquida com um blush para um look completo com uma \u00fanica embalagem ou um primer com um protetor solar para uma rotina de duas etapas, perfeita para a academia, o escrit\u00f3rio, o avi\u00e3o e muito mais. Versatilidade dois em um significa op\u00e7\u00f5es personalizadas para sua marca e para seus consumidores. Tamb\u00e9m dispon\u00edvel com uma base de alum\u00ednio no Amp Dropper para um visual elegante e metalizado. O frasco de 30 ml pode ser airless ou atmosf\u00e9rico e \u00e9 perfeito para produtos de make ou skin care.","og_url":"https:\/\/beauty.latamcatalog.aptar.com\/en\/product\/amplify\/","og_site_name":"Latam Catalog","article_modified_time":"2023-06-07T20:42:19+00:00","og_image":[{"width":1002,"height":1002,"url":"https:\/\/beauty.latamcatalog.aptar.com\/wp-content\/uploads\/2022\/11\/thumb-42.png","type":"image\/png"}],"twitter_card":"summary_large_image","twitter_misc":{"Est. reading time":"1 minute"},"schema":{"@context":"https:\/\/schema.org","@graph":[{"@type":"WebPage","@id":"https:\/\/beauty.latamcatalog.aptar.com\/es\/product\/amplify\/","url":"https:\/\/beauty.latamcatalog.aptar.com\/es\/product\/amplify\/","name":"Amplify - Latam Catalog","isPartOf":{"@id":"https:\/\/beauty.latamcatalog.aptar.com\/#website"},"datePublished":"2022-11-23T14:04:34+00:00","dateModified":"2023-06-07T20:42:19+00:00","breadcrumb":{"@id":"https:\/\/beauty.latamcatalog.aptar.com\/es\/product\/amplify\/#breadcrumb"},"inLanguage":"en-US","potentialAction":[{"@type":"ReadAction","target":["https:\/\/beauty.latamcatalog.aptar.com\/es\/product\/amplify\/"]}]},{"@type":"BreadcrumbList","@id":"https:\/\/beauty.latamcatalog.aptar.com\/es\/product\/amplify\/#breadcrumb","itemListElement":[{"@type":"ListItem","position":1,"name":"Home","item":"https:\/\/beauty.latamcatalog.aptar.com\/"},{"@type":"ListItem","position":2,"name":"Private: Produtos","item":"https:\/\/beauty.latamcatalog.aptar.com\/en\/?page_id=20030"},{"@type":"ListItem","position":3,"name":"Amplify"}]},{"@type":"WebSite","@id":"https:\/\/beauty.latamcatalog.aptar.com\/#website","url":"https:\/\/beauty.latamcatalog.aptar.com\/","name":"Latam Catalog","description":"Aptar Latin America Catalog Website","publisher":{"@id":"https:\/\/beauty.latamcatalog.aptar.com\/#organization"},"potentialAction":[{"@type":"SearchAction","target":{"@type":"EntryPoint","urlTemplate":"https:\/\/beauty.latamcatalog.aptar.com\/?s={search_term_string}"},"query-input":"required name=search_term_string"}],"inLanguage":"en-US"},{"@type":"Organization","@id":"https:\/\/beauty.latamcatalog.aptar.com\/#organization","name":"Aptar","url":"https:\/\/beauty.latamcatalog.aptar.com\/","logo":{"@type":"ImageObject","inLanguage":"en-US","@id":"https:\/\/beauty.latamcatalog.aptar.com\/#\/schema\/logo\/image\/","url":"https:\/\/beauty.latamcatalog.aptar.com\/wp-content\/uploads\/2021\/11\/aptar_logo-01.png","contentUrl":"https:\/\/beauty.latamcatalog.aptar.com\/wp-content\/uploads\/2021\/11\/aptar_logo-01.png","width":492,"height":175,"caption":"Aptar"},"image":{"@id":"https:\/\/beauty.latamcatalog.aptar.com\/#\/schema\/logo\/image\/"}}]}},"_links":{"self":[{"href":"https:\/\/beauty.latamcatalog.aptar.com\/en\/wp-json\/wp\/v2\/product\/20792"}],"collection":[{"href":"https:\/\/beauty.latamcatalog.aptar.com\/en\/wp-json\/wp\/v2\/product"}],"about":[{"href":"https:\/\/beauty.latamcatalog.aptar.com\/en\/wp-json\/wp\/v2\/types\/product"}],"wp:featuredmedia":[{"embeddable":true,"href":"https:\/\/beauty.latamcatalog.aptar.com\/en\/wp-json\/wp\/v2\/media\/20793"}],"wp:attachment":[{"href":"https:\/\/beauty.latamcatalog.aptar.com\/en\/wp-json\/wp\/v2\/media?parent=20792"}],"wp:term":[{"taxonomy":"product_cat","embeddable":true,"href":"https:\/\/beauty.latamcatalog.aptar.com\/en\/wp-json\/wp\/v2\/product_cat?post=20792"},{"taxonomy":"product_tag","embeddable":true,"href":"https:\/\/beauty.latamcatalog.aptar.com\/en\/wp-json\/wp\/v2\/product_tag?post=20792"},{"taxonomy":"aptar-tags","embeddable":true,"href":"https:\/\/beauty.latamcatalog.aptar.com\/en\/wp-json\/wp\/v2\/aptar-tags?post=20792"}],"curies":[{"name":"wp","href":"https:\/\/api.w.org\/{rel}","templated":true}]}}