{"id":20769,"date":"2022-11-22T19:56:08","date_gmt":"2022-11-22T19:56:08","guid":{"rendered":"https:\/\/live-beautylatamcatalog.pantheonsite.io\/?post_type=product&#038;p=20769"},"modified":"2023-06-07T20:44:31","modified_gmt":"2023-06-07T20:44:31","slug":"space-sift","status":"publish","type":"product","link":"https:\/\/beauty.latamcatalog.aptar.com\/en\/product\/space-sift\/","title":{"rendered":"<p>Space Sift<\/p>"},"content":{"rendered":"<p>loose powder dispenser<p><em>[soshsc aptar-company=\u201dAptar\u201d]<\/em><\/p><p>Country: China<\/p><p><em>[\/soshsc]<\/em><\/p><\/p>","protected":false},"excerpt":{"rendered":"<p>Rethink loose powder packaging with the Space Sift! The slim, space-saving design not only maximizes shelf space and other merchandising areas, but also offers an entirely new, user-focused application experience. The Space Sift is designed to dispense the precise amount of powder needed for use on the custom deck, easily place the excess back in the bag, and close the dispensing system in a locked position; with its slide lock and unlock feature to prevent product waste. The two sizes available perfectly work the formulas into your innovative deck for mess-free application. The future of loose powder packaging is here! It&#039;s perfect for loose powders, loose pigments, and more!<\/p>","protected":false},"featured_media":20770,"template":"","meta":{"inline_featured_image":false},"product_cat":[512,519,291,196],"product_tag":[],"aptar-tags":[308],"acf":[],"yoast_head":"<!-- This site is optimized with the Yoast SEO plugin v21.0 - https:\/\/yoast.com\/wordpress\/plugins\/seo\/ -->\n<title>Space Sift - Latam Catalog<\/title>\n<meta name=\"robots\" content=\"index, follow, max-snippet:-1, max-image-preview:large, max-video-preview:-1\" \/>\n<link rel=\"canonical\" href=\"https:\/\/beauty.latamcatalog.aptar.com\/en\/product\/space-sift\/\" \/>\n<meta property=\"og:locale\" content=\"en_US\" \/>\n<meta property=\"og:type\" content=\"article\" \/>\n<meta property=\"og:title\" content=\"Space Sift - Latam Catalog\" \/>\n<meta property=\"og:description\" content=\"Repense a embalagem de p\u00f3 solto com o Space Sift! O design fino e com economia de espa\u00e7o n\u00e3o apenas maximiza as g\u00f4ndolas e outras \u00e1reas de merchandising, mas tamb\u00e9m oferece uma experi\u00eancia de aplica\u00e7\u00e3o totalmente nova e focada no usu\u00e1rio. O Space Sift foi projetado para dispensar a quantidade precisa de p\u00f3 necess\u00e1ria para uso no deck personalizado, colocar facilmente o excesso de volta na embalagem e fechar o sistema de dispensa\u00e7\u00e3o em uma posi\u00e7\u00e3o travada; com seu recurso de travamento e desbloqueio deslizante para evitar o desperd\u00edcio de produto. Os dois tamanhos dispon\u00edveis funciona perfeitamente as f\u00f3rmulas em seu deck inovador para uma aplica\u00e7\u00e3o sem bagun\u00e7a. O futuro das embalagens em p\u00f3 solto est\u00e1 aqui! \u00c9 perfeito para p\u00f3s solto, pigmentos soltos e muito mais!\" \/>\n<meta property=\"og:url\" content=\"https:\/\/beauty.latamcatalog.aptar.com\/en\/product\/space-sift\/\" \/>\n<meta property=\"og:site_name\" content=\"Latam Catalog\" \/>\n<meta property=\"article:modified_time\" content=\"2023-06-07T20:44:31+00:00\" \/>\n<meta property=\"og:image\" content=\"https:\/\/beauty.latamcatalog.aptar.com\/wp-content\/uploads\/2022\/11\/thumb-38.png\" \/>\n\t<meta property=\"og:image:width\" content=\"1002\" \/>\n\t<meta property=\"og:image:height\" content=\"1002\" \/>\n\t<meta property=\"og:image:type\" content=\"image\/png\" \/>\n<meta name=\"twitter:card\" content=\"summary_large_image\" \/>\n<meta name=\"twitter:label1\" content=\"Est. reading time\" \/>\n\t<meta name=\"twitter:data1\" content=\"1 minute\" \/>\n<script type=\"application\/ld+json\" class=\"yoast-schema-graph\">{\"@context\":\"https:\/\/schema.org\",\"@graph\":[{\"@type\":\"WebPage\",\"@id\":\"https:\/\/beauty.latamcatalog.aptar.com\/en\/product\/space-sift\/\",\"url\":\"https:\/\/beauty.latamcatalog.aptar.com\/en\/product\/space-sift\/\",\"name\":\"Space Sift - Latam Catalog\",\"isPartOf\":{\"@id\":\"https:\/\/beauty.latamcatalog.aptar.com\/#website\"},\"datePublished\":\"2022-11-22T19:56:08+00:00\",\"dateModified\":\"2023-06-07T20:44:31+00:00\",\"breadcrumb\":{\"@id\":\"https:\/\/beauty.latamcatalog.aptar.com\/en\/product\/space-sift\/#breadcrumb\"},\"inLanguage\":\"en-US\",\"potentialAction\":[{\"@type\":\"ReadAction\",\"target\":[\"https:\/\/beauty.latamcatalog.aptar.com\/en\/product\/space-sift\/\"]}]},{\"@type\":\"BreadcrumbList\",\"@id\":\"https:\/\/beauty.latamcatalog.aptar.com\/en\/product\/space-sift\/#breadcrumb\",\"itemListElement\":[{\"@type\":\"ListItem\",\"position\":1,\"name\":\"Home\",\"item\":\"https:\/\/beauty.latamcatalog.aptar.com\/\"},{\"@type\":\"ListItem\",\"position\":2,\"name\":\"Private: Produtos\",\"item\":\"https:\/\/beauty.latamcatalog.aptar.com\/en\/?page_id=20030\"},{\"@type\":\"ListItem\",\"position\":3,\"name\":\"Space Sift\"}]},{\"@type\":\"WebSite\",\"@id\":\"https:\/\/beauty.latamcatalog.aptar.com\/#website\",\"url\":\"https:\/\/beauty.latamcatalog.aptar.com\/\",\"name\":\"Latam Catalog\",\"description\":\"Aptar Latin America Catalog Website\",\"publisher\":{\"@id\":\"https:\/\/beauty.latamcatalog.aptar.com\/#organization\"},\"potentialAction\":[{\"@type\":\"SearchAction\",\"target\":{\"@type\":\"EntryPoint\",\"urlTemplate\":\"https:\/\/beauty.latamcatalog.aptar.com\/?s={search_term_string}\"},\"query-input\":\"required name=search_term_string\"}],\"inLanguage\":\"en-US\"},{\"@type\":\"Organization\",\"@id\":\"https:\/\/beauty.latamcatalog.aptar.com\/#organization\",\"name\":\"Aptar\",\"url\":\"https:\/\/beauty.latamcatalog.aptar.com\/\",\"logo\":{\"@type\":\"ImageObject\",\"inLanguage\":\"en-US\",\"@id\":\"https:\/\/beauty.latamcatalog.aptar.com\/#\/schema\/logo\/image\/\",\"url\":\"https:\/\/beauty.latamcatalog.aptar.com\/wp-content\/uploads\/2021\/11\/aptar_logo-01.png\",\"contentUrl\":\"https:\/\/beauty.latamcatalog.aptar.com\/wp-content\/uploads\/2021\/11\/aptar_logo-01.png\",\"width\":492,\"height\":175,\"caption\":\"Aptar\"},\"image\":{\"@id\":\"https:\/\/beauty.latamcatalog.aptar.com\/#\/schema\/logo\/image\/\"}}]}<\/script>\n<!-- \/ Yoast SEO plugin. -->","yoast_head_json":{"title":"Space Sift - Latam Catalog","robots":{"index":"index","follow":"follow","max-snippet":"max-snippet:-1","max-image-preview":"max-image-preview:large","max-video-preview":"max-video-preview:-1"},"canonical":"https:\/\/beauty.latamcatalog.aptar.com\/en\/product\/space-sift\/","og_locale":"en_US","og_type":"article","og_title":"Space Sift - Latam Catalog","og_description":"Repense a embalagem de p\u00f3 solto com o Space Sift! O design fino e com economia de espa\u00e7o n\u00e3o apenas maximiza as g\u00f4ndolas e outras \u00e1reas de merchandising, mas tamb\u00e9m oferece uma experi\u00eancia de aplica\u00e7\u00e3o totalmente nova e focada no usu\u00e1rio. O Space Sift foi projetado para dispensar a quantidade precisa de p\u00f3 necess\u00e1ria para uso no deck personalizado, colocar facilmente o excesso de volta na embalagem e fechar o sistema de dispensa\u00e7\u00e3o em uma posi\u00e7\u00e3o travada; com seu recurso de travamento e desbloqueio deslizante para evitar o desperd\u00edcio de produto. Os dois tamanhos dispon\u00edveis funciona perfeitamente as f\u00f3rmulas em seu deck inovador para uma aplica\u00e7\u00e3o sem bagun\u00e7a. O futuro das embalagens em p\u00f3 solto est\u00e1 aqui! \u00c9 perfeito para p\u00f3s solto, pigmentos soltos e muito mais!","og_url":"https:\/\/beauty.latamcatalog.aptar.com\/en\/product\/space-sift\/","og_site_name":"Latam Catalog","article_modified_time":"2023-06-07T20:44:31+00:00","og_image":[{"width":1002,"height":1002,"url":"https:\/\/beauty.latamcatalog.aptar.com\/wp-content\/uploads\/2022\/11\/thumb-38.png","type":"image\/png"}],"twitter_card":"summary_large_image","twitter_misc":{"Est. reading time":"1 minute"},"schema":{"@context":"https:\/\/schema.org","@graph":[{"@type":"WebPage","@id":"https:\/\/beauty.latamcatalog.aptar.com\/en\/product\/space-sift\/","url":"https:\/\/beauty.latamcatalog.aptar.com\/en\/product\/space-sift\/","name":"Space Sift - Latam Catalog","isPartOf":{"@id":"https:\/\/beauty.latamcatalog.aptar.com\/#website"},"datePublished":"2022-11-22T19:56:08+00:00","dateModified":"2023-06-07T20:44:31+00:00","breadcrumb":{"@id":"https:\/\/beauty.latamcatalog.aptar.com\/en\/product\/space-sift\/#breadcrumb"},"inLanguage":"en-US","potentialAction":[{"@type":"ReadAction","target":["https:\/\/beauty.latamcatalog.aptar.com\/en\/product\/space-sift\/"]}]},{"@type":"BreadcrumbList","@id":"https:\/\/beauty.latamcatalog.aptar.com\/en\/product\/space-sift\/#breadcrumb","itemListElement":[{"@type":"ListItem","position":1,"name":"Home","item":"https:\/\/beauty.latamcatalog.aptar.com\/"},{"@type":"ListItem","position":2,"name":"Private: Produtos","item":"https:\/\/beauty.latamcatalog.aptar.com\/en\/?page_id=20030"},{"@type":"ListItem","position":3,"name":"Space Sift"}]},{"@type":"WebSite","@id":"https:\/\/beauty.latamcatalog.aptar.com\/#website","url":"https:\/\/beauty.latamcatalog.aptar.com\/","name":"Latam Catalog","description":"Aptar Latin America Catalog Website","publisher":{"@id":"https:\/\/beauty.latamcatalog.aptar.com\/#organization"},"potentialAction":[{"@type":"SearchAction","target":{"@type":"EntryPoint","urlTemplate":"https:\/\/beauty.latamcatalog.aptar.com\/?s={search_term_string}"},"query-input":"required name=search_term_string"}],"inLanguage":"en-US"},{"@type":"Organization","@id":"https:\/\/beauty.latamcatalog.aptar.com\/#organization","name":"Aptar","url":"https:\/\/beauty.latamcatalog.aptar.com\/","logo":{"@type":"ImageObject","inLanguage":"en-US","@id":"https:\/\/beauty.latamcatalog.aptar.com\/#\/schema\/logo\/image\/","url":"https:\/\/beauty.latamcatalog.aptar.com\/wp-content\/uploads\/2021\/11\/aptar_logo-01.png","contentUrl":"https:\/\/beauty.latamcatalog.aptar.com\/wp-content\/uploads\/2021\/11\/aptar_logo-01.png","width":492,"height":175,"caption":"Aptar"},"image":{"@id":"https:\/\/beauty.latamcatalog.aptar.com\/#\/schema\/logo\/image\/"}}]}},"_links":{"self":[{"href":"https:\/\/beauty.latamcatalog.aptar.com\/en\/wp-json\/wp\/v2\/product\/20769"}],"collection":[{"href":"https:\/\/beauty.latamcatalog.aptar.com\/en\/wp-json\/wp\/v2\/product"}],"about":[{"href":"https:\/\/beauty.latamcatalog.aptar.com\/en\/wp-json\/wp\/v2\/types\/product"}],"wp:featuredmedia":[{"embeddable":true,"href":"https:\/\/beauty.latamcatalog.aptar.com\/en\/wp-json\/wp\/v2\/media\/20770"}],"wp:attachment":[{"href":"https:\/\/beauty.latamcatalog.aptar.com\/en\/wp-json\/wp\/v2\/media?parent=20769"}],"wp:term":[{"taxonomy":"product_cat","embeddable":true,"href":"https:\/\/beauty.latamcatalog.aptar.com\/en\/wp-json\/wp\/v2\/product_cat?post=20769"},{"taxonomy":"product_tag","embeddable":true,"href":"https:\/\/beauty.latamcatalog.aptar.com\/en\/wp-json\/wp\/v2\/product_tag?post=20769"},{"taxonomy":"aptar-tags","embeddable":true,"href":"https:\/\/beauty.latamcatalog.aptar.com\/en\/wp-json\/wp\/v2\/aptar-tags?post=20769"}],"curies":[{"name":"wp","href":"https:\/\/api.w.org\/{rel}","templated":true}]}}