{"id":20738,"date":"2022-11-22T17:59:54","date_gmt":"2022-11-22T17:59:54","guid":{"rendered":"https:\/\/live-beautylatamcatalog.pantheonsite.io\/?post_type=product&#038;p=20738"},"modified":"2023-06-07T20:55:04","modified_gmt":"2023-06-07T20:55:04","slug":"amp-dropper","status":"publish","type":"product","link":"https:\/\/beauty.latamcatalog.aptar.com\/en\/product\/amp-dropper\/","title":{"rendered":"<p>Amp Dropper<\/p>"},"content":{"rendered":"<p>plastic dropper dispenser<p><em>[soshsc aptar-company=\u201dAptar\u201d]<\/em><\/p><p>Country: China<\/p><p><em>[\/soshsc]<\/em><\/p><p>&nbsp;<\/p><\/p>","protected":false},"excerpt":{"rendered":"<p>Amp Dropper presents a major advance in dropper technology: it features a modern dispensing system for skin care and makeup formulas; with a flexible membrane at the bottom of the package. The Amp Dropper offers controlled dosing, minimal air exposure for sensitive formulas, and one-handed dispensing, making it easy to use on the go and on the go. It is available in 2 sizes and can be added to an aluminum base or metallic decoration for a more elegant look. It&#039;s perfect for: primer, foundation, concealer, blush, highlighter and more.<\/p>","protected":false},"featured_media":20739,"template":"","meta":{"inline_featured_image":false},"product_cat":[512,290,514,294],"product_tag":[],"aptar-tags":[308],"acf":[],"yoast_head":"<!-- This site is optimized with the Yoast SEO plugin v21.0 - https:\/\/yoast.com\/wordpress\/plugins\/seo\/ -->\n<title>Amp Dropper - Latam Catalog<\/title>\n<meta name=\"robots\" content=\"index, follow, max-snippet:-1, max-image-preview:large, max-video-preview:-1\" \/>\n<link rel=\"canonical\" href=\"https:\/\/beauty.latamcatalog.aptar.com\/en\/product\/amp-dropper\/\" \/>\n<meta property=\"og:locale\" content=\"en_US\" \/>\n<meta property=\"og:type\" content=\"article\" \/>\n<meta property=\"og:title\" content=\"Amp Dropper - Latam Catalog\" \/>\n<meta property=\"og:description\" content=\"Amp Dropper apresenta um grande avan\u00e7o na tecnologia de conta-gotas: apresenta um moderno sistema de dosagem para f\u00f3rmulas de cuidados com a pele e maquiagem; com uma membrana flex\u00edvel na parte inferior da embalagem. O Amp Dropper oferece dosagem controlada, exposi\u00e7\u00e3o m\u00ednima ao ar para f\u00f3rmulas sens\u00edveis e dispensa\u00e7\u00e3o com uma s\u00f3 m\u00e3o, facilitando o uso em viagem e em movimento. Est\u00e1 dispon\u00edvel em 2 tamanhos e pode ser adicionado na base alum\u00ednio ou decora\u00e7\u00e3o metalizada para um visual mais elegante. \u00c9 perfeito para: primer, base, corretivo, blush, iluminador e muito mais.\" \/>\n<meta property=\"og:url\" content=\"https:\/\/beauty.latamcatalog.aptar.com\/en\/product\/amp-dropper\/\" \/>\n<meta property=\"og:site_name\" content=\"Latam Catalog\" \/>\n<meta property=\"article:modified_time\" content=\"2023-06-07T20:55:04+00:00\" \/>\n<meta property=\"og:image\" content=\"https:\/\/beauty.latamcatalog.aptar.com\/wp-content\/uploads\/2022\/11\/thumb-32.png\" \/>\n\t<meta property=\"og:image:width\" content=\"1002\" \/>\n\t<meta property=\"og:image:height\" content=\"1002\" \/>\n\t<meta property=\"og:image:type\" content=\"image\/png\" \/>\n<meta name=\"twitter:card\" content=\"summary_large_image\" \/>\n<meta name=\"twitter:label1\" content=\"Est. reading time\" \/>\n\t<meta name=\"twitter:data1\" content=\"1 minute\" \/>\n<script type=\"application\/ld+json\" class=\"yoast-schema-graph\">{\"@context\":\"https:\/\/schema.org\",\"@graph\":[{\"@type\":\"WebPage\",\"@id\":\"https:\/\/beauty.latamcatalog.aptar.com\/es\/product\/amp-dropper\/\",\"url\":\"https:\/\/beauty.latamcatalog.aptar.com\/es\/product\/amp-dropper\/\",\"name\":\"Amp Dropper - Latam Catalog\",\"isPartOf\":{\"@id\":\"https:\/\/beauty.latamcatalog.aptar.com\/#website\"},\"datePublished\":\"2022-11-22T17:59:54+00:00\",\"dateModified\":\"2023-06-07T20:55:04+00:00\",\"breadcrumb\":{\"@id\":\"https:\/\/beauty.latamcatalog.aptar.com\/es\/product\/amp-dropper\/#breadcrumb\"},\"inLanguage\":\"en-US\",\"potentialAction\":[{\"@type\":\"ReadAction\",\"target\":[\"https:\/\/beauty.latamcatalog.aptar.com\/es\/product\/amp-dropper\/\"]}]},{\"@type\":\"BreadcrumbList\",\"@id\":\"https:\/\/beauty.latamcatalog.aptar.com\/es\/product\/amp-dropper\/#breadcrumb\",\"itemListElement\":[{\"@type\":\"ListItem\",\"position\":1,\"name\":\"Home\",\"item\":\"https:\/\/beauty.latamcatalog.aptar.com\/\"},{\"@type\":\"ListItem\",\"position\":2,\"name\":\"Private: Produtos\",\"item\":\"https:\/\/beauty.latamcatalog.aptar.com\/en\/?page_id=20030\"},{\"@type\":\"ListItem\",\"position\":3,\"name\":\"Amp Dropper\"}]},{\"@type\":\"WebSite\",\"@id\":\"https:\/\/beauty.latamcatalog.aptar.com\/#website\",\"url\":\"https:\/\/beauty.latamcatalog.aptar.com\/\",\"name\":\"Latam Catalog\",\"description\":\"Aptar Latin America Catalog Website\",\"publisher\":{\"@id\":\"https:\/\/beauty.latamcatalog.aptar.com\/#organization\"},\"potentialAction\":[{\"@type\":\"SearchAction\",\"target\":{\"@type\":\"EntryPoint\",\"urlTemplate\":\"https:\/\/beauty.latamcatalog.aptar.com\/?s={search_term_string}\"},\"query-input\":\"required name=search_term_string\"}],\"inLanguage\":\"en-US\"},{\"@type\":\"Organization\",\"@id\":\"https:\/\/beauty.latamcatalog.aptar.com\/#organization\",\"name\":\"Aptar\",\"url\":\"https:\/\/beauty.latamcatalog.aptar.com\/\",\"logo\":{\"@type\":\"ImageObject\",\"inLanguage\":\"en-US\",\"@id\":\"https:\/\/beauty.latamcatalog.aptar.com\/#\/schema\/logo\/image\/\",\"url\":\"https:\/\/beauty.latamcatalog.aptar.com\/wp-content\/uploads\/2021\/11\/aptar_logo-01.png\",\"contentUrl\":\"https:\/\/beauty.latamcatalog.aptar.com\/wp-content\/uploads\/2021\/11\/aptar_logo-01.png\",\"width\":492,\"height\":175,\"caption\":\"Aptar\"},\"image\":{\"@id\":\"https:\/\/beauty.latamcatalog.aptar.com\/#\/schema\/logo\/image\/\"}}]}<\/script>\n<!-- \/ Yoast SEO plugin. -->","yoast_head_json":{"title":"Amp Dropper - Latam Catalog","robots":{"index":"index","follow":"follow","max-snippet":"max-snippet:-1","max-image-preview":"max-image-preview:large","max-video-preview":"max-video-preview:-1"},"canonical":"https:\/\/beauty.latamcatalog.aptar.com\/en\/product\/amp-dropper\/","og_locale":"en_US","og_type":"article","og_title":"Amp Dropper - Latam Catalog","og_description":"Amp Dropper apresenta um grande avan\u00e7o na tecnologia de conta-gotas: apresenta um moderno sistema de dosagem para f\u00f3rmulas de cuidados com a pele e maquiagem; com uma membrana flex\u00edvel na parte inferior da embalagem. O Amp Dropper oferece dosagem controlada, exposi\u00e7\u00e3o m\u00ednima ao ar para f\u00f3rmulas sens\u00edveis e dispensa\u00e7\u00e3o com uma s\u00f3 m\u00e3o, facilitando o uso em viagem e em movimento. Est\u00e1 dispon\u00edvel em 2 tamanhos e pode ser adicionado na base alum\u00ednio ou decora\u00e7\u00e3o metalizada para um visual mais elegante. \u00c9 perfeito para: primer, base, corretivo, blush, iluminador e muito mais.","og_url":"https:\/\/beauty.latamcatalog.aptar.com\/en\/product\/amp-dropper\/","og_site_name":"Latam Catalog","article_modified_time":"2023-06-07T20:55:04+00:00","og_image":[{"width":1002,"height":1002,"url":"https:\/\/beauty.latamcatalog.aptar.com\/wp-content\/uploads\/2022\/11\/thumb-32.png","type":"image\/png"}],"twitter_card":"summary_large_image","twitter_misc":{"Est. reading time":"1 minute"},"schema":{"@context":"https:\/\/schema.org","@graph":[{"@type":"WebPage","@id":"https:\/\/beauty.latamcatalog.aptar.com\/es\/product\/amp-dropper\/","url":"https:\/\/beauty.latamcatalog.aptar.com\/es\/product\/amp-dropper\/","name":"Amp Dropper - Latam Catalog","isPartOf":{"@id":"https:\/\/beauty.latamcatalog.aptar.com\/#website"},"datePublished":"2022-11-22T17:59:54+00:00","dateModified":"2023-06-07T20:55:04+00:00","breadcrumb":{"@id":"https:\/\/beauty.latamcatalog.aptar.com\/es\/product\/amp-dropper\/#breadcrumb"},"inLanguage":"en-US","potentialAction":[{"@type":"ReadAction","target":["https:\/\/beauty.latamcatalog.aptar.com\/es\/product\/amp-dropper\/"]}]},{"@type":"BreadcrumbList","@id":"https:\/\/beauty.latamcatalog.aptar.com\/es\/product\/amp-dropper\/#breadcrumb","itemListElement":[{"@type":"ListItem","position":1,"name":"Home","item":"https:\/\/beauty.latamcatalog.aptar.com\/"},{"@type":"ListItem","position":2,"name":"Private: Produtos","item":"https:\/\/beauty.latamcatalog.aptar.com\/en\/?page_id=20030"},{"@type":"ListItem","position":3,"name":"Amp Dropper"}]},{"@type":"WebSite","@id":"https:\/\/beauty.latamcatalog.aptar.com\/#website","url":"https:\/\/beauty.latamcatalog.aptar.com\/","name":"Latam Catalog","description":"Aptar Latin America Catalog Website","publisher":{"@id":"https:\/\/beauty.latamcatalog.aptar.com\/#organization"},"potentialAction":[{"@type":"SearchAction","target":{"@type":"EntryPoint","urlTemplate":"https:\/\/beauty.latamcatalog.aptar.com\/?s={search_term_string}"},"query-input":"required name=search_term_string"}],"inLanguage":"en-US"},{"@type":"Organization","@id":"https:\/\/beauty.latamcatalog.aptar.com\/#organization","name":"Aptar","url":"https:\/\/beauty.latamcatalog.aptar.com\/","logo":{"@type":"ImageObject","inLanguage":"en-US","@id":"https:\/\/beauty.latamcatalog.aptar.com\/#\/schema\/logo\/image\/","url":"https:\/\/beauty.latamcatalog.aptar.com\/wp-content\/uploads\/2021\/11\/aptar_logo-01.png","contentUrl":"https:\/\/beauty.latamcatalog.aptar.com\/wp-content\/uploads\/2021\/11\/aptar_logo-01.png","width":492,"height":175,"caption":"Aptar"},"image":{"@id":"https:\/\/beauty.latamcatalog.aptar.com\/#\/schema\/logo\/image\/"}}]}},"_links":{"self":[{"href":"https:\/\/beauty.latamcatalog.aptar.com\/en\/wp-json\/wp\/v2\/product\/20738"}],"collection":[{"href":"https:\/\/beauty.latamcatalog.aptar.com\/en\/wp-json\/wp\/v2\/product"}],"about":[{"href":"https:\/\/beauty.latamcatalog.aptar.com\/en\/wp-json\/wp\/v2\/types\/product"}],"wp:featuredmedia":[{"embeddable":true,"href":"https:\/\/beauty.latamcatalog.aptar.com\/en\/wp-json\/wp\/v2\/media\/20739"}],"wp:attachment":[{"href":"https:\/\/beauty.latamcatalog.aptar.com\/en\/wp-json\/wp\/v2\/media?parent=20738"}],"wp:term":[{"taxonomy":"product_cat","embeddable":true,"href":"https:\/\/beauty.latamcatalog.aptar.com\/en\/wp-json\/wp\/v2\/product_cat?post=20738"},{"taxonomy":"product_tag","embeddable":true,"href":"https:\/\/beauty.latamcatalog.aptar.com\/en\/wp-json\/wp\/v2\/product_tag?post=20738"},{"taxonomy":"aptar-tags","embeddable":true,"href":"https:\/\/beauty.latamcatalog.aptar.com\/en\/wp-json\/wp\/v2\/aptar-tags?post=20738"}],"curies":[{"name":"wp","href":"https:\/\/api.w.org\/{rel}","templated":true}]}}