{"id":20604,"date":"2022-11-21T20:10:24","date_gmt":"2022-11-21T20:10:24","guid":{"rendered":"https:\/\/live-beautylatamcatalog.pantheonsite.io\/?post_type=product&#038;p=20604"},"modified":"2023-06-07T21:12:31","modified_gmt":"2023-06-07T21:12:31","slug":"bag-on-valve","status":"publish","type":"product","link":"https:\/\/beauty.latamcatalog.aptar.com\/en\/product\/bag-on-valve\/","title":{"rendered":"<p>Bag on Valve<\/p>"},"content":{"rendered":"<p>Bag On Valve<p>&nbsp;<\/p><p><em>[soshsc aptar-company=\u201dAptar\u201d]<\/em><\/p><p>Country: USA<\/p><p><em>[\/soshsc]<\/em><\/p><\/p>","protected":false},"excerpt":{"rendered":"<p>The Bag-On-Valve is a modern, sustainable dispensing system designed to improve a product&#039;s shelf life and consumer experience by working at any angle. It functions as a unidirectional dispensing system that separates the product from the propelling agent; and bag, composed of an aluminum core, acts as the barrier that separates the product from the propellant. It can also be filled with only compressed air.<br>\nDue to the many benefits, Bag-On-Valve is an ideal system for dispensing liquid and viscous products. It can be used with tinplate or aluminum cans and has a filling capacity of 30 ml to 400 ml. You can place a dip tube to work with viscous and foam products. Features 360\u00b0 dispensing and works at any angle; has easy one-touch continuous spraying and no agitation required, dispensing up to 99% of product.<\/p>","protected":false},"featured_media":20605,"template":"","meta":{"inline_featured_image":false},"product_cat":[512,289,195,520],"product_tag":[],"aptar-tags":[301],"acf":[],"yoast_head":"<!-- This site is optimized with the Yoast SEO plugin v21.0 - https:\/\/yoast.com\/wordpress\/plugins\/seo\/ -->\n<title>Bag on Valve - Latam Catalog<\/title>\n<meta name=\"robots\" content=\"index, follow, max-snippet:-1, max-image-preview:large, max-video-preview:-1\" \/>\n<link rel=\"canonical\" href=\"https:\/\/beauty.latamcatalog.aptar.com\/en\/product\/bag-on-valve\/\" \/>\n<meta property=\"og:locale\" content=\"en_US\" \/>\n<meta property=\"og:type\" content=\"article\" \/>\n<meta property=\"og:title\" content=\"Bag on Valve - Latam Catalog\" \/>\n<meta property=\"og:description\" content=\"O Bag-On-Valve \u00e9 um sistema de dispensa\u00e7\u00e3o moderno e sustent\u00e1vel projetado para melhorar a vida \u00fatil de um produto e a experi\u00eancia do consumidor, funcionando em qualquer \u00e2ngulo. Funciona como um sistema de dispensa\u00e7\u00e3o unidirecional que separa o produto o do agente propulsor; e bolsa, composta por um n\u00facleo de alum\u00ednio, atua como a barreira que separa o produto do propelente. Pode ser envasado tamb\u00e9m com somente ar comprimido. Devido aos muitos benef\u00edcios, Bag-On-Valve \u00e9 um sistema ideal para dispensar produtos l\u00edquidos e viscosos. Pode ser usado com latas de folha de flandes ou alum\u00ednio e tem capacidade de enchimento de 30 ml a 400 ml. Pode colocar tubo de imers\u00e3o para funcionar com produtos viscosos e de espuma. Possui uma dispensa\u00e7\u00e3o de 360\u00b0 e funciona em qualquer \u00e2ngulo; tem f\u00e1cil pulveriza\u00e7\u00e3o cont\u00ednua de um toque e sem a necessidade de agita\u00e7\u00e3o, dispensando at\u00e9 99% do produto.\" \/>\n<meta property=\"og:url\" content=\"https:\/\/beauty.latamcatalog.aptar.com\/en\/product\/bag-on-valve\/\" \/>\n<meta property=\"og:site_name\" content=\"Latam Catalog\" \/>\n<meta property=\"article:modified_time\" content=\"2023-06-07T21:12:31+00:00\" \/>\n<meta property=\"og:image\" content=\"https:\/\/beauty.latamcatalog.aptar.com\/wp-content\/uploads\/2022\/11\/thumb-8.png\" \/>\n\t<meta property=\"og:image:width\" content=\"1002\" \/>\n\t<meta property=\"og:image:height\" content=\"1002\" \/>\n\t<meta property=\"og:image:type\" content=\"image\/png\" \/>\n<meta name=\"twitter:card\" content=\"summary_large_image\" \/>\n<meta name=\"twitter:label1\" content=\"Est. reading time\" \/>\n\t<meta name=\"twitter:data1\" content=\"1 minute\" \/>\n<script type=\"application\/ld+json\" class=\"yoast-schema-graph\">{\"@context\":\"https:\/\/schema.org\",\"@graph\":[{\"@type\":\"WebPage\",\"@id\":\"https:\/\/beauty.latamcatalog.aptar.com\/es\/product\/bag-on-valve\/\",\"url\":\"https:\/\/beauty.latamcatalog.aptar.com\/es\/product\/bag-on-valve\/\",\"name\":\"Bag on Valve - Latam Catalog\",\"isPartOf\":{\"@id\":\"https:\/\/beauty.latamcatalog.aptar.com\/#website\"},\"datePublished\":\"2022-11-21T20:10:24+00:00\",\"dateModified\":\"2023-06-07T21:12:31+00:00\",\"breadcrumb\":{\"@id\":\"https:\/\/beauty.latamcatalog.aptar.com\/es\/product\/bag-on-valve\/#breadcrumb\"},\"inLanguage\":\"en-US\",\"potentialAction\":[{\"@type\":\"ReadAction\",\"target\":[\"https:\/\/beauty.latamcatalog.aptar.com\/es\/product\/bag-on-valve\/\"]}]},{\"@type\":\"BreadcrumbList\",\"@id\":\"https:\/\/beauty.latamcatalog.aptar.com\/es\/product\/bag-on-valve\/#breadcrumb\",\"itemListElement\":[{\"@type\":\"ListItem\",\"position\":1,\"name\":\"Home\",\"item\":\"https:\/\/beauty.latamcatalog.aptar.com\/\"},{\"@type\":\"ListItem\",\"position\":2,\"name\":\"Private: Produtos\",\"item\":\"https:\/\/beauty.latamcatalog.aptar.com\/en\/?page_id=20030\"},{\"@type\":\"ListItem\",\"position\":3,\"name\":\"Bag on Valve\"}]},{\"@type\":\"WebSite\",\"@id\":\"https:\/\/beauty.latamcatalog.aptar.com\/#website\",\"url\":\"https:\/\/beauty.latamcatalog.aptar.com\/\",\"name\":\"Latam Catalog\",\"description\":\"Aptar Latin America Catalog Website\",\"publisher\":{\"@id\":\"https:\/\/beauty.latamcatalog.aptar.com\/#organization\"},\"potentialAction\":[{\"@type\":\"SearchAction\",\"target\":{\"@type\":\"EntryPoint\",\"urlTemplate\":\"https:\/\/beauty.latamcatalog.aptar.com\/?s={search_term_string}\"},\"query-input\":\"required name=search_term_string\"}],\"inLanguage\":\"en-US\"},{\"@type\":\"Organization\",\"@id\":\"https:\/\/beauty.latamcatalog.aptar.com\/#organization\",\"name\":\"Aptar\",\"url\":\"https:\/\/beauty.latamcatalog.aptar.com\/\",\"logo\":{\"@type\":\"ImageObject\",\"inLanguage\":\"en-US\",\"@id\":\"https:\/\/beauty.latamcatalog.aptar.com\/#\/schema\/logo\/image\/\",\"url\":\"https:\/\/beauty.latamcatalog.aptar.com\/wp-content\/uploads\/2021\/11\/aptar_logo-01.png\",\"contentUrl\":\"https:\/\/beauty.latamcatalog.aptar.com\/wp-content\/uploads\/2021\/11\/aptar_logo-01.png\",\"width\":492,\"height\":175,\"caption\":\"Aptar\"},\"image\":{\"@id\":\"https:\/\/beauty.latamcatalog.aptar.com\/#\/schema\/logo\/image\/\"}}]}<\/script>\n<!-- \/ Yoast SEO plugin. -->","yoast_head_json":{"title":"Bag on Valve - Latam Catalog","robots":{"index":"index","follow":"follow","max-snippet":"max-snippet:-1","max-image-preview":"max-image-preview:large","max-video-preview":"max-video-preview:-1"},"canonical":"https:\/\/beauty.latamcatalog.aptar.com\/en\/product\/bag-on-valve\/","og_locale":"en_US","og_type":"article","og_title":"Bag on Valve - Latam Catalog","og_description":"O Bag-On-Valve \u00e9 um sistema de dispensa\u00e7\u00e3o moderno e sustent\u00e1vel projetado para melhorar a vida \u00fatil de um produto e a experi\u00eancia do consumidor, funcionando em qualquer \u00e2ngulo. Funciona como um sistema de dispensa\u00e7\u00e3o unidirecional que separa o produto o do agente propulsor; e bolsa, composta por um n\u00facleo de alum\u00ednio, atua como a barreira que separa o produto do propelente. Pode ser envasado tamb\u00e9m com somente ar comprimido. Devido aos muitos benef\u00edcios, Bag-On-Valve \u00e9 um sistema ideal para dispensar produtos l\u00edquidos e viscosos. Pode ser usado com latas de folha de flandes ou alum\u00ednio e tem capacidade de enchimento de 30 ml a 400 ml. Pode colocar tubo de imers\u00e3o para funcionar com produtos viscosos e de espuma. Possui uma dispensa\u00e7\u00e3o de 360\u00b0 e funciona em qualquer \u00e2ngulo; tem f\u00e1cil pulveriza\u00e7\u00e3o cont\u00ednua de um toque e sem a necessidade de agita\u00e7\u00e3o, dispensando at\u00e9 99% do produto.","og_url":"https:\/\/beauty.latamcatalog.aptar.com\/en\/product\/bag-on-valve\/","og_site_name":"Latam Catalog","article_modified_time":"2023-06-07T21:12:31+00:00","og_image":[{"width":1002,"height":1002,"url":"https:\/\/beauty.latamcatalog.aptar.com\/wp-content\/uploads\/2022\/11\/thumb-8.png","type":"image\/png"}],"twitter_card":"summary_large_image","twitter_misc":{"Est. reading time":"1 minute"},"schema":{"@context":"https:\/\/schema.org","@graph":[{"@type":"WebPage","@id":"https:\/\/beauty.latamcatalog.aptar.com\/es\/product\/bag-on-valve\/","url":"https:\/\/beauty.latamcatalog.aptar.com\/es\/product\/bag-on-valve\/","name":"Bag on Valve - Latam Catalog","isPartOf":{"@id":"https:\/\/beauty.latamcatalog.aptar.com\/#website"},"datePublished":"2022-11-21T20:10:24+00:00","dateModified":"2023-06-07T21:12:31+00:00","breadcrumb":{"@id":"https:\/\/beauty.latamcatalog.aptar.com\/es\/product\/bag-on-valve\/#breadcrumb"},"inLanguage":"en-US","potentialAction":[{"@type":"ReadAction","target":["https:\/\/beauty.latamcatalog.aptar.com\/es\/product\/bag-on-valve\/"]}]},{"@type":"BreadcrumbList","@id":"https:\/\/beauty.latamcatalog.aptar.com\/es\/product\/bag-on-valve\/#breadcrumb","itemListElement":[{"@type":"ListItem","position":1,"name":"Home","item":"https:\/\/beauty.latamcatalog.aptar.com\/"},{"@type":"ListItem","position":2,"name":"Private: Produtos","item":"https:\/\/beauty.latamcatalog.aptar.com\/en\/?page_id=20030"},{"@type":"ListItem","position":3,"name":"Bag on Valve"}]},{"@type":"WebSite","@id":"https:\/\/beauty.latamcatalog.aptar.com\/#website","url":"https:\/\/beauty.latamcatalog.aptar.com\/","name":"Latam Catalog","description":"Aptar Latin America Catalog Website","publisher":{"@id":"https:\/\/beauty.latamcatalog.aptar.com\/#organization"},"potentialAction":[{"@type":"SearchAction","target":{"@type":"EntryPoint","urlTemplate":"https:\/\/beauty.latamcatalog.aptar.com\/?s={search_term_string}"},"query-input":"required name=search_term_string"}],"inLanguage":"en-US"},{"@type":"Organization","@id":"https:\/\/beauty.latamcatalog.aptar.com\/#organization","name":"Aptar","url":"https:\/\/beauty.latamcatalog.aptar.com\/","logo":{"@type":"ImageObject","inLanguage":"en-US","@id":"https:\/\/beauty.latamcatalog.aptar.com\/#\/schema\/logo\/image\/","url":"https:\/\/beauty.latamcatalog.aptar.com\/wp-content\/uploads\/2021\/11\/aptar_logo-01.png","contentUrl":"https:\/\/beauty.latamcatalog.aptar.com\/wp-content\/uploads\/2021\/11\/aptar_logo-01.png","width":492,"height":175,"caption":"Aptar"},"image":{"@id":"https:\/\/beauty.latamcatalog.aptar.com\/#\/schema\/logo\/image\/"}}]}},"_links":{"self":[{"href":"https:\/\/beauty.latamcatalog.aptar.com\/en\/wp-json\/wp\/v2\/product\/20604"}],"collection":[{"href":"https:\/\/beauty.latamcatalog.aptar.com\/en\/wp-json\/wp\/v2\/product"}],"about":[{"href":"https:\/\/beauty.latamcatalog.aptar.com\/en\/wp-json\/wp\/v2\/types\/product"}],"wp:featuredmedia":[{"embeddable":true,"href":"https:\/\/beauty.latamcatalog.aptar.com\/en\/wp-json\/wp\/v2\/media\/20605"}],"wp:attachment":[{"href":"https:\/\/beauty.latamcatalog.aptar.com\/en\/wp-json\/wp\/v2\/media?parent=20604"}],"wp:term":[{"taxonomy":"product_cat","embeddable":true,"href":"https:\/\/beauty.latamcatalog.aptar.com\/en\/wp-json\/wp\/v2\/product_cat?post=20604"},{"taxonomy":"product_tag","embeddable":true,"href":"https:\/\/beauty.latamcatalog.aptar.com\/en\/wp-json\/wp\/v2\/product_tag?post=20604"},{"taxonomy":"aptar-tags","embeddable":true,"href":"https:\/\/beauty.latamcatalog.aptar.com\/en\/wp-json\/wp\/v2\/aptar-tags?post=20604"}],"curies":[{"name":"wp","href":"https:\/\/api.w.org\/{rel}","templated":true}]}}