{"id":20598,"date":"2022-11-21T20:02:15","date_gmt":"2022-11-21T20:02:15","guid":{"rendered":"https:\/\/live-beautylatamcatalog.pantheonsite.io\/?post_type=product&#038;p=20598"},"modified":"2024-12-10T19:21:32","modified_gmt":"2024-12-10T19:21:32","slug":"graphite","status":"publish","type":"product","link":"https:\/\/beauty.latamcatalog.aptar.com\/en\/product\/graphite\/","title":{"rendered":"<p>Graphite<\/p>"},"content":{"rendered":"<p>Actuator for Pressurized<p>&nbsp;<\/p><p><em>[soshsc aptar-company=\u201dAptar\u201d]<\/em><\/p><p>Country: Argentina<\/p><p><em>[\/soshsc]<\/em><\/p><\/p>","protected":false},"excerpt":{"rendered":"<p>Graphite is an actuator with only 2 parts, the spraycap and the insert, giving the products much more modernity and reducing the number of components to contribute to the environment and sustainability goals. It can be made with post-consumer resin.<\/p>","protected":false},"featured_media":22426,"template":"","meta":{"inline_featured_image":false},"product_cat":[512,289,195,520],"product_tag":[],"aptar-tags":[301],"acf":[],"yoast_head":"<!-- This site is optimized with the Yoast SEO plugin v21.0 - https:\/\/yoast.com\/wordpress\/plugins\/seo\/ -->\n<title>Graphite - Latam Catalog<\/title>\n<meta name=\"robots\" content=\"index, follow, max-snippet:-1, max-image-preview:large, max-video-preview:-1\" \/>\n<link rel=\"canonical\" href=\"https:\/\/beauty.latamcatalog.aptar.com\/en\/product\/graphite\/\" \/>\n<meta property=\"og:locale\" content=\"en_US\" \/>\n<meta property=\"og:type\" content=\"article\" \/>\n<meta property=\"og:title\" content=\"Graphite - Latam Catalog\" \/>\n<meta property=\"og:description\" content=\"Graphite \u00e9 um atuador de somente 2 pe\u00e7as, sendo o spraycap e o inserto, atribuindo para os produtos muito mais modernidade e redu\u00e7\u00e3o de componentes para contrubuir com meio ambiente e metas de sustentabilidade. Pode ser feito com resina p\u00f3s consumo.\" \/>\n<meta property=\"og:url\" content=\"https:\/\/beauty.latamcatalog.aptar.com\/en\/product\/graphite\/\" \/>\n<meta property=\"og:site_name\" content=\"Latam Catalog\" \/>\n<meta property=\"article:modified_time\" content=\"2024-12-10T19:21:32+00:00\" \/>\n<meta property=\"og:image\" content=\"https:\/\/beauty.latamcatalog.aptar.com\/wp-content\/uploads\/2022\/11\/GraphiteMarketing_2.png\" \/>\n\t<meta property=\"og:image:width\" content=\"2000\" \/>\n\t<meta property=\"og:image:height\" content=\"3400\" \/>\n\t<meta property=\"og:image:type\" content=\"image\/png\" \/>\n<meta name=\"twitter:card\" content=\"summary_large_image\" \/>\n<meta name=\"twitter:label1\" content=\"Est. reading time\" \/>\n\t<meta name=\"twitter:data1\" content=\"1 minute\" \/>\n<script type=\"application\/ld+json\" class=\"yoast-schema-graph\">{\"@context\":\"https:\/\/schema.org\",\"@graph\":[{\"@type\":\"WebPage\",\"@id\":\"https:\/\/beauty.latamcatalog.aptar.com\/product\/graphite\/\",\"url\":\"https:\/\/beauty.latamcatalog.aptar.com\/product\/graphite\/\",\"name\":\"Graphite - Latam Catalog\",\"isPartOf\":{\"@id\":\"https:\/\/beauty.latamcatalog.aptar.com\/#website\"},\"datePublished\":\"2022-11-21T20:02:15+00:00\",\"dateModified\":\"2024-12-10T19:21:32+00:00\",\"breadcrumb\":{\"@id\":\"https:\/\/beauty.latamcatalog.aptar.com\/product\/graphite\/#breadcrumb\"},\"inLanguage\":\"en-US\",\"potentialAction\":[{\"@type\":\"ReadAction\",\"target\":[\"https:\/\/beauty.latamcatalog.aptar.com\/product\/graphite\/\"]}]},{\"@type\":\"BreadcrumbList\",\"@id\":\"https:\/\/beauty.latamcatalog.aptar.com\/product\/graphite\/#breadcrumb\",\"itemListElement\":[{\"@type\":\"ListItem\",\"position\":1,\"name\":\"Home\",\"item\":\"https:\/\/beauty.latamcatalog.aptar.com\/\"},{\"@type\":\"ListItem\",\"position\":2,\"name\":\"Private: Produtos\",\"item\":\"https:\/\/beauty.latamcatalog.aptar.com\/en\/?page_id=20030\"},{\"@type\":\"ListItem\",\"position\":3,\"name\":\"Graphite\"}]},{\"@type\":\"WebSite\",\"@id\":\"https:\/\/beauty.latamcatalog.aptar.com\/#website\",\"url\":\"https:\/\/beauty.latamcatalog.aptar.com\/\",\"name\":\"Latam Catalog\",\"description\":\"Aptar Latin America Catalog Website\",\"publisher\":{\"@id\":\"https:\/\/beauty.latamcatalog.aptar.com\/#organization\"},\"potentialAction\":[{\"@type\":\"SearchAction\",\"target\":{\"@type\":\"EntryPoint\",\"urlTemplate\":\"https:\/\/beauty.latamcatalog.aptar.com\/?s={search_term_string}\"},\"query-input\":\"required name=search_term_string\"}],\"inLanguage\":\"en-US\"},{\"@type\":\"Organization\",\"@id\":\"https:\/\/beauty.latamcatalog.aptar.com\/#organization\",\"name\":\"Aptar\",\"url\":\"https:\/\/beauty.latamcatalog.aptar.com\/\",\"logo\":{\"@type\":\"ImageObject\",\"inLanguage\":\"en-US\",\"@id\":\"https:\/\/beauty.latamcatalog.aptar.com\/#\/schema\/logo\/image\/\",\"url\":\"https:\/\/beauty.latamcatalog.aptar.com\/wp-content\/uploads\/2021\/11\/aptar_logo-01.png\",\"contentUrl\":\"https:\/\/beauty.latamcatalog.aptar.com\/wp-content\/uploads\/2021\/11\/aptar_logo-01.png\",\"width\":492,\"height\":175,\"caption\":\"Aptar\"},\"image\":{\"@id\":\"https:\/\/beauty.latamcatalog.aptar.com\/#\/schema\/logo\/image\/\"}}]}<\/script>\n<!-- \/ Yoast SEO plugin. -->","yoast_head_json":{"title":"Graphite - Latam Catalog","robots":{"index":"index","follow":"follow","max-snippet":"max-snippet:-1","max-image-preview":"max-image-preview:large","max-video-preview":"max-video-preview:-1"},"canonical":"https:\/\/beauty.latamcatalog.aptar.com\/en\/product\/graphite\/","og_locale":"en_US","og_type":"article","og_title":"Graphite - Latam Catalog","og_description":"Graphite \u00e9 um atuador de somente 2 pe\u00e7as, sendo o spraycap e o inserto, atribuindo para os produtos muito mais modernidade e redu\u00e7\u00e3o de componentes para contrubuir com meio ambiente e metas de sustentabilidade. Pode ser feito com resina p\u00f3s consumo.","og_url":"https:\/\/beauty.latamcatalog.aptar.com\/en\/product\/graphite\/","og_site_name":"Latam Catalog","article_modified_time":"2024-12-10T19:21:32+00:00","og_image":[{"width":2000,"height":3400,"url":"https:\/\/beauty.latamcatalog.aptar.com\/wp-content\/uploads\/2022\/11\/GraphiteMarketing_2.png","type":"image\/png"}],"twitter_card":"summary_large_image","twitter_misc":{"Est. reading time":"1 minute"},"schema":{"@context":"https:\/\/schema.org","@graph":[{"@type":"WebPage","@id":"https:\/\/beauty.latamcatalog.aptar.com\/product\/graphite\/","url":"https:\/\/beauty.latamcatalog.aptar.com\/product\/graphite\/","name":"Graphite - Latam Catalog","isPartOf":{"@id":"https:\/\/beauty.latamcatalog.aptar.com\/#website"},"datePublished":"2022-11-21T20:02:15+00:00","dateModified":"2024-12-10T19:21:32+00:00","breadcrumb":{"@id":"https:\/\/beauty.latamcatalog.aptar.com\/product\/graphite\/#breadcrumb"},"inLanguage":"en-US","potentialAction":[{"@type":"ReadAction","target":["https:\/\/beauty.latamcatalog.aptar.com\/product\/graphite\/"]}]},{"@type":"BreadcrumbList","@id":"https:\/\/beauty.latamcatalog.aptar.com\/product\/graphite\/#breadcrumb","itemListElement":[{"@type":"ListItem","position":1,"name":"Home","item":"https:\/\/beauty.latamcatalog.aptar.com\/"},{"@type":"ListItem","position":2,"name":"Private: Produtos","item":"https:\/\/beauty.latamcatalog.aptar.com\/en\/?page_id=20030"},{"@type":"ListItem","position":3,"name":"Graphite"}]},{"@type":"WebSite","@id":"https:\/\/beauty.latamcatalog.aptar.com\/#website","url":"https:\/\/beauty.latamcatalog.aptar.com\/","name":"Latam Catalog","description":"Aptar Latin America Catalog Website","publisher":{"@id":"https:\/\/beauty.latamcatalog.aptar.com\/#organization"},"potentialAction":[{"@type":"SearchAction","target":{"@type":"EntryPoint","urlTemplate":"https:\/\/beauty.latamcatalog.aptar.com\/?s={search_term_string}"},"query-input":"required name=search_term_string"}],"inLanguage":"en-US"},{"@type":"Organization","@id":"https:\/\/beauty.latamcatalog.aptar.com\/#organization","name":"Aptar","url":"https:\/\/beauty.latamcatalog.aptar.com\/","logo":{"@type":"ImageObject","inLanguage":"en-US","@id":"https:\/\/beauty.latamcatalog.aptar.com\/#\/schema\/logo\/image\/","url":"https:\/\/beauty.latamcatalog.aptar.com\/wp-content\/uploads\/2021\/11\/aptar_logo-01.png","contentUrl":"https:\/\/beauty.latamcatalog.aptar.com\/wp-content\/uploads\/2021\/11\/aptar_logo-01.png","width":492,"height":175,"caption":"Aptar"},"image":{"@id":"https:\/\/beauty.latamcatalog.aptar.com\/#\/schema\/logo\/image\/"}}]}},"_links":{"self":[{"href":"https:\/\/beauty.latamcatalog.aptar.com\/en\/wp-json\/wp\/v2\/product\/20598"}],"collection":[{"href":"https:\/\/beauty.latamcatalog.aptar.com\/en\/wp-json\/wp\/v2\/product"}],"about":[{"href":"https:\/\/beauty.latamcatalog.aptar.com\/en\/wp-json\/wp\/v2\/types\/product"}],"wp:featuredmedia":[{"embeddable":true,"href":"https:\/\/beauty.latamcatalog.aptar.com\/en\/wp-json\/wp\/v2\/media\/22426"}],"wp:attachment":[{"href":"https:\/\/beauty.latamcatalog.aptar.com\/en\/wp-json\/wp\/v2\/media?parent=20598"}],"wp:term":[{"taxonomy":"product_cat","embeddable":true,"href":"https:\/\/beauty.latamcatalog.aptar.com\/en\/wp-json\/wp\/v2\/product_cat?post=20598"},{"taxonomy":"product_tag","embeddable":true,"href":"https:\/\/beauty.latamcatalog.aptar.com\/en\/wp-json\/wp\/v2\/product_tag?post=20598"},{"taxonomy":"aptar-tags","embeddable":true,"href":"https:\/\/beauty.latamcatalog.aptar.com\/en\/wp-json\/wp\/v2\/aptar-tags?post=20598"}],"curies":[{"name":"wp","href":"https:\/\/api.w.org\/{rel}","templated":true}]}}