{"id":20563,"date":"2022-11-21T19:17:10","date_gmt":"2022-11-21T19:17:10","guid":{"rendered":"https:\/\/live-beautylatamcatalog.pantheonsite.io\/?post_type=product&#038;p=20563"},"modified":"2023-08-23T18:47:12","modified_gmt":"2023-08-23T18:47:12","slug":"euromist-classic","status":"publish","type":"product","link":"https:\/\/beauty.latamcatalog.aptar.com\/en\/product\/euromist-classic\/","title":{"rendered":"<p>Euromist Classic<\/p>"},"content":{"rendered":"<p>Atmospheric Spray Pump<p>&nbsp;<\/p><p><em>[soshsc aptar-company=\u201dAptar\u201d]<\/em><\/p><p>Country: Argentina, Brazil, Colombia, Mexico<\/p><p><em>[\/soshsc]<\/em><\/p><\/p>","protected":false},"excerpt":{"rendered":"<p>The EuroMist atmospheric fine mist pump system offers reliability, consistent dosing and is very easy to use. A solution available for many product formulations, including high viscosity formulations and in various aesthetics, to be perfect for all products.<\/p>","protected":false},"featured_media":21369,"template":"","meta":{"inline_featured_image":false},"product_cat":[512,289,194,521],"product_tag":[],"aptar-tags":[308,301],"acf":[],"yoast_head":"<!-- This site is optimized with the Yoast SEO plugin v21.0 - https:\/\/yoast.com\/wordpress\/plugins\/seo\/ -->\n<title>Euromist Classic - Latam Catalog<\/title>\n<meta name=\"robots\" content=\"index, follow, max-snippet:-1, max-image-preview:large, max-video-preview:-1\" \/>\n<link rel=\"canonical\" href=\"https:\/\/beauty.latamcatalog.aptar.com\/en\/product\/euromist-classic\/\" \/>\n<meta property=\"og:locale\" content=\"en_US\" \/>\n<meta property=\"og:type\" content=\"article\" \/>\n<meta property=\"og:title\" content=\"Euromist Classic - Latam Catalog\" \/>\n<meta property=\"og:description\" content=\"O sistema de bomba atmosf\u00e9rica de n\u00e9voa fina EuroMist oferece confiabilidade, dosagem consistente e \u00e9 muito f\u00e1cil de usar. Uma solu\u00e7\u00e3o dispon\u00edvel para muitas formula\u00e7\u00f5es de produtos, incluindo formula\u00e7\u00f5es de alta viscosidade e em v\u00e1rias est\u00e9ticas, para ser perfeito para todos os produtos.\" \/>\n<meta property=\"og:url\" content=\"https:\/\/beauty.latamcatalog.aptar.com\/en\/product\/euromist-classic\/\" \/>\n<meta property=\"og:site_name\" content=\"Latam Catalog\" \/>\n<meta property=\"article:modified_time\" content=\"2023-08-23T18:47:12+00:00\" \/>\n<meta property=\"og:image\" content=\"https:\/\/beauty.latamcatalog.aptar.com\/wp-content\/uploads\/2022\/11\/EuroMist-Classic-Full-scaled.jpg\" \/>\n\t<meta property=\"og:image:width\" content=\"2560\" \/>\n\t<meta property=\"og:image:height\" content=\"1439\" \/>\n\t<meta property=\"og:image:type\" content=\"image\/jpeg\" \/>\n<meta name=\"twitter:card\" content=\"summary_large_image\" \/>\n<meta name=\"twitter:label1\" content=\"Est. reading time\" \/>\n\t<meta name=\"twitter:data1\" content=\"1 minute\" \/>\n<script type=\"application\/ld+json\" class=\"yoast-schema-graph\">{\"@context\":\"https:\/\/schema.org\",\"@graph\":[{\"@type\":\"WebPage\",\"@id\":\"https:\/\/beauty.latamcatalog.aptar.com\/product\/euromist-classic\/\",\"url\":\"https:\/\/beauty.latamcatalog.aptar.com\/product\/euromist-classic\/\",\"name\":\"Euromist Classic - Latam Catalog\",\"isPartOf\":{\"@id\":\"https:\/\/beauty.latamcatalog.aptar.com\/#website\"},\"datePublished\":\"2022-11-21T19:17:10+00:00\",\"dateModified\":\"2023-08-23T18:47:12+00:00\",\"breadcrumb\":{\"@id\":\"https:\/\/beauty.latamcatalog.aptar.com\/product\/euromist-classic\/#breadcrumb\"},\"inLanguage\":\"en-US\",\"potentialAction\":[{\"@type\":\"ReadAction\",\"target\":[\"https:\/\/beauty.latamcatalog.aptar.com\/product\/euromist-classic\/\"]}]},{\"@type\":\"BreadcrumbList\",\"@id\":\"https:\/\/beauty.latamcatalog.aptar.com\/product\/euromist-classic\/#breadcrumb\",\"itemListElement\":[{\"@type\":\"ListItem\",\"position\":1,\"name\":\"Home\",\"item\":\"https:\/\/beauty.latamcatalog.aptar.com\/\"},{\"@type\":\"ListItem\",\"position\":2,\"name\":\"Private: Produtos\",\"item\":\"https:\/\/beauty.latamcatalog.aptar.com\/en\/?page_id=20030\"},{\"@type\":\"ListItem\",\"position\":3,\"name\":\"Euromist Classic\"}]},{\"@type\":\"WebSite\",\"@id\":\"https:\/\/beauty.latamcatalog.aptar.com\/#website\",\"url\":\"https:\/\/beauty.latamcatalog.aptar.com\/\",\"name\":\"Latam Catalog\",\"description\":\"Aptar Latin America Catalog Website\",\"publisher\":{\"@id\":\"https:\/\/beauty.latamcatalog.aptar.com\/#organization\"},\"potentialAction\":[{\"@type\":\"SearchAction\",\"target\":{\"@type\":\"EntryPoint\",\"urlTemplate\":\"https:\/\/beauty.latamcatalog.aptar.com\/?s={search_term_string}\"},\"query-input\":\"required name=search_term_string\"}],\"inLanguage\":\"en-US\"},{\"@type\":\"Organization\",\"@id\":\"https:\/\/beauty.latamcatalog.aptar.com\/#organization\",\"name\":\"Aptar\",\"url\":\"https:\/\/beauty.latamcatalog.aptar.com\/\",\"logo\":{\"@type\":\"ImageObject\",\"inLanguage\":\"en-US\",\"@id\":\"https:\/\/beauty.latamcatalog.aptar.com\/#\/schema\/logo\/image\/\",\"url\":\"https:\/\/beauty.latamcatalog.aptar.com\/wp-content\/uploads\/2021\/11\/aptar_logo-01.png\",\"contentUrl\":\"https:\/\/beauty.latamcatalog.aptar.com\/wp-content\/uploads\/2021\/11\/aptar_logo-01.png\",\"width\":492,\"height\":175,\"caption\":\"Aptar\"},\"image\":{\"@id\":\"https:\/\/beauty.latamcatalog.aptar.com\/#\/schema\/logo\/image\/\"}}]}<\/script>\n<!-- \/ Yoast SEO plugin. -->","yoast_head_json":{"title":"Euromist Classic - Latam Catalog","robots":{"index":"index","follow":"follow","max-snippet":"max-snippet:-1","max-image-preview":"max-image-preview:large","max-video-preview":"max-video-preview:-1"},"canonical":"https:\/\/beauty.latamcatalog.aptar.com\/en\/product\/euromist-classic\/","og_locale":"en_US","og_type":"article","og_title":"Euromist Classic - Latam Catalog","og_description":"O sistema de bomba atmosf\u00e9rica de n\u00e9voa fina EuroMist oferece confiabilidade, dosagem consistente e \u00e9 muito f\u00e1cil de usar. Uma solu\u00e7\u00e3o dispon\u00edvel para muitas formula\u00e7\u00f5es de produtos, incluindo formula\u00e7\u00f5es de alta viscosidade e em v\u00e1rias est\u00e9ticas, para ser perfeito para todos os produtos.","og_url":"https:\/\/beauty.latamcatalog.aptar.com\/en\/product\/euromist-classic\/","og_site_name":"Latam Catalog","article_modified_time":"2023-08-23T18:47:12+00:00","og_image":[{"width":2560,"height":1439,"url":"https:\/\/beauty.latamcatalog.aptar.com\/wp-content\/uploads\/2022\/11\/EuroMist-Classic-Full-scaled.jpg","type":"image\/jpeg"}],"twitter_card":"summary_large_image","twitter_misc":{"Est. reading time":"1 minute"},"schema":{"@context":"https:\/\/schema.org","@graph":[{"@type":"WebPage","@id":"https:\/\/beauty.latamcatalog.aptar.com\/product\/euromist-classic\/","url":"https:\/\/beauty.latamcatalog.aptar.com\/product\/euromist-classic\/","name":"Euromist Classic - Latam Catalog","isPartOf":{"@id":"https:\/\/beauty.latamcatalog.aptar.com\/#website"},"datePublished":"2022-11-21T19:17:10+00:00","dateModified":"2023-08-23T18:47:12+00:00","breadcrumb":{"@id":"https:\/\/beauty.latamcatalog.aptar.com\/product\/euromist-classic\/#breadcrumb"},"inLanguage":"en-US","potentialAction":[{"@type":"ReadAction","target":["https:\/\/beauty.latamcatalog.aptar.com\/product\/euromist-classic\/"]}]},{"@type":"BreadcrumbList","@id":"https:\/\/beauty.latamcatalog.aptar.com\/product\/euromist-classic\/#breadcrumb","itemListElement":[{"@type":"ListItem","position":1,"name":"Home","item":"https:\/\/beauty.latamcatalog.aptar.com\/"},{"@type":"ListItem","position":2,"name":"Private: Produtos","item":"https:\/\/beauty.latamcatalog.aptar.com\/en\/?page_id=20030"},{"@type":"ListItem","position":3,"name":"Euromist Classic"}]},{"@type":"WebSite","@id":"https:\/\/beauty.latamcatalog.aptar.com\/#website","url":"https:\/\/beauty.latamcatalog.aptar.com\/","name":"Latam Catalog","description":"Aptar Latin America Catalog Website","publisher":{"@id":"https:\/\/beauty.latamcatalog.aptar.com\/#organization"},"potentialAction":[{"@type":"SearchAction","target":{"@type":"EntryPoint","urlTemplate":"https:\/\/beauty.latamcatalog.aptar.com\/?s={search_term_string}"},"query-input":"required name=search_term_string"}],"inLanguage":"en-US"},{"@type":"Organization","@id":"https:\/\/beauty.latamcatalog.aptar.com\/#organization","name":"Aptar","url":"https:\/\/beauty.latamcatalog.aptar.com\/","logo":{"@type":"ImageObject","inLanguage":"en-US","@id":"https:\/\/beauty.latamcatalog.aptar.com\/#\/schema\/logo\/image\/","url":"https:\/\/beauty.latamcatalog.aptar.com\/wp-content\/uploads\/2021\/11\/aptar_logo-01.png","contentUrl":"https:\/\/beauty.latamcatalog.aptar.com\/wp-content\/uploads\/2021\/11\/aptar_logo-01.png","width":492,"height":175,"caption":"Aptar"},"image":{"@id":"https:\/\/beauty.latamcatalog.aptar.com\/#\/schema\/logo\/image\/"}}]}},"_links":{"self":[{"href":"https:\/\/beauty.latamcatalog.aptar.com\/en\/wp-json\/wp\/v2\/product\/20563"}],"collection":[{"href":"https:\/\/beauty.latamcatalog.aptar.com\/en\/wp-json\/wp\/v2\/product"}],"about":[{"href":"https:\/\/beauty.latamcatalog.aptar.com\/en\/wp-json\/wp\/v2\/types\/product"}],"wp:featuredmedia":[{"embeddable":true,"href":"https:\/\/beauty.latamcatalog.aptar.com\/en\/wp-json\/wp\/v2\/media\/21369"}],"wp:attachment":[{"href":"https:\/\/beauty.latamcatalog.aptar.com\/en\/wp-json\/wp\/v2\/media?parent=20563"}],"wp:term":[{"taxonomy":"product_cat","embeddable":true,"href":"https:\/\/beauty.latamcatalog.aptar.com\/en\/wp-json\/wp\/v2\/product_cat?post=20563"},{"taxonomy":"product_tag","embeddable":true,"href":"https:\/\/beauty.latamcatalog.aptar.com\/en\/wp-json\/wp\/v2\/product_tag?post=20563"},{"taxonomy":"aptar-tags","embeddable":true,"href":"https:\/\/beauty.latamcatalog.aptar.com\/en\/wp-json\/wp\/v2\/aptar-tags?post=20563"}],"curies":[{"name":"wp","href":"https:\/\/api.w.org\/{rel}","templated":true}]}}