{"id":20515,"date":"2022-11-21T18:00:14","date_gmt":"2022-11-21T18:00:14","guid":{"rendered":"https:\/\/live-beautylatamcatalog.pantheonsite.io\/?post_type=product&#038;p=20515"},"modified":"2023-06-22T22:04:19","modified_gmt":"2023-06-22T22:04:19","slug":"future","status":"publish","type":"product","link":"https:\/\/beauty.latamcatalog.aptar.com\/en\/product\/future\/","title":{"rendered":"<p>Future<\/p>"},"content":{"rendered":"<p>Award-winning, innovative single-material lotion dispensing valve and fully recyclable when combined with a PE or PET bottle.<p><strong><span style=\"color: #ffcc99;\">Sustainability:<\/span><\/strong><\/p><p>Future is fully recyclable thanks to the use of polyethylene (PE) material and the absence of metallic components and is certified by Cyclos-HTP, the Institute for Recycling and Product Responsibility. Innovation is also recognized as ?A? by RecyClass? a cross-sector initiative working to establish a harmonized approach to recycling and traceability in Europe.<\/p><p>&nbsp;<\/p><p><em>[soshsc aptar-company=\u201dAptar\u201d]<\/em><\/p><p>Country: USA, Italy<\/p><p><em>[\/soshsc]<\/em><\/p><\/p>","protected":false},"excerpt":{"rendered":"<p>Future is a mono-material lotion dispensing valve and is compatible with the e-commerce chain thanks to its built-in locking\/unlocking ring; plus it features a 360\u00b0 free-swivel actuator that helps minimize potential breakages in transit. Future is suitable for a variety of viscosities, customizable with two dosage options and three neck size options, and is available in a variety of colors thanks to its unique three-piece design. The waterproof design ensures that the cosmetic formula inside the bottle remains protected in wet environments and possible bacterial contamination.<\/p>","protected":false},"featured_media":21735,"template":"","meta":{"inline_featured_image":false},"product_cat":[512,289,516,194],"product_tag":[],"aptar-tags":[308,301],"acf":[],"yoast_head":"<!-- This site is optimized with the Yoast SEO plugin v21.0 - https:\/\/yoast.com\/wordpress\/plugins\/seo\/ -->\n<title>Future - Latam Catalog<\/title>\n<meta name=\"robots\" content=\"index, follow, max-snippet:-1, max-image-preview:large, max-video-preview:-1\" \/>\n<link rel=\"canonical\" href=\"https:\/\/beauty.latamcatalog.aptar.com\/en\/product\/future\/\" \/>\n<meta property=\"og:locale\" content=\"en_US\" \/>\n<meta property=\"og:type\" content=\"article\" \/>\n<meta property=\"og:title\" content=\"Future - Latam Catalog\" \/>\n<meta property=\"og:description\" content=\"Future \u00e9 uma v\u00e1lvula dispensadora de lo\u00e7\u00e3o monomaterial e \u00e9 compat\u00edvel com a cadeia de com\u00e9rcio eletr\u00f4nico gra\u00e7as ao seu anel de travamento\/destravamento incorporado; al\u00e9m de possuir um atuador de giro livre de 360\u00b0 que ajuda a minimizar poss\u00edveis quebras em tr\u00e2nsito. Future \u00e9 adequado para uma variedade de viscosidades, personaliz\u00e1vel com duas op\u00e7\u00f5es de dosagem e tr\u00eas op\u00e7\u00f5es de tamanho de gargalo, e est\u00e1 dispon\u00edvel em uma variedade de cores gra\u00e7as ao seu design exclusivo de tr\u00eas partes. O design \u00e0 prova d\u00e1gua garante que a f\u00f3rmula cosm\u00e9tica dentro do frasco permane\u00e7a protegida em ambientes \u00famidos e eventuais contamina\u00e7\u00f5es bacterianas.\" \/>\n<meta property=\"og:url\" content=\"https:\/\/beauty.latamcatalog.aptar.com\/en\/product\/future\/\" \/>\n<meta property=\"og:site_name\" content=\"Latam Catalog\" \/>\n<meta property=\"article:modified_time\" content=\"2023-06-22T22:04:19+00:00\" \/>\n<meta property=\"og:image\" content=\"https:\/\/beauty.latamcatalog.aptar.com\/wp-content\/uploads\/2022\/11\/FUTURE-LOTION-PUMP_Black-scaled.jpg\" \/>\n\t<meta property=\"og:image:width\" content=\"2132\" \/>\n\t<meta property=\"og:image:height\" content=\"2560\" \/>\n\t<meta property=\"og:image:type\" content=\"image\/jpeg\" \/>\n<meta name=\"twitter:card\" content=\"summary_large_image\" \/>\n<meta name=\"twitter:label1\" content=\"Est. reading time\" \/>\n\t<meta name=\"twitter:data1\" content=\"2 minutes\" \/>\n<script type=\"application\/ld+json\" class=\"yoast-schema-graph\">{\"@context\":\"https:\/\/schema.org\",\"@graph\":[{\"@type\":\"WebPage\",\"@id\":\"https:\/\/beauty.latamcatalog.aptar.com\/en\/product\/future\/\",\"url\":\"https:\/\/beauty.latamcatalog.aptar.com\/en\/product\/future\/\",\"name\":\"Future - Latam Catalog\",\"isPartOf\":{\"@id\":\"https:\/\/beauty.latamcatalog.aptar.com\/#website\"},\"datePublished\":\"2022-11-21T18:00:14+00:00\",\"dateModified\":\"2023-06-22T22:04:19+00:00\",\"breadcrumb\":{\"@id\":\"https:\/\/beauty.latamcatalog.aptar.com\/en\/product\/future\/#breadcrumb\"},\"inLanguage\":\"en-US\",\"potentialAction\":[{\"@type\":\"ReadAction\",\"target\":[\"https:\/\/beauty.latamcatalog.aptar.com\/en\/product\/future\/\"]}]},{\"@type\":\"BreadcrumbList\",\"@id\":\"https:\/\/beauty.latamcatalog.aptar.com\/en\/product\/future\/#breadcrumb\",\"itemListElement\":[{\"@type\":\"ListItem\",\"position\":1,\"name\":\"Home\",\"item\":\"https:\/\/beauty.latamcatalog.aptar.com\/\"},{\"@type\":\"ListItem\",\"position\":2,\"name\":\"Private: Produtos\",\"item\":\"https:\/\/beauty.latamcatalog.aptar.com\/en\/?page_id=20030\"},{\"@type\":\"ListItem\",\"position\":3,\"name\":\"Future\"}]},{\"@type\":\"WebSite\",\"@id\":\"https:\/\/beauty.latamcatalog.aptar.com\/#website\",\"url\":\"https:\/\/beauty.latamcatalog.aptar.com\/\",\"name\":\"Latam Catalog\",\"description\":\"Aptar Latin America Catalog Website\",\"publisher\":{\"@id\":\"https:\/\/beauty.latamcatalog.aptar.com\/#organization\"},\"potentialAction\":[{\"@type\":\"SearchAction\",\"target\":{\"@type\":\"EntryPoint\",\"urlTemplate\":\"https:\/\/beauty.latamcatalog.aptar.com\/?s={search_term_string}\"},\"query-input\":\"required name=search_term_string\"}],\"inLanguage\":\"en-US\"},{\"@type\":\"Organization\",\"@id\":\"https:\/\/beauty.latamcatalog.aptar.com\/#organization\",\"name\":\"Aptar\",\"url\":\"https:\/\/beauty.latamcatalog.aptar.com\/\",\"logo\":{\"@type\":\"ImageObject\",\"inLanguage\":\"en-US\",\"@id\":\"https:\/\/beauty.latamcatalog.aptar.com\/#\/schema\/logo\/image\/\",\"url\":\"https:\/\/beauty.latamcatalog.aptar.com\/wp-content\/uploads\/2021\/11\/aptar_logo-01.png\",\"contentUrl\":\"https:\/\/beauty.latamcatalog.aptar.com\/wp-content\/uploads\/2021\/11\/aptar_logo-01.png\",\"width\":492,\"height\":175,\"caption\":\"Aptar\"},\"image\":{\"@id\":\"https:\/\/beauty.latamcatalog.aptar.com\/#\/schema\/logo\/image\/\"}}]}<\/script>\n<!-- \/ Yoast SEO plugin. -->","yoast_head_json":{"title":"Future - Latam Catalog","robots":{"index":"index","follow":"follow","max-snippet":"max-snippet:-1","max-image-preview":"max-image-preview:large","max-video-preview":"max-video-preview:-1"},"canonical":"https:\/\/beauty.latamcatalog.aptar.com\/en\/product\/future\/","og_locale":"en_US","og_type":"article","og_title":"Future - Latam Catalog","og_description":"Future \u00e9 uma v\u00e1lvula dispensadora de lo\u00e7\u00e3o monomaterial e \u00e9 compat\u00edvel com a cadeia de com\u00e9rcio eletr\u00f4nico gra\u00e7as ao seu anel de travamento\/destravamento incorporado; al\u00e9m de possuir um atuador de giro livre de 360\u00b0 que ajuda a minimizar poss\u00edveis quebras em tr\u00e2nsito. Future \u00e9 adequado para uma variedade de viscosidades, personaliz\u00e1vel com duas op\u00e7\u00f5es de dosagem e tr\u00eas op\u00e7\u00f5es de tamanho de gargalo, e est\u00e1 dispon\u00edvel em uma variedade de cores gra\u00e7as ao seu design exclusivo de tr\u00eas partes. O design \u00e0 prova d\u00e1gua garante que a f\u00f3rmula cosm\u00e9tica dentro do frasco permane\u00e7a protegida em ambientes \u00famidos e eventuais contamina\u00e7\u00f5es bacterianas.","og_url":"https:\/\/beauty.latamcatalog.aptar.com\/en\/product\/future\/","og_site_name":"Latam Catalog","article_modified_time":"2023-06-22T22:04:19+00:00","og_image":[{"width":2132,"height":2560,"url":"https:\/\/beauty.latamcatalog.aptar.com\/wp-content\/uploads\/2022\/11\/FUTURE-LOTION-PUMP_Black-scaled.jpg","type":"image\/jpeg"}],"twitter_card":"summary_large_image","twitter_misc":{"Est. reading time":"2 minutes"},"schema":{"@context":"https:\/\/schema.org","@graph":[{"@type":"WebPage","@id":"https:\/\/beauty.latamcatalog.aptar.com\/en\/product\/future\/","url":"https:\/\/beauty.latamcatalog.aptar.com\/en\/product\/future\/","name":"Future - Latam Catalog","isPartOf":{"@id":"https:\/\/beauty.latamcatalog.aptar.com\/#website"},"datePublished":"2022-11-21T18:00:14+00:00","dateModified":"2023-06-22T22:04:19+00:00","breadcrumb":{"@id":"https:\/\/beauty.latamcatalog.aptar.com\/en\/product\/future\/#breadcrumb"},"inLanguage":"en-US","potentialAction":[{"@type":"ReadAction","target":["https:\/\/beauty.latamcatalog.aptar.com\/en\/product\/future\/"]}]},{"@type":"BreadcrumbList","@id":"https:\/\/beauty.latamcatalog.aptar.com\/en\/product\/future\/#breadcrumb","itemListElement":[{"@type":"ListItem","position":1,"name":"Home","item":"https:\/\/beauty.latamcatalog.aptar.com\/"},{"@type":"ListItem","position":2,"name":"Private: Produtos","item":"https:\/\/beauty.latamcatalog.aptar.com\/en\/?page_id=20030"},{"@type":"ListItem","position":3,"name":"Future"}]},{"@type":"WebSite","@id":"https:\/\/beauty.latamcatalog.aptar.com\/#website","url":"https:\/\/beauty.latamcatalog.aptar.com\/","name":"Latam Catalog","description":"Aptar Latin America Catalog Website","publisher":{"@id":"https:\/\/beauty.latamcatalog.aptar.com\/#organization"},"potentialAction":[{"@type":"SearchAction","target":{"@type":"EntryPoint","urlTemplate":"https:\/\/beauty.latamcatalog.aptar.com\/?s={search_term_string}"},"query-input":"required name=search_term_string"}],"inLanguage":"en-US"},{"@type":"Organization","@id":"https:\/\/beauty.latamcatalog.aptar.com\/#organization","name":"Aptar","url":"https:\/\/beauty.latamcatalog.aptar.com\/","logo":{"@type":"ImageObject","inLanguage":"en-US","@id":"https:\/\/beauty.latamcatalog.aptar.com\/#\/schema\/logo\/image\/","url":"https:\/\/beauty.latamcatalog.aptar.com\/wp-content\/uploads\/2021\/11\/aptar_logo-01.png","contentUrl":"https:\/\/beauty.latamcatalog.aptar.com\/wp-content\/uploads\/2021\/11\/aptar_logo-01.png","width":492,"height":175,"caption":"Aptar"},"image":{"@id":"https:\/\/beauty.latamcatalog.aptar.com\/#\/schema\/logo\/image\/"}}]}},"_links":{"self":[{"href":"https:\/\/beauty.latamcatalog.aptar.com\/en\/wp-json\/wp\/v2\/product\/20515"}],"collection":[{"href":"https:\/\/beauty.latamcatalog.aptar.com\/en\/wp-json\/wp\/v2\/product"}],"about":[{"href":"https:\/\/beauty.latamcatalog.aptar.com\/en\/wp-json\/wp\/v2\/types\/product"}],"wp:featuredmedia":[{"embeddable":true,"href":"https:\/\/beauty.latamcatalog.aptar.com\/en\/wp-json\/wp\/v2\/media\/21735"}],"wp:attachment":[{"href":"https:\/\/beauty.latamcatalog.aptar.com\/en\/wp-json\/wp\/v2\/media?parent=20515"}],"wp:term":[{"taxonomy":"product_cat","embeddable":true,"href":"https:\/\/beauty.latamcatalog.aptar.com\/en\/wp-json\/wp\/v2\/product_cat?post=20515"},{"taxonomy":"product_tag","embeddable":true,"href":"https:\/\/beauty.latamcatalog.aptar.com\/en\/wp-json\/wp\/v2\/product_tag?post=20515"},{"taxonomy":"aptar-tags","embeddable":true,"href":"https:\/\/beauty.latamcatalog.aptar.com\/en\/wp-json\/wp\/v2\/aptar-tags?post=20515"}],"curies":[{"name":"wp","href":"https:\/\/api.w.org\/{rel}","templated":true}]}}