{"id":20389,"date":"2022-10-05T18:39:58","date_gmt":"2022-10-05T18:39:58","guid":{"rendered":"https:\/\/live-beautylatamcatalog.pantheonsite.io\/?page_id=20389"},"modified":"2022-12-01T17:40:40","modified_gmt":"2022-12-01T17:40:40","slug":"termo-de-uso-e-confidencialidade-de-dados","status":"publish","type":"page","link":"https:\/\/beauty.latamcatalog.aptar.com\/en\/termo-de-uso-e-confidencialidade-de-dados\/","title":{"rendered":"<p>Terms of Use and Data Confidentiality<\/p>"},"content":{"rendered":"<div data-elementor-type=\"wp-page\" data-elementor-id=\"20389\" class=\"elementor elementor-20389\">\n\t\t\t\t\t\t\t\t\t<section data-particle_enable=\"false\" data-particle-mobile-disabled=\"false\" class=\"elementor-section elementor-top-section elementor-element elementor-element-29c02ed elementor-section-boxed elementor-section-height-default elementor-section-height-default\" data-id=\"29c02ed\" data-element_type=\"section\">\n\t\t\t\t\t\t<div class=\"elementor-container elementor-column-gap-default\">\n\t\t\t\t\t<div class=\"elementor-column elementor-col-100 elementor-top-column elementor-element elementor-element-d63ac31\" data-id=\"d63ac31\" data-element_type=\"column\">\n\t\t\t<div class=\"elementor-widget-wrap elementor-element-populated\">\n\t\t\t\t\t\t\t\t<div class=\"elementor-element elementor-element-b2a95fb elementor-widget elementor-widget-heading\" data-id=\"b2a95fb\" data-element_type=\"widget\" data-widget_type=\"heading.default\">\n\t\t\t\t<div class=\"elementor-widget-container\">\n\t\t\t<style>\/*! elementor - v3.15.0 - 20-08-2023 *\/\n.elementor-heading-title{padding:0;margin:0;line-height:1}.elementor-widget-heading .elementor-heading-title[class*=elementor-size-]>a{color:inherit;font-size:inherit;line-height:inherit}.elementor-widget-heading .elementor-heading-title.elementor-size-small{font-size:15px}.elementor-widget-heading .elementor-heading-title.elementor-size-medium{font-size:19px}.elementor-widget-heading .elementor-heading-title.elementor-size-large{font-size:29px}.elementor-widget-heading .elementor-heading-title.elementor-size-xl{font-size:39px}.elementor-widget-heading .elementor-heading-title.elementor-size-xxl{font-size:59px}<\/style><h2 class=\"elementor-heading-title elementor-size-default\">Terms of Use and <span>Data Confidentiality<\/span>\n\n\n<\/h2>\t\t<\/div>\n\t\t\t\t<\/div>\n\t\t\t\t<div class=\"elementor-element elementor-element-f5ec7e2 elementor-widget-divider--view-line elementor-widget elementor-widget-divider\" data-id=\"f5ec7e2\" data-element_type=\"widget\" data-widget_type=\"divider.default\">\n\t\t\t\t<div class=\"elementor-widget-container\">\n\t\t\t<style>\/*! elementor - v3.15.0 - 20-08-2023 *\/\n.elementor-widget-divider{--divider-border-style:none;--divider-border-width:1px;--divider-color:#0c0d0e;--divider-icon-size:20px;--divider-element-spacing:10px;--divider-pattern-height:24px;--divider-pattern-size:20px;--divider-pattern-url:none;--divider-pattern-repeat:repeat-x}.elementor-widget-divider .elementor-divider{display:flex}.elementor-widget-divider .elementor-divider__text{font-size:15px;line-height:1;max-width:95%}.elementor-widget-divider .elementor-divider__element{margin:0 var(--divider-element-spacing);flex-shrink:0}.elementor-widget-divider .elementor-icon{font-size:var(--divider-icon-size)}.elementor-widget-divider .elementor-divider-separator{display:flex;margin:0;direction:ltr}.elementor-widget-divider--view-line_icon .elementor-divider-separator,.elementor-widget-divider--view-line_text .elementor-divider-separator{align-items:center}.elementor-widget-divider--view-line_icon .elementor-divider-separator:after,.elementor-widget-divider--view-line_icon .elementor-divider-separator:before,.elementor-widget-divider--view-line_text .elementor-divider-separator:after,.elementor-widget-divider--view-line_text .elementor-divider-separator:before{display:block;content:\"\";border-bottom:0;flex-grow:1;border-top:var(--divider-border-width) var(--divider-border-style) var(--divider-color)}.elementor-widget-divider--element-align-left .elementor-divider .elementor-divider-separator>.elementor-divider__svg:first-of-type{flex-grow:0;flex-shrink:100}.elementor-widget-divider--element-align-left .elementor-divider-separator:before{content:none}.elementor-widget-divider--element-align-left .elementor-divider__element{margin-left:0}.elementor-widget-divider--element-align-right .elementor-divider .elementor-divider-separator>.elementor-divider__svg:last-of-type{flex-grow:0;flex-shrink:100}.elementor-widget-divider--element-align-right .elementor-divider-separator:after{content:none}.elementor-widget-divider--element-align-right .elementor-divider__element{margin-right:0}.elementor-widget-divider:not(.elementor-widget-divider--view-line_text):not(.elementor-widget-divider--view-line_icon) .elementor-divider-separator{border-top:var(--divider-border-width) var(--divider-border-style) var(--divider-color)}.elementor-widget-divider--separator-type-pattern{--divider-border-style:none}.elementor-widget-divider--separator-type-pattern.elementor-widget-divider--view-line .elementor-divider-separator,.elementor-widget-divider--separator-type-pattern:not(.elementor-widget-divider--view-line) .elementor-divider-separator:after,.elementor-widget-divider--separator-type-pattern:not(.elementor-widget-divider--view-line) .elementor-divider-separator:before,.elementor-widget-divider--separator-type-pattern:not([class*=elementor-widget-divider--view]) .elementor-divider-separator{width:100%;min-height:var(--divider-pattern-height);-webkit-mask-size:var(--divider-pattern-size) 100%;mask-size:var(--divider-pattern-size) 100%;-webkit-mask-repeat:var(--divider-pattern-repeat);mask-repeat:var(--divider-pattern-repeat);background-color:var(--divider-color);-webkit-mask-image:var(--divider-pattern-url);mask-image:var(--divider-pattern-url)}.elementor-widget-divider--no-spacing{--divider-pattern-size:auto}.elementor-widget-divider--bg-round{--divider-pattern-repeat:round}.rtl .elementor-widget-divider .elementor-divider__text{direction:rtl}.e-con-inner>.elementor-widget-divider,.e-con>.elementor-widget-divider{width:var(--container-widget-width,100%);--flex-grow:var(--container-widget-flex-grow)}<\/style>\t\t<div class=\"elementor-divider\">\n\t\t\t<span class=\"elementor-divider-separator\">\n\t\t\t\t\t\t<\/span>\n\t\t<\/div>\n\t\t\t\t<\/div>\n\t\t\t\t<\/div>\n\t\t\t\t\t<\/div>\n\t\t<\/div>\n\t\t\t\t\t\t\t<\/div>\n\t\t<\/section>\n\t\t\t\t<section data-particle_enable=\"false\" data-particle-mobile-disabled=\"false\" class=\"elementor-section elementor-top-section elementor-element elementor-element-2c4924e elementor-section-boxed elementor-section-height-default elementor-section-height-default\" data-id=\"2c4924e\" data-element_type=\"section\">\n\t\t\t\t\t\t<div class=\"elementor-container elementor-column-gap-default\">\n\t\t\t\t\t<div class=\"elementor-column elementor-col-100 elementor-top-column elementor-element elementor-element-9e3a7a5\" data-id=\"9e3a7a5\" data-element_type=\"column\">\n\t\t\t<div class=\"elementor-widget-wrap elementor-element-populated\">\n\t\t\t\t\t\t\t\t<div class=\"elementor-element elementor-element-b04ded2 elementor-widget elementor-widget-text-editor\" data-id=\"b04ded2\" data-element_type=\"widget\" data-widget_type=\"text-editor.default\">\n\t\t\t\t<div class=\"elementor-widget-container\">\n\t\t\t<style>\/*! elementor - v3.15.0 - 20-08-2023 *\/\n.elementor-widget-text-editor.elementor-drop-cap-view-stacked .elementor-drop-cap{background-color:#69727d;color:#fff}.elementor-widget-text-editor.elementor-drop-cap-view-framed .elementor-drop-cap{color:#69727d;border:3px solid;background-color:transparent}.elementor-widget-text-editor:not(.elementor-drop-cap-view-default) .elementor-drop-cap{margin-top:8px}.elementor-widget-text-editor:not(.elementor-drop-cap-view-default) .elementor-drop-cap-letter{width:1em;height:1em}.elementor-widget-text-editor .elementor-drop-cap{float:left;text-align:center;line-height:1;font-size:50px}.elementor-widget-text-editor .elementor-drop-cap-letter{display:inline-block}<\/style>\t\t\t\t<p>By this instrument, [full name], [nationality], hereinafter referred to as <strong>HOLDER<\/strong>, I expressly consent to the processing of my personal data for the use of the functionalities available on the website owned by <strong>APTAR <\/strong>(?Website\u201d), under the following conditions:<\/p><p>&nbsp;<\/p><ol><li>The <strong>HOLDER<\/strong> registers, in this term, your express consent, by which <strong>AGREE<\/strong> with the processing of your personal data, which is necessary for the complete and adequate use of the Website.<\/li><\/ol><p>&nbsp;<\/p><ul><li>This consent form constitutes a free, informed, unequivocal and express expression, as well as authorization from the <strong>HOLDER<\/strong> so that the <strong>APTAR<\/strong> treat personal data, aiming for the specific purposes set out in item 4.<\/li><li>O <strong>HOLDER<\/strong> declares, in this act, that the personal data of employees of the <strong>APTAR<\/strong> available on the Website may only be used for the purposes for which they were collected (use of the Website&#039;s functionalities).<\/li><\/ul><p>&nbsp;<\/p><ol start=\"2\"><li>The <strong>HOLDER<\/strong> expressly agree that the <strong>APTAR<\/strong>, as controller, make the necessary decisions regarding the processing of your personal data on the Website, in accordance with item 1, and carry out the processing through access, storage, archiving, evaluation, classification, collection, communication, control, dissemination, distribution, elimination, extraction, modification, processing, production, reception, reproduction, transfer, transmission and use of your personal data.<\/li><\/ol><p>&nbsp;<\/p><ol start=\"3\"><li>A <strong>APART, <\/strong>in accordance with item 2, the holder is authorized to process the following personal data:<\/li><\/ol><p>&nbsp;<\/p><ol><li style=\"list-style-type: none;\"><ol><li>Full name;<\/li><li>Date of birth and age;<\/li><li>nationality<\/li><li>Photography;<\/li><li>electronic address (e-mail);<\/li><li>Position and identification of the respective company you work for<\/li><li>Communication maintained between the <strong>HOLDER<\/strong> It is <strong>APTAR<\/strong>;<\/li><\/ol><\/li><\/ol><p>&nbsp;<\/p><ol start=\"4\"><li>The processing of personal data by <strong>APTAR<\/strong>, contained in item 3, has the following purposes:<\/li><\/ol><p>&nbsp;<\/p><ol><li style=\"list-style-type: none;\"><ol><li>Allow\/enable the appropriate use of all features available on the Website;<\/li><li>Allow\/enable the <strong>APTAR <\/strong>use Cookies to personalize content and advertisements <strong>HOLDER<\/strong>, offer social media features and analyze Website traffic;<\/li><li>Allow\/enable the<strong> APTAR<\/strong> improve your website and optimize processes;<\/li><li>Allow\/enable the <strong>APTAR <\/strong>may use the data to forward correspondence and messages via physical and digital means for communication purposes;<\/li><\/ol><\/li><\/ol><p>&nbsp;<\/p><ol start=\"5\"><li>The personal data collected and processed will be stored by <strong>APTAR<\/strong>, in accordance with the purposes set out in item 4, exclusively in the following cases:<\/li><\/ol><p>&nbsp;<\/p><ol><li style=\"list-style-type: none;\"><ol><li>Until this term is revoked by the <strong>HOLDER<\/strong>;<\/li><li>As necessary to meet the full and proper use of the <strong>HOLDER <\/strong>of the Website.<\/li><\/ol><\/li><\/ol><p>&nbsp;<\/p><ol start=\"6\"><li>A <strong>APTAR<\/strong> is authorized to share the personal data of the <strong>HOLDER<\/strong> with other data processing agents, including public bodies, if necessary to meet the purposes set out in item 4, observing the principles and guarantees established in applicable data protection laws.<\/li><\/ol><p>&nbsp;<\/p><ol start=\"7\"><li>A <strong>APTAR<\/strong> is authorized to share the personal data, sensitive personal data, and information of the <strong>HOLDER<\/strong> regarding legal obligations.<\/li><\/ol><p>&nbsp;<\/p><ol start=\"8\"><li>A <strong>APTAR<\/strong> is authorized to share personal data, sensitive personal data and information of the <strong>HOLDER<\/strong>, either with companies from the Group <strong>Aptar, <\/strong>whether with foreign private companies, with foreign public bodies, in accordance with the purposes described in item 4, above, for the purposes of storing personal data.<\/li><\/ol><p>&nbsp;<\/p><ol start=\"9\"><li>A <strong>APTAR<\/strong> is responsible for adopting security, technical and administrative measures, to protect personal data from unauthorized access and accidental or unlawful situations of destruction, loss, alteration, communication or any form of inappropriate or unlawful treatment.<\/li><\/ol><p>&nbsp;<\/p><ol start=\"10\"><li>A <strong>APTAR <\/strong>declares to be in compliance with applicable privacy laws and, as controller, will communicate to the <strong>HOLDER <\/strong>the occurrence of a security incident that could result in risk or damage to <strong>HOLDER<\/strong>.<\/li><\/ol><p>&nbsp;<\/p><ol start=\"11\"><li>The personal data described in this term must be kept for the period in which they are relevant and necessary to achieve the purposes set out in this instrument, except personal data that must be kept for periods arising from legal obligations that must respect the period of the specific Law.<\/li><\/ol><p>&nbsp;<\/p><ol start=\"12\"><li>The <strong>HOLDER<\/strong> you can ask the <strong>APTAR <\/strong>that your personal data(s) be deleted. In this case, the <strong>HOLDER<\/strong> declares that it is aware that it may be unfeasible to maintain access to the Website.<\/li><\/ol><p>&nbsp;<\/p><ol start=\"13\"><li>The <strong>HOLDER<\/strong> has the right to obtain from <strong>APTAR<\/strong>, in accordance with this instrument and at any time, information about data processing, upon express request.<\/li><\/ol><p>&nbsp;<\/p><ol start=\"14\"><li>The consent contained in this instrument may be revoked at any time by the <strong>HOLDER<\/strong>, upon express manifestation, through a request via electronic mail (e-mail) sent to the <strong>APTAR<\/strong>.<\/li><\/ol><p>&nbsp;<\/p><ol start=\"15\"><li>O <strong>HOLDER <\/strong>must maintain absolute confidentiality of all information made available by the <strong>APTAR <\/strong>in environment [XXX], and they must be considered confidential. O <strong>HOLDER <\/strong>may not reveal confidential information to third parties, under penalty of payment to the <strong>APTAR <\/strong>compensation for losses and damages arising from failure to comply with the duty of secrecy.<\/li><\/ol><p>&nbsp;<\/p><p>&nbsp;<\/p><p>&nbsp;<\/p>\t\t\t\t\t\t<\/div>\n\t\t\t\t<\/div>\n\t\t\t\t\t<\/div>\n\t\t<\/div>\n\t\t\t\t\t\t\t<\/div>\n\t\t<\/section>\n\t\t\t\t\t\t\t<\/div>","protected":false},"excerpt":{"rendered":"<p>Term of Use and Data Confidentiality By this instrument, [full name], [nationality], hereinafter referred to as the HOLDER, I expressly consent to the processing of my personal data for the use of the functionalities available on the website owned by APTAR (?Website \u201d), under the following conditions: THE HOLDER registers, in this term, their express consent, by which they AGREE with the processing [\u2026]<\/p>","protected":false},"author":7,"featured_media":0,"parent":0,"menu_order":0,"comment_status":"closed","ping_status":"closed","template":"elementor_header_footer","meta":{"inline_featured_image":false,"footnotes":""},"acf":[],"yoast_head":"<!-- This site is optimized with the Yoast SEO plugin v21.0 - https:\/\/yoast.com\/wordpress\/plugins\/seo\/ -->\n<title>Termo de Uso e Confidencialidade de Dados - Latam Catalog<\/title>\n<meta name=\"robots\" content=\"index, follow, max-snippet:-1, max-image-preview:large, max-video-preview:-1\" \/>\n<link rel=\"canonical\" href=\"https:\/\/beauty.latamcatalog.aptar.com\/en\/termo-de-uso-e-confidencialidade-de-dados\/\" \/>\n<meta property=\"og:locale\" content=\"en_US\" \/>\n<meta property=\"og:type\" content=\"article\" \/>\n<meta property=\"og:title\" content=\"Termo de Uso e Confidencialidade de Dados - Latam Catalog\" \/>\n<meta property=\"og:description\" content=\"Termo de Uso e Confidencialidade de Dados Pelo presente instrumento, [nome completo], [nacionalidade], doravante denominado(a) TITULAR, consinto expressamente com o tratamento de meus dados pessoais para a utiliza\u00e7\u00e3o das funcionalidades dispon\u00edveis website de propriedade da APTAR (\u201cWebsite&#8221;), nas seguintes condi\u00e7\u00f5es: \u00a0 O(A) TITULAR registra, neste termo, seu expresso consentimento, pelo qual CONCORDA com o tratamento [&hellip;]\" \/>\n<meta property=\"og:url\" content=\"https:\/\/beauty.latamcatalog.aptar.com\/en\/termo-de-uso-e-confidencialidade-de-dados\/\" \/>\n<meta property=\"og:site_name\" content=\"Latam Catalog\" \/>\n<meta property=\"article:modified_time\" content=\"2022-12-01T17:40:40+00:00\" \/>\n<meta name=\"twitter:card\" content=\"summary_large_image\" \/>\n<meta name=\"twitter:label1\" content=\"Est. reading time\" \/>\n\t<meta name=\"twitter:data1\" content=\"5 minutes\" \/>\n<script type=\"application\/ld+json\" class=\"yoast-schema-graph\">{\"@context\":\"https:\/\/schema.org\",\"@graph\":[{\"@type\":\"WebPage\",\"@id\":\"https:\/\/beauty.latamcatalog.aptar.com\/termo-de-uso-e-confidencialidade-de-dados\/\",\"url\":\"https:\/\/beauty.latamcatalog.aptar.com\/termo-de-uso-e-confidencialidade-de-dados\/\",\"name\":\"Termo de Uso e Confidencialidade de Dados - Latam Catalog\",\"isPartOf\":{\"@id\":\"https:\/\/beauty.latamcatalog.aptar.com\/#website\"},\"datePublished\":\"2022-10-05T18:39:58+00:00\",\"dateModified\":\"2022-12-01T17:40:40+00:00\",\"breadcrumb\":{\"@id\":\"https:\/\/beauty.latamcatalog.aptar.com\/termo-de-uso-e-confidencialidade-de-dados\/#breadcrumb\"},\"inLanguage\":\"en-US\",\"potentialAction\":[{\"@type\":\"ReadAction\",\"target\":[\"https:\/\/beauty.latamcatalog.aptar.com\/termo-de-uso-e-confidencialidade-de-dados\/\"]}]},{\"@type\":\"BreadcrumbList\",\"@id\":\"https:\/\/beauty.latamcatalog.aptar.com\/termo-de-uso-e-confidencialidade-de-dados\/#breadcrumb\",\"itemListElement\":[{\"@type\":\"ListItem\",\"position\":1,\"name\":\"Home\",\"item\":\"https:\/\/beauty.latamcatalog.aptar.com\/\"},{\"@type\":\"ListItem\",\"position\":2,\"name\":\"Termo de Uso e Confidencialidade de Dados\"}]},{\"@type\":\"WebSite\",\"@id\":\"https:\/\/beauty.latamcatalog.aptar.com\/#website\",\"url\":\"https:\/\/beauty.latamcatalog.aptar.com\/\",\"name\":\"Latam Catalog\",\"description\":\"Aptar Latin America Catalog Website\",\"publisher\":{\"@id\":\"https:\/\/beauty.latamcatalog.aptar.com\/#organization\"},\"potentialAction\":[{\"@type\":\"SearchAction\",\"target\":{\"@type\":\"EntryPoint\",\"urlTemplate\":\"https:\/\/beauty.latamcatalog.aptar.com\/?s={search_term_string}\"},\"query-input\":\"required name=search_term_string\"}],\"inLanguage\":\"en-US\"},{\"@type\":\"Organization\",\"@id\":\"https:\/\/beauty.latamcatalog.aptar.com\/#organization\",\"name\":\"Aptar\",\"url\":\"https:\/\/beauty.latamcatalog.aptar.com\/\",\"logo\":{\"@type\":\"ImageObject\",\"inLanguage\":\"en-US\",\"@id\":\"https:\/\/beauty.latamcatalog.aptar.com\/#\/schema\/logo\/image\/\",\"url\":\"https:\/\/beauty.latamcatalog.aptar.com\/wp-content\/uploads\/2021\/11\/aptar_logo-01.png\",\"contentUrl\":\"https:\/\/beauty.latamcatalog.aptar.com\/wp-content\/uploads\/2021\/11\/aptar_logo-01.png\",\"width\":492,\"height\":175,\"caption\":\"Aptar\"},\"image\":{\"@id\":\"https:\/\/beauty.latamcatalog.aptar.com\/#\/schema\/logo\/image\/\"}}]}<\/script>\n<!-- \/ Yoast SEO plugin. -->","yoast_head_json":{"title":"Termo de Uso e Confidencialidade de Dados - Latam Catalog","robots":{"index":"index","follow":"follow","max-snippet":"max-snippet:-1","max-image-preview":"max-image-preview:large","max-video-preview":"max-video-preview:-1"},"canonical":"https:\/\/beauty.latamcatalog.aptar.com\/en\/termo-de-uso-e-confidencialidade-de-dados\/","og_locale":"en_US","og_type":"article","og_title":"Termo de Uso e Confidencialidade de Dados - Latam Catalog","og_description":"Termo de Uso e Confidencialidade de Dados Pelo presente instrumento, [nome completo], [nacionalidade], doravante denominado(a) TITULAR, consinto expressamente com o tratamento de meus dados pessoais para a utiliza\u00e7\u00e3o das funcionalidades dispon\u00edveis website de propriedade da APTAR (\u201cWebsite&#8221;), nas seguintes condi\u00e7\u00f5es: \u00a0 O(A) TITULAR registra, neste termo, seu expresso consentimento, pelo qual CONCORDA com o tratamento [&hellip;]","og_url":"https:\/\/beauty.latamcatalog.aptar.com\/en\/termo-de-uso-e-confidencialidade-de-dados\/","og_site_name":"Latam Catalog","article_modified_time":"2022-12-01T17:40:40+00:00","twitter_card":"summary_large_image","twitter_misc":{"Est. reading time":"5 minutes"},"schema":{"@context":"https:\/\/schema.org","@graph":[{"@type":"WebPage","@id":"https:\/\/beauty.latamcatalog.aptar.com\/termo-de-uso-e-confidencialidade-de-dados\/","url":"https:\/\/beauty.latamcatalog.aptar.com\/termo-de-uso-e-confidencialidade-de-dados\/","name":"Termo de Uso e Confidencialidade de Dados - Latam Catalog","isPartOf":{"@id":"https:\/\/beauty.latamcatalog.aptar.com\/#website"},"datePublished":"2022-10-05T18:39:58+00:00","dateModified":"2022-12-01T17:40:40+00:00","breadcrumb":{"@id":"https:\/\/beauty.latamcatalog.aptar.com\/termo-de-uso-e-confidencialidade-de-dados\/#breadcrumb"},"inLanguage":"en-US","potentialAction":[{"@type":"ReadAction","target":["https:\/\/beauty.latamcatalog.aptar.com\/termo-de-uso-e-confidencialidade-de-dados\/"]}]},{"@type":"BreadcrumbList","@id":"https:\/\/beauty.latamcatalog.aptar.com\/termo-de-uso-e-confidencialidade-de-dados\/#breadcrumb","itemListElement":[{"@type":"ListItem","position":1,"name":"Home","item":"https:\/\/beauty.latamcatalog.aptar.com\/"},{"@type":"ListItem","position":2,"name":"Termo de Uso e Confidencialidade de Dados"}]},{"@type":"WebSite","@id":"https:\/\/beauty.latamcatalog.aptar.com\/#website","url":"https:\/\/beauty.latamcatalog.aptar.com\/","name":"Latam Catalog","description":"Aptar Latin America Catalog Website","publisher":{"@id":"https:\/\/beauty.latamcatalog.aptar.com\/#organization"},"potentialAction":[{"@type":"SearchAction","target":{"@type":"EntryPoint","urlTemplate":"https:\/\/beauty.latamcatalog.aptar.com\/?s={search_term_string}"},"query-input":"required name=search_term_string"}],"inLanguage":"en-US"},{"@type":"Organization","@id":"https:\/\/beauty.latamcatalog.aptar.com\/#organization","name":"Aptar","url":"https:\/\/beauty.latamcatalog.aptar.com\/","logo":{"@type":"ImageObject","inLanguage":"en-US","@id":"https:\/\/beauty.latamcatalog.aptar.com\/#\/schema\/logo\/image\/","url":"https:\/\/beauty.latamcatalog.aptar.com\/wp-content\/uploads\/2021\/11\/aptar_logo-01.png","contentUrl":"https:\/\/beauty.latamcatalog.aptar.com\/wp-content\/uploads\/2021\/11\/aptar_logo-01.png","width":492,"height":175,"caption":"Aptar"},"image":{"@id":"https:\/\/beauty.latamcatalog.aptar.com\/#\/schema\/logo\/image\/"}}]}},"_links":{"self":[{"href":"https:\/\/beauty.latamcatalog.aptar.com\/en\/wp-json\/wp\/v2\/pages\/20389"}],"collection":[{"href":"https:\/\/beauty.latamcatalog.aptar.com\/en\/wp-json\/wp\/v2\/pages"}],"about":[{"href":"https:\/\/beauty.latamcatalog.aptar.com\/en\/wp-json\/wp\/v2\/types\/page"}],"author":[{"embeddable":true,"href":"https:\/\/beauty.latamcatalog.aptar.com\/en\/wp-json\/wp\/v2\/users\/7"}],"replies":[{"embeddable":true,"href":"https:\/\/beauty.latamcatalog.aptar.com\/en\/wp-json\/wp\/v2\/comments?post=20389"}],"version-history":[{"count":0,"href":"https:\/\/beauty.latamcatalog.aptar.com\/en\/wp-json\/wp\/v2\/pages\/20389\/revisions"}],"wp:attachment":[{"href":"https:\/\/beauty.latamcatalog.aptar.com\/en\/wp-json\/wp\/v2\/media?parent=20389"}],"curies":[{"name":"wp","href":"https:\/\/api.w.org\/{rel}","templated":true}]}}